{"id":1950,"date":"2023-09-29T11:10:52","date_gmt":"2023-09-29T09:10:52","guid":{"rendered":"https:\/\/certech.hypefarm-test.it\/il-gruppo\/"},"modified":"2023-10-26T10:13:40","modified_gmt":"2023-10-26T08:13:40","slug":"el-grupo","status":"publish","type":"page","link":"https:\/\/certech.hypefarm-test.it\/es\/el-grupo\/","title":{"rendered":"EL GRUPO"},"content":{"rendered":"<div class=\"wpb-content-wrapper\"><p>[vc_row full_width=&#8221;stretch_row_content&#8221; content_placement=&#8221;middle&#8221; kd_background_overlay=&#8221;default&#8221; kd_background_image_position=&#8221;vc_row-bg-position-top&#8221; css=&#8221;.vc_custom_1695977874073{padding-top: 100px !important;padding-bottom: 100px !important;background-image: url(https:\/\/certech.hypefarm-test.it\/ceramic-processing-plants\/wp-content\/uploads\/2023\/09\/il-gruppo.jpg?id=340) !important;}&#8221;][vc_column]<header class=\"kd-section-title col-lg-12 text-center\" ><p class=\"st-overline custom-color\" style=\"color:#ffffff;font-weight:400;\">EL GRUPO<\/p><h1 class=\"kd-main-title separator_off\" style=\"color: #ffffff;font-size: 50;font-weight: 600;\">Una sinergia global con Certech SPA<br \/>\n<\/h1><\/header>[\/vc_column][\/vc_row][vc_row gap=&#8221;20&#8243; equal_height=&#8221;yes&#8221; kd_background_overlay=&#8221;default&#8221; kd_background_image_position=&#8221;vc_row-bg-position-top&#8221; css=&#8221;.vc_custom_1695121559558{padding-top: 70px !important;padding-bottom: 70px !important;}&#8221;][vc_column width=&#8221;1\/2&#8243;]<header class=\"kd-section-title col-lg-12 text-left\" ><p class=\"st-overline inherit-color\" >CERTECH<\/p><h2 class=\"kd-main-title separator_off\" style=\"font-size: 36;font-weight: 700;\">Una excelencia global en la industria de la cer\u00e1mica<\/h2><h6 class=\"subtitle\" >Certech SPA es la sociedad matriz de un grupo de empresas altamente especializadas en la industria cer\u00e1mica, activas tanto en Italia como en el extranjero. Nuestra red global de divisiones especializadas es el coraz\u00f3n de la innovaci\u00f3n en el sector. En el marco de este grupo din\u00e1mico, encontramos empresas l\u00edderes en el suministro de soluciones avanzadas para la gesti\u00f3n de materias primas para la industria cer\u00e1mica, junto a otras que en poco tiempo se han convertido en referente mundial en la producci\u00f3n de sistemas de cribado y desferrizaci\u00f3n para empresas de la industria cer\u00e1mica.<br \/>\nCompartimos una pasi\u00f3n com\u00fan por la innovaci\u00f3n y el progreso, poniendo nuestra experiencia al servicio de las empresas clientes que operan en la industria cer\u00e1mica<\/h6><\/header><a href=\"\/es\/about-us\/\" target=\"_self\"   class=\"tt_button tt_primary_button btn_primary_color hover_solid_secondary btn-align-left button-action-link\" data-text=\"M\u00c1S INFORMACI\u00d3N\" style=\"width:200px;\"><span class=\"prim_text\">M\u00c1S INFORMACI\u00d3N<\/span><\/a>[\/vc_column][vc_column width=&#8221;1\/2&#8243;]<div class=\"photo-gallery-wrapper kd-photo-gallery-69fb3403b92d6  slider-layout nav-dots gray-navigation carousel-module\" >\r\n              <div class=\"gallery-items\"><div class=\"pg-child-image\" ><img width=\"610\" height=\"416\" src=\"https:\/\/certech.hypefarm-test.it\/ceramic-processing-plants\/wp-content\/uploads\/2023\/09\/Gruppo-certech-1.jpg\" class=\"attachment-full\" alt=\"\" decoding=\"async\" loading=\"lazy\" title=\"Gruppo certech 1\" srcset=\"https:\/\/certech.hypefarm-test.it\/ceramic-processing-plants\/wp-content\/uploads\/2023\/09\/Gruppo-certech-1.jpg 610w, https:\/\/certech.hypefarm-test.it\/ceramic-processing-plants\/wp-content\/uploads\/2023\/09\/Gruppo-certech-1-300x205.jpg 300w\" sizes=\"(max-width: 610px) 100vw, 610px\" \/><\/div><div class=\"pg-child-image\" ><img width=\"610\" height=\"416\" src=\"https:\/\/certech.hypefarm-test.it\/ceramic-processing-plants\/wp-content\/uploads\/2023\/10\/Certech-magazzino-e-pronto-intervento.jpg\" class=\"attachment-full\" alt=\"\" decoding=\"async\" loading=\"lazy\" title=\"Certech-magazzino e pronto intervento\" srcset=\"https:\/\/certech.hypefarm-test.it\/ceramic-processing-plants\/wp-content\/uploads\/2023\/10\/Certech-magazzino-e-pronto-intervento.jpg 610w, https:\/\/certech.hypefarm-test.it\/ceramic-processing-plants\/wp-content\/uploads\/2023\/10\/Certech-magazzino-e-pronto-intervento-300x205.jpg 300w, https:\/\/certech.hypefarm-test.it\/ceramic-processing-plants\/wp-content\/uploads\/2023\/10\/Certech-magazzino-e-pronto-intervento-500x341.jpg 500w\" sizes=\"(max-width: 610px) 100vw, 610px\" \/><\/div><div class=\"pg-child-image\" ><img width=\"610\" height=\"416\" src=\"https:\/\/certech.hypefarm-test.it\/ceramic-processing-plants\/wp-content\/uploads\/2023\/10\/Gruppo-certech-2.jpg\" class=\"attachment-full\" alt=\"\" decoding=\"async\" loading=\"lazy\" title=\"Gruppo certech 2\" srcset=\"https:\/\/certech.hypefarm-test.it\/ceramic-processing-plants\/wp-content\/uploads\/2023\/10\/Gruppo-certech-2.jpg 610w, https:\/\/certech.hypefarm-test.it\/ceramic-processing-plants\/wp-content\/uploads\/2023\/10\/Gruppo-certech-2-300x205.jpg 300w, https:\/\/certech.hypefarm-test.it\/ceramic-processing-plants\/wp-content\/uploads\/2023\/10\/Gruppo-certech-2-500x341.jpg 500w\" sizes=\"(max-width: 610px) 100vw, 610px\" \/><\/div><\/div>\r\n            <\/div><script>\r\n              jQuery(document).ready(function($){\r\n                if ($(\".kd-photo-gallery-69fb3403b92d6 .gallery-items\").length) {\r\n                  $(\".kd-photo-gallery-69fb3403b92d6 .gallery-items\").owlCarousel({\r\n                    stageClass: \"owl-wrapper\",\r\n                    stageOuterClass: \"owl-wrapper-outer\",\r\n                    loadedClass: \"owl-carousel\",\r\n                    items: 1,\r\n                    rewind: true,\r\n                    responsive:{\r\n                        0:{\r\n                            dots: false,\r\n                            nav: true,\r\n                            navSpeed: 500,\r\n                        },\r\n                        1366:{\ndots: true,\r\n                                nav: false,\r\n                                dotsSpeed: 200,\r\n                                dotsEach: true,}\r\n                    },\nloop: true,\r\n                    addClassActive: true,\r\n                  });\r\n                }\r\n              });\r\n            <\/script>[\/vc_column][\/vc_row][vc_row gap=&#8221;20&#8243; equal_height=&#8221;yes&#8221; kd_background_overlay=&#8221;default&#8221; kd_background_image_position=&#8221;vc_row-bg-position-top&#8221; css=&#8221;.vc_custom_1695978423771{padding-top: 70px !important;padding-bottom: 70px !important;}&#8221;][vc_column width=&#8221;1\/4&#8243;][vc_column_text]<\/p>\n<h4 style=\"text-align: center; font-size: 18px;\">CERTECH ITALIA<\/h4>\n<p>[\/vc_column_text][vc_separator color=&#8221;custom&#8221; accent_color=&#8221;#007e3f&#8221; css=&#8221;.vc_custom_1695978574627{margin-top: 20px !important;margin-bottom: 20px !important;}&#8221;][vc_column_text]<\/p>\n<p style=\"text-align: center; line-height: 20px; font-size: 15px;\">Certech Italia es l\u00edder del sector en el dise\u00f1o, instalaci\u00f3n y servicio de sistemas y componentes esenciales para la industria cer\u00e1mica. Nuestros productos destacan por su eficiencia, resistencia y calidad: en nuestro cat\u00e1logo encontrar\u00e1s revestimientos de goma para molinos, atomizadores y sus correspondientes sistemas de potenciaci\u00f3n, accesorios para el esmaltado, instalaciones de molienda en h\u00famedo, modificaci\u00f3n a molinos modulares continuos y transformaci\u00f3n de molinos discontinuos en molinos modulares continuos.<\/p>\n<p>[\/vc_column_text][\/vc_column][vc_column width=&#8221;1\/4&#8243;][vc_column_text]<\/p>\n<h4 style=\"text-align: center; font-size: 18px;\">CERTECH IMPIANTI DE MEXICO<\/h4>\n<p>[\/vc_column_text][vc_separator color=&#8221;custom&#8221; accent_color=&#8221;#007e3f&#8221; css=&#8221;.vc_custom_1695978574627{margin-top: 20px !important;margin-bottom: 20px !important;}&#8221;][vc_column_text]<\/p>\n<p style=\"text-align: center; line-height: 20px; font-size: 15px;\">Nuestra divisi\u00f3n Certech Impianti de M\u00e9xico es el punto de referencia para los servicios de asesoramiento t\u00e9cnico, instalaci\u00f3n y asistencia posventa de maquinaria, repuestos y revestimientos para molinos.<\/p>\n<p>[\/vc_column_text][\/vc_column][vc_column width=&#8221;1\/4&#8243;][vc_column_text]<\/p>\n<h4 style=\"text-align: center; font-size: 18px;\">CERTECH ESPA\u00d1A<\/h4>\n<p>[\/vc_column_text][vc_separator color=&#8221;custom&#8221; accent_color=&#8221;#007e3f&#8221; css=&#8221;.vc_custom_1695978574627{margin-top: 20px !important;margin-bottom: 20px !important;}&#8221;][vc_column_text]<\/p>\n<p style=\"text-align: center; line-height: 20px; font-size: 15px;\"><span style=\"font-weight: 400;\">Certech Spain es la empresa de referencia en Espa\u00f1a en asesoramiento t\u00e9cnico avanzado, instalaci\u00f3n y asistencia posventa de maquinaria, recambios, revestimientos para molinos y regeneraci\u00f3n de mallas met\u00e1licas para cribas vibratorias.<br \/>\n<\/span><\/p>\n<p>[\/vc_column_text][\/vc_column][vc_column width=&#8221;1\/4&#8243;][vc_column_text]<\/p>\n<h4 style=\"text-align: center; font-size: 18px;\">CERTECH U.S.A.<\/h4>\n<p>[\/vc_column_text][vc_separator color=&#8221;custom&#8221; accent_color=&#8221;#007e3f&#8221; css=&#8221;.vc_custom_1695978574627{margin-top: 20px !important;margin-bottom: 20px !important;}&#8221;][vc_column_text]<\/p>\n<p style=\"text-align: center; line-height: 20px; font-size: 15px;\">Certech usa es la empresa l\u00edder en Estados Unidos en consultor\u00eda t\u00e9cnica, instalaci\u00f3n y soporte posventa de maquinaria, repuestos y revestimientos para molinos.<br \/>\n.<\/p>\n<p>[\/vc_column_text][\/vc_column][\/vc_row][vc_row full_width=&#8221;stretch_row_content_no_spaces&#8221; kd_background_overlay=&#8221;default&#8221; kd_background_image_position=&#8221;vc_row-bg-position-top&#8221;][vc_column][vc_single_image image=&#8221;379&#8243; img_size=&#8221;full&#8221;][\/vc_column][\/vc_row][vc_row kd_background_overlay=&#8221;default&#8221; kd_background_image_position=&#8221;vc_row-bg-position-top&#8221; css=&#8221;.vc_custom_1696861114730{padding-top: 60px !important;padding-bottom: 20px !important;}&#8221;][vc_column][vc_column_text]<\/p>\n<h2 style=\"text-align: center; font-size: 26px; letter-spacing: 2px;\">FORMAN PARTE DE NUESTRO GRUPO:<\/h2>\n<p>[\/vc_column_text][\/vc_column][\/vc_row][vc_row full_width=&#8221;stretch_row_content&#8221; gap=&#8221;20&#8243; equal_height=&#8221;yes&#8221; content_placement=&#8221;middle&#8221; kd_background_overlay=&#8221;default&#8221; kd_background_image_position=&#8221;vc_row-bg-position-top&#8221; css=&#8221;.vc_custom_1695980569338{margin-top: 30px !important;padding-top: 100px !important;padding-bottom: 70px !important;}&#8221;][vc_column width=&#8221;1\/6&#8243;][\/vc_column][vc_column width=&#8221;1\/3&#8243; css=&#8221;.vc_custom_1695980385186{padding-left: 50px !important;}&#8221;][vc_single_image image=&#8221;411&#8243; img_size=&#8221;medium&#8221;][vc_empty_space][vc_column_text]<\/p>\n<p style=\"font-size: 15px; text-align: left;\"><span style=\"font-weight: 400;\">VIBROTECH es un reconocido <b>fabricante mundial de sistemas de cribado y desferrizaci\u00f3n<\/b> con una amplia selecci\u00f3n de productos que incluyen cribas vibratorias circulares y rectangulares, desferrizadores magn\u00e9ticos y electromagn\u00e9ticos, grupos de carro, filtros, rejillas y muchos otros accesorios. Gracias a sus servicios, garantiza la m\u00e1xima calidad y ofrece soluciones personalizadas para cada cliente..<\/span><\/p>\n<p>[\/vc_column_text][vc_empty_space]<a href=\"https:\/\/vibrotech.biz\/\" target=\"_blank\"   class=\"tt_button tt_primary_button btn_primary_color hover_solid_secondary btn-align-left button-action-link\" data-text=\"IR AL SITIO\" style=\"width:200px;\"><span class=\"prim_text\">IR AL SITIO<\/span><\/a>[\/vc_column][vc_column width=&#8221;1\/2&#8243;][vc_single_image image=&#8221;416&#8243; img_size=&#8221;full&#8221;][\/vc_column][\/vc_row][vc_row full_width=&#8221;stretch_row_content&#8221; gap=&#8221;20&#8243; equal_height=&#8221;yes&#8221; content_placement=&#8221;middle&#8221; kd_background_overlay=&#8221;default&#8221; kd_background_image_position=&#8221;vc_row-bg-position-top&#8221; css=&#8221;.vc_custom_1695980270951{margin-top: 30px !important;padding-top: 100px !important;padding-bottom: 70px !important;background-color: #f5f5f5 !important;}&#8221;][vc_column width=&#8221;1\/2&#8243;][vc_single_image image=&#8221;391&#8243; img_size=&#8221;full&#8221;][\/vc_column][vc_column width=&#8221;1\/3&#8243; css=&#8221;.vc_custom_1695980385186{padding-left: 50px !important;}&#8221;][vc_single_image image=&#8221;386&#8243; img_size=&#8221;medium&#8221;][vc_empty_space][vc_column_text]<span style=\"font-weight: 400;\">EURORUBBER es una empresa l\u00edder en la <\/span><b>fabricaci\u00f3n de compuestos de<\/b> <b>goma<\/b><span style=\"font-weight: 400;\"> que ofrece una amplia gama de productos para diferentes sectores, entre los que se incluyen automoci\u00f3n, electrodom\u00e9sticos, construcci\u00f3n, aeroespacial y muchos m\u00e1s.\u00a0<\/span><span style=\"font-weight: 400;\">Gracias a un moderno laboratorio y controles de producci\u00f3n avanzados, garantiza productos de alta calidad. La investigaci\u00f3n y el desarrollo se centran en la empresa, siempre orientada a la innovaci\u00f3n y al respeto por el medio ambiente y los recursos.<\/span><\/p>\n<p><span style=\"font-weight: 400;\">\u00a0<\/span>[\/vc_column_text][vc_empty_space]<a href=\"https:\/\/eurorubber.it\/\" target=\"_blank\"   class=\"tt_button tt_primary_button btn_primary_color hover_solid_secondary btn-align-left button-action-link\" data-text=\"IR AL SITIO\" style=\"width:200px;\"><span class=\"prim_text\">IR AL SITIO<\/span><\/a>[\/vc_column][vc_column width=&#8221;1\/6&#8243;][\/vc_column][\/vc_row][vc_row full_width=&#8221;stretch_row_content&#8221; gap=&#8221;20&#8243; equal_height=&#8221;yes&#8221; content_placement=&#8221;middle&#8221; kd_background_overlay=&#8221;default&#8221; kd_background_image_position=&#8221;vc_row-bg-position-top&#8221; css=&#8221;.vc_custom_1695984633179{margin-top: 30px !important;padding-top: 100px !important;padding-bottom: 110px !important;}&#8221;][vc_column width=&#8221;1\/6&#8243;][\/vc_column][vc_column width=&#8221;1\/3&#8243; css=&#8221;.vc_custom_1695980385186{padding-left: 50px !important;}&#8221;][vc_single_image image=&#8221;422&#8243; img_size=&#8221;medium&#8221;][vc_empty_space][vc_column_text]<span style=\"font-weight: 400;\">RUBBER TECH es una empresa dedicada a la producci\u00f3n de elementos de goma para revestimiento de molinos del sector cer\u00e1mico y minero.<\/span>[\/vc_column_text][vc_empty_space]<a href=\"http:\/\/www.rubbertech.it\/\" target=\"_blank\"   class=\"tt_button tt_primary_button btn_primary_color hover_solid_secondary btn-align-left button-action-link\" data-text=\"IR AL SITIO\" style=\"width:200px;\"><span class=\"prim_text\">IR AL SITIO<\/span><\/a>[\/vc_column][vc_column width=&#8221;1\/2&#8243;][vc_single_image image=&#8221;1870&#8243; img_size=&#8221;full&#8221;][\/vc_column][\/vc_row][vc_row full_width=&#8221;stretch_row_content&#8221; gap=&#8221;20&#8243; equal_height=&#8221;yes&#8221; content_placement=&#8221;middle&#8221; kd_background_overlay=&#8221;default&#8221; kd_background_image_position=&#8221;vc_row-bg-position-top&#8221; css=&#8221;.vc_custom_1695980270951{margin-top: 30px !important;padding-top: 100px !important;padding-bottom: 70px !important;background-color: #f5f5f5 !important;}&#8221;][vc_column width=&#8221;1\/2&#8243;][vc_single_image image=&#8221;406&#8243; img_size=&#8221;full&#8221;][\/vc_column][vc_column width=&#8221;1\/3&#8243; css=&#8221;.vc_custom_1695980385186{padding-left: 50px !important;}&#8221;][vc_single_image image=&#8221;401&#8243; img_size=&#8221;medium&#8221;][vc_empty_space][vc_column_text]<span style=\"font-weight: 400;\">NOVATECH es una empresa especializada en el suministro de <\/span><b>soluciones avanzadas para la gesti\u00f3n de las materias primas<\/b><span style=\"font-weight: 400;\">. Ofrece instalaciones y maquinaria especialmente dise\u00f1adas, construidas con altos est\u00e1ndares de calidad y aplicando tecnolog\u00edas de vanguardia.<\/span>[\/vc_column_text][vc_empty_space]<a href=\"https:\/\/nova-tech.it\/\" target=\"_blank\"   class=\"tt_button tt_primary_button btn_primary_color hover_solid_secondary btn-align-left button-action-link\" data-text=\"IR AL SITIO\" style=\"width:200px;\"><span class=\"prim_text\">IR AL SITIO<\/span><\/a>[\/vc_column][vc_column width=&#8221;1\/6&#8243;][\/vc_column][\/vc_row][vc_row full_width=&#8221;stretch_row&#8221; content_placement=&#8221;middle&#8221; kd_background_overlay=&#8221;default&#8221; kd_background_image_position=&#8221;vc_row-bg-position-top&#8221; css=&#8221;.vc_custom_1695900019997{padding-top: 80px !important;padding-right: 46px !important;padding-bottom: 80px !important;padding-left: 46px !important;background-image: url(https:\/\/certech.hypefarm-test.it\/ceramic-processing-plants\/wp-content\/uploads\/2023\/09\/Raggruppa-407.jpg?id=297) !important;background-position: center !important;background-repeat: no-repeat !important;background-size: cover !important;}&#8221; css_tablet_portrait=&#8221;.vc_custom_1695900019997{margin-bottom: 50px !important;background-position: center !important;background-repeat: no-repeat !important;background-size: cover !important;}&#8221; css_mobile=&#8221;.vc_custom_1695900019998{margin-bottom: 50px !important;background-position: center !important;background-repeat: no-repeat !important;background-size: cover !important;}&#8221;][vc_column]<header class=\"kd-section-title col-lg-12 text-center\" ><h2 class=\"kd-main-title separator_off\" style=\"color: #ffffff;font-size: 36;font-weight: 700;\">\u00bfLe gustar\u00eda saber m\u00e1s?<\/h2><\/header><a href=\"https:\/\/certech.hypefarm-test.it\/es\/contacto\/\" target=\"_self\"   class=\"tt_button tt_primary_button btn_secondary_color hover_solid_white button-center button-action-link   vc_custom_1698304677231 kd-animated zoomIn\" data-text=\"CONT\u00c1CTENOS\" style=\"width:200px;\" data-animation-delay=200><span class=\"prim_text\">CONT\u00c1CTENOS<\/span><\/a>[\/vc_column][\/vc_row]<\/p>\n<\/div>","protected":false},"excerpt":{"rendered":"<p>[vc_row full_width=&#8221;stretch_row_content&#8221; content_placement=&#8221;middle&#8221; kd_background_overlay=&#8221;default&#8221; kd_background_image_position=&#8221;vc_row-bg-position-top&#8221; css=&#8221;.vc_custom_1695977874073{padding-top: 100px !important;padding-bottom: 100px !important;background-image: url(https:\/\/certech.hypefarm-test.it\/ceramic-processing-plants\/wp-content\/uploads\/2023\/09\/il-gruppo.jpg?id=340) !important;}&#8221;][vc_column][\/vc_column][\/vc_row][vc_row gap=&#8221;20&#8243; equal_height=&#8221;yes&#8221; kd_background_overlay=&#8221;default&#8221; kd_background_image_position=&#8221;vc_row-bg-position-top&#8221; css=&#8221;.vc_custom_1695121559558{padding-top: 70px !important;padding-bottom: 70px [&hellip;]<\/p>\n","protected":false},"author":1,"featured_media":0,"parent":0,"menu_order":0,"comment_status":"closed","ping_status":"closed","template":"","meta":[],"categories":[],"tags":[],"_links":{"self":[{"href":"https:\/\/certech.hypefarm-test.it\/es\/wp-json\/wp\/v2\/pages\/1950"}],"collection":[{"href":"https:\/\/certech.hypefarm-test.it\/es\/wp-json\/wp\/v2\/pages"}],"about":[{"href":"https:\/\/certech.hypefarm-test.it\/es\/wp-json\/wp\/v2\/types\/page"}],"author":[{"embeddable":true,"href":"https:\/\/certech.hypefarm-test.it\/es\/wp-json\/wp\/v2\/users\/1"}],"replies":[{"embeddable":true,"href":"https:\/\/certech.hypefarm-test.it\/es\/wp-json\/wp\/v2\/comments?post=1950"}],"version-history":[{"count":2,"href":"https:\/\/certech.hypefarm-test.it\/es\/wp-json\/wp\/v2\/pages\/1950\/revisions"}],"predecessor-version":[{"id":1952,"href":"https:\/\/certech.hypefarm-test.it\/es\/wp-json\/wp\/v2\/pages\/1950\/revisions\/1952"}],"wp:attachment":[{"href":"https:\/\/certech.hypefarm-test.it\/es\/wp-json\/wp\/v2\/media?parent=1950"}],"wp:term":[{"taxonomy":"category","embeddable":true,"href":"https:\/\/certech.hypefarm-test.it\/es\/wp-json\/wp\/v2\/categories?post=1950"},{"taxonomy":"post_tag","embeddable":true,"href":"https:\/\/certech.hypefarm-test.it\/es\/wp-json\/wp\/v2\/tags?post=1950"}],"curies":[{"name":"wp","href":"https:\/\/api.w.org\/{rel}","templated":true}]}}