{"id":1995,"date":"2023-09-28T12:46:49","date_gmt":"2023-09-28T10:46:49","guid":{"rendered":"https:\/\/certech.hypefarm-test.it\/servicos\/"},"modified":"2023-10-26T12:27:53","modified_gmt":"2023-10-26T10:27:53","slug":"servicios","status":"publish","type":"page","link":"https:\/\/certech.hypefarm-test.it\/es\/servicios\/","title":{"rendered":"SERVICIOS"},"content":{"rendered":"<div class=\"wpb-content-wrapper\"><p>[vc_row full_width=&#8221;stretch_row_content&#8221; content_placement=&#8221;middle&#8221; kd_background_overlay=&#8221;default&#8221; kd_background_image_position=&#8221;vc_row-bg-position-top&#8221; css=&#8221;.vc_custom_1696610105992{padding-top: 100px !important;padding-bottom: 100px !important;background-image: url(https:\/\/certech.hypefarm-test.it\/ceramic-processing-plants\/wp-content\/uploads\/2023\/10\/Senza-titolo-1-1.jpg?id=1792) !important;background-position: center !important;background-repeat: no-repeat !important;background-size: cover !important;}&#8221;][vc_column]<header class=\"kd-section-title col-lg-12 text-center\" ><p class=\"st-overline custom-color\" style=\"color:#ffffff;font-weight:400;\">SERVICIOS<\/p><h1 class=\"kd-main-title separator_off\" style=\"color: #ffffff;font-size: 50;font-weight: 600;\">Servicios para plantas de la industria cer\u00e1mica<\/h1><\/header>[\/vc_column][\/vc_row][vc_row full_width=&#8221;stretch_row_content&#8221; kd_background_overlay=&#8221;gray-color&#8221; kd_background_image_position=&#8221;vc_row-bg-position-center&#8221; css=&#8221;.vc_custom_1695977678195{background-color: rgba(255,255,255,0) !important;background-position: center !important;background-repeat: no-repeat !important;background-size: cover !important;*background-color: rgb(255,255,255) !important;}&#8221; css_tablet_landscape=&#8221;.vc_custom_1695977678195{padding-top: 50px !important;}&#8221; css_tablet_portrait=&#8221;.vc_custom_1695977678195{padding-top: 50px !important;}&#8221; css_mobile=&#8221;.vc_custom_1695977678196{padding-top: 50px !important;}&#8221;][vc_column][vc_row_inner full_width=&#8221;inner_row_contained&#8221; content_placement=&#8221;middle&#8221; kd_background_overlay=&#8221;default&#8221; kd_background_image_position=&#8221;vc_row-bg-position-top&#8221; css=&#8221;.vc_custom_1649159243173{padding-top: 120px !important;padding-bottom: 90px !important;}&#8221; css_tablet_landscape=&#8221;.vc_custom_1649159243173{padding-top: 20px !important;}&#8221; css_tablet_portrait=&#8221;.vc_custom_1649159243173{padding-top: 20px !important;}&#8221; css_mobile=&#8221;.vc_custom_1649159243173{padding-top: 20px !important;}&#8221;][vc_column_inner css=&#8221;.vc_custom_1649159561692{padding-right: 35px !important;padding-left: 100px !important;}&#8221; offset=&#8221;vc_col-lg-offset-0 vc_col-lg-6 vc_col-md-offset-0 vc_col-md-6&#8243; css_tablet_landscape=&#8221;.vc_custom_1649159561693{padding-top: 100px !important;padding-right: 15px !important;padding-left: 15px !important;}&#8221; css_tablet_portrait=&#8221;.vc_custom_1649159561693{padding-top: 50px !important;padding-right: 15px !important;padding-left: 15px !important;}&#8221; css_mobile=&#8221;.vc_custom_1649159561693{padding-top: 50px !important;padding-right: 15px !important;padding-left: 15px !important;}&#8221;]<header class=\"kd-section-title col-lg-12 text-left  vc_custom_1698315134433 kd-animated fadeIn\" data-animation-delay=200><p class=\"st-overline inherit-color\" style=\"font-size:14px;margin-bottom:20px;\">Qu\u00e9 podemos hacer por ti<\/p><h2 class=\"kd-main-title separator_off\" style=\"margin-bottom:25px;\">Soluciones a medida<br \/>\n<\/h2><h6 class=\"subtitle\" >Certech ha estado a tu lado durante a\u00f1os con soluciones personalizadas y de vanguardia que revolucionan tu proceso de producci\u00f3n. Nuestros servicios para la industria cer\u00e1mica son el coraz\u00f3n de nuestra misi\u00f3n, dise\u00f1ados para garantizar que la producci\u00f3n no solo funcione de forma impecable, sino que tambi\u00e9n destaque por su calidad y competitividad en el mercado.<br \/>\nAcompa\u00f1amos al cliente en cada fase, desde el dise\u00f1o hasta la instalaci\u00f3n, pasando por la puesta en marcha y el mantenimiento de las m\u00e1quinas. Gracias a nuestros servicios de almac\u00e9n e intervenci\u00f3n r\u00e1pida podr\u00e1s concentrarse al 100% en la producci\u00f3n, mientras nosotros nos ocupamos de los detalles t\u00e9cnicos.<br \/>\nTu tranquilidad es nuestra prioridad.<\/h6><\/header><a href=\"https:\/\/certech.hypefarm-test.it\/es\/el-grupo\/\" target=\"_self\"   class=\"tt_button tt_primary_button btn_primary_color hover_solid_secondary btn-align-left button-action-link   kd-animated zoomIn\" data-text=\"EL GRUPO\" style=\"width:200px;\" data-animation-delay=200><span class=\"prim_text\">EL GRUPO<\/span><\/a>[\/vc_column_inner][vc_column_inner css=&#8221;.vc_custom_1649159658170{padding-top: 30px !important;padding-right: 75px !important;padding-bottom: 50px !important;padding-left: 0px !important;}&#8221; offset=&#8221;vc_col-lg-offset-0 vc_col-lg-6 vc_col-md-offset-0 vc_col-md-6 vc_col-sm-offset-0&#8243; css_tablet_landscape=&#8221;.vc_custom_1649159658171{padding-top: 80px !important;padding-right: 0px !important;}&#8221; css_tablet_portrait=&#8221;.vc_custom_1649159658171{padding-top: 60px !important;padding-right: 15px !important;padding-left: 15px !important;}&#8221; css_mobile=&#8221;.vc_custom_1649159658171{padding-right: 15px !important;padding-left: 15px !important;}&#8221;]<div class=\"kd-photo-group group-layout-left-right no-shadow enable-parallax disable-responsive\">\n                <div class=\"kd-group-image first-image-wrapper\" style=\"bottom: -5%;\"><div class=\"kd-group-image-animation kd-animated fadeInDown\" data-animation-delay=200><img width=\"250\" height=\"461\" src=\"https:\/\/certech.hypefarm-test.it\/ceramic-processing-plants\/wp-content\/uploads\/2023\/09\/Gruppo-di-maschere-120.jpg\" class=\"attachment-full\" alt=\"\" decoding=\"async\" loading=\"lazy\" title=\"Gruppo di maschere 120\" srcset=\"https:\/\/certech.hypefarm-test.it\/ceramic-processing-plants\/wp-content\/uploads\/2023\/09\/Gruppo-di-maschere-120.jpg 250w, https:\/\/certech.hypefarm-test.it\/ceramic-processing-plants\/wp-content\/uploads\/2023\/09\/Gruppo-di-maschere-120-163x300.jpg 163w\" sizes=\"(max-width: 250px) 100vw, 250px\" \/><\/div><\/div>\n                <div class=\"kd-group-image second-image-wrapper\" style=\"bottom: 5%;\"><div class=\"kd-group-image-animation kd-animated fadeInUp\" data-animation-delay=400><img width=\"251\" height=\"462\" src=\"https:\/\/certech.hypefarm-test.it\/ceramic-processing-plants\/wp-content\/uploads\/2023\/10\/photo-certech.jpg\" class=\"attachment-full\" alt=\"\" decoding=\"async\" loading=\"lazy\" title=\"photo-certech\" srcset=\"https:\/\/certech.hypefarm-test.it\/ceramic-processing-plants\/wp-content\/uploads\/2023\/10\/photo-certech.jpg 251w, https:\/\/certech.hypefarm-test.it\/ceramic-processing-plants\/wp-content\/uploads\/2023\/10\/photo-certech-163x300.jpg 163w\" sizes=\"(max-width: 251px) 100vw, 251px\" \/><\/div><\/div>\n            <\/div>[\/vc_column_inner][\/vc_row_inner][\/vc_column][\/vc_row][vc_row full_width=&#8221;stretch_row_content&#8221; gap=&#8221;20&#8243; equal_height=&#8221;yes&#8221; kd_background_overlay=&#8221;default&#8221; kd_background_image_position=&#8221;vc_row-bg-position-top&#8221; css=&#8221;.vc_custom_1696520872090{margin-top: 30px !important;padding-top: 100px !important;padding-bottom: 70px !important;background-color: #f5f5f5 !important;}&#8221; el_id=&#8221;progettazione&#8221;][vc_column width=&#8221;1\/2&#8243;][vc_single_image image=&#8221;273&#8243; img_size=&#8221;full&#8221;][\/vc_column][vc_column width=&#8221;2\/6&#8243;]<header class=\"kd-section-title col-lg-12 text-left\" ><p class=\"st-overline inherit-color\" >Fase 1<\/p><h2 class=\"kd-main-title separator_off\" style=\"font-size: 36;font-weight: 700;\">Dise\u00f1o<br \/>\n<\/h2><h6 class=\"subtitle\" >Certech proporciona soluciones a medida para la industria cer\u00e1mica a trav\u00e9s de servicios de dise\u00f1o de excelencia. Nuestros expertos colaboran contigo para crear sistemas y componentes de vanguardia que respondan a tus necesidades espec\u00edficas.<br \/>\nEl dise\u00f1o es el primer paso crucial para garantizar un entorno de producci\u00f3n eficiente y de alta calidad. Nuestros servicios para el sector del procesamiento cer\u00e1mico destacan por su precisi\u00f3n e innovaci\u00f3n, contribuyendo a mejorar tu competitividad en el mercado.<\/h6><\/header>[\/vc_column][vc_column width=&#8221;1\/6&#8243;][\/vc_column][\/vc_row][vc_row full_width=&#8221;stretch_row_content&#8221; gap=&#8221;20&#8243; equal_height=&#8221;yes&#8221; kd_background_overlay=&#8221;default&#8221; kd_background_image_position=&#8221;vc_row-bg-position-top&#8221; css=&#8221;.vc_custom_1697012472135{padding-top: 100px !important;padding-bottom: 70px !important;background-color: rgba(255,255,255,0.01) !important;*background-color: rgb(255,255,255) !important;}&#8221; el_id=&#8221;montaggio&#8221;][vc_column width=&#8221;1\/6&#8243;][\/vc_column][vc_column width=&#8221;2\/6&#8243;]<header class=\"kd-section-title col-lg-12 text-left\" ><p class=\"st-overline inherit-color\" >Fase 2<\/p><h2 class=\"kd-main-title separator_off\" style=\"font-size: 36;font-weight: 700;\">Montaje e instalaci\u00f3n<\/h2><h6 class=\"subtitle\" >Una vez completada la fase de dise\u00f1o, nuestro equipo altamente cualificado se encarga del montaje e instalaci\u00f3n de los sistemas cer\u00e1micos. Somos conscientes de la importancia de una instalaci\u00f3n impecable para garantizar un funcionamiento fluido y sin interrupciones.<br \/>\nNuestros t\u00e9cnicos especializados son expertos en el montaje de componentes avanzados y complejos, aportando experiencia y precisi\u00f3n para garantizar que cada sistema est\u00e9 listo para funcionar al m\u00e1ximo de su potencial.<\/h6><\/header>[\/vc_column][vc_column width=&#8221;1\/2&#8243;][vc_single_image image=&#8221;1856&#8243; img_size=&#8221;full&#8221;][\/vc_column][\/vc_row][vc_row full_width=&#8221;stretch_row_content&#8221; kd_background_overlay=&#8221;gray-color&#8221; kd_background_image_position=&#8221;vc_row-bg-position-center&#8221; css=&#8221;.vc_custom_1696520903399{padding-top: 70px !important;padding-bottom: 70px !important;background-image: url(https:\/\/certech.hypefarm-test.it\/ceramic-processing-plants\/wp-content\/uploads\/2023\/09\/Raggruppa-406.jpg?id=283) !important;background-position: center !important;background-repeat: no-repeat !important;background-size: cover !important;}&#8221; css_tablet_landscape=&#8221;.vc_custom_1696520903399{padding-top: 50px !important;}&#8221; css_tablet_portrait=&#8221;.vc_custom_1696520903399{padding-top: 50px !important;}&#8221; css_mobile=&#8221;.vc_custom_1696520903400{padding-top: 50px !important;}&#8221; el_id=&#8221;assistenza&#8221;][vc_column][vc_row_inner full_width=&#8221;inner_row_contained&#8221; content_placement=&#8221;middle&#8221; kd_background_overlay=&#8221;default&#8221; kd_background_image_position=&#8221;vc_row-bg-position-top&#8221; css=&#8221;.vc_custom_1649159243173{padding-top: 120px !important;padding-bottom: 90px !important;}&#8221; css_tablet_landscape=&#8221;.vc_custom_1649159243173{padding-top: 20px !important;}&#8221; css_tablet_portrait=&#8221;.vc_custom_1649159243173{padding-top: 20px !important;}&#8221; css_mobile=&#8221;.vc_custom_1649159243173{padding-top: 20px !important;}&#8221;][vc_column_inner css=&#8221;.vc_custom_1649159658170{padding-top: 30px !important;padding-right: 75px !important;padding-bottom: 50px !important;padding-left: 0px !important;}&#8221; offset=&#8221;vc_col-lg-offset-0 vc_col-lg-6 vc_col-md-offset-0 vc_col-md-6 vc_col-sm-offset-0&#8243; css_tablet_landscape=&#8221;.vc_custom_1649159658171{padding-top: 80px !important;padding-right: 0px !important;}&#8221; css_tablet_portrait=&#8221;.vc_custom_1649159658171{padding-top: 60px !important;padding-right: 15px !important;padding-left: 15px !important;}&#8221; css_mobile=&#8221;.vc_custom_1649159658171{padding-right: 15px !important;padding-left: 15px !important;}&#8221;]<div class=\"kd-photo-group group-layout-left-right no-shadow enable-parallax disable-responsive\">\n                <div class=\"kd-group-image first-image-wrapper\" style=\"bottom: -5%;\"><div class=\"kd-group-image-animation kd-animated fadeInDown\" data-animation-delay=200><img width=\"251\" height=\"462\" src=\"https:\/\/certech.hypefarm-test.it\/ceramic-processing-plants\/wp-content\/uploads\/2023\/10\/Assistenza-e-manutenzione.jpg\" class=\"attachment-full\" alt=\"\" decoding=\"async\" loading=\"lazy\" title=\"Assistenza e manutenzione\" srcset=\"https:\/\/certech.hypefarm-test.it\/ceramic-processing-plants\/wp-content\/uploads\/2023\/10\/Assistenza-e-manutenzione.jpg 251w, https:\/\/certech.hypefarm-test.it\/ceramic-processing-plants\/wp-content\/uploads\/2023\/10\/Assistenza-e-manutenzione-163x300.jpg 163w\" sizes=\"(max-width: 251px) 100vw, 251px\" \/><\/div><\/div>\n                <div class=\"kd-group-image second-image-wrapper\" style=\"bottom: 5%;\"><div class=\"kd-group-image-animation kd-animated fadeInUp\" data-animation-delay=400><img width=\"250\" height=\"461\" src=\"https:\/\/certech.hypefarm-test.it\/ceramic-processing-plants\/wp-content\/uploads\/2023\/09\/Gruppo-di-maschere-124.jpg\" class=\"attachment-full\" alt=\"\" decoding=\"async\" loading=\"lazy\" title=\"Gruppo di maschere 124\" srcset=\"https:\/\/certech.hypefarm-test.it\/ceramic-processing-plants\/wp-content\/uploads\/2023\/09\/Gruppo-di-maschere-124.jpg 250w, https:\/\/certech.hypefarm-test.it\/ceramic-processing-plants\/wp-content\/uploads\/2023\/09\/Gruppo-di-maschere-124-163x300.jpg 163w\" sizes=\"(max-width: 250px) 100vw, 250px\" \/><\/div><\/div>\n            <\/div>[\/vc_column_inner][vc_column_inner css=&#8221;.vc_custom_1649159561692{padding-right: 35px !important;padding-left: 100px !important;}&#8221; offset=&#8221;vc_col-lg-offset-0 vc_col-lg-6 vc_col-md-offset-0 vc_col-md-6&#8243; css_tablet_landscape=&#8221;.vc_custom_1649159561693{padding-top: 100px !important;padding-right: 15px !important;padding-left: 15px !important;}&#8221; css_tablet_portrait=&#8221;.vc_custom_1649159561693{padding-top: 50px !important;padding-right: 15px !important;padding-left: 15px !important;}&#8221; css_mobile=&#8221;.vc_custom_1649159561693{padding-top: 50px !important;padding-right: 15px !important;padding-left: 15px !important;}&#8221;]<header class=\"kd-section-title col-lg-12 text-left  vc_custom_1698315450013 kd-animated fadeIn\" data-animation-delay=200><p class=\"st-overline custom-color\" style=\"color:#ffffff;font-size:14px;margin-bottom:20px;\">Fase 3<\/p><h2 class=\"kd-main-title separator_off\" style=\"color: #ffffff;margin-bottom:25px;\">Asistencia y mantenimiento posventa<br \/>\n<\/h2><h6 class=\"subtitle\" style=\"color: #ffffff;\">Nuestro compromiso no se detiene en el dise\u00f1o y la instalaci\u00f3n. Ofrecemos un servicio de asistencia y mantenimiento posventa completo, para garantizar la m\u00e1xima eficiencia operativa de tus instalaciones de procesamiento de cer\u00e1mica. Nuestro equipo especializado est\u00e1 siempre disponible para responder r\u00e1pidamente a tus necesidades.<br \/>\nRealizamos inspecciones peri\u00f3dicas para el mantenimiento preventivo y la supervisi\u00f3n de los componentes, ofreciendo servicios de reparaci\u00f3n y repuestos cuando es necesario. Tampoco descuidamos los detalles, prestando especial atenci\u00f3n al mantenimiento de los revestimientos existentes, preservando la calidad de tus productos.<br \/>\n<\/h6><\/header><a href=\"https:\/\/certech.hypefarm-test.it\/es\/el-grupo\/\" target=\"_self\"   class=\"tt_button tt_primary_button btn_primary_color hover_solid_secondary btn-align-left button-action-link   kd-animated zoomIn\" data-text=\"EL GRUPO\" style=\"width:200px;\" data-animation-delay=200><span class=\"prim_text\">EL GRUPO<\/span><\/a>[\/vc_column_inner][\/vc_row_inner][\/vc_column][\/vc_row][vc_row full_width=&#8221;stretch_row_content&#8221; gap=&#8221;20&#8243; equal_height=&#8221;yes&#8221; kd_background_overlay=&#8221;default&#8221; kd_background_image_position=&#8221;vc_row-bg-position-top&#8221; css=&#8221;.vc_custom_1695900286570{padding-top: 100px !important;padding-bottom: 70px !important;}&#8221;][vc_column width=&#8221;1\/6&#8243;][\/vc_column][vc_column width=&#8221;2\/6&#8243;]<header class=\"kd-section-title col-lg-12 text-left\" ><p class=\"st-overline inherit-color\" >OPERATIVIDAD 24\/7<\/p><h2 class=\"kd-main-title separator_off\" style=\"font-size: 36;font-weight: 700;\">Almac\u00e9n y respuesta r\u00e1pida<br \/>\n<\/h2><h6 class=\"subtitle\" >En Certech, entendemos la importancia de una respuesta r\u00e1pida. Esta es la raz\u00f3n por la que disponemos un gran almac\u00e9n de goma, tanto en Italia como en nuestras tres filiales en el extranjero, estrat\u00e9gicamente ubicado para permitir una intervenci\u00f3n inmediata en caso de urgencia. Nuestro almac\u00e9n es un recurso fundamental, con una amplia gama de componentes y repuestos de alta calidad listos para el env\u00edo cuando sea necesario.<br \/>\nSu continuidad operativa es esencial para nosotros, por lo que ponemos a tu disposici\u00f3n un servicio altamente eficiente, operativo las 24 horas del d\u00eda, los 7 d\u00edas de la semana, para gestionar cualquier emergencia. Nuestra dedicaci\u00f3n a proporcionar soluciones r\u00e1pidas y fiables es parte esencial de nuestra misi\u00f3n, permiti\u00e9ndote concentrarte por completo en tu negocio principal mientras nos conf\u00edas tus necesidades de almac\u00e9n y asistencia inmediata.<\/h6><\/header>[\/vc_column][vc_column width=&#8221;1\/2&#8243;][vc_single_image image=&#8221;292&#8243; img_size=&#8221;full&#8221;][\/vc_column][\/vc_row][vc_row full_width=&#8221;stretch_row&#8221; content_placement=&#8221;middle&#8221; kd_background_overlay=&#8221;default&#8221; kd_background_image_position=&#8221;vc_row-bg-position-top&#8221; css=&#8221;.vc_custom_1695900019997{padding-top: 80px !important;padding-right: 46px !important;padding-bottom: 80px !important;padding-left: 46px !important;background-image: url(https:\/\/certech.hypefarm-test.it\/ceramic-processing-plants\/wp-content\/uploads\/2023\/09\/Raggruppa-407.jpg?id=297) !important;background-position: center !important;background-repeat: no-repeat !important;background-size: cover !important;}&#8221; css_tablet_portrait=&#8221;.vc_custom_1695900019997{margin-bottom: 50px !important;background-position: center !important;background-repeat: no-repeat !important;background-size: cover !important;}&#8221; css_mobile=&#8221;.vc_custom_1695900019998{margin-bottom: 50px !important;background-position: center !important;background-repeat: no-repeat !important;background-size: cover !important;}&#8221;][vc_column]<header class=\"kd-section-title col-lg-12 text-center\" ><h2 class=\"kd-main-title separator_off\" style=\"color: #ffffff;font-size: 36;font-weight: 700;\">A tu servicio. H\u00e1blanos sobre tu proyecto.<br \/>\n<\/h2><\/header><a href=\"https:\/\/certech.hypefarm-test.it\/es\/contacto\/\" target=\"_self\"   class=\"tt_button tt_primary_button btn_secondary_color hover_solid_white button-center button-action-link   vc_custom_1698315517670 kd-animated zoomIn\" data-text=\"CONTACTA CON NOSOTROS\" style=\"width:200px;\" data-animation-delay=200><span class=\"prim_text\">CONTACTA CON NOSOTROS<\/span><\/a>[\/vc_column][\/vc_row]<\/p>\n<\/div>","protected":false},"excerpt":{"rendered":"<p>[vc_row full_width=&#8221;stretch_row_content&#8221; content_placement=&#8221;middle&#8221; kd_background_overlay=&#8221;default&#8221; kd_background_image_position=&#8221;vc_row-bg-position-top&#8221; css=&#8221;.vc_custom_1696610105992{padding-top: 100px !important;padding-bottom: 100px !important;background-image: url(https:\/\/certech.hypefarm-test.it\/ceramic-processing-plants\/wp-content\/uploads\/2023\/10\/Senza-titolo-1-1.jpg?id=1792) !important;background-position: center !important;background-repeat: no-repeat !important;background-size: cover !important;}&#8221;][vc_column][\/vc_column][\/vc_row][vc_row full_width=&#8221;stretch_row_content&#8221; kd_background_overlay=&#8221;gray-color&#8221; [&hellip;]<\/p>\n","protected":false},"author":1,"featured_media":0,"parent":0,"menu_order":0,"comment_status":"closed","ping_status":"closed","template":"","meta":[],"categories":[],"tags":[],"_links":{"self":[{"href":"https:\/\/certech.hypefarm-test.it\/es\/wp-json\/wp\/v2\/pages\/1995"}],"collection":[{"href":"https:\/\/certech.hypefarm-test.it\/es\/wp-json\/wp\/v2\/pages"}],"about":[{"href":"https:\/\/certech.hypefarm-test.it\/es\/wp-json\/wp\/v2\/types\/page"}],"author":[{"embeddable":true,"href":"https:\/\/certech.hypefarm-test.it\/es\/wp-json\/wp\/v2\/users\/1"}],"replies":[{"embeddable":true,"href":"https:\/\/certech.hypefarm-test.it\/es\/wp-json\/wp\/v2\/comments?post=1995"}],"version-history":[{"count":2,"href":"https:\/\/certech.hypefarm-test.it\/es\/wp-json\/wp\/v2\/pages\/1995\/revisions"}],"predecessor-version":[{"id":1997,"href":"https:\/\/certech.hypefarm-test.it\/es\/wp-json\/wp\/v2\/pages\/1995\/revisions\/1997"}],"wp:attachment":[{"href":"https:\/\/certech.hypefarm-test.it\/es\/wp-json\/wp\/v2\/media?parent=1995"}],"wp:term":[{"taxonomy":"category","embeddable":true,"href":"https:\/\/certech.hypefarm-test.it\/es\/wp-json\/wp\/v2\/categories?post=1995"},{"taxonomy":"post_tag","embeddable":true,"href":"https:\/\/certech.hypefarm-test.it\/es\/wp-json\/wp\/v2\/tags?post=1995"}],"curies":[{"name":"wp","href":"https:\/\/api.w.org\/{rel}","templated":true}]}}