{"id":2008,"date":"2023-09-27T10:58:45","date_gmt":"2023-09-27T08:58:45","guid":{"rendered":"https:\/\/certech.hypefarm-test.it\/about-us\/"},"modified":"2023-10-26T13:06:08","modified_gmt":"2023-10-26T11:06:08","slug":"about-us","status":"publish","type":"page","link":"https:\/\/certech.hypefarm-test.it\/es\/about-us\/","title":{"rendered":"SOBRE NOSOTROS"},"content":{"rendered":"<div class=\"wpb-content-wrapper\"><p>[vc_row full_width=&#8221;stretch_row_content&#8221; content_placement=&#8221;middle&#8221; kd_background_overlay=&#8221;default&#8221; kd_background_image_position=&#8221;vc_row-bg-position-top&#8221; css=&#8221;.vc_custom_1695806285912{padding-top: 100px !important;padding-bottom: 100px !important;background-image: url(https:\/\/certech.hypefarm-test.it\/ceramic-processing-plants\/wp-content\/uploads\/2023\/09\/Raggruppa-404.png?id=222) !important;}&#8221;][vc_column]<header class=\"kd-section-title col-lg-12 text-center\" ><p class=\"st-overline custom-color\" style=\"color:#ffffff;font-weight:400;\">CERTECH S.P.A.<\/p><h1 class=\"kd-main-title separator_off\" style=\"color: #ffffff;font-size: 50;font-weight: 600;\">Experiencia e innovaci\u00f3n en la industria cer\u00e1mica<\/h1><\/header>[\/vc_column][\/vc_row][vc_row gap=&#8221;20&#8243; equal_height=&#8221;yes&#8221; kd_background_overlay=&#8221;default&#8221; kd_background_image_position=&#8221;vc_row-bg-position-top&#8221; css=&#8221;.vc_custom_1695121559558{padding-top: 70px !important;padding-bottom: 70px !important;}&#8221;][vc_column width=&#8221;1\/2&#8243;]<header class=\"kd-section-title col-lg-12 text-left\" ><p class=\"st-overline inherit-color\" >Vista general<\/p><h2 class=\"kd-main-title separator_off\" style=\"font-size: 36;font-weight: 700;\">Soluciones avanzadas para la industria cer\u00e1mica<br \/>\n<\/h2><h6 class=\"subtitle\" >CERTECH SPA es una empresa l\u00edder en el \u00e1mbito de la realizaci\u00f3n, instalaci\u00f3n y asistencia de instalaciones y componentes esenciales para maquinaria de la industria cer\u00e1mica. Proporcionamos soluciones a medida, contribuyendo al crecimiento y la innovaci\u00f3n continua de todo el sector.<br \/>\nNos centramos en la creaci\u00f3n de sistemas para la industria cer\u00e1mica dise\u00f1ados para ofrecer una alta eficiencia y un rendimiento t\u00e9cnico superior. Colaboramos estrechamente con nuestros clientes para hacer realidad sus necesidades espec\u00edficas, poniendo en pr\u00e1ctica una amplia experiencia y un compromiso constante con la innovaci\u00f3n.<\/h6><\/header><a href=\"https:\/\/certech.hypefarm-test.it\/es\/el-grupo\/\" target=\"_self\"   class=\"tt_button tt_primary_button btn_primary_color hover_solid_secondary btn-align-left button-action-link\" data-text=\"El Grupo\" style=\"width:200px;\"><span class=\"prim_text\">El Grupo<\/span><\/a>[\/vc_column][vc_column width=&#8221;1\/2&#8243;]<div class=\"photo-gallery-wrapper kd-photo-gallery-69fb33cf0ce00  slider-layout nav-dots gray-navigation carousel-module\" >\r\n              <div class=\"gallery-items\"><div class=\"pg-child-image\" ><img width=\"577\" height=\"407\" src=\"https:\/\/certech.hypefarm-test.it\/ceramic-processing-plants\/wp-content\/uploads\/2023\/09\/Immagine-145.jpg\" class=\"attachment-full\" alt=\"\" decoding=\"async\" loading=\"lazy\" title=\"Immagine 145\" srcset=\"https:\/\/certech.hypefarm-test.it\/ceramic-processing-plants\/wp-content\/uploads\/2023\/09\/Immagine-145.jpg 577w, https:\/\/certech.hypefarm-test.it\/ceramic-processing-plants\/wp-content\/uploads\/2023\/09\/Immagine-145-300x212.jpg 300w\" sizes=\"(max-width: 577px) 100vw, 577px\" \/><\/div><div class=\"pg-child-image\" ><img width=\"610\" height=\"416\" src=\"https:\/\/certech.hypefarm-test.it\/ceramic-processing-plants\/wp-content\/uploads\/2023\/09\/Gruppo-di-maschere-147.jpg\" class=\"attachment-full\" alt=\"\" decoding=\"async\" loading=\"lazy\" title=\"Gruppo di maschere 147\" srcset=\"https:\/\/certech.hypefarm-test.it\/ceramic-processing-plants\/wp-content\/uploads\/2023\/09\/Gruppo-di-maschere-147.jpg 610w, https:\/\/certech.hypefarm-test.it\/ceramic-processing-plants\/wp-content\/uploads\/2023\/09\/Gruppo-di-maschere-147-300x205.jpg 300w\" sizes=\"(max-width: 610px) 100vw, 610px\" \/><\/div><div class=\"pg-child-image\" ><img width=\"610\" height=\"416\" src=\"https:\/\/certech.hypefarm-test.it\/ceramic-processing-plants\/wp-content\/uploads\/2023\/09\/Gruppo-di-maschere-144.jpg\" class=\"attachment-full\" alt=\"\" decoding=\"async\" loading=\"lazy\" title=\"Gruppo di maschere 144\" srcset=\"https:\/\/certech.hypefarm-test.it\/ceramic-processing-plants\/wp-content\/uploads\/2023\/09\/Gruppo-di-maschere-144.jpg 610w, https:\/\/certech.hypefarm-test.it\/ceramic-processing-plants\/wp-content\/uploads\/2023\/09\/Gruppo-di-maschere-144-300x205.jpg 300w\" sizes=\"(max-width: 610px) 100vw, 610px\" \/><\/div><\/div>\r\n            <\/div><script>\r\n              jQuery(document).ready(function($){\r\n                if ($(\".kd-photo-gallery-69fb33cf0ce00 .gallery-items\").length) {\r\n                  $(\".kd-photo-gallery-69fb33cf0ce00 .gallery-items\").owlCarousel({\r\n                    stageClass: \"owl-wrapper\",\r\n                    stageOuterClass: \"owl-wrapper-outer\",\r\n                    loadedClass: \"owl-carousel\",\r\n                    items: 1,\r\n                    rewind: true,\r\n                    responsive:{\r\n                        0:{\r\n                            dots: false,\r\n                            nav: true,\r\n                            navSpeed: 500,\r\n                        },\r\n                        1366:{\ndots: true,\r\n                                nav: false,\r\n                                dotsSpeed: 200,\r\n                                dotsEach: true,}\r\n                    },\nloop: true,\r\n                    addClassActive: true,\r\n                  });\r\n                }\r\n              });\r\n            <\/script>[\/vc_column][\/vc_row][vc_row full_width=&#8221;stretch_row_content&#8221; gap=&#8221;20&#8243; equal_height=&#8221;yes&#8221; kd_background_overlay=&#8221;default&#8221; kd_background_image_position=&#8221;vc_row-bg-position-top&#8221; css=&#8221;.vc_custom_1695804955105{margin-top: 70px !important;padding-top: 140px !important;padding-bottom: 70px !important;background-color: #f5f5f5 !important;}&#8221;][vc_column width=&#8221;1\/2&#8243;][vc_single_image image=&#8221;215&#8243; img_size=&#8221;full&#8221;][\/vc_column][vc_column width=&#8221;2\/6&#8243;]<header class=\"kd-section-title col-lg-12 text-left\" ><h2 class=\"kd-main-title separator_off\" style=\"font-size: 36;font-weight: 700;\">Certech Virtual Tour<\/h2><h6 class=\"subtitle\" >Descubrir el mundo Certech nunca ha sido tan f\u00e1cil. Con nuestro Virtual Tour, podr\u00e1s sumergirte completamente en nuestra empresa, entrando en contacto con nuestra historia en un espacio virtual interactivo. Descubre la pasi\u00f3n que ponemos en cada proyecto y que caracteriza nuestro trabajo, todo narrado directamente por quienes la viven a diario. Las vistas en 3D te permitir\u00e1n ver de cerca nuestras m\u00e1quinas, descubrir todas sus funciones y descargar materiales informativos \u00fatiles para explorar a fondo nuestras soluciones.<\/h6><\/header><a href=\"https:\/\/www.certech.it\/virtual\/index.htm\" target=\"_blank\"   class=\"tt_button tt_primary_button btn_primary_color hover_solid_secondary btn-align-left button-action-link\" data-text=\"SUM\u00c9RGETE AHORA\" style=\"width:200px;\"><span class=\"prim_text\">SUM\u00c9RGETE AHORA<\/span><\/a>[\/vc_column][vc_column width=&#8221;1\/6&#8243;][\/vc_column][\/vc_row][vc_row full_width=&#8221;stretch_row&#8221; kd_background_overlay=&#8221;default&#8221; kd_background_image_position=&#8221;vc_row-bg-position-top&#8221; css=&#8221;.vc_custom_1649427089933{padding-top: 100px !important;padding-bottom: 50px !important;}&#8221;][vc_column][vc_tta_tabs][vc_tta_section title=&#8221;EXPERIENCIA&#8221; tab_id=&#8221;1698317729449-cdd05d2a-0dd7&#8243;][vc_row_inner kd_background_overlay=&#8221;default&#8221; kd_background_image_position=&#8221;vc_row-bg-position-top&#8221; css=&#8221;.vc_custom_1600786780435{padding-top: 70px !important;padding-right: 100px !important;padding-bottom: 50px !important;padding-left: 100px !important;}&#8221; css_mobile=&#8221;.vc_custom_1600786780436{padding-right: 15px !important;padding-left: 15px !important;}&#8221;][vc_column_inner]<header class=\"kd-section-title col-lg-12 text-left\" ><h4 class=\"kd-main-title separator_off\" style=\"margin-bottom:30px;\">Expertise Certech a tu servicio<\/h4><h6 class=\"subtitle\" style=\"color: #696969;\">Certech es sin\u00f3nimo de experiencia y competencia en el sector de la realizaci\u00f3n de instalaciones para la industria cer\u00e1mica. Gracias a a\u00f1os de trabajo junto a emprendedores del sector cer\u00e1mico, hemos adquirido un bagaje de experiencias que ponemos diariamente al servicio de nuestros clientes, acompa\u00f1\u00e1ndolos en cada fase: desde el dise\u00f1o hasta la instalaci\u00f3n y el mantenimiento de las m\u00e1quinas. Adem\u00e1s, a trav\u00e9s nuestros servicios de almac\u00e9n y respuesta r\u00e1pida, ofrecemos un soporte completo para garantizar que la producci\u00f3n no sufra interrupciones.<br \/>\n<\/h6><\/header>[\/vc_column_inner][\/vc_row_inner][\/vc_tta_section][vc_tta_section title=&#8221;INNOVACI\u00d3N&#8221; tab_id=&#8221;1600437069601-eb87d5e8-3ab9dcdf-a04d3bbf-93d21c7a-404b9087-d2bf&#8221;][vc_row_inner kd_background_overlay=&#8221;default&#8221; kd_background_image_position=&#8221;vc_row-bg-position-top&#8221; css=&#8221;.vc_custom_1600786785436{padding-top: 70px !important;padding-right: 100px !important;padding-bottom: 50px !important;padding-left: 100px !important;}&#8221; css_mobile=&#8221;.vc_custom_1600786785437{padding-right: 15px !important;padding-left: 15px !important;}&#8221;][vc_column_inner]<header class=\"kd-section-title col-lg-12 text-left\" ><h4 class=\"kd-main-title separator_off\" style=\"margin-bottom:30px;\">Tecnolog\u00eda de vanguardia para la industria cer\u00e1mica<br \/>\n<\/h4><h6 class=\"subtitle\" style=\"color: #696969;\">Desde hace a\u00f1os invertimos en investigaci\u00f3n y desarrollo para identificar constantemente nuevas soluciones y emplear tecnolog\u00edas de vanguardia en vuestro proceso de producci\u00f3n. Nuestra misi\u00f3n es superar los l\u00edmites de la eficiencia, la calidad y la competitividad, ofreci\u00e9ndote instalaciones y servicios de alto valor a\u00f1adido que te permitir\u00e1n lograr resultados extraordinarios. <\/h6><\/header>[\/vc_column_inner][\/vc_row_inner][\/vc_tta_section][vc_tta_section title=&#8221;SOSTENIBILIDAD&#8221; tab_id=&#8221;1600437069176-8ef1926b-fbffdcdf-a04d3bbf-93d21c7a-404b9087-d2bf&#8221;][vc_row_inner kd_background_overlay=&#8221;default&#8221; kd_background_image_position=&#8221;vc_row-bg-position-top&#8221; css=&#8221;.vc_custom_1600786789884{padding-top: 70px !important;padding-right: 100px !important;padding-bottom: 50px !important;padding-left: 100px !important;}&#8221; css_mobile=&#8221;.vc_custom_1600786789886{padding-right: 15px !important;padding-left: 15px !important;}&#8221;][vc_column_inner]<header class=\"kd-section-title col-lg-12 text-left\" ><h4 class=\"kd-main-title separator_off\" style=\"margin-bottom:30px;\">Nuestro compromiso con el medioambiente<br \/>\n<\/h4><h6 class=\"subtitle\" style=\"color: #696969;\">Certech incorpora la sostenibilidad en todas sus actividades, promoviendo soluciones tecnol\u00f3gicamente avanzadas para la protecci\u00f3n del medio ambiente.<br \/>\nNuestro compromiso se basa en el desarrollo de tecnolog\u00edas de vanguardia y en la sustituci\u00f3n de piezas de maquinaria en uso por otras de mayor eficiencia, recalificando m\u00e1quinas existentes gracias al trabajo de nuestro personal experto.<br \/>\n<\/h6><\/header>[\/vc_column_inner][\/vc_row_inner][\/vc_tta_section][\/vc_tta_tabs][\/vc_column][\/vc_row][vc_row full_width=&#8221;stretch_row&#8221; kd_background_overlay=&#8221;default&#8221; kd_background_image_position=&#8221;vc_row-bg-position-top&#8221; css=&#8221;.vc_custom_1695811788078{padding-top: 110px !important;padding-bottom: 110px !important;background-image: url(https:\/\/certech.hypefarm-test.it\/ceramic-processing-plants\/wp-content\/uploads\/2023\/09\/IMG_4391.jpg?id=232) !important;}&#8221;][vc_column][vc_row_inner kd_background_overlay=&#8221;default&#8221; kd_background_image_position=&#8221;vc_row-bg-position-top&#8221; css=&#8221;.vc_custom_1596734267810{padding-top: 100px !important;padding-bottom: 100px !important;}&#8221;][vc_column_inner]<div class=\"kd-process-steps process_three_elem process-checkbox-template\">\r\n                <ul><li class=\"pss-item  kd-animated fadeInUp\"  >\r\n                    <div class=\"pss-container\"><div class=\"pss-step-number\"><span >1<\/span><\/div><div class=\"pss-text-area\">\r\n                            <h4 >DISE\u00d1O<\/h4>\r\n                            <p >Nuestros expertos colaboran contigo para<br \/>\ncrear sistemas y componentes de vanguardia<br \/>\nque respondan a tus necesidades espec\u00edficas.<br \/>\n<\/p><a class=\"process-text-link\" href=\"https:\/\/certech.hypefarm-test.it\/es\/servicios\/#progettazione\" target=\"_self\" >M\u00c1S INFORMACI\u00d3N<\/a><\/div>\r\n                    <\/div>\r\n                <\/li><li class=\"pss-item  kd-animated fadeInUp\"  data-animation-delay=200>\r\n                    <div class=\"pss-container\"><div class=\"pss-step-number\"><span >2<\/span><\/div><div class=\"pss-text-area\">\r\n                            <h4 >MONTAJE E INSTALACI\u00d3N<\/h4>\r\n                            <p >Con competencia y precisi\u00f3n, nuestro equipo<br \/>\nse encarga del montaje e instalaci\u00f3n de los<br \/>\nequipos para la industria cer\u00e1mica, buscando<br \/>\nun funcionamiento fluido y sin interrupciones.<br \/>\n<\/p><a class=\"process-text-link\" href=\"https:\/\/certech.hypefarm-test.it\/es\/servicios\/#montaggio\" target=\"_self\" >M\u00c1S INFORMACI\u00d3N<\/a><\/div>\r\n                    <\/div>\r\n                <\/li><li class=\"pss-item  kd-animated fadeInUp\"  data-animation-delay=400>\r\n                    <div class=\"pss-container\"><div class=\"pss-step-number\"><span >3<\/span><\/div><div class=\"pss-text-area\">\r\n                            <h4 >ASISTENCIA Y MANTENIMIENTO POSVENTA<\/h4>\r\n                            <p >Para mantener la m\u00e1xima eficiencia,<br \/>\nrealizamos inspecciones peri\u00f3dicas<br \/>\ny ofrecemos servicios de reparaci\u00f3n<br \/>\nde repuestos.<\/p><a class=\"process-text-link\" href=\"https:\/\/certech.hypefarm-test.it\/es\/servicios\/#assistenza\" target=\"_self\" >M\u00c1S INFORMACI\u00d3N<\/a><\/div>\r\n                    <\/div>\r\n                <\/li><\/ul>\r\n            <\/div>[\/vc_column_inner][\/vc_row_inner][\/vc_column][\/vc_row][vc_row full_width=&#8221;stretch_row&#8221; kd_background_overlay=&#8221;default&#8221; kd_background_image_position=&#8221;vc_row-bg-position-top&#8221; css=&#8221;.vc_custom_1695136076101{padding-top: 180px !important;padding-bottom: 180px !important;background-image: url(https:\/\/certech.hypefarm-test.it\/ceramic-processing-plants\/wp-content\/uploads\/2023\/09\/virtual-tour2.jpg?id=151) !important;background-position: center !important;background-repeat: no-repeat !important;background-size: cover !important;}&#8221;][vc_column width=&#8221;3\/5&#8243;][\/vc_column][vc_column width=&#8221;2\/5&#8243;]<header class=\"kd-section-title col-lg-12 text-left\" ><h2 class=\"kd-main-title separator_off\" style=\"color: #ffffff;font-size: 56px;font-weight: 700;\">Nuestra garant\u00eda<br \/>\nde fiabilidad<\/h2><h6 class=\"subtitle\" style=\"color: #ffffff;font-size:20px;\">Certech ha obtenido el prestigioso reconocimiento Cribis, que atestigua un compromiso constante con la fiabilidad y la satisfacci\u00f3n de los socios comerciales: una garant\u00eda de calidad para el crecimiento y el \u00e9xito de las relaciones que construimos con nuestros proveedores y clientes.<\/h6><\/header><a href=\"https:\/\/certech.hypefarm-test.it\/es\/certificaciones\/\" target=\"_self\"   class=\"tt_button tt_primary_button btn_primary_color hover_solid_secondary btn-align-left button-action-link\" data-text=\"CERTIFICACIONES\" style=\"width:200px;\"><span class=\"prim_text\">CERTIFICACIONES<\/span><\/a>[\/vc_column][\/vc_row][vc_row full_width=&#8221;stretch_row&#8221; equal_height=&#8221;yes&#8221; content_placement=&#8221;middle&#8221; kd_background_overlay=&#8221;default&#8221; kd_background_image_position=&#8221;vc_row-bg-position-top&#8221; css=&#8221;.vc_custom_1695126903143{padding-top: 60px !important;padding-bottom: 60px !important;background-color: #f5f5f5 !important;}&#8221;][vc_column]<div id=\"fm-69fb33cf0f0cd\" class=\"slider clients carousel-module\" ><div class=\"clients-content \" ><img width=\"340\" height=\"70\" src=\"https:\/\/certech.hypefarm-test.it\/ceramic-processing-plants\/wp-content\/uploads\/2023\/09\/eurorubber.png\" class=\"attachment-full\" alt=\"\" decoding=\"async\" loading=\"lazy\" title=\"eurorubber\" srcset=\"https:\/\/certech.hypefarm-test.it\/ceramic-processing-plants\/wp-content\/uploads\/2023\/09\/eurorubber.png 340w, https:\/\/certech.hypefarm-test.it\/ceramic-processing-plants\/wp-content\/uploads\/2023\/09\/eurorubber-300x62.png 300w\" sizes=\"(max-width: 340px) 100vw, 340px\" \/><\/div><div class=\"clients-content \" ><img width=\"340\" height=\"70\" src=\"https:\/\/certech.hypefarm-test.it\/ceramic-processing-plants\/wp-content\/uploads\/2023\/09\/novatech.png\" class=\"attachment-full\" alt=\"\" decoding=\"async\" loading=\"lazy\" title=\"novatech\" srcset=\"https:\/\/certech.hypefarm-test.it\/ceramic-processing-plants\/wp-content\/uploads\/2023\/09\/novatech.png 340w, https:\/\/certech.hypefarm-test.it\/ceramic-processing-plants\/wp-content\/uploads\/2023\/09\/novatech-300x62.png 300w\" sizes=\"(max-width: 340px) 100vw, 340px\" \/><\/div><div class=\"clients-content \" ><img width=\"340\" height=\"70\" src=\"https:\/\/certech.hypefarm-test.it\/ceramic-processing-plants\/wp-content\/uploads\/2023\/09\/vibrotech.png\" class=\"attachment-full\" alt=\"\" decoding=\"async\" loading=\"lazy\" title=\"vibrotech\" srcset=\"https:\/\/certech.hypefarm-test.it\/ceramic-processing-plants\/wp-content\/uploads\/2023\/09\/vibrotech.png 340w, https:\/\/certech.hypefarm-test.it\/ceramic-processing-plants\/wp-content\/uploads\/2023\/09\/vibrotech-300x62.png 300w\" sizes=\"(max-width: 340px) 100vw, 340px\" \/><\/div><div class=\"clients-content \" ><img width=\"340\" height=\"70\" src=\"https:\/\/certech.hypefarm-test.it\/ceramic-processing-plants\/wp-content\/uploads\/2023\/09\/rubbertech.png\" class=\"attachment-full\" alt=\"\" decoding=\"async\" loading=\"lazy\" title=\"rubbertech\" srcset=\"https:\/\/certech.hypefarm-test.it\/ceramic-processing-plants\/wp-content\/uploads\/2023\/09\/rubbertech.png 340w, https:\/\/certech.hypefarm-test.it\/ceramic-processing-plants\/wp-content\/uploads\/2023\/09\/rubbertech-300x62.png 300w\" sizes=\"(max-width: 340px) 100vw, 340px\" \/><\/div><\/div><script>\r\n              jQuery(document).ready(function($){\r\n                if ($(\"#fm-69fb33cf0f0cd.slider.clients\").length) {\r\n                  $(\"#fm-69fb33cf0f0cd.slider.clients\").owlCarousel({\r\n                    stageClass: \"owl-wrapper\",\r\n                    stageOuterClass: \"owl-wrapper-outer\",\r\n                    loadedClass: \"owl-carousel\",\r\n                    responsiveClass:true,\r\n                    responsive:{\r\n                      0:{\r\n                        items:2,\r\n                        nav: true,\r\n                        navSpeed: 200,\r\n                        dots: false,\r\n                      },\r\n                      415:{\r\n                        items:3,\r\n                        nav: true,\r\n                        navSpeed: 200,\r\n                        dots: false,\r\n                      },\r\n                      960:{\r\n                          items:4,dots: false,}\r\n                    },loop: true,autoplay: true,autoplayTimeout: 3000,\r\n                  });\r\n                }\r\n              });\r\n            <\/script>[\/vc_column][\/vc_row][vc_row full_width=&#8221;stretch_row&#8221; kd_background_overlay=&#8221;gray-color&#8221; kd_background_image_position=&#8221;vc_row-bg-position-top&#8221; css=&#8221;.vc_custom_1695220122013{padding-top: 100px !important;background-color: #ffffff !important;}&#8221; el_class=&#8221;blog-minimal-grid&#8221;][vc_column css=&#8221;.vc_custom_1515677064675{padding-right: 0px !important;padding-left: 0px !important;}&#8221;][vc_row_inner kd_background_overlay=&#8221;default&#8221; kd_background_image_position=&#8221;vc_row-bg-position-top&#8221; css=&#8221;.vc_custom_1695136361503{background-color: #ffffff !important;}&#8221;][vc_column_inner]<header class=\"kd-section-title col-lg-12 text-center\" ><p class=\"st-overline inherit-color\" >MANTENER ACTUALIZADO<\/p><h2 class=\"kd-main-title separator_off\" style=\"font-size: 36;font-weight: 700;\">No te pierdas las \u00faltimas noticias<\/h2><\/header>[\/vc_column_inner][\/vc_row_inner][vc_row_inner kd_background_overlay=&#8221;default&#8221; kd_background_image_position=&#8221;vc_row-bg-position-top&#8221; css=&#8221;.vc_custom_1541417234781{padding-bottom: 100px !important;}&#8221;][vc_column_inner][vc_basic_grid post_type=&#8221;post&#8221; max_items=&#8221;3&#8243; initial_loading_animation=&#8221;fadeInUp&#8221; grid_id=&#8221;vc_gid:1698317612439-7af5474b-fc46-2&#8243; taxonomies=&#8221;25&#8243;][\/vc_column_inner][\/vc_row_inner][\/vc_column][\/vc_row][vc_row content_placement=&#8221;middle&#8221; kd_background_overlay=&#8221;default&#8221; kd_background_image_position=&#8221;vc_row-bg-position-top&#8221; css=&#8221;.vc_custom_1695136769574{padding-top: 46px !important;padding-right: 46px !important;padding-bottom: 46px !important;padding-left: 46px !important;background-image: url(https:\/\/certech.hypefarm-test.it\/ceramic-processing-plants\/wp-content\/uploads\/2023\/09\/Raggruppa-223.jpg?id=162) !important;background-position: center !important;background-repeat: no-repeat !important;background-size: cover !important;}&#8221; css_tablet_portrait=&#8221;.vc_custom_1695136769575{margin-bottom: 50px !important;background-position: center !important;background-repeat: no-repeat !important;background-size: cover !important;}&#8221; css_mobile=&#8221;.vc_custom_1695136769575{margin-bottom: 50px !important;background-position: center !important;background-repeat: no-repeat !important;background-size: cover !important;}&#8221;][vc_column]<div class=\"kd-calltoaction\" >\n                <div class=\"container\">\n                  <div class=\"cta-text-container kd-animated fadeIn\" data-animation-delay=\"200\"><div class=\"cta-text\"><h2 style=\"color: #ffffff;\">Accede al \u00e1rea privada para<br \/>\ndescarga nuestros manuales t\u00e9cnicos<\/h2><\/div>\n                    <\/div>\n                    <div class=\"cta-btncontainer\"><a href=\"url:%23\" target=\"_self\" class=\"tt_button btn_primary_color tt_primary_button hover_solid_secondary button-action-link icon_left kd-animated zoomIn\" data-text=\"\u00c1rea reservada\" data-animation-delay=\"200\"><span class=\"fas fa-user iconita\" ><\/span><span class=\"prim_text\">\u00c1rea reservada<\/span><\/a><\/div>\n                <\/div>\n            <\/div>[\/vc_column][\/vc_row]<\/p>\n<\/div>","protected":false},"excerpt":{"rendered":"<p>[vc_row full_width=&#8221;stretch_row_content&#8221; content_placement=&#8221;middle&#8221; kd_background_overlay=&#8221;default&#8221; kd_background_image_position=&#8221;vc_row-bg-position-top&#8221; css=&#8221;.vc_custom_1695806285912{padding-top: 100px !important;padding-bottom: 100px !important;background-image: url(https:\/\/certech.hypefarm-test.it\/ceramic-processing-plants\/wp-content\/uploads\/2023\/09\/Raggruppa-404.png?id=222) !important;}&#8221;][vc_column][\/vc_column][\/vc_row][vc_row gap=&#8221;20&#8243; equal_height=&#8221;yes&#8221; kd_background_overlay=&#8221;default&#8221; kd_background_image_position=&#8221;vc_row-bg-position-top&#8221; css=&#8221;.vc_custom_1695121559558{padding-top: 70px !important;padding-bottom: 70px [&hellip;]<\/p>\n","protected":false},"author":1,"featured_media":0,"parent":0,"menu_order":0,"comment_status":"closed","ping_status":"closed","template":"","meta":[],"categories":[],"tags":[],"_links":{"self":[{"href":"https:\/\/certech.hypefarm-test.it\/es\/wp-json\/wp\/v2\/pages\/2008"}],"collection":[{"href":"https:\/\/certech.hypefarm-test.it\/es\/wp-json\/wp\/v2\/pages"}],"about":[{"href":"https:\/\/certech.hypefarm-test.it\/es\/wp-json\/wp\/v2\/types\/page"}],"author":[{"embeddable":true,"href":"https:\/\/certech.hypefarm-test.it\/es\/wp-json\/wp\/v2\/users\/1"}],"replies":[{"embeddable":true,"href":"https:\/\/certech.hypefarm-test.it\/es\/wp-json\/wp\/v2\/comments?post=2008"}],"version-history":[{"count":2,"href":"https:\/\/certech.hypefarm-test.it\/es\/wp-json\/wp\/v2\/pages\/2008\/revisions"}],"predecessor-version":[{"id":2010,"href":"https:\/\/certech.hypefarm-test.it\/es\/wp-json\/wp\/v2\/pages\/2008\/revisions\/2010"}],"wp:attachment":[{"href":"https:\/\/certech.hypefarm-test.it\/es\/wp-json\/wp\/v2\/media?parent=2008"}],"wp:term":[{"taxonomy":"category","embeddable":true,"href":"https:\/\/certech.hypefarm-test.it\/es\/wp-json\/wp\/v2\/categories?post=2008"},{"taxonomy":"post_tag","embeddable":true,"href":"https:\/\/certech.hypefarm-test.it\/es\/wp-json\/wp\/v2\/tags?post=2008"}],"curies":[{"name":"wp","href":"https:\/\/api.w.org\/{rel}","templated":true}]}}