{"id":2046,"date":"2023-09-29T14:22:43","date_gmt":"2023-09-29T12:22:43","guid":{"rendered":"https:\/\/certech.hypefarm-test.it\/produits\/atomiseurs-ceramiques\/"},"modified":"2023-10-30T09:03:31","modified_gmt":"2023-10-30T08:03:31","slug":"atomizadores-ceramicos","status":"publish","type":"page","link":"https:\/\/certech.hypefarm-test.it\/es\/productos\/atomizadores-ceramicos\/","title":{"rendered":"Atomizadores cer\u00e1micos"},"content":{"rendered":"<div class=\"wpb-content-wrapper\"><p>[vc_row full_width=&#8221;stretch_row_content&#8221; content_placement=&#8221;middle&#8221; kd_background_overlay=&#8221;default&#8221; kd_background_image_position=&#8221;vc_row-bg-position-top&#8221; css=&#8221;.vc_custom_1696409195424{margin-top: 100px !important;padding-top: 100px !important;padding-bottom: 100px !important;background-image: url(https:\/\/certech.hypefarm-test.it\/ceramic-processing-plants\/wp-content\/uploads\/2023\/09\/Raggruppa-323.jpg?id=553) !important;}&#8221;][vc_column]<header class=\"kd-section-title col-lg-12 text-center\" ><p class=\"st-overline custom-color\" style=\"color:#ffffff;font-weight:400;\">PRODUCTOS<\/p><h1 class=\"kd-main-title separator_off\" style=\"color: #ffffff;font-size: 50;font-weight: 600;\">Atomizadores cer\u00e1micos<\/h1><\/header>[\/vc_column][\/vc_row][vc_row gap=&#8221;20&#8243; equal_height=&#8221;yes&#8221; kd_background_overlay=&#8221;default&#8221; kd_background_image_position=&#8221;vc_row-bg-position-top&#8221; css=&#8221;.vc_custom_1695977975284{padding-top: 70px !important;padding-bottom: 0px !important;}&#8221;][vc_column width=&#8221;1\/2&#8243;]<header class=\"kd-section-title col-lg-12 text-left\" ><p class=\"st-overline inherit-color\" >VISTA GENERAL<\/p><h2 class=\"kd-main-title separator_off\" style=\"font-size: 36;font-weight: 700;\">Atomizadores cer\u00e1micos y accesorios<\/h2><\/header>[\/vc_column][vc_column width=&#8221;1\/2&#8243;][\/vc_column][\/vc_row][vc_row gap=&#8221;20&#8243; equal_height=&#8221;yes&#8221; kd_background_overlay=&#8221;default&#8221; kd_background_image_position=&#8221;vc_row-bg-position-top&#8221; css=&#8221;.vc_custom_1695977982658{padding-top: 20px !important;padding-bottom: 70px !important;}&#8221;][vc_column width=&#8221;2\/12&#8243;][\/vc_column][vc_column width=&#8221;5\/12&#8243;][vc_column_text]<span style=\"font-weight: 400;\">CERTECH lleva a\u00f1os desarrollando junto con emprendedores del sector cer\u00e1mico una gran experiencia tambi\u00e9n en el sector de los <\/span><b>atomizadores<\/b><span style=\"font-weight: 400;\">, proponiendo una soluci\u00f3n -el Atomizador CSD- que ha alcanzado un notable hito de fiabilidad.<\/span><\/p>\n<p><span style=\"font-weight: 400;\">Con la vista puesta en el ahorro energ\u00e9tico y conscientes de la importancia del dise\u00f1o de una estructura portante m\u00e1s ligera y resistente, hemos desarrollado un atomizador adecuado para su uso con diferentes materias primas de la industria cer\u00e1mica: desde la preparaci\u00f3n de esmaltes hasta caol\u00edn, pasando por bentonita y al\u00famina.<\/span><\/p>\n<p><span style=\"font-weight: 400;\">Adem\u00e1s, gracias a nuestros <\/span><b>sistemas de mejora<\/b><span style=\"font-weight: 400;\">, nuestros clientes pueden ahorrar espacio y dinero al tiempo que aumentan la eficiencia de la producci\u00f3n. <\/span>[\/vc_column_text][\/vc_column][vc_column width=&#8221;5\/12&#8243;][vc_column_text]<span style=\"font-weight: 400;\">Una gama completa de productos y repuestos est\u00e1 a tu disposici\u00f3n, con <\/span><b>bombas de pistones sumergibles <\/b><span style=\"font-weight: 400;\">para lograr un rendimiento impecable,<\/span><b> sistemas de coloraci\u00f3n en vena<\/b><span style=\"font-weight: 400;\"> para crear efectos decorativos \u00fanicos en el gres porcel\u00e1nico y <\/span><b>sistemas de detecci\u00f3n de humedad<\/b><span style=\"font-weight: 400;\"> para un control avanzado de los procesos industriales.<\/span><\/p>\n<p><span style=\"font-weight: 400;\">Nuestro compromiso diario es proporcionar <\/span><b>productos duraderos y soluciones fiables <\/b><span style=\"font-weight: 400;\">para mejorar tu eficiencia de producci\u00f3n y la calidad de tus productos terminados.<\/span>[\/vc_column_text][\/vc_column][\/vc_row][vc_row kd_background_overlay=&#8221;default&#8221; kd_background_image_position=&#8221;vc_row-bg-position-top&#8221; css=&#8221;.vc_custom_1695978080451{padding-bottom: 70px !important;}&#8221;][vc_column width=&#8221;1\/2&#8243;][vc_single_image image=&#8221;522&#8243; img_size=&#8221;full&#8221; onclick=&#8221;custom_link&#8221; link=&#8221;https:\/\/certech.hypefarm-test.it\/es\/productos\/atomizadores-ceramicos\/bombas-de-pistones\/&#8221;][vc_column_text css=&#8221;.vc_custom_1698326740016{padding-top: 15px !important;padding-bottom: 15px !important;}&#8221;]<\/p>\n<h5>Bombas de pistones<\/h5>\n<p>[\/vc_column_text][vc_separator color=&#8221;custom&#8221; align=&#8221;align_left&#8221; border_width=&#8221;3&#8243; el_width=&#8221;10&#8243; accent_color=&#8221;#007e3f&#8221;][\/vc_column][vc_column width=&#8221;1\/2&#8243;][vc_single_image image=&#8221;532&#8243; img_size=&#8221;full&#8221; onclick=&#8221;custom_link&#8221; link=&#8221;https:\/\/certech.hypefarm-test.it\/es\/productos\/atomizadores-ceramicos\/sistemas-de-mejora-y-repuestos-para-atomizadores\/&#8221;][vc_column_text css=&#8221;.vc_custom_1698326749916{padding-top: 15px !important;padding-bottom: 15px !important;}&#8221;]<\/p>\n<h5>Sistemas de mejora y repuestos para atomizadores<\/h5>\n<p>[\/vc_column_text][vc_separator color=&#8221;custom&#8221; align=&#8221;align_left&#8221; border_width=&#8221;3&#8243; el_width=&#8221;10&#8243; accent_color=&#8221;#007e3f&#8221;][\/vc_column][\/vc_row][vc_row kd_background_overlay=&#8221;default&#8221; kd_background_image_position=&#8221;vc_row-bg-position-top&#8221; css=&#8221;.vc_custom_1695978080451{padding-bottom: 70px !important;}&#8221;][vc_column width=&#8221;1\/2&#8243;][vc_single_image image=&#8221;537&#8243; img_size=&#8221;full&#8221; onclick=&#8221;custom_link&#8221; link=&#8221;https:\/\/certech.hypefarm-test.it\/es\/productos\/atomizadores-ceramicos\/atomizadores-csd\/&#8221;][vc_column_text css=&#8221;.vc_custom_1698326756165{padding-top: 15px !important;padding-bottom: 15px !important;}&#8221;]<\/p>\n<h5>Atomizadores CSD<\/h5>\n<p>[\/vc_column_text][vc_separator color=&#8221;custom&#8221; align=&#8221;align_left&#8221; border_width=&#8221;3&#8243; el_width=&#8221;10&#8243; accent_color=&#8221;#007e3f&#8221;][\/vc_column][vc_column width=&#8221;1\/2&#8243;][vc_single_image image=&#8221;548&#8243; img_size=&#8221;full&#8221; onclick=&#8221;custom_link&#8221; link=&#8221;https:\/\/certech.hypefarm-test.it\/es\/productos\/atomizadores-ceramicos\/sistemas-de-coloracion-en-vena-para-gres-porcelanico\/&#8221;][vc_column_text css=&#8221;.vc_custom_1698326763425{padding-top: 15px !important;padding-bottom: 15px !important;}&#8221;]<\/p>\n<h5>Sistemas de coloraci\u00f3n en vena para gres porcel\u00e1nico<\/h5>\n<p>[\/vc_column_text][vc_separator color=&#8221;custom&#8221; align=&#8221;align_left&#8221; border_width=&#8221;3&#8243; el_width=&#8221;10&#8243; accent_color=&#8221;#007e3f&#8221;][\/vc_column][\/vc_row][vc_row kd_background_overlay=&#8221;default&#8221; kd_background_image_position=&#8221;vc_row-bg-position-top&#8221; css=&#8221;.vc_custom_1695978080451{padding-bottom: 70px !important;}&#8221;][vc_column width=&#8221;1\/2&#8243;][vc_single_image image=&#8221;542&#8243; img_size=&#8221;full&#8221; onclick=&#8221;custom_link&#8221; link=&#8221;https:\/\/certech.hypefarm-test.it\/es\/productos\/atomizadores-ceramicos\/sistema-de-deteccion-de-humedad-con-sensor-de-microondas-mds\/&#8221;][vc_column_text css=&#8221;.vc_custom_1698326771456{padding-top: 15px !important;padding-bottom: 15px !important;}&#8221;]<\/p>\n<h5>Sistema de detecci\u00f3n de humedad con sensor de microondas MDS<\/h5>\n<p>[\/vc_column_text][vc_separator color=&#8221;custom&#8221; align=&#8221;align_left&#8221; border_width=&#8221;3&#8243; el_width=&#8221;10&#8243; accent_color=&#8221;#007e3f&#8221;][\/vc_column][vc_column width=&#8221;1\/2&#8243;][\/vc_column][\/vc_row][vc_row full_width=&#8221;stretch_row&#8221; kd_background_overlay=&#8221;default&#8221; kd_background_image_position=&#8221;vc_row-bg-position-top&#8221; css=&#8221;.vc_custom_1695909325688{margin-bottom: 60px !important;padding-top: 100px !important;padding-bottom: 70px !important;background-color: #f5f5f5 !important;}&#8221; css_tablet_landscape=&#8221;.vc_custom_1695909325689{padding-bottom: 0px !important;}&#8221; css_tablet_portrait=&#8221;.vc_custom_1695909325689{padding-bottom: 0px !important;}&#8221; css_mobile=&#8221;.vc_custom_1695909325689{padding-bottom: 0px !important;}&#8221;][vc_column][vc_tta_tabs][vc_tta_section title=&#8221;FIABILIDAD&#8221; tab_id=&#8221;1649427683275-d4a0042e-8d2a0169-0fbd8f73-5c54&#8243;][vc_row_inner kd_background_overlay=&#8221;default&#8221; kd_background_image_position=&#8221;vc_row-bg-position-top&#8221; css=&#8221;.vc_custom_1649427529916{padding-top: 120px !important;padding-bottom: 80px !important;}&#8221; css_mobile=&#8221;.vc_custom_1649427529917{padding-top: 0px !important;}&#8221;][vc_column_inner css=&#8221;.vc_custom_1649427490504{padding-right: 100px !important;padding-left: 0px !important;}&#8221;]<header class=\"kd-section-title col-lg-12 text-left  vc_custom_1698312292172\" ><h4 class=\"kd-main-title separator_off\" >El socio ideal<\/h4><\/header>[vc_column_text]<span style=\"font-weight: 400;\">Estamos orgullosos de las certificaciones que hemos recibido y que atestiguan nuestra fiabilidad como empresa activa en el sector de la industria cer\u00e1mica. La confianza es la base del \u00e9xito de cualquier asociaci\u00f3n, por lo que nos esforzamos constantemente por mantener los m\u00e1s altos est\u00e1ndares de fiabilidad. Las certificaciones Cribis, obtenidas a base de compromiso y dedicaci\u00f3n, son un testimonio tangible de nuestra determinaci\u00f3n de ser un socio con el que siempre puedes contar.<\/span>[\/vc_column_text][\/vc_column_inner][\/vc_row_inner][\/vc_tta_section][vc_tta_section title=&#8221;CALIDAD&#8221; tab_id=&#8221;1695909117497-b14e3fb5-c614&#8243;][vc_row_inner kd_background_overlay=&#8221;default&#8221; kd_background_image_position=&#8221;vc_row-bg-position-top&#8221; css=&#8221;.vc_custom_1649427529916{padding-top: 120px !important;padding-bottom: 80px !important;}&#8221; css_mobile=&#8221;.vc_custom_1649427529917{padding-top: 0px !important;}&#8221;][vc_column_inner css=&#8221;.vc_custom_1649427490504{padding-right: 100px !important;padding-left: 0px !important;}&#8221;]<header class=\"kd-section-title col-lg-12 text-left  vc_custom_1698312318084\" ><h4 class=\"kd-main-title separator_off\" >Calidad en cada detalle<\/h4><\/header>[vc_column_text]<span style=\"font-weight: 400;\">La calidad est\u00e1 en el centro de todo lo que hacemos. Los certificados Cribis que hemos obtenido refuerzan nuestro compromiso de proporcionar productos de la m\u00e1s alta calidad para la industria cer\u00e1mica. Nos sometemos a rigurosos procesos de control de calidad en cada etapa de la producci\u00f3n para garantizar que cada pieza que sale de nuestra empresa est\u00e9 impecable.\u00a0<\/span><\/p>\n<p><span style=\"font-weight: 400;\">Al elegir Certech, eliges calidad.<\/span>[\/vc_column_text][\/vc_column_inner][\/vc_row_inner][\/vc_tta_section][vc_tta_section title=&#8221;COMPETENCIA&#8221; tab_id=&#8221;1695909136526-3ccd5d67-9cd4&#8243;][vc_row_inner kd_background_overlay=&#8221;default&#8221; kd_background_image_position=&#8221;vc_row-bg-position-top&#8221; css=&#8221;.vc_custom_1649427529916{padding-top: 120px !important;padding-bottom: 80px !important;}&#8221; css_mobile=&#8221;.vc_custom_1649427529917{padding-top: 0px !important;}&#8221;][vc_column_inner css=&#8221;.vc_custom_1649427490504{padding-right: 100px !important;padding-left: 0px !important;}&#8221;]<header class=\"kd-section-title col-lg-12 text-left  vc_custom_1698312339322\" ><h4 class=\"kd-main-title separator_off\" >Competencias avanzadas a tu disposici\u00f3n<\/h4><\/header>[vc_column_text]<span style=\"font-weight: 400;\">La industria cer\u00e1mica requiere habilidades avanzadas y un conocimiento profundo de cada etapa del proceso de producci\u00f3n. Nuestro objetivo es alcanzar y superar estos est\u00e1ndares de competencia. Nuestro equipo de expertos est\u00e1 formado por profesionales altamente cualificados que trabajan con pasi\u00f3n y dedicaci\u00f3n. Elegir Certech significa contar con un equipo de expertos disponibles para colaborar contigo para realizar proyectos extraordinarios.<\/span>[\/vc_column_text][\/vc_column_inner][\/vc_row_inner][\/vc_tta_section][\/vc_tta_tabs][\/vc_column][\/vc_row][vc_row content_placement=&#8221;middle&#8221; kd_background_overlay=&#8221;default&#8221; kd_background_image_position=&#8221;vc_row-bg-position-top&#8221; css=&#8221;.vc_custom_1695136769574{padding-top: 46px !important;padding-right: 46px !important;padding-bottom: 46px !important;padding-left: 46px !important;background-image: url(https:\/\/certech.hypefarm-test.it\/ceramic-processing-plants\/wp-content\/uploads\/2023\/09\/Raggruppa-223.jpg?id=162) !important;background-position: center !important;background-repeat: no-repeat !important;background-size: cover !important;}&#8221; css_tablet_portrait=&#8221;.vc_custom_1695136769575{margin-bottom: 50px !important;background-position: center !important;background-repeat: no-repeat !important;background-size: cover !important;}&#8221; css_mobile=&#8221;.vc_custom_1695136769575{margin-bottom: 50px !important;background-position: center !important;background-repeat: no-repeat !important;background-size: cover !important;}&#8221;][vc_column]<div class=\"kd-calltoaction\" >\n                <div class=\"container\">\n                  <div class=\"cta-text-container kd-animated fadeIn\" data-animation-delay=\"200\"><div class=\"cta-text\"><h2 style=\"color: #ffffff;\">Accede al \u00e1rea reservada para<br \/>\ndescargar nuestros manuales t\u00e9cnicos<\/h2><\/div>\n                    <\/div>\n                    <div class=\"cta-btncontainer\"><a href=\"\/es\/area-reservada\/\" target=\"_self\" class=\"tt_button btn_primary_color tt_primary_button hover_solid_secondary button-action-link icon_left kd-animated zoomIn\" data-text=\"\u00c1REA RESERVADA\" data-animation-delay=\"200\"><span class=\"fas fa-user iconita\" ><\/span><span class=\"prim_text\">\u00c1REA RESERVADA<\/span><\/a><\/div>\n                <\/div>\n            <\/div>[\/vc_column][\/vc_row]<\/p>\n<\/div>","protected":false},"excerpt":{"rendered":"<p>[vc_row full_width=&#8221;stretch_row_content&#8221; content_placement=&#8221;middle&#8221; kd_background_overlay=&#8221;default&#8221; kd_background_image_position=&#8221;vc_row-bg-position-top&#8221; css=&#8221;.vc_custom_1696409195424{margin-top: 100px !important;padding-top: 100px !important;padding-bottom: 100px !important;background-image: url(https:\/\/certech.hypefarm-test.it\/ceramic-processing-plants\/wp-content\/uploads\/2023\/09\/Raggruppa-323.jpg?id=553) !important;}&#8221;][vc_column][\/vc_column][\/vc_row][vc_row gap=&#8221;20&#8243; equal_height=&#8221;yes&#8221; kd_background_overlay=&#8221;default&#8221; kd_background_image_position=&#8221;vc_row-bg-position-top&#8221; css=&#8221;.vc_custom_1695977975284{padding-top: 70px [&hellip;]<\/p>\n","protected":false},"author":1,"featured_media":0,"parent":2026,"menu_order":0,"comment_status":"closed","ping_status":"closed","template":"","meta":[],"categories":[],"tags":[],"_links":{"self":[{"href":"https:\/\/certech.hypefarm-test.it\/es\/wp-json\/wp\/v2\/pages\/2046"}],"collection":[{"href":"https:\/\/certech.hypefarm-test.it\/es\/wp-json\/wp\/v2\/pages"}],"about":[{"href":"https:\/\/certech.hypefarm-test.it\/es\/wp-json\/wp\/v2\/types\/page"}],"author":[{"embeddable":true,"href":"https:\/\/certech.hypefarm-test.it\/es\/wp-json\/wp\/v2\/users\/1"}],"replies":[{"embeddable":true,"href":"https:\/\/certech.hypefarm-test.it\/es\/wp-json\/wp\/v2\/comments?post=2046"}],"version-history":[{"count":3,"href":"https:\/\/certech.hypefarm-test.it\/es\/wp-json\/wp\/v2\/pages\/2046\/revisions"}],"predecessor-version":[{"id":2749,"href":"https:\/\/certech.hypefarm-test.it\/es\/wp-json\/wp\/v2\/pages\/2046\/revisions\/2749"}],"up":[{"embeddable":true,"href":"https:\/\/certech.hypefarm-test.it\/es\/wp-json\/wp\/v2\/pages\/2026"}],"wp:attachment":[{"href":"https:\/\/certech.hypefarm-test.it\/es\/wp-json\/wp\/v2\/media?parent=2046"}],"wp:term":[{"taxonomy":"category","embeddable":true,"href":"https:\/\/certech.hypefarm-test.it\/es\/wp-json\/wp\/v2\/categories?post=2046"},{"taxonomy":"post_tag","embeddable":true,"href":"https:\/\/certech.hypefarm-test.it\/es\/wp-json\/wp\/v2\/tags?post=2046"}],"curies":[{"name":"wp","href":"https:\/\/api.w.org\/{rel}","templated":true}]}}