{"id":1900,"date":"2023-09-29T12:54:37","date_gmt":"2023-09-29T10:54:37","guid":{"rendered":"https:\/\/certech.hypefarm-test.it\/contatti\/"},"modified":"2023-10-25T15:40:52","modified_gmt":"2023-10-25T13:40:52","slug":"contatti","status":"publish","type":"page","link":"https:\/\/certech.hypefarm-test.it\/fr\/contatti\/","title":{"rendered":"Contacts"},"content":{"rendered":"<div class=\"wpb-content-wrapper\"><p>[vc_row full_width=&#8221;stretch_row_content&#8221; content_placement=&#8221;middle&#8221; kd_background_overlay=&#8221;default&#8221; kd_background_image_position=&#8221;vc_row-bg-position-top&#8221; css=&#8221;.vc_custom_1695806285912{padding-top: 100px !important;padding-bottom: 100px !important;background-image: url(https:\/\/certech.hypefarm-test.it\/ceramic-processing-plants\/wp-content\/uploads\/2023\/09\/Raggruppa-404.png?id=222) !important;}&#8221;][vc_column]<header class=\"kd-section-title col-lg-12 text-center\" ><p class=\"st-overline custom-color\" style=\"color:#ffffff;font-weight:400;\">CERTECH S.P.A.<\/p><h1 class=\"kd-main-title separator_off\" style=\"color: #ffffff;font-size: 50;font-weight: 600;\">Contacts<\/h1><\/header>[\/vc_column][\/vc_row][vc_row full_width=&#8221;stretch_row_content&#8221; gap=&#8221;20&#8243; equal_height=&#8221;yes&#8221; kd_background_overlay=&#8221;default&#8221; kd_background_image_position=&#8221;vc_row-bg-position-top&#8221; css=&#8221;.vc_custom_1696745020148{margin-top: 0px !important;padding-top: 110px !important;padding-bottom: 80px !important;background-color: #f5f5f5 !important;}&#8221;][vc_column width=&#8221;1\/6&#8243;][\/vc_column][vc_column width=&#8221;2\/6&#8243;][vc_single_image image=&#8221;70&#8243; img_size=&#8221;full&#8221;][\/vc_column][vc_column width=&#8221;2\/6&#8243;]<header class=\"kd-section-title col-lg-12 text-left\" ><p class=\"st-overline inherit-color\" >CERTECH<\/p><h2 class=\"kd-main-title separator_off\" style=\"font-size: 36;font-weight: 700;\">Notre engagement \u00e0 votre service<\/h2><h6 class=\"subtitle\" >Certech est toujours disponible pour r\u00e9pondre \u00e0 vos questions et proposer une assistance personnalis\u00e9e.<br \/>\nSi vous souhaitez plus d\u2019informations sur nos produits ou services, ou si vous avez besoin de conseils techniques, n\u2019h\u00e9sitez pas \u00e0 nous contacter.<br \/>\nNous sommes pr\u00eats \u00e0 fournir des solutions sur mesure pour vos besoins.<\/h6><\/header><a href=\"#form\" target=\"_self\"   class=\"tt_button tt_primary_button btn_primary_color hover_solid_secondary btn-align-left button-action-link\" data-text=\"REMPLISSEZ LE FORMULAIRE\" style=\"width:200px;\"><span class=\"prim_text\">REMPLISSEZ LE FORMULAIRE<\/span><\/a>[\/vc_column][vc_column width=&#8221;1\/6&#8243;][\/vc_column][\/vc_row][vc_row full_width=&#8221;stretch_row&#8221; gap=&#8221;30&#8243; kd_background_overlay=&#8221;default&#8221; kd_background_image_position=&#8221;vc_row-bg-position-top&#8221; css=&#8221;.vc_custom_1696405714670{padding-top: 110px !important;padding-bottom: 110px !important;background-image: url(https:\/\/certech.hypefarm-test.it\/ceramic-processing-plants\/wp-content\/uploads\/2023\/09\/Raggruppa-413.jpg?id=448) !important;background-position: center !important;background-repeat: no-repeat !important;background-size: cover !important;}&#8221; el_id=&#8221;FORM&#8221;][vc_column][vc_row_inner equal_height=&#8221;yes&#8221; kd_background_overlay=&#8221;default&#8221; kd_background_image_position=&#8221;vc_row-bg-position-top&#8221;][vc_column_inner width=&#8221;1\/2&#8243; css=&#8221;.vc_custom_1696753861372{padding: 60px !important;background-color: #00501c !important;}&#8221;]\n<div class=\"wpcf7 no-js\" id=\"wpcf7-f2272-o1\" lang=\"fr-FR\" dir=\"ltr\">\n<div class=\"screen-reader-response\"><p role=\"status\" aria-live=\"polite\" aria-atomic=\"true\"><\/p> <ul><\/ul><\/div>\n<form action=\"\/fr\/wp-json\/wp\/v2\/pages\/1900#wpcf7-f2272-o1\" method=\"post\" class=\"wpcf7-form init\" aria-label=\"Contact form\" novalidate=\"novalidate\" data-status=\"init\">\n<div style=\"display: none;\">\n<input type=\"hidden\" name=\"_wpcf7\" value=\"2272\" \/>\n<input type=\"hidden\" name=\"_wpcf7_version\" value=\"5.8.2\" \/>\n<input type=\"hidden\" name=\"_wpcf7_locale\" value=\"fr_FR\" \/>\n<input type=\"hidden\" name=\"_wpcf7_unit_tag\" value=\"wpcf7-f2272-o1\" \/>\n<input type=\"hidden\" name=\"_wpcf7_container_post\" value=\"0\" \/>\n<input type=\"hidden\" name=\"_wpcf7_posted_data_hash\" value=\"\" \/>\n<\/div>\n<p><span class=\"wpcf7-form-control-wrap\" data-name=\"your-name\"><input size=\"40\" class=\"wpcf7-form-control wpcf7-text wpcf7-validates-as-required\" aria-required=\"true\" aria-invalid=\"false\" placeholder=\"Nom *\" value=\"\" type=\"text\" name=\"your-name\" \/><\/span><br \/>\n<span class=\"wpcf7-form-control-wrap\" data-name=\"your-email\"><input size=\"40\" class=\"wpcf7-form-control wpcf7-email wpcf7-validates-as-required wpcf7-text wpcf7-validates-as-email\" aria-required=\"true\" aria-invalid=\"false\" placeholder=\"Email *\" value=\"\" type=\"email\" name=\"your-email\" \/><\/span><br \/>\n<span class=\"wpcf7-form-control-wrap\" data-name=\"azienda\"><input size=\"40\" class=\"wpcf7-form-control wpcf7-text wpcf7-validates-as-required\" aria-required=\"true\" aria-invalid=\"false\" placeholder=\"Entreprise *\" value=\"\" type=\"text\" name=\"azienda\" \/><\/span><br \/>\n<span class=\"wpcf7-form-control-wrap\" data-name=\"telefono\"><input size=\"40\" class=\"wpcf7-form-control wpcf7-text wpcf7-validates-as-required\" aria-required=\"true\" aria-invalid=\"false\" placeholder=\"T\u00e9l\u00e9phone *\" value=\"\" type=\"text\" name=\"telefono\" \/><\/span><br \/>\n<span class=\"wpcf7-form-control-wrap\" data-name=\"your-message\"><textarea cols=\"40\" rows=\"10\" class=\"wpcf7-form-control wpcf7-textarea\" aria-invalid=\"false\" placeholder=\"votre messageo\" name=\"your-message\"><\/textarea><\/span>\n<\/p>\n<p><span class=\"wpcf7-form-control-wrap\" data-name=\"acceptance-167\"><span class=\"wpcf7-form-control wpcf7-acceptance optional\"><span class=\"wpcf7-list-item\"><input type=\"checkbox\" name=\"acceptance-167\" value=\"1\" aria-invalid=\"false\" \/><\/span><\/span><\/span><span style=\"font-size: 13px !important; letter-spacing: 0.2px!important; font-weight: 300 !important; color:#fff !important;\">Je confirme avoir lu et accept\u00e9 les conditions de traitement des donn\u00e9es personnelles<\/span>\n<\/p>\n<p>&nbsp;\n<\/p>\n<p><input class=\"wpcf7-form-control wpcf7-submit has-spinner\" type=\"submit\" value=\"Envoyez votre message\" \/>\n<\/p><div class=\"wpcf7-response-output\" aria-hidden=\"true\"><\/div>\n<\/form>\n<\/div>\n[\/vc_column_inner][vc_column_inner width=&#8221;1\/2&#8243; css=&#8221;.vc_custom_1696754818989{padding-right: 40px !important;padding-left: 40px !important;}&#8221;][vc_column_text css=&#8221;.vc_custom_1695987725897{margin-bottom: 30px !important;}&#8221;]<\/p>\n<p style=\"color: #fff; font-size: 28px;\">DIVISIONI CERTECH<\/p>\n<p>[\/vc_column_text][vc_toggle title=&#8221;ITALIE&#8221; open=&#8221;true&#8221; css_animation=&#8221;none&#8221;]CERTECH S.P.A.<br \/>\nVia Don Pasquino Borghi, 8\/10<br \/>\nC.P. 42013 S. Antonino di Casalgrande (RE) Italy<br \/>\nTel. + 39 0536 824294<br \/>\nFax +39 0536 824710[\/vc_toggle][vc_toggle title=&#8221;ESPAGNE&#8221; css_animation=&#8221;none&#8221;]CERTECH SPAIN SL<br \/>\nPOLIGONO INDUSTRIAL SUR \u2013 14 VIAL 3 NAVE N. 5<br \/>\nC.P. 12200 ONDA (CASTELL\u00d3N) SPAIN<br \/>\nTEL. +34 964 771832<br \/>\nFAX +34 964 603075[\/vc_toggle][vc_toggle title=&#8221;MEXIQUE&#8221; css_animation=&#8221;none&#8221;]CERTECH IMPIANTI DE MEXICO S.A. DE C.V.<br \/>\nCALLE AMERICA DEL NORTE NO. 218<br \/>\nCOL. LAS AMERICAS \u2013 C.P. 67128<br \/>\nCD. GUADALUPE (NUEVO LE\u00d2N) MEXICO<br \/>\nTEL. +52 818 3876270<br \/>\nFAX +52 818 3876272[\/vc_toggle][vc_toggle title=&#8221;U.S.A.&#8221; css_animation=&#8221;none&#8221;]CERTECH USA INC.<br \/>\n107 HARTMANN COMMERCE DRIVE<br \/>\nTN37090 LEBANON USA<br \/>\nTEL:+1 615 784 4501[\/vc_toggle][\/vc_column_inner][\/vc_row_inner][vc_row_inner equal_height=&#8221;yes&#8221; content_placement=&#8221;middle&#8221; kd_background_overlay=&#8221;default&#8221; kd_background_image_position=&#8221;vc_row-bg-position-top&#8221; css=&#8221;.vc_custom_1696754407452{margin-top: 30px !important;padding-top: 60px !important;padding-right: 60px !important;padding-bottom: 60px !important;padding-left: 60px !important;background-color: #00501c !important;}&#8221;][vc_column_inner width=&#8221;3\/4&#8243;]<header class=\"kd-section-title col-lg-12 text-left solid-line sep-border-width-3\" ><h3 class=\"kd-main-title separator_on\" style=\"color: #ffffff;margin-bottom:20px;\">Travaille avec nous<\/h3><div class=\"kd-separator below_title\" ><div class=\"kd-separator-line\" style=\"border-color:#ffffff\"><\/div><\/div><h6 class=\"subtitle\" style=\"color: #ffffff;\">Certech est constamment \u00e0 la recherche de talents, rejoignez notre groupe.<\/h6><\/header>[\/vc_column_inner][vc_column_inner width=&#8221;1\/4&#8243;]<a href=\"https:\/\/certech.hypefarm-test.it\/lavora-con-noi-certech\/\" target=\"_self\"   class=\"tt_button tt_primary_button btn_secondary_color hover_solid_secondary button-center button-action-link\" data-text=\"Candidats\"><span class=\"prim_text\">Candidats<\/span><\/a>[\/vc_column_inner][\/vc_row_inner][\/vc_column][\/vc_row][vc_row full_width=&#8221;stretch_row&#8221; kd_background_overlay=&#8221;default&#8221; kd_background_image_position=&#8221;vc_row-bg-position-top&#8221; css=&#8221;.vc_custom_1649427089933{padding-top: 100px !important;padding-bottom: 50px !important;}&#8221;][vc_column][vc_tta_tabs][vc_tta_section title=&#8221;EXP\u00c9RIENCE&#8221; tab_id=&#8221;1466436253637-662f8fd5-98e7b227-c89d19aa-701bdcdf-a04d3bbf-93d21c7a-404b9087-d2bf&#8221;][vc_row_inner kd_background_overlay=&#8221;default&#8221; kd_background_image_position=&#8221;vc_row-bg-position-top&#8221; css=&#8221;.vc_custom_1600786780435{padding-top: 70px !important;padding-right: 100px !important;padding-bottom: 50px !important;padding-left: 100px !important;}&#8221; css_mobile=&#8221;.vc_custom_1600786780436{padding-right: 15px !important;padding-left: 15px !important;}&#8221;][vc_column_inner]<header class=\"kd-section-title col-lg-12 text-left\" ><h4 class=\"kd-main-title separator_off\" style=\"margin-bottom:30px;\">L'expertise Certech \u00e0 votre service<\/h4><h6 class=\"subtitle\" style=\"color: #696969;\">Certech est synonyme d'exp\u00e9rience et de comp\u00e9tence dans le secteur de la cr\u00e9ation de syst\u00e8mes pour l'industrie c\u00e9ramique. Avec des ann\u00e9es de collaboration avec les entrepreneurs du secteur de la c\u00e9ramique, nous avons acquis une riche exp\u00e9rience que nous mettons chaque jour au service de nos clients, en les accompagnant dans chaque phase : de la conception \u00e0 l'installation et \u00e0 la maintenance des machines. De plus, avec nos services d\u2019entrep\u00f4t et d\u2019urgence, nous proposons un accompagnement complet pour garantir que votre production ne soit pas interrompue.<\/h6><\/header>[\/vc_column_inner][\/vc_row_inner][\/vc_tta_section][vc_tta_section title=&#8221;INNOVATION&#8221; tab_id=&#8221;1600437069601-eb87d5e8-3ab9dcdf-a04d3bbf-93d21c7a-404b9087-d2bf&#8221;][vc_row_inner kd_background_overlay=&#8221;default&#8221; kd_background_image_position=&#8221;vc_row-bg-position-top&#8221; css=&#8221;.vc_custom_1600786785436{padding-top: 70px !important;padding-right: 100px !important;padding-bottom: 50px !important;padding-left: 100px !important;}&#8221; css_mobile=&#8221;.vc_custom_1600786785437{padding-right: 15px !important;padding-left: 15px !important;}&#8221;][vc_column_inner]<header class=\"kd-section-title col-lg-12 text-left\" ><h4 class=\"kd-main-title separator_off\" style=\"margin-bottom:30px;\">Technologie de pointe pour l'industrie de la c\u00e9ramique<\/h4><h6 class=\"subtitle\" style=\"color: #696969;\">Depuis des ann\u00e9es, nous investissons dans la recherche et le d\u00e9veloppement pour trouver constamment de nouvelles solutions et utiliser des technologies de pointe dans votre processus de production. Notre mission est de d\u00e9passer les limites de l'efficacit\u00e9, de la qualit\u00e9 et de la comp\u00e9titivit\u00e9, en vous offrant des syst\u00e8mes et des services \u00e0 haute valeur ajout\u00e9e qui vous permettront d'obtenir des r\u00e9sultats extraordinaires.<\/h6><\/header>[\/vc_column_inner][\/vc_row_inner][\/vc_tta_section][vc_tta_section title=&#8221;DURABILIT\u00c9&#8221; tab_id=&#8221;1600437069176-8ef1926b-fbffdcdf-a04d3bbf-93d21c7a-404b9087-d2bf&#8221;][vc_row_inner kd_background_overlay=&#8221;default&#8221; kd_background_image_position=&#8221;vc_row-bg-position-top&#8221; css=&#8221;.vc_custom_1600786789884{padding-top: 70px !important;padding-right: 100px !important;padding-bottom: 50px !important;padding-left: 100px !important;}&#8221; css_mobile=&#8221;.vc_custom_1600786789886{padding-right: 15px !important;padding-left: 15px !important;}&#8221;][vc_column_inner]<header class=\"kd-section-title col-lg-12 text-left\" ><h4 class=\"kd-main-title separator_off\" style=\"margin-bottom:30px;\">Notre engagement envers l'environnement<\/h4><h6 class=\"subtitle\" style=\"color: #696969;\">Certech adopte la durabilit\u00e9 dans toutes ses activit\u00e9s, en promouvant des solutions technologiquement avanc\u00e9es pour prot\u00e9ger l'environnement.<br \/>\nNotre engagement repose sur le d\u00e9veloppement de technologies de pointe et le remplacement de parties de machines utilis\u00e9es par des pi\u00e8ces plus efficaces, en red\u00e9veloppant les machines existantes gr\u00e2ce au travail de notre personnel expert.<\/h6><\/header>[\/vc_column_inner][\/vc_row_inner][\/vc_tta_section][\/vc_tta_tabs][\/vc_column][\/vc_row][vc_row full_width=&#8221;stretch_row&#8221; kd_background_overlay=&#8221;default&#8221; kd_background_image_position=&#8221;vc_row-bg-position-top&#8221; css=&#8221;.vc_custom_1695987816621{padding-top: 110px !important;padding-bottom: 110px !important;background-color: #f5f5f5 !important;}&#8221;][vc_column][vc_row_inner equal_height=&#8221;yes&#8221; content_placement=&#8221;middle&#8221; kd_background_overlay=&#8221;default&#8221; kd_background_image_position=&#8221;vc_row-bg-position-top&#8221;][vc_column_inner width=&#8221;1\/2&#8243;][vc_single_image image=&#8221;466&#8243; img_size=&#8221;full&#8221; alignment=&#8221;right&#8221;][\/vc_column_inner][vc_column_inner width=&#8221;1\/2&#8243; css=&#8221;.vc_custom_1695988226202{padding-left: 40px !important;background-color: #ffffff !important;}&#8221;][vc_single_image image=&#8221;411&#8243; img_size=&#8221;medium&#8221;][vc_empty_space height=&#8221;20px&#8221;][vc_column_text]EURORUBBER INDUSTRIES S.R.L<br \/>\nVia Tarona, 8<br \/>\nC.P 43010 Pontetaro di Fontevivo (PR) Italy<br \/>\nTel. +39 0521 679911<br \/>\nFax +39 0521 679904[\/vc_column_text][\/vc_column_inner][\/vc_row_inner][vc_empty_space][vc_row_inner equal_height=&#8221;yes&#8221; content_placement=&#8221;middle&#8221; kd_background_overlay=&#8221;default&#8221; kd_background_image_position=&#8221;vc_row-bg-position-top&#8221;][vc_column_inner width=&#8221;1\/2&#8243;][vc_single_image image=&#8221;460&#8243; img_size=&#8221;full&#8221; css=&#8221;.vc_custom_1695988459054{padding-right: 0px !important;padding-left: 0px !important;}&#8221;][\/vc_column_inner][vc_column_inner width=&#8221;1\/2&#8243; css=&#8221;.vc_custom_1695988232275{padding-left: 40px !important;background-color: #ffffff !important;}&#8221;][vc_single_image image=&#8221;386&#8243; img_size=&#8221;medium&#8221;][vc_empty_space height=&#8221;20px&#8221;][vc_column_text]VIBROTECH S.R.L<br \/>\nVia Don Pasquino Borghi, 4<br \/>\nC.P 42013 S.Antonino di Casalgrande (RE) Italy<br \/>\nTel. +39 0536 823776<br \/>\nFax +39 0536 812009[\/vc_column_text][\/vc_column_inner][\/vc_row_inner][vc_empty_space][vc_row_inner equal_height=&#8221;yes&#8221; content_placement=&#8221;middle&#8221; kd_background_overlay=&#8221;default&#8221; kd_background_image_position=&#8221;vc_row-bg-position-top&#8221;][vc_column_inner width=&#8221;1\/2&#8243;][vc_single_image image=&#8221;1870&#8243; img_size=&#8221;full&#8221; alignment=&#8221;right&#8221;][\/vc_column_inner][vc_column_inner width=&#8221;1\/2&#8243; css=&#8221;.vc_custom_1695988247055{padding-left: 40px !important;background-color: #ffffff !important;}&#8221;][vc_single_image image=&#8221;422&#8243; img_size=&#8221;medium&#8221;][vc_empty_space height=&#8221;20px&#8221;][vc_column_text]RUBBER TECH S.R.L.<br \/>\nVia Maestrale, 4\/6<br \/>\nC.P. 48012 Bagnacavallo (RA) Italy<br \/>\nTel. + 39 0545 64135<br \/>\nFax +39 0545 62184[\/vc_column_text][\/vc_column_inner][\/vc_row_inner][vc_empty_space][vc_row_inner equal_height=&#8221;yes&#8221; content_placement=&#8221;middle&#8221; kd_background_overlay=&#8221;default&#8221; kd_background_image_position=&#8221;vc_row-bg-position-top&#8221;][vc_column_inner width=&#8221;1\/2&#8243;][vc_single_image image=&#8221;471&#8243; img_size=&#8221;full&#8221; alignment=&#8221;right&#8221;][\/vc_column_inner][vc_column_inner width=&#8221;1\/2&#8243; css=&#8221;.vc_custom_1695988239738{padding-left: 40px !important;background-color: #ffffff !important;}&#8221;][vc_single_image image=&#8221;401&#8243; img_size=&#8221;medium&#8221;][vc_empty_space height=&#8221;20px&#8221;][vc_column_text]NOVATECH S.R.L<br \/>\nVia Strada Statale 467, nr.127<br \/>\nC.P 42013 S.Antonino di Casalgrande (RE) Italy<br \/>\nTel. +39 0536 823344[\/vc_column_text][\/vc_column_inner][\/vc_row_inner][\/vc_column][\/vc_row][vc_row full_width=&#8221;stretch_row_content&#8221; kd_background_overlay=&#8221;default&#8221; kd_background_image_position=&#8221;vc_row-bg-position-top&#8221; css=&#8221;.vc_custom_1695988347370{margin-top: 100px !important;margin-bottom: 100px !important;}&#8221;][vc_column][vc_single_image image=&#8221;379&#8243; img_size=&#8221;full&#8221; alignment=&#8221;center&#8221;][\/vc_column][\/vc_row][vc_row content_placement=&#8221;middle&#8221; kd_background_overlay=&#8221;default&#8221; kd_background_image_position=&#8221;vc_row-bg-position-top&#8221; css=&#8221;.vc_custom_1695136769574{padding-top: 46px !important;padding-right: 46px !important;padding-bottom: 46px !important;padding-left: 46px !important;background-image: url(https:\/\/certech.hypefarm-test.it\/ceramic-processing-plants\/wp-content\/uploads\/2023\/09\/Raggruppa-223.jpg?id=162) !important;background-position: center !important;background-repeat: no-repeat !important;background-size: cover !important;}&#8221; css_tablet_portrait=&#8221;.vc_custom_1695136769575{margin-bottom: 50px !important;background-position: center !important;background-repeat: no-repeat !important;background-size: cover !important;}&#8221; css_mobile=&#8221;.vc_custom_1695136769575{margin-bottom: 50px !important;background-position: center !important;background-repeat: no-repeat !important;background-size: cover !important;}&#8221;][vc_column]<div class=\"kd-calltoaction\" >\n                <div class=\"container\">\n                  <div class=\"cta-text-container kd-animated fadeIn\" data-animation-delay=\"200\"><div class=\"cta-text\"><h2 style=\"color: #ffffff;\">Acc\u00e9dez \u00e0 l\u2019espace r\u00e9serv\u00e9 pour<br \/>\nt\u00e9l\u00e9charger nos manuels techniques<\/h2><\/div>\n                    <\/div>\n                    <div class=\"cta-btncontainer\"><a href=\"url:%23\" target=\"_self\" class=\"tt_button btn_primary_color tt_primary_button hover_solid_secondary button-action-link icon_left kd-animated zoomIn\" data-text=\"ZONE R\u00c9SERV\u00c9E\" data-animation-delay=\"200\"><span class=\"fas fa-user iconita\" ><\/span><span class=\"prim_text\">ZONE R\u00c9SERV\u00c9E<\/span><\/a><\/div>\n                <\/div>\n            <\/div>[\/vc_column][\/vc_row]<\/p>\n<\/div>","protected":false},"excerpt":{"rendered":"<p>[vc_row full_width=&#8221;stretch_row_content&#8221; content_placement=&#8221;middle&#8221; kd_background_overlay=&#8221;default&#8221; kd_background_image_position=&#8221;vc_row-bg-position-top&#8221; css=&#8221;.vc_custom_1695806285912{padding-top: 100px !important;padding-bottom: 100px !important;background-image: url(https:\/\/certech.hypefarm-test.it\/ceramic-processing-plants\/wp-content\/uploads\/2023\/09\/Raggruppa-404.png?id=222) !important;}&#8221;][vc_column][\/vc_column][\/vc_row][vc_row full_width=&#8221;stretch_row_content&#8221; gap=&#8221;20&#8243; equal_height=&#8221;yes&#8221; kd_background_overlay=&#8221;default&#8221; kd_background_image_position=&#8221;vc_row-bg-position-top&#8221; css=&#8221;.vc_custom_1696745020148{margin-top: 0px !important;padding-top: [&hellip;]<\/p>\n","protected":false},"author":1,"featured_media":0,"parent":0,"menu_order":0,"comment_status":"closed","ping_status":"closed","template":"","meta":[],"categories":[],"tags":[],"_links":{"self":[{"href":"https:\/\/certech.hypefarm-test.it\/fr\/wp-json\/wp\/v2\/pages\/1900"}],"collection":[{"href":"https:\/\/certech.hypefarm-test.it\/fr\/wp-json\/wp\/v2\/pages"}],"about":[{"href":"https:\/\/certech.hypefarm-test.it\/fr\/wp-json\/wp\/v2\/types\/page"}],"author":[{"embeddable":true,"href":"https:\/\/certech.hypefarm-test.it\/fr\/wp-json\/wp\/v2\/users\/1"}],"replies":[{"embeddable":true,"href":"https:\/\/certech.hypefarm-test.it\/fr\/wp-json\/wp\/v2\/comments?post=1900"}],"version-history":[{"count":2,"href":"https:\/\/certech.hypefarm-test.it\/fr\/wp-json\/wp\/v2\/pages\/1900\/revisions"}],"predecessor-version":[{"id":1901,"href":"https:\/\/certech.hypefarm-test.it\/fr\/wp-json\/wp\/v2\/pages\/1900\/revisions\/1901"}],"wp:attachment":[{"href":"https:\/\/certech.hypefarm-test.it\/fr\/wp-json\/wp\/v2\/media?parent=1900"}],"wp:term":[{"taxonomy":"category","embeddable":true,"href":"https:\/\/certech.hypefarm-test.it\/fr\/wp-json\/wp\/v2\/categories?post=1900"},{"taxonomy":"post_tag","embeddable":true,"href":"https:\/\/certech.hypefarm-test.it\/fr\/wp-json\/wp\/v2\/tags?post=1900"}],"curies":[{"name":"wp","href":"https:\/\/api.w.org\/{rel}","templated":true}]}}