{"id":1962,"date":"2023-09-29T11:10:52","date_gmt":"2023-09-29T09:10:52","guid":{"rendered":"https:\/\/certech.hypefarm-test.it\/il-gruppo\/"},"modified":"2023-10-26T11:55:52","modified_gmt":"2023-10-26T09:55:52","slug":"le-groupe","status":"publish","type":"page","link":"https:\/\/certech.hypefarm-test.it\/fr\/le-groupe\/","title":{"rendered":"LE GROUPE"},"content":{"rendered":"<div class=\"wpb-content-wrapper\"><p>[vc_row full_width=&#8221;stretch_row_content&#8221; content_placement=&#8221;middle&#8221; kd_background_overlay=&#8221;default&#8221; kd_background_image_position=&#8221;vc_row-bg-position-top&#8221; css=&#8221;.vc_custom_1695977874073{padding-top: 100px !important;padding-bottom: 100px !important;background-image: url(https:\/\/certech.hypefarm-test.it\/ceramic-processing-plants\/wp-content\/uploads\/2023\/09\/il-gruppo.jpg?id=340) !important;}&#8221;][vc_column]<header class=\"kd-section-title col-lg-12 text-center\" ><p class=\"st-overline custom-color\" style=\"color:#ffffff;font-weight:400;\">LE GROUPE<\/p><h1 class=\"kd-main-title separator_off\" style=\"color: #ffffff;font-size: 50;font-weight: 600;\">Une synergie globale avec Certech SPA<\/h1><\/header>[\/vc_column][\/vc_row][vc_row gap=&#8221;20&#8243; equal_height=&#8221;yes&#8221; kd_background_overlay=&#8221;default&#8221; kd_background_image_position=&#8221;vc_row-bg-position-top&#8221; css=&#8221;.vc_custom_1695121559558{padding-top: 70px !important;padding-bottom: 70px !important;}&#8221;][vc_column width=&#8221;1\/2&#8243;]<header class=\"kd-section-title col-lg-12 text-left\" ><p class=\"st-overline inherit-color\" >CERTECH<\/p><h2 class=\"kd-main-title separator_off\" style=\"font-size: 36;font-weight: 700;\">Une excellence mondiale dans l\u2019industrie c\u00e9ramique<\/h2><h6 class=\"subtitle\" >Certech SPA est la maison m\u00e8re d\u2019un groupe d\u2019entreprises hautement sp\u00e9cialis\u00e9es dans l\u2019industrie c\u00e9ramique, actives en Italie et \u00e0 l\u2019\u00e9tranger. Notre r\u00e9seau mondial de divisions sp\u00e9cialis\u00e9es est le c\u0153ur de l\u2019innovation dans le secteur. Au sein de ce groupe dynamique, nous trouvons des entreprises leaders dans la fourniture de solutions avanc\u00e9es pour la gestion des mati\u00e8res premi\u00e8res pour l\u2019industrie c\u00e9ramique, et d\u2019autres qui sont rapidement devenues une r\u00e9f\u00e9rence mondiale dans la production de syst\u00e8mes de criblage et de d\u00e9ferrisation pour les entreprises de l\u2019industrie c\u00e9ramique.<br \/>\nNous partageons une passion commune pour l\u2019innovation et le progr\u00e8s, en mettant notre expertise au service des entreprises clientes qui op\u00e8rent dans l\u2019industrie c\u00e9ramique.<\/h6><\/header><a href=\"\/fr\/about-us\/\" target=\"_self\"   class=\"tt_button tt_primary_button btn_primary_color hover_solid_secondary btn-align-left button-action-link\" data-text=\"EN SAVOIR PLUS\" style=\"width:200px;\"><span class=\"prim_text\">EN SAVOIR PLUS<\/span><\/a>[\/vc_column][vc_column width=&#8221;1\/2&#8243;]<div class=\"photo-gallery-wrapper kd-photo-gallery-69fb349153b17  slider-layout nav-dots gray-navigation carousel-module\" >\r\n              <div class=\"gallery-items\"><div class=\"pg-child-image\" ><img width=\"610\" height=\"416\" src=\"https:\/\/certech.hypefarm-test.it\/ceramic-processing-plants\/wp-content\/uploads\/2023\/09\/Gruppo-certech-1.jpg\" class=\"attachment-full\" alt=\"\" decoding=\"async\" loading=\"lazy\" title=\"Gruppo certech 1\" srcset=\"https:\/\/certech.hypefarm-test.it\/ceramic-processing-plants\/wp-content\/uploads\/2023\/09\/Gruppo-certech-1.jpg 610w, https:\/\/certech.hypefarm-test.it\/ceramic-processing-plants\/wp-content\/uploads\/2023\/09\/Gruppo-certech-1-300x205.jpg 300w\" sizes=\"(max-width: 610px) 100vw, 610px\" \/><\/div><div class=\"pg-child-image\" ><img width=\"610\" height=\"416\" src=\"https:\/\/certech.hypefarm-test.it\/ceramic-processing-plants\/wp-content\/uploads\/2023\/10\/Certech-magazzino-e-pronto-intervento.jpg\" class=\"attachment-full\" alt=\"\" decoding=\"async\" loading=\"lazy\" title=\"Certech-magazzino e pronto intervento\" srcset=\"https:\/\/certech.hypefarm-test.it\/ceramic-processing-plants\/wp-content\/uploads\/2023\/10\/Certech-magazzino-e-pronto-intervento.jpg 610w, https:\/\/certech.hypefarm-test.it\/ceramic-processing-plants\/wp-content\/uploads\/2023\/10\/Certech-magazzino-e-pronto-intervento-300x205.jpg 300w, https:\/\/certech.hypefarm-test.it\/ceramic-processing-plants\/wp-content\/uploads\/2023\/10\/Certech-magazzino-e-pronto-intervento-500x341.jpg 500w\" sizes=\"(max-width: 610px) 100vw, 610px\" \/><\/div><div class=\"pg-child-image\" ><img width=\"610\" height=\"416\" src=\"https:\/\/certech.hypefarm-test.it\/ceramic-processing-plants\/wp-content\/uploads\/2023\/10\/Gruppo-certech-2.jpg\" class=\"attachment-full\" alt=\"\" decoding=\"async\" loading=\"lazy\" title=\"Gruppo certech 2\" srcset=\"https:\/\/certech.hypefarm-test.it\/ceramic-processing-plants\/wp-content\/uploads\/2023\/10\/Gruppo-certech-2.jpg 610w, https:\/\/certech.hypefarm-test.it\/ceramic-processing-plants\/wp-content\/uploads\/2023\/10\/Gruppo-certech-2-300x205.jpg 300w, https:\/\/certech.hypefarm-test.it\/ceramic-processing-plants\/wp-content\/uploads\/2023\/10\/Gruppo-certech-2-500x341.jpg 500w\" sizes=\"(max-width: 610px) 100vw, 610px\" \/><\/div><\/div>\r\n            <\/div><script>\r\n              jQuery(document).ready(function($){\r\n                if ($(\".kd-photo-gallery-69fb349153b17 .gallery-items\").length) {\r\n                  $(\".kd-photo-gallery-69fb349153b17 .gallery-items\").owlCarousel({\r\n                    stageClass: \"owl-wrapper\",\r\n                    stageOuterClass: \"owl-wrapper-outer\",\r\n                    loadedClass: \"owl-carousel\",\r\n                    items: 1,\r\n                    rewind: true,\r\n                    responsive:{\r\n                        0:{\r\n                            dots: false,\r\n                            nav: true,\r\n                            navSpeed: 500,\r\n                        },\r\n                        1366:{\ndots: true,\r\n                                nav: false,\r\n                                dotsSpeed: 200,\r\n                                dotsEach: true,}\r\n                    },\nloop: true,\r\n                    addClassActive: true,\r\n                  });\r\n                }\r\n              });\r\n            <\/script>[\/vc_column][\/vc_row][vc_row gap=&#8221;20&#8243; equal_height=&#8221;yes&#8221; kd_background_overlay=&#8221;default&#8221; kd_background_image_position=&#8221;vc_row-bg-position-top&#8221; css=&#8221;.vc_custom_1695978423771{padding-top: 70px !important;padding-bottom: 70px !important;}&#8221;][vc_column width=&#8221;1\/4&#8243;][vc_column_text]<\/p>\n<h4 style=\"text-align: center; font-size: 18px;\">CERTECH ITALIE<\/h4>\n<p>[\/vc_column_text][vc_separator color=&#8221;custom&#8221; accent_color=&#8221;#007e3f&#8221; css=&#8221;.vc_custom_1695978574627{margin-top: 20px !important;margin-bottom: 20px !important;}&#8221;][vc_column_text]<\/p>\n<p style=\"text-align: center; line-height: 20px; font-size: 15px;\">Certech Italia est leader du secteur en termes de conception, installation et assistance d\u2019installations et de composants essentiels pour l\u2019industrie c\u00e9ramique. Nos produits se distinguent par leur efficacit\u00e9, leur r\u00e9sistance et leur qualit\u00e9 : dans notre catalogue, vous trouverez des rev\u00eatements en caoutchouc pour les moulins, les atomiseurs et leurs syst\u00e8mes d\u2019am\u00e9lioration, les accessoires pour l\u2019\u00e9maillage, les installations de broyage par voie humide, la modification en moulins modulaires continus et la transformation de moulins discontinus en moulins modulaires continus.<\/p>\n<p>[\/vc_column_text][\/vc_column][vc_column width=&#8221;1\/4&#8243;][vc_column_text]<\/p>\n<h4 style=\"text-align: center; font-size: 18px;\">CERTECH IMPIANTI DE MEXICO<\/h4>\n<p>[\/vc_column_text][vc_separator color=&#8221;custom&#8221; accent_color=&#8221;#007e3f&#8221; css=&#8221;.vc_custom_1695978574627{margin-top: 20px !important;margin-bottom: 20px !important;}&#8221;][vc_column_text]<\/p>\n<p style=\"text-align: center; line-height: 20px; font-size: 15px;\">Notre division Certech Impianti de Mexico est le point de r\u00e9f\u00e9rence pour les services de conseil technique, installation et assistance apr\u00e8s-vente de machines, pi\u00e8ces de rechange et rev\u00eatements pour moulins.<\/p>\n<p>[\/vc_column_text][\/vc_column][vc_column width=&#8221;1\/4&#8243;][vc_column_text]<\/p>\n<h4 style=\"text-align: center; font-size: 18px;\">CERTECH ESPAGNE<\/h4>\n<p>[\/vc_column_text][vc_separator color=&#8221;custom&#8221; accent_color=&#8221;#007e3f&#8221; css=&#8221;.vc_custom_1695978574627{margin-top: 20px !important;margin-bottom: 20px !important;}&#8221;][vc_column_text]<\/p>\n<p style=\"text-align: center; line-height: 20px; font-size: 15px;\"><span style=\"font-weight: 400;\">Certech Spain est l\u2019entreprise de r\u00e9f\u00e9rence en Espagne pour le conseil technique avanc\u00e9, l\u2019installation et l\u2019assistance apr\u00e8s-vente de machines, pi\u00e8ces de rechange, rev\u00eatements pour moulins et r\u00e9g\u00e9n\u00e9ration de treillis m\u00e9talliques pour cribles vibrants.<br \/>\n<\/span><\/p>\n<p>[\/vc_column_text][\/vc_column][vc_column width=&#8221;1\/4&#8243;][vc_column_text]<\/p>\n<h4 style=\"text-align: center; font-size: 18px;\">CERTECH U.S.A.<\/h4>\n<p>[\/vc_column_text][vc_separator color=&#8221;custom&#8221; accent_color=&#8221;#007e3f&#8221; css=&#8221;.vc_custom_1695978574627{margin-top: 20px !important;margin-bottom: 20px !important;}&#8221;][vc_column_text]<\/p>\n<p style=\"text-align: center; line-height: 20px; font-size: 15px;\">Certech USA est l\u2019entreprise phare aux \u00c9tats-Unis pour le conseil technique, l\u2019installation et le support apr\u00e8s-vente de machines, pi\u00e8ces de rechange et rev\u00eatements pour moulins.<\/p>\n<p>[\/vc_column_text][\/vc_column][\/vc_row][vc_row full_width=&#8221;stretch_row_content_no_spaces&#8221; kd_background_overlay=&#8221;default&#8221; kd_background_image_position=&#8221;vc_row-bg-position-top&#8221;][vc_column][vc_single_image image=&#8221;379&#8243; img_size=&#8221;full&#8221;][\/vc_column][\/vc_row][vc_row kd_background_overlay=&#8221;default&#8221; kd_background_image_position=&#8221;vc_row-bg-position-top&#8221; css=&#8221;.vc_custom_1696861114730{padding-top: 60px !important;padding-bottom: 20px !important;}&#8221;][vc_column][vc_column_text]<\/p>\n<h2 style=\"text-align: center; font-size: 26px; letter-spacing: 2px;\">FONT PARTIE DE NOTRE GROUPE:<\/h2>\n<p>[\/vc_column_text][\/vc_column][\/vc_row][vc_row full_width=&#8221;stretch_row_content&#8221; gap=&#8221;20&#8243; equal_height=&#8221;yes&#8221; content_placement=&#8221;middle&#8221; kd_background_overlay=&#8221;default&#8221; kd_background_image_position=&#8221;vc_row-bg-position-top&#8221; css=&#8221;.vc_custom_1695980569338{margin-top: 30px !important;padding-top: 100px !important;padding-bottom: 70px !important;}&#8221;][vc_column width=&#8221;1\/6&#8243;][\/vc_column][vc_column width=&#8221;1\/3&#8243; css=&#8221;.vc_custom_1695980385186{padding-left: 50px !important;}&#8221;][vc_single_image image=&#8221;411&#8243; img_size=&#8221;medium&#8221;][vc_empty_space][vc_column_text]<span style=\"font-weight: 400;\">VIBROTECH est un <\/span><b>fabricant mondial renomm\u00e9 de syst\u00e8mes de criblage et de d\u00e9ferrisation<\/b><span style=\"font-weight: 400;\"> avec un large choix de produits, y compris des cribles vibrants circulaires et rectangulaires, des d\u00e9ferriseurs magn\u00e9tiques et \u00e9lectromagn\u00e9tiques, des groupes de chariots, des filtres, des grilles et de nombreux autres accessoires. Avec leurs services, ils assurent la plus grande qualit\u00e9 et proposent des solutions personnalis\u00e9es pour chaque client.<\/span>[\/vc_column_text][vc_empty_space]<a href=\"https:\/\/vibrotech.biz\/\" target=\"_blank\"   class=\"tt_button tt_primary_button btn_primary_color hover_solid_secondary btn-align-left button-action-link\" data-text=\"ALLER AU SITE\" style=\"width:200px;\"><span class=\"prim_text\">ALLER AU SITE<\/span><\/a>[\/vc_column][vc_column width=&#8221;1\/2&#8243;][vc_single_image image=&#8221;416&#8243; img_size=&#8221;full&#8221;][\/vc_column][\/vc_row][vc_row full_width=&#8221;stretch_row_content&#8221; gap=&#8221;20&#8243; equal_height=&#8221;yes&#8221; content_placement=&#8221;middle&#8221; kd_background_overlay=&#8221;default&#8221; kd_background_image_position=&#8221;vc_row-bg-position-top&#8221; css=&#8221;.vc_custom_1695980270951{margin-top: 30px !important;padding-top: 100px !important;padding-bottom: 70px !important;background-color: #f5f5f5 !important;}&#8221;][vc_column width=&#8221;1\/2&#8243;][vc_single_image image=&#8221;391&#8243; img_size=&#8221;full&#8221;][\/vc_column][vc_column width=&#8221;1\/3&#8243; css=&#8221;.vc_custom_1695980385186{padding-left: 50px !important;}&#8221;][vc_single_image image=&#8221;386&#8243; img_size=&#8221;medium&#8221;][vc_empty_space][vc_column_text]<span style=\"font-weight: 400;\">EURORUBBER est une entreprise leader dans la <\/span><b>production de m\u00e9langes de<\/b> <b>caoutchouc<\/b><span style=\"font-weight: 400;\">, offrant une large gamme de produits pour diff\u00e9rents secteurs, notamment l\u2019automobile, l\u2019\u00e9lectrom\u00e9nager, la construction, l\u2019a\u00e9rospatiale et bien d\u2019autres.\u00a0 <\/span><span style=\"font-weight: 400;\">Gr\u00e2ce \u00e0 un laboratoire moderne et \u00e0 des contr\u00f4les de production avanc\u00e9s, il garantit des produits de haute qualit\u00e9. La recherche et le d\u00e9veloppement sont au centre de l\u2019entreprise, toujours orient\u00e9e vers l\u2019innovation et le respect de l\u2019environnement et des ressources.<\/span><\/p>\n<p><span style=\"font-weight: 400;\">\u00a0<\/span>[\/vc_column_text][vc_empty_space]<a href=\"https:\/\/eurorubber.it\/\" target=\"_blank\"   class=\"tt_button tt_primary_button btn_primary_color hover_solid_secondary btn-align-left button-action-link\" data-text=\"ALLER AU SITE\" style=\"width:200px;\"><span class=\"prim_text\">ALLER AU SITE<\/span><\/a>[\/vc_column][vc_column width=&#8221;1\/6&#8243;][\/vc_column][\/vc_row][vc_row full_width=&#8221;stretch_row_content&#8221; gap=&#8221;20&#8243; equal_height=&#8221;yes&#8221; content_placement=&#8221;middle&#8221; kd_background_overlay=&#8221;default&#8221; kd_background_image_position=&#8221;vc_row-bg-position-top&#8221; css=&#8221;.vc_custom_1695984633179{margin-top: 30px !important;padding-top: 100px !important;padding-bottom: 110px !important;}&#8221;][vc_column width=&#8221;1\/6&#8243;][\/vc_column][vc_column width=&#8221;1\/3&#8243; css=&#8221;.vc_custom_1695980385186{padding-left: 50px !important;}&#8221;][vc_single_image image=&#8221;422&#8243; img_size=&#8221;medium&#8221;][vc_empty_space][vc_column_text]<span style=\"font-weight: 400;\">RUBBER TECH est une entreprise qui s\u2019occupe de la production d\u2019\u00e9l\u00e9ments en caoutchouc pour le rev\u00eatement des moulins du secteur c\u00e9ramique et minier.<\/span>[\/vc_column_text][vc_empty_space]<a href=\"http:\/\/www.rubbertech.it\/\" target=\"_blank\"   class=\"tt_button tt_primary_button btn_primary_color hover_solid_secondary btn-align-left button-action-link\" data-text=\"ALLER AU SITE\" style=\"width:200px;\"><span class=\"prim_text\">ALLER AU SITE<\/span><\/a>[\/vc_column][vc_column width=&#8221;1\/2&#8243;][vc_single_image image=&#8221;1870&#8243; img_size=&#8221;full&#8221;][\/vc_column][\/vc_row][vc_row full_width=&#8221;stretch_row_content&#8221; gap=&#8221;20&#8243; equal_height=&#8221;yes&#8221; content_placement=&#8221;middle&#8221; kd_background_overlay=&#8221;default&#8221; kd_background_image_position=&#8221;vc_row-bg-position-top&#8221; css=&#8221;.vc_custom_1695980270951{margin-top: 30px !important;padding-top: 100px !important;padding-bottom: 70px !important;background-color: #f5f5f5 !important;}&#8221;][vc_column width=&#8221;1\/2&#8243;][vc_single_image image=&#8221;406&#8243; img_size=&#8221;full&#8221;][\/vc_column][vc_column width=&#8221;1\/3&#8243; css=&#8221;.vc_custom_1695980385186{padding-left: 50px !important;}&#8221;][vc_single_image image=&#8221;401&#8243; img_size=&#8221;medium&#8221;][vc_empty_space][vc_column_text]<span style=\"font-weight: 400;\">NOVATECH est une entreprise sp\u00e9cialis\u00e9e dans la fourniture de <\/span><b>solutions avanc\u00e9es pour la gestion des mati\u00e8res premi\u00e8res<\/b><span style=\"font-weight: 400;\">. La soci\u00e9t\u00e9 met \u00e0 disposition des installations et des machines sp\u00e9cialement con\u00e7ues, construites avec des normes de qualit\u00e9 \u00e9lev\u00e9es et en utilisant des technologies d\u2019avant-garde.<\/span>[\/vc_column_text][vc_empty_space]<a href=\"https:\/\/nova-tech.it\/\" target=\"_blank\"   class=\"tt_button tt_primary_button btn_primary_color hover_solid_secondary btn-align-left button-action-link\" data-text=\"ALLER AU SITE\" style=\"width:200px;\"><span class=\"prim_text\">ALLER AU SITE<\/span><\/a>[\/vc_column][vc_column width=&#8221;1\/6&#8243;][\/vc_column][\/vc_row][vc_row full_width=&#8221;stretch_row&#8221; content_placement=&#8221;middle&#8221; kd_background_overlay=&#8221;default&#8221; kd_background_image_position=&#8221;vc_row-bg-position-top&#8221; css=&#8221;.vc_custom_1695900019997{padding-top: 80px !important;padding-right: 46px !important;padding-bottom: 80px !important;padding-left: 46px !important;background-image: url(https:\/\/certech.hypefarm-test.it\/ceramic-processing-plants\/wp-content\/uploads\/2023\/09\/Raggruppa-407.jpg?id=297) !important;background-position: center !important;background-repeat: no-repeat !important;background-size: cover !important;}&#8221; css_tablet_portrait=&#8221;.vc_custom_1695900019997{margin-bottom: 50px !important;background-position: center !important;background-repeat: no-repeat !important;background-size: cover !important;}&#8221; css_mobile=&#8221;.vc_custom_1695900019998{margin-bottom: 50px !important;background-position: center !important;background-repeat: no-repeat !important;background-size: cover !important;}&#8221;][vc_column]<header class=\"kd-section-title col-lg-12 text-center\" ><h2 class=\"kd-main-title separator_off\" style=\"color: #ffffff;font-size: 36;font-weight: 700;\">Voulez-vous en savoir plus?<\/h2><\/header><a href=\"https:\/\/certech.hypefarm-test.it\/fr\/contatti\/\" target=\"_self\"   class=\"tt_button tt_primary_button btn_secondary_color hover_solid_white button-center button-action-link   vc_custom_1698304165338 kd-animated zoomIn\" data-text=\"CONTACTEZ-NOUS\" style=\"width:200px;\" data-animation-delay=200><span class=\"prim_text\">CONTACTEZ-NOUS<\/span><\/a>[\/vc_column][\/vc_row]<\/p>\n<\/div>","protected":false},"excerpt":{"rendered":"<p>[vc_row full_width=&#8221;stretch_row_content&#8221; content_placement=&#8221;middle&#8221; kd_background_overlay=&#8221;default&#8221; kd_background_image_position=&#8221;vc_row-bg-position-top&#8221; css=&#8221;.vc_custom_1695977874073{padding-top: 100px !important;padding-bottom: 100px !important;background-image: url(https:\/\/certech.hypefarm-test.it\/ceramic-processing-plants\/wp-content\/uploads\/2023\/09\/il-gruppo.jpg?id=340) !important;}&#8221;][vc_column][\/vc_column][\/vc_row][vc_row gap=&#8221;20&#8243; equal_height=&#8221;yes&#8221; kd_background_overlay=&#8221;default&#8221; kd_background_image_position=&#8221;vc_row-bg-position-top&#8221; css=&#8221;.vc_custom_1695121559558{padding-top: 70px !important;padding-bottom: 70px [&hellip;]<\/p>\n","protected":false},"author":1,"featured_media":0,"parent":0,"menu_order":0,"comment_status":"closed","ping_status":"closed","template":"","meta":[],"categories":[],"tags":[],"_links":{"self":[{"href":"https:\/\/certech.hypefarm-test.it\/fr\/wp-json\/wp\/v2\/pages\/1962"}],"collection":[{"href":"https:\/\/certech.hypefarm-test.it\/fr\/wp-json\/wp\/v2\/pages"}],"about":[{"href":"https:\/\/certech.hypefarm-test.it\/fr\/wp-json\/wp\/v2\/types\/page"}],"author":[{"embeddable":true,"href":"https:\/\/certech.hypefarm-test.it\/fr\/wp-json\/wp\/v2\/users\/1"}],"replies":[{"embeddable":true,"href":"https:\/\/certech.hypefarm-test.it\/fr\/wp-json\/wp\/v2\/comments?post=1962"}],"version-history":[{"count":2,"href":"https:\/\/certech.hypefarm-test.it\/fr\/wp-json\/wp\/v2\/pages\/1962\/revisions"}],"predecessor-version":[{"id":1964,"href":"https:\/\/certech.hypefarm-test.it\/fr\/wp-json\/wp\/v2\/pages\/1962\/revisions\/1964"}],"wp:attachment":[{"href":"https:\/\/certech.hypefarm-test.it\/fr\/wp-json\/wp\/v2\/media?parent=1962"}],"wp:term":[{"taxonomy":"category","embeddable":true,"href":"https:\/\/certech.hypefarm-test.it\/fr\/wp-json\/wp\/v2\/categories?post=1962"},{"taxonomy":"post_tag","embeddable":true,"href":"https:\/\/certech.hypefarm-test.it\/fr\/wp-json\/wp\/v2\/tags?post=1962"}],"curies":[{"name":"wp","href":"https:\/\/api.w.org\/{rel}","templated":true}]}}