{"id":1986,"date":"2023-09-28T12:46:49","date_gmt":"2023-09-28T10:46:49","guid":{"rendered":"https:\/\/certech.hypefarm-test.it\/services\/"},"modified":"2023-10-26T11:59:27","modified_gmt":"2023-10-26T09:59:27","slug":"services","status":"publish","type":"page","link":"https:\/\/certech.hypefarm-test.it\/fr\/services\/","title":{"rendered":"SERVICES"},"content":{"rendered":"<div class=\"wpb-content-wrapper\"><p>[vc_row full_width=&#8221;stretch_row_content&#8221; content_placement=&#8221;middle&#8221; kd_background_overlay=&#8221;default&#8221; kd_background_image_position=&#8221;vc_row-bg-position-top&#8221; css=&#8221;.vc_custom_1696610105992{padding-top: 100px !important;padding-bottom: 100px !important;background-image: url(https:\/\/certech.hypefarm-test.it\/ceramic-processing-plants\/wp-content\/uploads\/2023\/10\/Senza-titolo-1-1.jpg?id=1792) !important;background-position: center !important;background-repeat: no-repeat !important;background-size: cover !important;}&#8221;][vc_column]<header class=\"kd-section-title col-lg-12 text-center\" ><p class=\"st-overline custom-color\" style=\"color:#ffffff;font-weight:400;\">SERVICES<\/p><h1 class=\"kd-main-title separator_off\" style=\"color: #ffffff;font-size: 50;font-weight: 600;\">Services pour installations de l\u2019industrie c\u00e9ramique<\/h1><\/header>[\/vc_column][\/vc_row][vc_row full_width=&#8221;stretch_row_content&#8221; kd_background_overlay=&#8221;gray-color&#8221; kd_background_image_position=&#8221;vc_row-bg-position-center&#8221; css=&#8221;.vc_custom_1695977678195{background-color: rgba(255,255,255,0) !important;background-position: center !important;background-repeat: no-repeat !important;background-size: cover !important;*background-color: rgb(255,255,255) !important;}&#8221; css_tablet_landscape=&#8221;.vc_custom_1695977678195{padding-top: 50px !important;}&#8221; css_tablet_portrait=&#8221;.vc_custom_1695977678195{padding-top: 50px !important;}&#8221; css_mobile=&#8221;.vc_custom_1695977678196{padding-top: 50px !important;}&#8221;][vc_column][vc_row_inner full_width=&#8221;inner_row_contained&#8221; content_placement=&#8221;middle&#8221; kd_background_overlay=&#8221;default&#8221; kd_background_image_position=&#8221;vc_row-bg-position-top&#8221; css=&#8221;.vc_custom_1649159243173{padding-top: 120px !important;padding-bottom: 90px !important;}&#8221; css_tablet_landscape=&#8221;.vc_custom_1649159243173{padding-top: 20px !important;}&#8221; css_tablet_portrait=&#8221;.vc_custom_1649159243173{padding-top: 20px !important;}&#8221; css_mobile=&#8221;.vc_custom_1649159243173{padding-top: 20px !important;}&#8221;][vc_column_inner css=&#8221;.vc_custom_1649159561692{padding-right: 35px !important;padding-left: 100px !important;}&#8221; offset=&#8221;vc_col-lg-offset-0 vc_col-lg-6 vc_col-md-offset-0 vc_col-md-6&#8243; css_tablet_landscape=&#8221;.vc_custom_1649159561693{padding-top: 100px !important;padding-right: 15px !important;padding-left: 15px !important;}&#8221; css_tablet_portrait=&#8221;.vc_custom_1649159561693{padding-top: 50px !important;padding-right: 15px !important;padding-left: 15px !important;}&#8221; css_mobile=&#8221;.vc_custom_1649159561693{padding-top: 50px !important;padding-right: 15px !important;padding-left: 15px !important;}&#8221;]<header class=\"kd-section-title col-lg-12 text-left  vc_custom_1698313885268 kd-animated fadeIn\" data-animation-delay=200><p class=\"st-overline inherit-color\" style=\"font-size:14px;margin-bottom:20px;\">Que pouvons-nous faire pour vous ?<\/p><h2 class=\"kd-main-title separator_off\" style=\"margin-bottom:25px;\">Solutions sur mesure<\/h2><h6 class=\"subtitle\" >Depuis des ann\u00e9es, Certech est \u00e0 vos c\u00f4t\u00e9s avec des solutions personnalis\u00e9es et \u00e0 la pointe de la technologie qui r\u00e9volutionnent votre processus de production. Nos services pour l\u2019industrie c\u00e9ramique sont au c\u0153ur de notre mission, con\u00e7us pour vous assurer que votre production fonctionne non seulement de mani\u00e8re impeccable, mais se distingue \u00e9galement par sa qualit\u00e9 et sa comp\u00e9titivit\u00e9 sur le march\u00e9.<br \/>\nNous accompagnons le client \u00e0 chaque \u00e9tape, de la conception \u00e0 l\u2019installation, en passant par le d\u00e9marrage et la maintenance des machines. Avec nos services d\u2019entrep\u00f4t et d\u2019intervention rapide, vous pouvez vous concentrer \u00e0 100 % sur votre production, tandis que nous nous occupons des d\u00e9tails techniques.<br \/>\nVotre tranquillit\u00e9 est notre priorit\u00e9.<\/h6><\/header><a href=\"https:\/\/certech.hypefarm-test.it\/fr\/le-groupe\/\" target=\"_self\"   class=\"tt_button tt_primary_button btn_primary_color hover_solid_secondary btn-align-left button-action-link   kd-animated zoomIn\" data-text=\"LE GROUPE\" style=\"width:200px;\" data-animation-delay=200><span class=\"prim_text\">LE GROUPE<\/span><\/a>[\/vc_column_inner][vc_column_inner css=&#8221;.vc_custom_1649159658170{padding-top: 30px !important;padding-right: 75px !important;padding-bottom: 50px !important;padding-left: 0px !important;}&#8221; offset=&#8221;vc_col-lg-offset-0 vc_col-lg-6 vc_col-md-offset-0 vc_col-md-6 vc_col-sm-offset-0&#8243; css_tablet_landscape=&#8221;.vc_custom_1649159658171{padding-top: 80px !important;padding-right: 0px !important;}&#8221; css_tablet_portrait=&#8221;.vc_custom_1649159658171{padding-top: 60px !important;padding-right: 15px !important;padding-left: 15px !important;}&#8221; css_mobile=&#8221;.vc_custom_1649159658171{padding-right: 15px !important;padding-left: 15px !important;}&#8221;]<div class=\"kd-photo-group group-layout-left-right no-shadow enable-parallax disable-responsive\">\n                <div class=\"kd-group-image first-image-wrapper\" style=\"bottom: -5%;\"><div class=\"kd-group-image-animation kd-animated fadeInDown\" data-animation-delay=200><img width=\"250\" height=\"461\" src=\"https:\/\/certech.hypefarm-test.it\/ceramic-processing-plants\/wp-content\/uploads\/2023\/09\/Gruppo-di-maschere-120.jpg\" class=\"attachment-full\" alt=\"\" decoding=\"async\" loading=\"lazy\" title=\"Gruppo di maschere 120\" srcset=\"https:\/\/certech.hypefarm-test.it\/ceramic-processing-plants\/wp-content\/uploads\/2023\/09\/Gruppo-di-maschere-120.jpg 250w, https:\/\/certech.hypefarm-test.it\/ceramic-processing-plants\/wp-content\/uploads\/2023\/09\/Gruppo-di-maschere-120-163x300.jpg 163w\" sizes=\"(max-width: 250px) 100vw, 250px\" \/><\/div><\/div>\n                <div class=\"kd-group-image second-image-wrapper\" style=\"bottom: 5%;\"><div class=\"kd-group-image-animation kd-animated fadeInUp\" data-animation-delay=400><img width=\"251\" height=\"462\" src=\"https:\/\/certech.hypefarm-test.it\/ceramic-processing-plants\/wp-content\/uploads\/2023\/10\/photo-certech.jpg\" class=\"attachment-full\" alt=\"\" decoding=\"async\" loading=\"lazy\" title=\"photo-certech\" srcset=\"https:\/\/certech.hypefarm-test.it\/ceramic-processing-plants\/wp-content\/uploads\/2023\/10\/photo-certech.jpg 251w, https:\/\/certech.hypefarm-test.it\/ceramic-processing-plants\/wp-content\/uploads\/2023\/10\/photo-certech-163x300.jpg 163w\" sizes=\"(max-width: 251px) 100vw, 251px\" \/><\/div><\/div>\n            <\/div>[\/vc_column_inner][\/vc_row_inner][\/vc_column][\/vc_row][vc_row full_width=&#8221;stretch_row_content&#8221; gap=&#8221;20&#8243; equal_height=&#8221;yes&#8221; kd_background_overlay=&#8221;default&#8221; kd_background_image_position=&#8221;vc_row-bg-position-top&#8221; css=&#8221;.vc_custom_1696520872090{margin-top: 30px !important;padding-top: 100px !important;padding-bottom: 70px !important;background-color: #f5f5f5 !important;}&#8221; el_id=&#8221;progettazione&#8221;][vc_column width=&#8221;1\/2&#8243;][vc_single_image image=&#8221;273&#8243; img_size=&#8221;full&#8221;][\/vc_column][vc_column width=&#8221;2\/6&#8243;]<header class=\"kd-section-title col-lg-12 text-left\" ><p class=\"st-overline inherit-color\" >Phase 1<\/p><h2 class=\"kd-main-title separator_off\" style=\"font-size: 36;font-weight: 700;\">Conception<br \/>\n<\/h2><h6 class=\"subtitle\" >Certech fournit des solutions sur mesure pour l\u2019industrie c\u00e9ramique gr\u00e2ce \u00e0 des services de conception d\u2019excellence. Nos experts collaborent avec vous pour cr\u00e9er des installations et des composants de pointe qui r\u00e9pondent \u00e0 vos besoins sp\u00e9cifiques.<br \/>\nLa conception est la premi\u00e8re \u00e9tape cruciale pour assurer un environnement de production efficace et de haute qualit\u00e9. Nos services pour le secteur de la transformation de la c\u00e9ramique se distinguent par leur pr\u00e9cision et leur innovation, contribuant \u00e0 am\u00e9liorer votre comp\u00e9titivit\u00e9 sur le march\u00e9.<\/h6><\/header>[\/vc_column][vc_column width=&#8221;1\/6&#8243;][\/vc_column][\/vc_row][vc_row full_width=&#8221;stretch_row_content&#8221; gap=&#8221;20&#8243; equal_height=&#8221;yes&#8221; kd_background_overlay=&#8221;default&#8221; kd_background_image_position=&#8221;vc_row-bg-position-top&#8221; css=&#8221;.vc_custom_1697012472135{padding-top: 100px !important;padding-bottom: 70px !important;background-color: rgba(255,255,255,0.01) !important;*background-color: rgb(255,255,255) !important;}&#8221; el_id=&#8221;montaggio&#8221;][vc_column width=&#8221;1\/6&#8243;][\/vc_column][vc_column width=&#8221;2\/6&#8243;]<header class=\"kd-section-title col-lg-12 text-left\" ><p class=\"st-overline inherit-color\" >Phase 2<\/p><h2 class=\"kd-main-title separator_off\" style=\"font-size: 36;font-weight: 700;\">Montage et installation<\/h2><h6 class=\"subtitle\" >Apr\u00e8s avoir termin\u00e9 la phase de conception, notre \u00e9quipe hautement qualifi\u00e9e s\u2019occupe du montage et de l\u2019installation des syst\u00e8mes c\u00e9ramiques. Nous sommes conscients de l\u2019importance d\u2019une installation impeccable pour assurer un fonctionnement fluide et sans interruption.<br \/>\nNos techniciens sp\u00e9cialis\u00e9s sont des experts dans l\u2019assemblage de composants avanc\u00e9s et complexes, en mettant en \u0153uvre l\u2019expertise et la pr\u00e9cision pour s\u2019assurer que chaque syst\u00e8me est pr\u00eat \u00e0 fonctionner au maximum de son potentiel.<\/h6><\/header>[\/vc_column][vc_column width=&#8221;1\/2&#8243;][vc_single_image image=&#8221;1856&#8243; img_size=&#8221;full&#8221;][\/vc_column][\/vc_row][vc_row full_width=&#8221;stretch_row_content&#8221; kd_background_overlay=&#8221;gray-color&#8221; kd_background_image_position=&#8221;vc_row-bg-position-center&#8221; css=&#8221;.vc_custom_1696520903399{padding-top: 70px !important;padding-bottom: 70px !important;background-image: url(https:\/\/certech.hypefarm-test.it\/ceramic-processing-plants\/wp-content\/uploads\/2023\/09\/Raggruppa-406.jpg?id=283) !important;background-position: center !important;background-repeat: no-repeat !important;background-size: cover !important;}&#8221; css_tablet_landscape=&#8221;.vc_custom_1696520903399{padding-top: 50px !important;}&#8221; css_tablet_portrait=&#8221;.vc_custom_1696520903399{padding-top: 50px !important;}&#8221; css_mobile=&#8221;.vc_custom_1696520903400{padding-top: 50px !important;}&#8221; el_id=&#8221;assistenza&#8221;][vc_column][vc_row_inner full_width=&#8221;inner_row_contained&#8221; content_placement=&#8221;middle&#8221; kd_background_overlay=&#8221;default&#8221; kd_background_image_position=&#8221;vc_row-bg-position-top&#8221; css=&#8221;.vc_custom_1649159243173{padding-top: 120px !important;padding-bottom: 90px !important;}&#8221; css_tablet_landscape=&#8221;.vc_custom_1649159243173{padding-top: 20px !important;}&#8221; css_tablet_portrait=&#8221;.vc_custom_1649159243173{padding-top: 20px !important;}&#8221; css_mobile=&#8221;.vc_custom_1649159243173{padding-top: 20px !important;}&#8221;][vc_column_inner css=&#8221;.vc_custom_1649159658170{padding-top: 30px !important;padding-right: 75px !important;padding-bottom: 50px !important;padding-left: 0px !important;}&#8221; offset=&#8221;vc_col-lg-offset-0 vc_col-lg-6 vc_col-md-offset-0 vc_col-md-6 vc_col-sm-offset-0&#8243; css_tablet_landscape=&#8221;.vc_custom_1649159658171{padding-top: 80px !important;padding-right: 0px !important;}&#8221; css_tablet_portrait=&#8221;.vc_custom_1649159658171{padding-top: 60px !important;padding-right: 15px !important;padding-left: 15px !important;}&#8221; css_mobile=&#8221;.vc_custom_1649159658171{padding-right: 15px !important;padding-left: 15px !important;}&#8221;]<div class=\"kd-photo-group group-layout-left-right no-shadow enable-parallax disable-responsive\">\n                <div class=\"kd-group-image first-image-wrapper\" style=\"bottom: -5%;\"><div class=\"kd-group-image-animation kd-animated fadeInDown\" data-animation-delay=200><img width=\"251\" height=\"462\" src=\"https:\/\/certech.hypefarm-test.it\/ceramic-processing-plants\/wp-content\/uploads\/2023\/10\/Assistenza-e-manutenzione.jpg\" class=\"attachment-full\" alt=\"\" decoding=\"async\" loading=\"lazy\" title=\"Assistenza e manutenzione\" srcset=\"https:\/\/certech.hypefarm-test.it\/ceramic-processing-plants\/wp-content\/uploads\/2023\/10\/Assistenza-e-manutenzione.jpg 251w, https:\/\/certech.hypefarm-test.it\/ceramic-processing-plants\/wp-content\/uploads\/2023\/10\/Assistenza-e-manutenzione-163x300.jpg 163w\" sizes=\"(max-width: 251px) 100vw, 251px\" \/><\/div><\/div>\n                <div class=\"kd-group-image second-image-wrapper\" style=\"bottom: 5%;\"><div class=\"kd-group-image-animation kd-animated fadeInUp\" data-animation-delay=400><img width=\"250\" height=\"461\" src=\"https:\/\/certech.hypefarm-test.it\/ceramic-processing-plants\/wp-content\/uploads\/2023\/09\/Gruppo-di-maschere-124.jpg\" class=\"attachment-full\" alt=\"\" decoding=\"async\" loading=\"lazy\" title=\"Gruppo di maschere 124\" srcset=\"https:\/\/certech.hypefarm-test.it\/ceramic-processing-plants\/wp-content\/uploads\/2023\/09\/Gruppo-di-maschere-124.jpg 250w, https:\/\/certech.hypefarm-test.it\/ceramic-processing-plants\/wp-content\/uploads\/2023\/09\/Gruppo-di-maschere-124-163x300.jpg 163w\" sizes=\"(max-width: 250px) 100vw, 250px\" \/><\/div><\/div>\n            <\/div>[\/vc_column_inner][vc_column_inner css=&#8221;.vc_custom_1649159561692{padding-right: 35px !important;padding-left: 100px !important;}&#8221; offset=&#8221;vc_col-lg-offset-0 vc_col-lg-6 vc_col-md-offset-0 vc_col-md-6&#8243; css_tablet_landscape=&#8221;.vc_custom_1649159561693{padding-top: 100px !important;padding-right: 15px !important;padding-left: 15px !important;}&#8221; css_tablet_portrait=&#8221;.vc_custom_1649159561693{padding-top: 50px !important;padding-right: 15px !important;padding-left: 15px !important;}&#8221; css_mobile=&#8221;.vc_custom_1649159561693{padding-top: 50px !important;padding-right: 15px !important;padding-left: 15px !important;}&#8221;]<header class=\"kd-section-title col-lg-12 text-left  vc_custom_1698314088860 kd-animated fadeIn\" data-animation-delay=200><p class=\"st-overline custom-color\" style=\"color:#ffffff;font-size:14px;margin-bottom:20px;\">Phase 3<\/p><h2 class=\"kd-main-title separator_off\" style=\"color: #ffffff;margin-bottom:25px;\">Assistance et entretien apr\u00e8s-vente<\/h2><h6 class=\"subtitle\" style=\"color: #ffffff;\">Notre engagement ne s\u2019arr\u00eate pas \u00e0 la conception et \u00e0 l\u2019installation. Nous proposons un service d\u2019assistance et d\u2019entretien apr\u00e8s-vente complet, afin de garantir l\u2019efficacit\u00e9 op\u00e9rationnelle maximale de vos installations de traitement de la c\u00e9ramique. Notre \u00e9quipe sp\u00e9cialis\u00e9e est toujours disponible pour r\u00e9pondre rapidement \u00e0 vos besoins.<br \/>\nNous effectuons r\u00e9guli\u00e8rement des inspections pour l\u2019entretien pr\u00e9ventif et la supervision des composants, en offrant des services de r\u00e9paration et de pi\u00e8ces de rechange si n\u00e9cessaire. Nous ne n\u00e9gligeons pas non plus les d\u00e9tails, avec une attention particuli\u00e8re \u00e0 l\u2019entretien des rev\u00eatements existants, en pr\u00e9servant la qualit\u00e9 de vos produits. <\/h6><\/header><a href=\"https:\/\/certech.hypefarm-test.it\/fr\/le-groupe\/\" target=\"_self\"   class=\"tt_button tt_primary_button btn_primary_color hover_solid_secondary btn-align-left button-action-link   kd-animated zoomIn\" data-text=\"LE GROUPE\" style=\"width:200px;\" data-animation-delay=200><span class=\"prim_text\">LE GROUPE<\/span><\/a>[\/vc_column_inner][\/vc_row_inner][\/vc_column][\/vc_row][vc_row full_width=&#8221;stretch_row_content&#8221; gap=&#8221;20&#8243; equal_height=&#8221;yes&#8221; kd_background_overlay=&#8221;default&#8221; kd_background_image_position=&#8221;vc_row-bg-position-top&#8221; css=&#8221;.vc_custom_1695900286570{padding-top: 100px !important;padding-bottom: 70px !important;}&#8221;][vc_column width=&#8221;1\/6&#8243;][\/vc_column][vc_column width=&#8221;2\/6&#8243;]<header class=\"kd-section-title col-lg-12 text-left\" ><p class=\"st-overline inherit-color\" >DISPONIBLES 24\/7<\/p><h2 class=\"kd-main-title separator_off\" style=\"font-size: 36;font-weight: 700;\">Entrep\u00f4t et assistance<\/h2><h6 class=\"subtitle\" >Chez Certech, nous comprenons l\u2019importance de la rapidit\u00e9. C\u2019est pourquoi nous disposons d\u2019un vaste entrep\u00f4t de caoutchouc - en Italie et dans nos trois filiales \u00e9trang\u00e8res - strat\u00e9giquement situ\u00e9 pour permettre une intervention imm\u00e9diate en cas d\u2019urgence. Notre entrep\u00f4t est une ressource fondamentale, avec une large gamme de composants et de pi\u00e8ces de rechange de haute qualit\u00e9 pr\u00eats \u00e0 \u00eatre exp\u00e9di\u00e9s en cas de besoin.<br \/>\nVotre continuit\u00e9 op\u00e9rationnelle est essentielle pour nous, et pour cette raison nous mettons \u00e0 votre disposition un service tr\u00e8s efficace, op\u00e9rationnel 24\/7 pour g\u00e9rer d\u2019\u00e9ventuelles urgences. Notre d\u00e9vouement \u00e0 fournir des solutions rapides et fiables est une partie essentielle de notre mission, vous permettant de vous concentrer pleinement sur votre c\u0153ur de m\u00e9tier tout en nous confiant vos besoins d\u2019entrep\u00f4t et d\u2019assistance imm\u00e9diate.<\/h6><\/header>[\/vc_column][vc_column width=&#8221;1\/2&#8243;][vc_single_image image=&#8221;292&#8243; img_size=&#8221;full&#8221;][\/vc_column][\/vc_row][vc_row full_width=&#8221;stretch_row&#8221; content_placement=&#8221;middle&#8221; kd_background_overlay=&#8221;default&#8221; kd_background_image_position=&#8221;vc_row-bg-position-top&#8221; css=&#8221;.vc_custom_1695900019997{padding-top: 80px !important;padding-right: 46px !important;padding-bottom: 80px !important;padding-left: 46px !important;background-image: url(https:\/\/certech.hypefarm-test.it\/ceramic-processing-plants\/wp-content\/uploads\/2023\/09\/Raggruppa-407.jpg?id=297) !important;background-position: center !important;background-repeat: no-repeat !important;background-size: cover !important;}&#8221; css_tablet_portrait=&#8221;.vc_custom_1695900019997{margin-bottom: 50px !important;background-position: center !important;background-repeat: no-repeat !important;background-size: cover !important;}&#8221; css_mobile=&#8221;.vc_custom_1695900019998{margin-bottom: 50px !important;background-position: center !important;background-repeat: no-repeat !important;background-size: cover !important;}&#8221;][vc_column]<header class=\"kd-section-title col-lg-12 text-center\" ><h2 class=\"kd-main-title separator_off\" style=\"color: #ffffff;font-size: 36;font-weight: 700;\">\u00c0 votre service. Parlez-nous de votre projet.<\/h2><\/header><a href=\"https:\/\/certech.hypefarm-test.it\/fr\/contacts\/\" target=\"_self\"   class=\"tt_button tt_primary_button btn_secondary_color hover_solid_white button-center button-action-link   vc_custom_1698314149663 kd-animated zoomIn\" data-text=\"CONTACT US\" style=\"width:200px;\" data-animation-delay=200><span class=\"prim_text\">CONTACT US<\/span><\/a>[\/vc_column][\/vc_row]<\/p>\n<\/div>","protected":false},"excerpt":{"rendered":"<p>[vc_row full_width=&#8221;stretch_row_content&#8221; content_placement=&#8221;middle&#8221; kd_background_overlay=&#8221;default&#8221; kd_background_image_position=&#8221;vc_row-bg-position-top&#8221; css=&#8221;.vc_custom_1696610105992{padding-top: 100px !important;padding-bottom: 100px !important;background-image: url(https:\/\/certech.hypefarm-test.it\/ceramic-processing-plants\/wp-content\/uploads\/2023\/10\/Senza-titolo-1-1.jpg?id=1792) !important;background-position: center !important;background-repeat: no-repeat !important;background-size: cover !important;}&#8221;][vc_column][\/vc_column][\/vc_row][vc_row full_width=&#8221;stretch_row_content&#8221; kd_background_overlay=&#8221;gray-color&#8221; [&hellip;]<\/p>\n","protected":false},"author":1,"featured_media":0,"parent":0,"menu_order":0,"comment_status":"closed","ping_status":"closed","template":"","meta":[],"categories":[],"tags":[],"_links":{"self":[{"href":"https:\/\/certech.hypefarm-test.it\/fr\/wp-json\/wp\/v2\/pages\/1986"}],"collection":[{"href":"https:\/\/certech.hypefarm-test.it\/fr\/wp-json\/wp\/v2\/pages"}],"about":[{"href":"https:\/\/certech.hypefarm-test.it\/fr\/wp-json\/wp\/v2\/types\/page"}],"author":[{"embeddable":true,"href":"https:\/\/certech.hypefarm-test.it\/fr\/wp-json\/wp\/v2\/users\/1"}],"replies":[{"embeddable":true,"href":"https:\/\/certech.hypefarm-test.it\/fr\/wp-json\/wp\/v2\/comments?post=1986"}],"version-history":[{"count":2,"href":"https:\/\/certech.hypefarm-test.it\/fr\/wp-json\/wp\/v2\/pages\/1986\/revisions"}],"predecessor-version":[{"id":1988,"href":"https:\/\/certech.hypefarm-test.it\/fr\/wp-json\/wp\/v2\/pages\/1986\/revisions\/1988"}],"wp:attachment":[{"href":"https:\/\/certech.hypefarm-test.it\/fr\/wp-json\/wp\/v2\/media?parent=1986"}],"wp:term":[{"taxonomy":"category","embeddable":true,"href":"https:\/\/certech.hypefarm-test.it\/fr\/wp-json\/wp\/v2\/categories?post=1986"},{"taxonomy":"post_tag","embeddable":true,"href":"https:\/\/certech.hypefarm-test.it\/fr\/wp-json\/wp\/v2\/tags?post=1986"}],"curies":[{"name":"wp","href":"https:\/\/api.w.org\/{rel}","templated":true}]}}