{"id":2003,"date":"2023-09-27T10:58:45","date_gmt":"2023-09-27T08:58:45","guid":{"rendered":"https:\/\/certech.hypefarm-test.it\/about-us\/"},"modified":"2023-10-26T13:06:56","modified_gmt":"2023-10-26T11:06:56","slug":"about-us","status":"publish","type":"page","link":"https:\/\/certech.hypefarm-test.it\/fr\/about-us\/","title":{"rendered":"About Us"},"content":{"rendered":"<div class=\"wpb-content-wrapper\"><p>[vc_row full_width=&#8221;stretch_row_content&#8221; content_placement=&#8221;middle&#8221; kd_background_overlay=&#8221;default&#8221; kd_background_image_position=&#8221;vc_row-bg-position-top&#8221; css=&#8221;.vc_custom_1695806285912{padding-top: 100px !important;padding-bottom: 100px !important;background-image: url(https:\/\/certech.hypefarm-test.it\/ceramic-processing-plants\/wp-content\/uploads\/2023\/09\/Raggruppa-404.png?id=222) !important;}&#8221;][vc_column]<header class=\"kd-section-title col-lg-12 text-center\" ><p class=\"st-overline custom-color\" style=\"color:#ffffff;font-weight:400;\">CERTECH S.P.A.<\/p><h1 class=\"kd-main-title separator_off\" style=\"color: #ffffff;font-size: 50;font-weight: 600;\">Exp\u00e9rience et innovation dans l\u2019industrie c\u00e9ramique<\/h1><\/header>[\/vc_column][\/vc_row][vc_row gap=&#8221;20&#8243; equal_height=&#8221;yes&#8221; kd_background_overlay=&#8221;default&#8221; kd_background_image_position=&#8221;vc_row-bg-position-top&#8221; css=&#8221;.vc_custom_1695121559558{padding-top: 70px !important;padding-bottom: 70px !important;}&#8221;][vc_column width=&#8221;1\/2&#8243;]<header class=\"kd-section-title col-lg-12 text-left\" ><p class=\"st-overline inherit-color\" >Vue d\u2019ensemble<\/p><h2 class=\"kd-main-title separator_off\" style=\"font-size: 36;font-weight: 700;\">Solutions avanc\u00e9es pour l\u2019industrie c\u00e9ramique<\/h2><h6 class=\"subtitle\" >CERTECH SPA est une entreprise leader dans le domaine de la r\u00e9alisation, l\u2019installation et l\u2019assistance d\u2019installations et de composants essentiels pour les machines de l\u2019industrie c\u00e9ramique. Nous fournissons des solutions sur mesure, contribuant \u00e0 la croissance et \u00e0 l\u2019innovation continue de l\u2019ensemble du secteur.<br \/>\nNotre objectif est la cr\u00e9ation d\u2019installations pour l\u2019industrie c\u00e9ramique con\u00e7ues pour offrir une efficacit\u00e9 \u00e9lev\u00e9e et des performances techniques sup\u00e9rieures. Nous travaillons en \u00e9troite collaboration avec nos clients pour traduire leurs besoins sp\u00e9cifiques en r\u00e9alit\u00e9, en mettant en \u0153uvre une vaste expertise et un engagement constant pour l\u2019innovation.<\/h6><\/header><a href=\"https:\/\/certech.hypefarm-test.it\/fr\/le-groupe\/\" target=\"_self\"   class=\"tt_button tt_primary_button btn_primary_color hover_solid_secondary btn-align-left button-action-link\" data-text=\"Le Groupe\" style=\"width:200px;\"><span class=\"prim_text\">Le Groupe<\/span><\/a>[\/vc_column][vc_column width=&#8221;1\/2&#8243;]<div class=\"photo-gallery-wrapper kd-photo-gallery-69fb33ba29cbb  slider-layout nav-dots gray-navigation carousel-module\" >\r\n              <div class=\"gallery-items\"><div class=\"pg-child-image\" ><img width=\"577\" height=\"407\" src=\"https:\/\/certech.hypefarm-test.it\/ceramic-processing-plants\/wp-content\/uploads\/2023\/09\/Immagine-145.jpg\" class=\"attachment-full\" alt=\"\" decoding=\"async\" loading=\"lazy\" title=\"Immagine 145\" srcset=\"https:\/\/certech.hypefarm-test.it\/ceramic-processing-plants\/wp-content\/uploads\/2023\/09\/Immagine-145.jpg 577w, https:\/\/certech.hypefarm-test.it\/ceramic-processing-plants\/wp-content\/uploads\/2023\/09\/Immagine-145-300x212.jpg 300w\" sizes=\"(max-width: 577px) 100vw, 577px\" \/><\/div><div class=\"pg-child-image\" ><img width=\"610\" height=\"416\" src=\"https:\/\/certech.hypefarm-test.it\/ceramic-processing-plants\/wp-content\/uploads\/2023\/09\/Gruppo-di-maschere-147.jpg\" class=\"attachment-full\" alt=\"\" decoding=\"async\" loading=\"lazy\" title=\"Gruppo di maschere 147\" srcset=\"https:\/\/certech.hypefarm-test.it\/ceramic-processing-plants\/wp-content\/uploads\/2023\/09\/Gruppo-di-maschere-147.jpg 610w, https:\/\/certech.hypefarm-test.it\/ceramic-processing-plants\/wp-content\/uploads\/2023\/09\/Gruppo-di-maschere-147-300x205.jpg 300w\" sizes=\"(max-width: 610px) 100vw, 610px\" \/><\/div><div class=\"pg-child-image\" ><img width=\"610\" height=\"416\" src=\"https:\/\/certech.hypefarm-test.it\/ceramic-processing-plants\/wp-content\/uploads\/2023\/09\/Gruppo-di-maschere-144.jpg\" class=\"attachment-full\" alt=\"\" decoding=\"async\" loading=\"lazy\" title=\"Gruppo di maschere 144\" srcset=\"https:\/\/certech.hypefarm-test.it\/ceramic-processing-plants\/wp-content\/uploads\/2023\/09\/Gruppo-di-maschere-144.jpg 610w, https:\/\/certech.hypefarm-test.it\/ceramic-processing-plants\/wp-content\/uploads\/2023\/09\/Gruppo-di-maschere-144-300x205.jpg 300w\" sizes=\"(max-width: 610px) 100vw, 610px\" \/><\/div><\/div>\r\n            <\/div><script>\r\n              jQuery(document).ready(function($){\r\n                if ($(\".kd-photo-gallery-69fb33ba29cbb .gallery-items\").length) {\r\n                  $(\".kd-photo-gallery-69fb33ba29cbb .gallery-items\").owlCarousel({\r\n                    stageClass: \"owl-wrapper\",\r\n                    stageOuterClass: \"owl-wrapper-outer\",\r\n                    loadedClass: \"owl-carousel\",\r\n                    items: 1,\r\n                    rewind: true,\r\n                    responsive:{\r\n                        0:{\r\n                            dots: false,\r\n                            nav: true,\r\n                            navSpeed: 500,\r\n                        },\r\n                        1366:{\ndots: true,\r\n                                nav: false,\r\n                                dotsSpeed: 200,\r\n                                dotsEach: true,}\r\n                    },\nloop: true,\r\n                    addClassActive: true,\r\n                  });\r\n                }\r\n              });\r\n            <\/script>[\/vc_column][\/vc_row][vc_row full_width=&#8221;stretch_row_content&#8221; gap=&#8221;20&#8243; equal_height=&#8221;yes&#8221; kd_background_overlay=&#8221;default&#8221; kd_background_image_position=&#8221;vc_row-bg-position-top&#8221; css=&#8221;.vc_custom_1695804955105{margin-top: 70px !important;padding-top: 140px !important;padding-bottom: 70px !important;background-color: #f5f5f5 !important;}&#8221;][vc_column width=&#8221;1\/2&#8243;][vc_single_image image=&#8221;215&#8243; img_size=&#8221;full&#8221;][\/vc_column][vc_column width=&#8221;2\/6&#8243;]<header class=\"kd-section-title col-lg-12 text-left\" ><h2 class=\"kd-main-title separator_off\" style=\"font-size: 36;font-weight: 700;\">Visite virtuelle de Certech<\/h2><h6 class=\"subtitle\" >D\u00e9couvrir le monde de Certech n\u2019a jamais \u00e9t\u00e9 aussi simple ! Avec notre visite virtuelle, vous pouvez vous immerger compl\u00e8tement dans notre r\u00e9alit\u00e9 d\u2019entreprise, en entrant en contact avec notre histoire dans un espace virtuel interactif. D\u00e9couvrez la passion que nous mettons dans chaque projet et la passion qui caract\u00e9rise notre travail, le tout racont\u00e9 directement par ceux qui le vivent quotidiennement. Avec les vues 3D, vous pouvez voir de pr\u00e8s nos machines, d\u00e9couvrir toutes leurs fonctions et t\u00e9l\u00e9charger des documents d\u2019information utiles pour explorer nos solutions \u00e0 fond.<\/h6><\/header><a href=\"https:\/\/www.certech.it\/virtual\/index.htm\" target=\"_blank\"   class=\"tt_button tt_primary_button btn_primary_color hover_solid_secondary btn-align-left button-action-link\" data-text=\"PLONGEZ MAINTENANT\" style=\"width:200px;\"><span class=\"prim_text\">PLONGEZ MAINTENANT<\/span><\/a>[\/vc_column][vc_column width=&#8221;1\/6&#8243;][\/vc_column][\/vc_row][vc_row full_width=&#8221;stretch_row&#8221; kd_background_overlay=&#8221;default&#8221; kd_background_image_position=&#8221;vc_row-bg-position-top&#8221; css=&#8221;.vc_custom_1649427089933{padding-top: 100px !important;padding-bottom: 50px !important;}&#8221;][vc_column][vc_tta_tabs][vc_tta_section title=&#8221;EXP\u00c9RIENCE&#8221; tab_id=&#8221;1466436253637-662f8fd5-98e7b227-c89d19aa-701bdcdf-a04d3bbf-93d21c7a-404b9087-d2bf&#8221;][vc_row_inner kd_background_overlay=&#8221;default&#8221; kd_background_image_position=&#8221;vc_row-bg-position-top&#8221; css=&#8221;.vc_custom_1600786780435{padding-top: 70px !important;padding-right: 100px !important;padding-bottom: 50px !important;padding-left: 100px !important;}&#8221; css_mobile=&#8221;.vc_custom_1600786780436{padding-right: 15px !important;padding-left: 15px !important;}&#8221;][vc_column_inner]<header class=\"kd-section-title col-lg-12 text-left\" ><h4 class=\"kd-main-title separator_off\" style=\"margin-bottom:30px;\">L\u2019expertise Certech \u00e0 votre service<\/h4><h6 class=\"subtitle\" style=\"color: #696969;\">Certech est synonyme d\u2019exp\u00e9rience et de comp\u00e9tence dans le secteur de la r\u00e9alisation d\u2019installations pour l\u2019industrie c\u00e9ramique. Avec des ann\u00e9es de travail aux c\u00f4t\u00e9s des entrepreneurs du secteur de la c\u00e9ramique, nous avons acquis un bagage d\u2019exp\u00e9riences que nous mettons chaque jour au service de nos clients, en les accompagnant \u00e0 chaque \u00e9tape : de la conception \u00e0 l\u2019installation et \u00e0 la maintenance des machines. De plus, avec nos services d\u2019entrep\u00f4t et d\u2019intervention rapide, nous offrons un support complet pour vous assurer que votre production ne subit aucune interruption.<\/h6><\/header>[\/vc_column_inner][\/vc_row_inner][\/vc_tta_section][vc_tta_section title=&#8221;INNOVATION&#8221; tab_id=&#8221;1600437069601-eb87d5e8-3ab9dcdf-a04d3bbf-93d21c7a-404b9087-d2bf&#8221;][vc_row_inner kd_background_overlay=&#8221;default&#8221; kd_background_image_position=&#8221;vc_row-bg-position-top&#8221; css=&#8221;.vc_custom_1600786785436{padding-top: 70px !important;padding-right: 100px !important;padding-bottom: 50px !important;padding-left: 100px !important;}&#8221; css_mobile=&#8221;.vc_custom_1600786785437{padding-right: 15px !important;padding-left: 15px !important;}&#8221;][vc_column_inner]<header class=\"kd-section-title col-lg-12 text-left\" ><h4 class=\"kd-main-title separator_off\" style=\"margin-bottom:30px;\">Technologie de pointe pour l\u2019industrie c\u00e9ramique<\/h4><h6 class=\"subtitle\" style=\"color: #696969;\">Depuis des ann\u00e9es, nous investissons dans la recherche et le d\u00e9veloppement pour trouver constamment de nouvelles solutions et utiliser des technologies de pointe dans votre processus de production. Notre mission est de d\u00e9passer les limites de l\u2019efficacit\u00e9, de la qualit\u00e9 et de la comp\u00e9titivit\u00e9, en vous offrant des installations et des services \u00e0 forte valeur ajout\u00e9e qui vous permettront d\u2019obtenir des r\u00e9sultats extraordinaires.<\/h6><\/header>[\/vc_column_inner][\/vc_row_inner][\/vc_tta_section][vc_tta_section title=&#8221;DURABILIT\u00c9&#8221; tab_id=&#8221;1600437069176-8ef1926b-fbffdcdf-a04d3bbf-93d21c7a-404b9087-d2bf&#8221;][vc_row_inner kd_background_overlay=&#8221;default&#8221; kd_background_image_position=&#8221;vc_row-bg-position-top&#8221; css=&#8221;.vc_custom_1600786789884{padding-top: 70px !important;padding-right: 100px !important;padding-bottom: 50px !important;padding-left: 100px !important;}&#8221; css_mobile=&#8221;.vc_custom_1600786789886{padding-right: 15px !important;padding-left: 15px !important;}&#8221;][vc_column_inner]<header class=\"kd-section-title col-lg-12 text-left\" ><h4 class=\"kd-main-title separator_off\" style=\"margin-bottom:30px;\">Notre engagement en faveur de l\u2019environnement<\/h4><h6 class=\"subtitle\" style=\"color: #696969;\">Certech embrasse la durabilit\u00e9 dans toutes ses activit\u00e9s, en promouvant des solutions technologiquement avanc\u00e9es pour prot\u00e9ger l\u2019environnement.<br \/>\nNotre engagement est bas\u00e9 sur le d\u00e9veloppement de technologies d\u2019avant-garde et sur le remplacement des pi\u00e8ces de machines utilis\u00e9es par d\u2019autres \u00e0 plus haute efficacit\u00e9, en requalifiant les machines existantes gr\u00e2ce au travail de notre personnel expert.<\/h6><\/header>[\/vc_column_inner][\/vc_row_inner][\/vc_tta_section][\/vc_tta_tabs][\/vc_column][\/vc_row][vc_row full_width=&#8221;stretch_row&#8221; kd_background_overlay=&#8221;default&#8221; kd_background_image_position=&#8221;vc_row-bg-position-top&#8221; css=&#8221;.vc_custom_1695811788078{padding-top: 110px !important;padding-bottom: 110px !important;background-image: url(https:\/\/certech.hypefarm-test.it\/ceramic-processing-plants\/wp-content\/uploads\/2023\/09\/IMG_4391.jpg?id=232) !important;}&#8221;][vc_column][vc_row_inner kd_background_overlay=&#8221;default&#8221; kd_background_image_position=&#8221;vc_row-bg-position-top&#8221; css=&#8221;.vc_custom_1596734267810{padding-top: 100px !important;padding-bottom: 100px !important;}&#8221;][vc_column_inner]<div class=\"kd-process-steps process_three_elem process-checkbox-template\">\r\n                <ul><li class=\"pss-item  kd-animated fadeInUp\"  >\r\n                    <div class=\"pss-container\"><div class=\"pss-step-number\"><span >1<\/span><\/div><div class=\"pss-text-area\">\r\n                            <h4 >CONCEPTION<\/h4>\r\n                            <p >Nos experts collaborent avec vous pour<br \/>\ncr\u00e9er des installations et des composants<br \/>\nde pointe qui r\u00e9pondent \u00e0 vos besoins sp\u00e9cifiques.<\/p><a class=\"process-text-link\" href=\"\/fr\/services\/#progettazione\" target=\"_self\" >EN SAVOIR PLUS<\/a><\/div>\r\n                    <\/div>\r\n                <\/li><li class=\"pss-item  kd-animated fadeInUp\"  data-animation-delay=200>\r\n                    <div class=\"pss-container\"><div class=\"pss-step-number\"><span >2<\/span><\/div><div class=\"pss-text-area\">\r\n                            <h4 >MONTAGE ET INSTALLATION<\/h4>\r\n                            <p >Avec comp\u00e9tence et pr\u00e9cision, notre \u00e9quipe<br \/>\ns\u2019occupe du montage et de l\u2019installation des<br \/>\nsyst\u00e8mes pour l\u2019industrie c\u00e9ramique, pour un<br \/>\nfonctionnement fluide et sans interruption.<\/p><a class=\"process-text-link\" href=\"\/fr\/services\/#montaggio\" target=\"_self\" >EN SAVOIR PLUS<\/a><\/div>\r\n                    <\/div>\r\n                <\/li><li class=\"pss-item  kd-animated fadeInUp\"  data-animation-delay=400>\r\n                    <div class=\"pss-container\"><div class=\"pss-step-number\"><span >3<\/span><\/div><div class=\"pss-text-area\">\r\n                            <h4 >ASSISTANCE ET ENTRETIEN APR\u00c8S-VENTE<\/h4>\r\n                            <p >Pour maintenir une efficacit\u00e9 maximale,<br \/>\nnous effectuons des inspections r\u00e9guli\u00e8res,<br \/>\nnous offrons des services de r\u00e9paration<br \/>\nde pi\u00e8ces de rechange.<\/p><a class=\"process-text-link\" href=\"\/fr\/services\/#assistenza\" target=\"_self\" >EN SAVOIR PLUS<\/a><\/div>\r\n                    <\/div>\r\n                <\/li><\/ul>\r\n            <\/div>[\/vc_column_inner][\/vc_row_inner][\/vc_column][\/vc_row][vc_row full_width=&#8221;stretch_row&#8221; kd_background_overlay=&#8221;default&#8221; kd_background_image_position=&#8221;vc_row-bg-position-top&#8221; css=&#8221;.vc_custom_1695136076101{padding-top: 180px !important;padding-bottom: 180px !important;background-image: url(https:\/\/certech.hypefarm-test.it\/ceramic-processing-plants\/wp-content\/uploads\/2023\/09\/virtual-tour2.jpg?id=151) !important;background-position: center !important;background-repeat: no-repeat !important;background-size: cover !important;}&#8221;][vc_column width=&#8221;3\/5&#8243;][\/vc_column][vc_column width=&#8221;2\/5&#8243;]<header class=\"kd-section-title col-lg-12 text-left\" ><h2 class=\"kd-main-title separator_off\" style=\"color: #ffffff;font-size: 56px;font-weight: 700;\">Notre garantie<br \/>\nde fiabilit\u00e9<\/h2><h6 class=\"subtitle\" style=\"color: #ffffff;font-size:20px;\">Certech a obtenu la prestigieuse reconnaissance Cribis, qui atteste d\u2019un engagement constant dans la fiabilit\u00e9 et la satisfaction des partenaires commerciaux : une garantie de qualit\u00e9 pour la croissance et le succ\u00e8s des relations que nous construisons avec nos fournisseurs et nos clients.<\/h6><\/header><a href=\"\/fr\/certifications\/\" target=\"_self\"   class=\"tt_button tt_primary_button btn_primary_color hover_solid_secondary btn-align-left button-action-link\" data-text=\"CERTIFICATIONS\" style=\"width:200px;\"><span class=\"prim_text\">CERTIFICATIONS<\/span><\/a>[\/vc_column][\/vc_row][vc_row full_width=&#8221;stretch_row&#8221; equal_height=&#8221;yes&#8221; content_placement=&#8221;middle&#8221; kd_background_overlay=&#8221;default&#8221; kd_background_image_position=&#8221;vc_row-bg-position-top&#8221; css=&#8221;.vc_custom_1695126903143{padding-top: 60px !important;padding-bottom: 60px !important;background-color: #f5f5f5 !important;}&#8221;][vc_column]<div id=\"fm-69fb33ba2bf77\" class=\"slider clients carousel-module\" ><div class=\"clients-content \" ><img width=\"340\" height=\"70\" src=\"https:\/\/certech.hypefarm-test.it\/ceramic-processing-plants\/wp-content\/uploads\/2023\/09\/eurorubber.png\" class=\"attachment-full\" alt=\"\" decoding=\"async\" loading=\"lazy\" title=\"eurorubber\" srcset=\"https:\/\/certech.hypefarm-test.it\/ceramic-processing-plants\/wp-content\/uploads\/2023\/09\/eurorubber.png 340w, https:\/\/certech.hypefarm-test.it\/ceramic-processing-plants\/wp-content\/uploads\/2023\/09\/eurorubber-300x62.png 300w\" sizes=\"(max-width: 340px) 100vw, 340px\" \/><\/div><div class=\"clients-content \" ><img width=\"340\" height=\"70\" src=\"https:\/\/certech.hypefarm-test.it\/ceramic-processing-plants\/wp-content\/uploads\/2023\/09\/novatech.png\" class=\"attachment-full\" alt=\"\" decoding=\"async\" loading=\"lazy\" title=\"novatech\" srcset=\"https:\/\/certech.hypefarm-test.it\/ceramic-processing-plants\/wp-content\/uploads\/2023\/09\/novatech.png 340w, https:\/\/certech.hypefarm-test.it\/ceramic-processing-plants\/wp-content\/uploads\/2023\/09\/novatech-300x62.png 300w\" sizes=\"(max-width: 340px) 100vw, 340px\" \/><\/div><div class=\"clients-content \" ><img width=\"340\" height=\"70\" src=\"https:\/\/certech.hypefarm-test.it\/ceramic-processing-plants\/wp-content\/uploads\/2023\/09\/vibrotech.png\" class=\"attachment-full\" alt=\"\" decoding=\"async\" loading=\"lazy\" title=\"vibrotech\" srcset=\"https:\/\/certech.hypefarm-test.it\/ceramic-processing-plants\/wp-content\/uploads\/2023\/09\/vibrotech.png 340w, https:\/\/certech.hypefarm-test.it\/ceramic-processing-plants\/wp-content\/uploads\/2023\/09\/vibrotech-300x62.png 300w\" sizes=\"(max-width: 340px) 100vw, 340px\" \/><\/div><div class=\"clients-content \" ><img width=\"340\" height=\"70\" src=\"https:\/\/certech.hypefarm-test.it\/ceramic-processing-plants\/wp-content\/uploads\/2023\/09\/rubbertech.png\" class=\"attachment-full\" alt=\"\" decoding=\"async\" loading=\"lazy\" title=\"rubbertech\" srcset=\"https:\/\/certech.hypefarm-test.it\/ceramic-processing-plants\/wp-content\/uploads\/2023\/09\/rubbertech.png 340w, https:\/\/certech.hypefarm-test.it\/ceramic-processing-plants\/wp-content\/uploads\/2023\/09\/rubbertech-300x62.png 300w\" sizes=\"(max-width: 340px) 100vw, 340px\" \/><\/div><\/div><script>\r\n              jQuery(document).ready(function($){\r\n                if ($(\"#fm-69fb33ba2bf77.slider.clients\").length) {\r\n                  $(\"#fm-69fb33ba2bf77.slider.clients\").owlCarousel({\r\n                    stageClass: \"owl-wrapper\",\r\n                    stageOuterClass: \"owl-wrapper-outer\",\r\n                    loadedClass: \"owl-carousel\",\r\n                    responsiveClass:true,\r\n                    responsive:{\r\n                      0:{\r\n                        items:2,\r\n                        nav: true,\r\n                        navSpeed: 200,\r\n                        dots: false,\r\n                      },\r\n                      415:{\r\n                        items:3,\r\n                        nav: true,\r\n                        navSpeed: 200,\r\n                        dots: false,\r\n                      },\r\n                      960:{\r\n                          items:4,dots: false,}\r\n                    },loop: true,autoplay: true,autoplayTimeout: 3000,\r\n                  });\r\n                }\r\n              });\r\n            <\/script>[\/vc_column][\/vc_row][vc_row full_width=&#8221;stretch_row&#8221; kd_background_overlay=&#8221;gray-color&#8221; kd_background_image_position=&#8221;vc_row-bg-position-top&#8221; css=&#8221;.vc_custom_1695220122013{padding-top: 100px !important;background-color: #ffffff !important;}&#8221; el_class=&#8221;blog-minimal-grid&#8221;][vc_column css=&#8221;.vc_custom_1515677064675{padding-right: 0px !important;padding-left: 0px !important;}&#8221;][vc_row_inner kd_background_overlay=&#8221;default&#8221; kd_background_image_position=&#8221;vc_row-bg-position-top&#8221; css=&#8221;.vc_custom_1695136361503{background-color: #ffffff !important;}&#8221;][vc_column_inner]<header class=\"kd-section-title col-lg-12 text-center\" ><p class=\"st-overline inherit-color\" >TIENS-TOI \u00c0 JOUR<\/p><h2 class=\"kd-main-title separator_off\" style=\"font-size: 36;font-weight: 700;\">Ne manquez pas les derni\u00e8res nouvelles<\/h2><\/header>[\/vc_column_inner][\/vc_row_inner][vc_row_inner kd_background_overlay=&#8221;default&#8221; kd_background_image_position=&#8221;vc_row-bg-position-top&#8221; css=&#8221;.vc_custom_1541417234781{padding-bottom: 100px !important;}&#8221;][vc_column_inner][vc_basic_grid post_type=&#8221;post&#8221; max_items=&#8221;3&#8243; initial_loading_animation=&#8221;fadeInUp&#8221; grid_id=&#8221;vc_gid:1698318211096-2fa3c96e-d032-9&#8243; taxonomies=&#8221;25&#8243;][\/vc_column_inner][\/vc_row_inner][\/vc_column][\/vc_row][vc_row content_placement=&#8221;middle&#8221; kd_background_overlay=&#8221;default&#8221; kd_background_image_position=&#8221;vc_row-bg-position-top&#8221; css=&#8221;.vc_custom_1695136769574{padding-top: 46px !important;padding-right: 46px !important;padding-bottom: 46px !important;padding-left: 46px !important;background-image: url(https:\/\/certech.hypefarm-test.it\/ceramic-processing-plants\/wp-content\/uploads\/2023\/09\/Raggruppa-223.jpg?id=162) !important;background-position: center !important;background-repeat: no-repeat !important;background-size: cover !important;}&#8221; css_tablet_portrait=&#8221;.vc_custom_1695136769575{margin-bottom: 50px !important;background-position: center !important;background-repeat: no-repeat !important;background-size: cover !important;}&#8221; css_mobile=&#8221;.vc_custom_1695136769575{margin-bottom: 50px !important;background-position: center !important;background-repeat: no-repeat !important;background-size: cover !important;}&#8221;][vc_column]<div class=\"kd-calltoaction\" >\n                <div class=\"container\">\n                  <div class=\"cta-text-container kd-animated fadeIn\" data-animation-delay=\"200\"><div class=\"cta-text\"><h2 style=\"color: #ffffff;\">Acc\u00e9dez \u00e0 l\u2019espace r\u00e9serv\u00e9 pour<br \/>\nt\u00e9l\u00e9charger nos manuels techniques<\/h2><\/div>\n                    <\/div>\n                    <div class=\"cta-btncontainer\"><a href=\"url:%23\" target=\"_self\" class=\"tt_button btn_primary_color tt_primary_button hover_solid_secondary button-action-link icon_left kd-animated zoomIn\" data-text=\"ZONE R\u00c9SERV\u00c9E\" data-animation-delay=\"200\"><span class=\"fas fa-user iconita\" ><\/span><span class=\"prim_text\">ZONE R\u00c9SERV\u00c9E<\/span><\/a><\/div>\n                <\/div>\n            <\/div>[\/vc_column][\/vc_row]<\/p>\n<\/div>","protected":false},"excerpt":{"rendered":"<p>[vc_row full_width=&#8221;stretch_row_content&#8221; content_placement=&#8221;middle&#8221; kd_background_overlay=&#8221;default&#8221; kd_background_image_position=&#8221;vc_row-bg-position-top&#8221; css=&#8221;.vc_custom_1695806285912{padding-top: 100px !important;padding-bottom: 100px !important;background-image: url(https:\/\/certech.hypefarm-test.it\/ceramic-processing-plants\/wp-content\/uploads\/2023\/09\/Raggruppa-404.png?id=222) !important;}&#8221;][vc_column][\/vc_column][\/vc_row][vc_row gap=&#8221;20&#8243; equal_height=&#8221;yes&#8221; kd_background_overlay=&#8221;default&#8221; kd_background_image_position=&#8221;vc_row-bg-position-top&#8221; css=&#8221;.vc_custom_1695121559558{padding-top: 70px !important;padding-bottom: 70px [&hellip;]<\/p>\n","protected":false},"author":1,"featured_media":0,"parent":0,"menu_order":0,"comment_status":"closed","ping_status":"closed","template":"","meta":[],"categories":[],"tags":[],"_links":{"self":[{"href":"https:\/\/certech.hypefarm-test.it\/fr\/wp-json\/wp\/v2\/pages\/2003"}],"collection":[{"href":"https:\/\/certech.hypefarm-test.it\/fr\/wp-json\/wp\/v2\/pages"}],"about":[{"href":"https:\/\/certech.hypefarm-test.it\/fr\/wp-json\/wp\/v2\/types\/page"}],"author":[{"embeddable":true,"href":"https:\/\/certech.hypefarm-test.it\/fr\/wp-json\/wp\/v2\/users\/1"}],"replies":[{"embeddable":true,"href":"https:\/\/certech.hypefarm-test.it\/fr\/wp-json\/wp\/v2\/comments?post=2003"}],"version-history":[{"count":4,"href":"https:\/\/certech.hypefarm-test.it\/fr\/wp-json\/wp\/v2\/pages\/2003\/revisions"}],"predecessor-version":[{"id":2011,"href":"https:\/\/certech.hypefarm-test.it\/fr\/wp-json\/wp\/v2\/pages\/2003\/revisions\/2011"}],"wp:attachment":[{"href":"https:\/\/certech.hypefarm-test.it\/fr\/wp-json\/wp\/v2\/media?parent=2003"}],"wp:term":[{"taxonomy":"category","embeddable":true,"href":"https:\/\/certech.hypefarm-test.it\/fr\/wp-json\/wp\/v2\/categories?post=2003"},{"taxonomy":"post_tag","embeddable":true,"href":"https:\/\/certech.hypefarm-test.it\/fr\/wp-json\/wp\/v2\/tags?post=2003"}],"curies":[{"name":"wp","href":"https:\/\/api.w.org\/{rel}","templated":true}]}}