{"id":2022,"date":"2023-09-29T14:15:42","date_gmt":"2023-09-29T12:15:42","guid":{"rendered":"https:\/\/certech.hypefarm-test.it\/products\/"},"modified":"2023-10-30T11:59:15","modified_gmt":"2023-10-30T10:59:15","slug":"produits","status":"publish","type":"page","link":"https:\/\/certech.hypefarm-test.it\/fr\/produits\/","title":{"rendered":"PRODUITS"},"content":{"rendered":"<div class=\"wpb-content-wrapper\"><p>[vc_row full_width=&#8221;stretch_row_content&#8221; content_placement=&#8221;middle&#8221; kd_background_overlay=&#8221;default&#8221; kd_background_image_position=&#8221;vc_row-bg-position-top&#8221; css=&#8221;.vc_custom_1695989465704{padding-top: 100px !important;padding-bottom: 100px !important;background-image: url(https:\/\/certech.hypefarm-test.it\/ceramic-processing-plants\/wp-content\/uploads\/2023\/09\/Raggruppa-322.jpg?id=490) !important;}&#8221;][vc_column]<header class=\"kd-section-title col-lg-12 text-center\" ><p class=\"st-overline custom-color\" style=\"color:#ffffff;font-weight:400;\">PRODUITS<\/p><h1 class=\"kd-main-title separator_off\" style=\"color: #ffffff;font-size: 50;font-weight: 600;\">Machines pour l\u2019industrie c\u00e9ramique<\/h1><\/header>[\/vc_column][\/vc_row][vc_row gap=&#8221;20&#8243; equal_height=&#8221;yes&#8221; kd_background_overlay=&#8221;default&#8221; kd_background_image_position=&#8221;vc_row-bg-position-top&#8221; css=&#8221;.vc_custom_1695977975284{padding-top: 70px !important;padding-bottom: 0px !important;}&#8221;][vc_column width=&#8221;1\/2&#8243;]<header class=\"kd-section-title col-lg-12 text-left\" ><p class=\"st-overline inherit-color\" >VUE D\u2019ENSEMBLE<\/p><h2 class=\"kd-main-title separator_off\" style=\"font-size: 36;font-weight: 700;\">Les produits de Certech pour l\u2019industrie c\u00e9ramique<\/h2><\/header>[\/vc_column][vc_column width=&#8221;1\/2&#8243;][\/vc_column][\/vc_row][vc_row gap=&#8221;20&#8243; equal_height=&#8221;yes&#8221; kd_background_overlay=&#8221;default&#8221; kd_background_image_position=&#8221;vc_row-bg-position-top&#8221; css=&#8221;.vc_custom_1695977982658{padding-top: 20px !important;padding-bottom: 70px !important;}&#8221;][vc_column width=&#8221;2\/12&#8243;][\/vc_column][vc_column width=&#8221;5\/12&#8243;][vc_column_text]<span style=\"font-weight: 400;\">Certech propose une gamme compl\u00e8te de <\/span><b>machines pour l\u2019industrie c\u00e9ramique<\/b><span style=\"font-weight: 400;\">. En parcourant les diff\u00e9rentes cat\u00e9gories, vous trouverez un large choix de produits\u00a0: de nos atomiseurs avanc\u00e9s aux accessoires essentiels pour l\u2019\u00e9maillage, des installations de broyage par voie humide aux rev\u00eatements en caoutchouc pour vos moulins<\/span>[\/vc_column_text][\/vc_column][vc_column width=&#8221;5\/12&#8243;][vc_column_text]<span style=\"font-weight: 400;\">Notre exp\u00e9rience et notre d\u00e9vouement \u00e0 l\u2019innovation se refl\u00e8tent dans chaque produit que nous vous proposons. Vous trouverez ici les solutions id\u00e9ales pour r\u00e9pondre \u00e0 vos besoins sp\u00e9cifiques.<\/span><\/p>\n<p>[\/vc_column_text][\/vc_column][\/vc_row][vc_row kd_background_overlay=&#8221;default&#8221; kd_background_image_position=&#8221;vc_row-bg-position-top&#8221; css=&#8221;.vc_custom_1695978080451{padding-bottom: 70px !important;}&#8221;][vc_column width=&#8221;1\/2&#8243;][vc_single_image image=&#8221;787&#8243; img_size=&#8221;full&#8221; onclick=&#8221;custom_link&#8221; link=&#8221;https:\/\/certech.hypefarm-test.it\/fr\/produits\/revetements-pour-moulins-en-caoutchouc\/&#8221;][vc_column_text css=&#8221;.vc_custom_1698323658634{padding-top: 15px !important;padding-bottom: 15px !important;}&#8221;]<\/p>\n<h5>Rev\u00eatements de moulins en c\u00e9ramique<\/h5>\n<p>[\/vc_column_text][vc_separator color=&#8221;custom&#8221; align=&#8221;align_left&#8221; border_width=&#8221;3&#8243; el_width=&#8221;10&#8243; accent_color=&#8221;#007e3f&#8221;][\/vc_column][vc_column width=&#8221;1\/2&#8243;][vc_single_image image=&#8221;497&#8243; img_size=&#8221;full&#8221; onclick=&#8221;custom_link&#8221; link=&#8221;https:\/\/certech.hypefarm-test.it\/fr\/produits\/atomiseurs-ceramiques\/&#8221;][vc_column_text css=&#8221;.vc_custom_1698323667453{padding-top: 15px !important;padding-bottom: 15px !important;}&#8221;]<\/p>\n<h5>Atomiseurs c\u00e9ramiques<\/h5>\n<p>[\/vc_column_text][vc_separator color=&#8221;custom&#8221; align=&#8221;align_left&#8221; border_width=&#8221;3&#8243; el_width=&#8221;10&#8243; accent_color=&#8221;#007e3f&#8221;][\/vc_column][\/vc_row][vc_row kd_background_overlay=&#8221;default&#8221; kd_background_image_position=&#8221;vc_row-bg-position-top&#8221; css=&#8221;.vc_custom_1695978080451{padding-bottom: 70px !important;}&#8221;][vc_column width=&#8221;1\/2&#8243;][vc_single_image image=&#8221;502&#8243; img_size=&#8221;full&#8221; onclick=&#8221;custom_link&#8221; link=&#8221;https:\/\/certech.hypefarm-test.it\/fr\/produits\/accessoires-pour-lemaillage-ceramique\/&#8221;][vc_column_text css=&#8221;.vc_custom_1698323682157{padding-top: 15px !important;padding-bottom: 15px !important;}&#8221;]<\/p>\n<h5>Accessoires pour l\u2019\u00e9maillage c\u00e9ramique<\/h5>\n<p>[\/vc_column_text][vc_separator color=&#8221;custom&#8221; align=&#8221;align_left&#8221; border_width=&#8221;3&#8243; el_width=&#8221;10&#8243; accent_color=&#8221;#007e3f&#8221;][\/vc_column][vc_column width=&#8221;1\/2&#8243;][vc_single_image image=&#8221;507&#8243; img_size=&#8221;full&#8221; onclick=&#8221;custom_link&#8221; link=&#8221;https:\/\/certech.hypefarm-test.it\/fr\/produits\/installations-de-broyage-en-voie-humide\/&#8221;][vc_column_text css=&#8221;.vc_custom_1698323688771{padding-top: 15px !important;padding-bottom: 15px !important;}&#8221;]<\/p>\n<h5>Installations de broyage en voie humide<\/h5>\n<p>[\/vc_column_text][vc_separator color=&#8221;custom&#8221; align=&#8221;align_left&#8221; border_width=&#8221;3&#8243; el_width=&#8221;10&#8243; accent_color=&#8221;#007e3f&#8221;][\/vc_column][\/vc_row][vc_row full_width=&#8221;stretch_row&#8221; kd_background_overlay=&#8221;default&#8221; kd_background_image_position=&#8221;vc_row-bg-position-top&#8221; css=&#8221;.vc_custom_1695909325688{margin-bottom: 60px !important;padding-top: 100px !important;padding-bottom: 70px !important;background-color: #f5f5f5 !important;}&#8221; css_tablet_landscape=&#8221;.vc_custom_1695909325689{padding-bottom: 0px !important;}&#8221; css_tablet_portrait=&#8221;.vc_custom_1695909325689{padding-bottom: 0px !important;}&#8221; css_mobile=&#8221;.vc_custom_1695909325689{padding-bottom: 0px !important;}&#8221;][vc_column][vc_tta_tabs][vc_tta_section title=&#8221;CONCEPTION&#8221; tab_id=&#8221;1649427683275-d4a0042e-8d2a0169-0fbd8f73-5c54&#8243;][vc_row_inner kd_background_overlay=&#8221;default&#8221; kd_background_image_position=&#8221;vc_row-bg-position-top&#8221; css=&#8221;.vc_custom_1649427529916{padding-top: 120px !important;padding-bottom: 80px !important;}&#8221; css_mobile=&#8221;.vc_custom_1649427529917{padding-top: 0px !important;}&#8221;][vc_column_inner css=&#8221;.vc_custom_1649427490504{padding-right: 100px !important;padding-left: 0px !important;}&#8221;]<header class=\"kd-section-title col-lg-12 text-left  vc_custom_1698323713907\" ><h4 class=\"kd-main-title separator_off\" >Solutions sur mesure<\/h4><\/header>[vc_column_text]<span style=\"font-weight: 400;\">Certech fournit des solutions sur mesure pour l\u2019industrie c\u00e9ramique gr\u00e2ce \u00e0 un <\/span><b>service de conception d\u2019excellence<\/b><span style=\"font-weight: 400;\">. Nous travaillons en \u00e9troite collaboration avec vous pour d\u00e9velopper des installations et des composants de pointe, garantissant une pr\u00e9cision et une innovation maximales pour am\u00e9liorer votre comp\u00e9titivit\u00e9 sur le march\u00e9.<\/span>[\/vc_column_text][vc_empty_space]<a href=\"\/fr\/services\/\" target=\"_self\"   class=\"tt_button tt_primary_button btn_primary_color hover_solid_primary btn-align-left button-action-link\" data-text=\"D\u00c9COUVREZ TOUS LES SERVICES\"><span class=\"prim_text\">D\u00c9COUVREZ TOUS LES SERVICES<\/span><\/a>[\/vc_column_inner][\/vc_row_inner][\/vc_tta_section][vc_tta_section title=&#8221;MONTAGE ET INSTALLATION&#8221; tab_id=&#8221;1695909117497-b14e3fb5-c614&#8243;][vc_row_inner kd_background_overlay=&#8221;default&#8221; kd_background_image_position=&#8221;vc_row-bg-position-top&#8221; css=&#8221;.vc_custom_1649427529916{padding-top: 120px !important;padding-bottom: 80px !important;}&#8221; css_mobile=&#8221;.vc_custom_1649427529917{padding-top: 0px !important;}&#8221;][vc_column_inner css=&#8221;.vc_custom_1649427490504{padding-right: 100px !important;padding-left: 0px !important;}&#8221;]<header class=\"kd-section-title col-lg-12 text-left  vc_custom_1698323795797\" ><h4 class=\"kd-main-title separator_off\" >Soin pour les d\u00e9tails<\/h4><\/header>[vc_column_text]<span style=\"font-weight: 400;\">Apr\u00e8s la phase de conception, notre \u00e9quipe hautement qualifi\u00e9e s\u2019occupe du montage et de l\u2019installation des syst\u00e8mes pour l\u2019industrie c\u00e9ramique. La pr\u00e9cision de l\u2019installation est cruciale pour assurer un <\/span><b>fonctionnement sans interruption<\/b><span style=\"font-weight: 400;\"> et nos techniciens sp\u00e9cialis\u00e9s sont pr\u00eats \u00e0 d\u00e9ployer leur expertise et leur pr\u00e9cision.<\/span>[\/vc_column_text][vc_empty_space]<a href=\"\/fr\/services\/\" target=\"_self\"   class=\"tt_button tt_primary_button btn_primary_color hover_solid_primary btn-align-left button-action-link\" data-text=\"D\u00c9COUVREZ TOUS LES SERVICES\"><span class=\"prim_text\">D\u00c9COUVREZ TOUS LES SERVICES<\/span><\/a>[\/vc_column_inner][\/vc_row_inner][\/vc_tta_section][vc_tta_section title=&#8221;SERVICE APR\u00c8S-VENTE&#8221; tab_id=&#8221;1695909136526-3ccd5d67-9cd4&#8243;][vc_row_inner kd_background_overlay=&#8221;default&#8221; kd_background_image_position=&#8221;vc_row-bg-position-top&#8221; css=&#8221;.vc_custom_1649427529916{padding-top: 120px !important;padding-bottom: 80px !important;}&#8221; css_mobile=&#8221;.vc_custom_1649427529917{padding-top: 0px !important;}&#8221;][vc_column_inner css=&#8221;.vc_custom_1649427490504{padding-right: 100px !important;padding-left: 0px !important;}&#8221;]<header class=\"kd-section-title col-lg-12 text-left  vc_custom_1698323849805\" ><h4 class=\"kd-main-title separator_off\" >Exp\u00e9rience et comp\u00e9tence<\/h4><\/header>[vc_column_text]<span style=\"font-weight: 400;\">Certech ne s\u2019arr\u00eate pas \u00e0 la conception et \u00e0 l\u2019installation. Nous proposons un service complet assistance et d\u2019entretien apr\u00e8s-vente complet, afin de garantir l\u2019<\/span><b>efficacit\u00e9 op\u00e9rationnelle maximale<\/b><span style=\"font-weight: 400;\"> de vos installations de traitement de la c\u00e9ramique. Notre \u00e9quipe sp\u00e9cialis\u00e9e est toujours disponible pour r\u00e9pondre \u00e0 vos besoins, de la maintenance pr\u00e9ventive aux services de r\u00e9paration et de fourniture de pi\u00e8ces de rechange d\u2019origine. Nous pr\u00e9servons la qualit\u00e9 de vos produits, m\u00eame dans les d\u00e9tails.<\/span>[\/vc_column_text][vc_empty_space]<a href=\"\/fr\/services\/\" target=\"_self\"   class=\"tt_button tt_primary_button btn_primary_color hover_solid_primary btn-align-left button-action-link\" data-text=\"D\u00c9COUVREZ TOUS LES SERVICES\"><span class=\"prim_text\">D\u00c9COUVREZ TOUS LES SERVICES<\/span><\/a>[\/vc_column_inner][\/vc_row_inner][\/vc_tta_section][\/vc_tta_tabs][\/vc_column][\/vc_row][vc_row content_placement=&#8221;middle&#8221; kd_background_overlay=&#8221;default&#8221; kd_background_image_position=&#8221;vc_row-bg-position-top&#8221; css=&#8221;.vc_custom_1695136769574{padding-top: 46px !important;padding-right: 46px !important;padding-bottom: 46px !important;padding-left: 46px !important;background-image: url(https:\/\/certech.hypefarm-test.it\/ceramic-processing-plants\/wp-content\/uploads\/2023\/09\/Raggruppa-223.jpg?id=162) !important;background-position: center !important;background-repeat: no-repeat !important;background-size: cover !important;}&#8221; css_tablet_portrait=&#8221;.vc_custom_1695136769575{margin-bottom: 50px !important;background-position: center !important;background-repeat: no-repeat !important;background-size: cover !important;}&#8221; css_mobile=&#8221;.vc_custom_1695136769575{margin-bottom: 50px !important;background-position: center !important;background-repeat: no-repeat !important;background-size: cover !important;}&#8221;][vc_column]<div class=\"kd-calltoaction\" >\n                <div class=\"container\">\n                  <div class=\"cta-text-container kd-animated fadeIn\" data-animation-delay=\"200\"><div class=\"cta-text\"><h2 style=\"color: #ffffff;\">Acc\u00e9dez \u00e0 l\u2019espace r\u00e9serv\u00e9 pour<br \/>\nt\u00e9l\u00e9charger nos manuels techniques<\/h2><\/div>\n                    <\/div>\n                    <div class=\"cta-btncontainer\"><a href=\"url:%23\" target=\"_self\" class=\"tt_button btn_primary_color tt_primary_button hover_solid_secondary button-action-link icon_left kd-animated zoomIn\" data-text=\"ZONE R\u00c9SERV\u00c9E\" data-animation-delay=\"200\"><span class=\"fas fa-user iconita\" ><\/span><span class=\"prim_text\">ZONE R\u00c9SERV\u00c9E<\/span><\/a><\/div>\n                <\/div>\n            <\/div>[\/vc_column][\/vc_row]<\/p>\n<\/div>","protected":false},"excerpt":{"rendered":"<p>[vc_row full_width=&#8221;stretch_row_content&#8221; content_placement=&#8221;middle&#8221; kd_background_overlay=&#8221;default&#8221; kd_background_image_position=&#8221;vc_row-bg-position-top&#8221; css=&#8221;.vc_custom_1695989465704{padding-top: 100px !important;padding-bottom: 100px !important;background-image: url(https:\/\/certech.hypefarm-test.it\/ceramic-processing-plants\/wp-content\/uploads\/2023\/09\/Raggruppa-322.jpg?id=490) !important;}&#8221;][vc_column][\/vc_column][\/vc_row][vc_row gap=&#8221;20&#8243; equal_height=&#8221;yes&#8221; kd_background_overlay=&#8221;default&#8221; kd_background_image_position=&#8221;vc_row-bg-position-top&#8221; css=&#8221;.vc_custom_1695977975284{padding-top: 70px !important;padding-bottom: 0px [&hellip;]<\/p>\n","protected":false},"author":1,"featured_media":0,"parent":0,"menu_order":0,"comment_status":"closed","ping_status":"closed","template":"","meta":[],"categories":[],"tags":[],"_links":{"self":[{"href":"https:\/\/certech.hypefarm-test.it\/fr\/wp-json\/wp\/v2\/pages\/2022"}],"collection":[{"href":"https:\/\/certech.hypefarm-test.it\/fr\/wp-json\/wp\/v2\/pages"}],"about":[{"href":"https:\/\/certech.hypefarm-test.it\/fr\/wp-json\/wp\/v2\/types\/page"}],"author":[{"embeddable":true,"href":"https:\/\/certech.hypefarm-test.it\/fr\/wp-json\/wp\/v2\/users\/1"}],"replies":[{"embeddable":true,"href":"https:\/\/certech.hypefarm-test.it\/fr\/wp-json\/wp\/v2\/comments?post=2022"}],"version-history":[{"count":3,"href":"https:\/\/certech.hypefarm-test.it\/fr\/wp-json\/wp\/v2\/pages\/2022\/revisions"}],"predecessor-version":[{"id":2739,"href":"https:\/\/certech.hypefarm-test.it\/fr\/wp-json\/wp\/v2\/pages\/2022\/revisions\/2739"}],"wp:attachment":[{"href":"https:\/\/certech.hypefarm-test.it\/fr\/wp-json\/wp\/v2\/media?parent=2022"}],"wp:term":[{"taxonomy":"category","embeddable":true,"href":"https:\/\/certech.hypefarm-test.it\/fr\/wp-json\/wp\/v2\/categories?post=2022"},{"taxonomy":"post_tag","embeddable":true,"href":"https:\/\/certech.hypefarm-test.it\/fr\/wp-json\/wp\/v2\/tags?post=2022"}],"curies":[{"name":"wp","href":"https:\/\/api.w.org\/{rel}","templated":true}]}}