{"id":2078,"date":"2023-10-04T12:19:13","date_gmt":"2023-10-04T10:19:13","guid":{"rendered":"https:\/\/certech.hypefarm-test.it\/produits\/wet-grinding-systems\/"},"modified":"2023-10-30T09:13:38","modified_gmt":"2023-10-30T08:13:38","slug":"installations-de-broyage-en-voie-humide","status":"publish","type":"page","link":"https:\/\/certech.hypefarm-test.it\/fr\/produits\/installations-de-broyage-en-voie-humide\/","title":{"rendered":"Installations de broyage en voie humide"},"content":{"rendered":"<div class=\"wpb-content-wrapper\"><p>[vc_row full_width=&#8221;stretch_row_content&#8221; content_placement=&#8221;middle&#8221; kd_background_overlay=&#8221;default&#8221; kd_background_image_position=&#8221;vc_row-bg-position-top&#8221; css=&#8221;.vc_custom_1696412369359{margin-top: 100px !important;padding-top: 100px !important;padding-bottom: 100px !important;background-image: url(https:\/\/certech.hypefarm-test.it\/ceramic-processing-plants\/wp-content\/uploads\/2023\/10\/Accessori-per-smalteria.jpg?id=682) !important;}&#8221;][vc_column]<header class=\"kd-section-title col-lg-12 text-center\" ><p class=\"st-overline custom-color\" style=\"color:#ffffff;font-weight:400;\">PRODUITS<\/p><h1 class=\"kd-main-title separator_off\" style=\"color: #ffffff;font-size: 50;font-weight: 600;\">\u00c9QUIPEMENTIERS DE BROYAGE EN VOIE HUMIDE<\/h1><\/header>[\/vc_column][\/vc_row][vc_row gap=&#8221;20&#8243; equal_height=&#8221;yes&#8221; kd_background_overlay=&#8221;default&#8221; kd_background_image_position=&#8221;vc_row-bg-position-top&#8221; css=&#8221;.vc_custom_1695977975284{padding-top: 70px !important;padding-bottom: 0px !important;}&#8221;][vc_column width=&#8221;1\/2&#8243;]<header class=\"kd-section-title col-lg-12 text-left\" ><p class=\"st-overline inherit-color\" >VUE D\u2019ENSEMBLE<\/p><h2 class=\"kd-main-title separator_off\" style=\"font-size: 36;font-weight: 700;\">L\u2019innovation en mati\u00e8re de broyage<\/h2><\/header>[\/vc_column][vc_column width=&#8221;1\/2&#8243;][\/vc_column][\/vc_row][vc_row gap=&#8221;20&#8243; equal_height=&#8221;yes&#8221; kd_background_overlay=&#8221;default&#8221; kd_background_image_position=&#8221;vc_row-bg-position-top&#8221; css=&#8221;.vc_custom_1695977982658{padding-top: 20px !important;padding-bottom: 70px !important;}&#8221;][vc_column width=&#8221;2\/12&#8243;][\/vc_column][vc_column width=&#8221;5\/12&#8243;][vc_column_text]<span style=\"font-weight: 400;\">Dans cette section, vous trouverez une gamme compl\u00e8te de solutions de pointe pour <\/span><b>les installations de broyage en voie humide<\/b><span style=\"font-weight: 400;\">. Certech propose des produits et des accessoires de haute qualit\u00e9 qui am\u00e9liorent l\u2019efficacit\u00e9 et la qualit\u00e9 du broyage. <\/span><span style=\"font-weight: 400;\">Vous pourrez d\u00e9couvrir des syst\u00e8mes tels que MCM, l\u2019\u00e9volution du broyage en voie humide, et des solutions pour obtenir une<\/span><b> augmentation de la production<\/b><span style=\"font-weight: 400;\"> et am\u00e9liorer l\u2019<\/span><b>efficacit\u00e9 \u00e9nerg\u00e9tique<\/b><span style=\"font-weight: 400;\">.<\/span>[\/vc_column_text][\/vc_column][vc_column width=&#8221;5\/12&#8243;][vc_column_text]<span style=\"font-weight: 400;\">De plus, nous proposons des motorisations et des accessoires pour les moulins discontinus, la transformation de moulins discontinus en moulins modulaires continus, les alimentations \u00e0 vis sans fin continues, les agitateurs, les broyeurs et les pompes centrifuges.<\/span>[\/vc_column_text][\/vc_column][\/vc_row][vc_row kd_background_overlay=&#8221;default&#8221; kd_background_image_position=&#8221;vc_row-bg-position-top&#8221; css=&#8221;.vc_custom_1695978080451{padding-bottom: 70px !important;}&#8221;][vc_column width=&#8221;1\/2&#8243;][vc_single_image image=&#8221;740&#8243; img_size=&#8221;full&#8221; onclick=&#8221;custom_link&#8221; link=&#8221;https:\/\/certech.hypefarm-test.it\/fr\/produits\/installations-de-broyage-en-voie-humide\/mcm-levolution-du-broyage-en-voie-humide\/&#8221;][vc_column_text css=&#8221;.vc_custom_1698329538134{padding-top: 15px !important;padding-bottom: 15px !important;}&#8221;]<\/p>\n<h5>MCM &#8211; L\u2019\u00e9volution du broyage en voie humide<\/h5>\n<p>[\/vc_column_text][vc_separator color=&#8221;custom&#8221; align=&#8221;align_left&#8221; border_width=&#8221;3&#8243; el_width=&#8221;10&#8243; accent_color=&#8221;#007e3f&#8221;][\/vc_column][vc_column width=&#8221;1\/2&#8243;][vc_single_image image=&#8221;745&#8243; img_size=&#8221;full&#8221; onclick=&#8221;custom_link&#8221; link=&#8221;https:\/\/certech.hypefarm-test.it\/fr\/produits\/installations-de-broyage-en-voie-humide\/modification-aux-moulins-modulaires-continus\/&#8221;][vc_column_text css=&#8221;.vc_custom_1698329545803{padding-top: 15px !important;padding-bottom: 15px !important;}&#8221;]<\/p>\n<h5>Modification \u00e0 moulins modulaires continus pour une augmentation de la production et des \u00e9conomies d\u2019\u00e9nergie<\/h5>\n<p>[\/vc_column_text][vc_separator color=&#8221;custom&#8221; align=&#8221;align_left&#8221; border_width=&#8221;3&#8243; el_width=&#8221;10&#8243; accent_color=&#8221;#007e3f&#8221;][\/vc_column][\/vc_row][vc_row kd_background_overlay=&#8221;default&#8221; kd_background_image_position=&#8221;vc_row-bg-position-top&#8221; css=&#8221;.vc_custom_1695978080451{padding-bottom: 70px !important;}&#8221;][vc_column width=&#8221;1\/2&#8243;][vc_single_image image=&#8221;750&#8243; img_size=&#8221;full&#8221; onclick=&#8221;custom_link&#8221; link=&#8221;https:\/\/certech.hypefarm-test.it\/fr\/produits\/installations-de-broyage-en-voie-humide\/motorisations-et-accessoires-pour-moulins-discontinus\/&#8221;][vc_column_text css=&#8221;.vc_custom_1698329558413{padding-top: 15px !important;padding-bottom: 15px !important;}&#8221;]<\/p>\n<h5>Motorisations et accessoires pour moulins discontinus<\/h5>\n<p>[\/vc_column_text][vc_separator color=&#8221;custom&#8221; align=&#8221;align_left&#8221; border_width=&#8221;3&#8243; el_width=&#8221;10&#8243; accent_color=&#8221;#007e3f&#8221;][\/vc_column][vc_column width=&#8221;1\/2&#8243;][vc_single_image image=&#8221;755&#8243; img_size=&#8221;full&#8221; onclick=&#8221;custom_link&#8221; link=&#8221;https:\/\/certech.hypefarm-test.it\/fr\/produits\/installations-de-broyage-en-voie-humide\/transformation-moulins-discontinus-en-moulins-modulaires\/&#8221;][vc_column_text css=&#8221;.vc_custom_1698329568119{padding-top: 15px !important;padding-bottom: 15px !important;}&#8221;]<\/p>\n<h5>Transformation moulins discontinus en moulins modulaires<\/h5>\n<p>[\/vc_column_text][vc_separator color=&#8221;custom&#8221; align=&#8221;align_left&#8221; border_width=&#8221;3&#8243; el_width=&#8221;10&#8243; accent_color=&#8221;#007e3f&#8221;][\/vc_column][\/vc_row][vc_row kd_background_overlay=&#8221;default&#8221; kd_background_image_position=&#8221;vc_row-bg-position-top&#8221; css=&#8221;.vc_custom_1695978080451{padding-bottom: 70px !important;}&#8221;][vc_column width=&#8221;1\/2&#8243;][vc_single_image image=&#8221;760&#8243; img_size=&#8221;full&#8221; onclick=&#8221;custom_link&#8221; link=&#8221;https:\/\/certech.hypefarm-test.it\/fr\/produits\/installations-de-broyage-en-voie-humide\/alimentateur-a-vis-sans-fin-continu\/&#8221;][vc_column_text css=&#8221;.vc_custom_1698329576436{padding-top: 15px !important;padding-bottom: 15px !important;}&#8221;]<\/p>\n<h5>Alimentateur \u00e0 vis sans fin continu<\/h5>\n<p>[\/vc_column_text][vc_separator color=&#8221;custom&#8221; align=&#8221;align_left&#8221; border_width=&#8221;3&#8243; el_width=&#8221;10&#8243; accent_color=&#8221;#007e3f&#8221;][\/vc_column][vc_column width=&#8221;1\/2&#8243;][vc_single_image image=&#8221;765&#8243; img_size=&#8221;full&#8221; onclick=&#8221;custom_link&#8221; link=&#8221;https:\/\/certech.hypefarm-test.it\/fr\/produits\/installations-de-broyage-en-voie-humide\/agitateurs\/&#8221;][vc_column_text css=&#8221;.vc_custom_1698329586265{padding-top: 15px !important;padding-bottom: 15px !important;}&#8221;]<\/p>\n<h5>Agitateurs<\/h5>\n<p>[\/vc_column_text][vc_separator color=&#8221;custom&#8221; align=&#8221;align_left&#8221; border_width=&#8221;3&#8243; el_width=&#8221;10&#8243; accent_color=&#8221;#007e3f&#8221;][\/vc_column][\/vc_row][vc_row kd_background_overlay=&#8221;default&#8221; kd_background_image_position=&#8221;vc_row-bg-position-top&#8221; css=&#8221;.vc_custom_1695978080451{padding-bottom: 70px !important;}&#8221;][vc_column width=&#8221;1\/2&#8243;][vc_single_image image=&#8221;770&#8243; img_size=&#8221;full&#8221; onclick=&#8221;custom_link&#8221; link=&#8221;https:\/\/certech.hypefarm-test.it\/fr\/produits\/installations-de-broyage-en-voie-humide\/emotteuse\/&#8221;][vc_column_text css=&#8221;.vc_custom_1698329596853{padding-top: 15px !important;padding-bottom: 15px !important;}&#8221;]<\/p>\n<h5>\u00c9motteuse<\/h5>\n<p>[\/vc_column_text][vc_separator color=&#8221;custom&#8221; align=&#8221;align_left&#8221; border_width=&#8221;3&#8243; el_width=&#8221;10&#8243; accent_color=&#8221;#007e3f&#8221;][\/vc_column][vc_column width=&#8221;1\/2&#8243;][vc_single_image image=&#8221;775&#8243; img_size=&#8221;full&#8221; onclick=&#8221;custom_link&#8221; link=&#8221;https:\/\/certech.hypefarm-test.it\/fr\/produits\/installations-de-broyage-en-voie-humide\/pompes-centrifuges\/&#8221;][vc_column_text css=&#8221;.vc_custom_1698329606743{padding-top: 15px !important;padding-bottom: 15px !important;}&#8221;]<\/p>\n<h5>Pompes centrifuges<\/h5>\n<p>[\/vc_column_text][vc_separator color=&#8221;custom&#8221; align=&#8221;align_left&#8221; border_width=&#8221;3&#8243; el_width=&#8221;10&#8243; accent_color=&#8221;#007e3f&#8221;][\/vc_column][\/vc_row][vc_row full_width=&#8221;stretch_row&#8221; kd_background_overlay=&#8221;default&#8221; kd_background_image_position=&#8221;vc_row-bg-position-top&#8221; css=&#8221;.vc_custom_1695909325688{margin-bottom: 60px !important;padding-top: 100px !important;padding-bottom: 70px !important;background-color: #f5f5f5 !important;}&#8221; css_tablet_landscape=&#8221;.vc_custom_1695909325689{padding-bottom: 0px !important;}&#8221; css_tablet_portrait=&#8221;.vc_custom_1695909325689{padding-bottom: 0px !important;}&#8221; css_mobile=&#8221;.vc_custom_1695909325689{padding-bottom: 0px !important;}&#8221;][vc_column][vc_tta_tabs][vc_tta_section title=&#8221;FIABILIT\u00c9&#8221; tab_id=&#8221;1649427683275-d4a0042e-8d2a0169-0fbd8f73-5c54&#8243;][vc_row_inner kd_background_overlay=&#8221;default&#8221; kd_background_image_position=&#8221;vc_row-bg-position-top&#8221; css=&#8221;.vc_custom_1649427529916{padding-top: 120px !important;padding-bottom: 80px !important;}&#8221; css_mobile=&#8221;.vc_custom_1649427529917{padding-top: 0px !important;}&#8221;][vc_column_inner css=&#8221;.vc_custom_1649427490504{padding-right: 100px !important;padding-left: 0px !important;}&#8221;]<header class=\"kd-section-title col-lg-12 text-left  vc_custom_1698311544187\" ><h4 class=\"kd-main-title separator_off\" >Le partenaire id\u00e9al<\/h4><\/header>[vc_column_text]<span style=\"font-weight: 400;\">Nous sommes fiers des certifications que nous avons re\u00e7ues, qui t\u00e9moignent de notre fiabilit\u00e9 en tant qu\u2019entreprise active dans le secteur de l\u2019industrie c\u00e9ramique. La confiance est la base de tout partenariat r\u00e9ussi, et c\u2019est pourquoi nous nous engageons constamment \u00e0 maintenir les normes de fiabilit\u00e9 les plus \u00e9lev\u00e9es. Les certifications Cribis, obtenues avec engagement et d\u00e9vouement, sont un t\u00e9moignage tangible de notre engagement \u00e0 \u00eatre un partenaire sur lequel nous pouvons toujours compter.<\/span>[\/vc_column_text][\/vc_column_inner][\/vc_row_inner][\/vc_tta_section][vc_tta_section title=&#8221;QUALIT\u00c9&#8221; tab_id=&#8221;1695909117497-b14e3fb5-c614&#8243;][vc_row_inner kd_background_overlay=&#8221;default&#8221; kd_background_image_position=&#8221;vc_row-bg-position-top&#8221; css=&#8221;.vc_custom_1649427529916{padding-top: 120px !important;padding-bottom: 80px !important;}&#8221; css_mobile=&#8221;.vc_custom_1649427529917{padding-top: 0px !important;}&#8221;][vc_column_inner css=&#8221;.vc_custom_1649427490504{padding-right: 100px !important;padding-left: 0px !important;}&#8221;]<header class=\"kd-section-title col-lg-12 text-left  vc_custom_1698311580219\" ><h4 class=\"kd-main-title separator_off\" >La qualit\u00e9 dans chaque d\u00e9tail<\/h4><\/header>[vc_column_text]<span style=\"font-weight: 400;\">La qualit\u00e9 est au c\u0153ur de tout ce que nous faisons. Les certificats Cribis que nous avons obtenus renforcent notre engagement \u00e0 fournir des produits pour l\u2019industrie c\u00e9ramique de la plus haute qualit\u00e9. Nous nous soumettons \u00e0 des processus de contr\u00f4le de qualit\u00e9 stricts \u00e0 chaque \u00e9tape de la production pour garantir que chaque pi\u00e8ce qui quitte notre entreprise soit impeccable.\u00a0<\/span><\/p>\n<p><span style=\"font-weight: 400;\">Quand vous choisissez Certhec, vous choisissez la qualit\u00e9.<\/span>[\/vc_column_text][\/vc_column_inner][\/vc_row_inner][\/vc_tta_section][vc_tta_section title=&#8221;COMP\u00c9TENCE&#8221; tab_id=&#8221;1695909136526-3ccd5d67-9cd4&#8243;][vc_row_inner kd_background_overlay=&#8221;default&#8221; kd_background_image_position=&#8221;vc_row-bg-position-top&#8221; css=&#8221;.vc_custom_1649427529916{padding-top: 120px !important;padding-bottom: 80px !important;}&#8221; css_mobile=&#8221;.vc_custom_1649427529917{padding-top: 0px !important;}&#8221;][vc_column_inner css=&#8221;.vc_custom_1649427490504{padding-right: 100px !important;padding-left: 0px !important;}&#8221;]<header class=\"kd-section-title col-lg-12 text-left  vc_custom_1698311600021\" ><h4 class=\"kd-main-title separator_off\" >Comp\u00e9tences de pointe \u00e0 votre disposition<\/h4><\/header>[vc_column_text]<span style=\"font-weight: 400;\">L\u2019industrie c\u00e9ramique n\u00e9cessite des comp\u00e9tences de pointe et une connaissance approfondie de chaque \u00e9tape du processus de production. Notre objectif est d\u2019atteindre et de d\u00e9passer ces normes de comp\u00e9tence. Notre \u00e9quipe d\u2019experts est compos\u00e9e de professionnels hautement qualifi\u00e9s qui travaillent avec passion et d\u00e9vouement. Choisir Certech signifie avoir \u00e0 disposition une \u00e9quipe d\u2019experts pr\u00eats \u00e0 collaborer avec vous pour r\u00e9aliser des projets extraordinaires.<\/span>[\/vc_column_text][\/vc_column_inner][\/vc_row_inner][\/vc_tta_section][\/vc_tta_tabs][\/vc_column][\/vc_row][vc_row content_placement=&#8221;middle&#8221; kd_background_overlay=&#8221;default&#8221; kd_background_image_position=&#8221;vc_row-bg-position-top&#8221; css=&#8221;.vc_custom_1695136769574{padding-top: 46px !important;padding-right: 46px !important;padding-bottom: 46px !important;padding-left: 46px !important;background-image: url(https:\/\/certech.hypefarm-test.it\/ceramic-processing-plants\/wp-content\/uploads\/2023\/09\/Raggruppa-223.jpg?id=162) !important;background-position: center !important;background-repeat: no-repeat !important;background-size: cover !important;}&#8221; css_tablet_portrait=&#8221;.vc_custom_1695136769575{margin-bottom: 50px !important;background-position: center !important;background-repeat: no-repeat !important;background-size: cover !important;}&#8221; css_mobile=&#8221;.vc_custom_1695136769575{margin-bottom: 50px !important;background-position: center !important;background-repeat: no-repeat !important;background-size: cover !important;}&#8221;][vc_column]<div class=\"kd-calltoaction\" >\n                <div class=\"container\">\n                  <div class=\"cta-text-container kd-animated fadeIn\" data-animation-delay=\"200\"><div class=\"cta-text\"><h2 style=\"color: #ffffff;\">Acc\u00e9dez \u00e0 l\u2019espace r\u00e9serv\u00e9 pour<br \/>\nt\u00e9l\u00e9charger nos manuels techniques<\/h2><\/div>\n                    <\/div>\n                    <div class=\"cta-btncontainer\"><a href=\"\/fr\/zone-reservee\/\" target=\"_self\" class=\"tt_button btn_primary_color tt_primary_button hover_solid_secondary button-action-link icon_left kd-animated zoomIn\" data-text=\"ZONE R\u00c9SERV\u00c9E\" data-animation-delay=\"200\"><span class=\"fas fa-user iconita\" ><\/span><span class=\"prim_text\">ZONE R\u00c9SERV\u00c9E<\/span><\/a><\/div>\n                <\/div>\n            <\/div>[\/vc_column][\/vc_row]<\/p>\n<\/div>","protected":false},"excerpt":{"rendered":"<p>[vc_row full_width=&#8221;stretch_row_content&#8221; content_placement=&#8221;middle&#8221; kd_background_overlay=&#8221;default&#8221; kd_background_image_position=&#8221;vc_row-bg-position-top&#8221; css=&#8221;.vc_custom_1696412369359{margin-top: 100px !important;padding-top: 100px !important;padding-bottom: 100px !important;background-image: url(https:\/\/certech.hypefarm-test.it\/ceramic-processing-plants\/wp-content\/uploads\/2023\/10\/Accessori-per-smalteria.jpg?id=682) !important;}&#8221;][vc_column][\/vc_column][\/vc_row][vc_row gap=&#8221;20&#8243; equal_height=&#8221;yes&#8221; kd_background_overlay=&#8221;default&#8221; kd_background_image_position=&#8221;vc_row-bg-position-top&#8221; css=&#8221;.vc_custom_1695977975284{padding-top: 70px [&hellip;]<\/p>\n","protected":false},"author":1,"featured_media":0,"parent":2022,"menu_order":0,"comment_status":"closed","ping_status":"closed","template":"","meta":[],"categories":[],"tags":[],"_links":{"self":[{"href":"https:\/\/certech.hypefarm-test.it\/fr\/wp-json\/wp\/v2\/pages\/2078"}],"collection":[{"href":"https:\/\/certech.hypefarm-test.it\/fr\/wp-json\/wp\/v2\/pages"}],"about":[{"href":"https:\/\/certech.hypefarm-test.it\/fr\/wp-json\/wp\/v2\/types\/page"}],"author":[{"embeddable":true,"href":"https:\/\/certech.hypefarm-test.it\/fr\/wp-json\/wp\/v2\/users\/1"}],"replies":[{"embeddable":true,"href":"https:\/\/certech.hypefarm-test.it\/fr\/wp-json\/wp\/v2\/comments?post=2078"}],"version-history":[{"count":3,"href":"https:\/\/certech.hypefarm-test.it\/fr\/wp-json\/wp\/v2\/pages\/2078\/revisions"}],"predecessor-version":[{"id":2755,"href":"https:\/\/certech.hypefarm-test.it\/fr\/wp-json\/wp\/v2\/pages\/2078\/revisions\/2755"}],"up":[{"embeddable":true,"href":"https:\/\/certech.hypefarm-test.it\/fr\/wp-json\/wp\/v2\/pages\/2022"}],"wp:attachment":[{"href":"https:\/\/certech.hypefarm-test.it\/fr\/wp-json\/wp\/v2\/media?parent=2078"}],"wp:term":[{"taxonomy":"category","embeddable":true,"href":"https:\/\/certech.hypefarm-test.it\/fr\/wp-json\/wp\/v2\/categories?post=2078"},{"taxonomy":"post_tag","embeddable":true,"href":"https:\/\/certech.hypefarm-test.it\/fr\/wp-json\/wp\/v2\/tags?post=2078"}],"curies":[{"name":"wp","href":"https:\/\/api.w.org\/{rel}","templated":true}]}}