{"id":2565,"date":"2023-10-06T13:45:11","date_gmt":"2023-10-06T11:45:11","guid":{"rendered":"https:\/\/certech.hypefarm-test.it\/produits\/installations-de-broyage-en-voie-humide\/continuous-trunnion-feeder\/"},"modified":"2023-10-30T04:19:14","modified_gmt":"2023-10-30T03:19:14","slug":"alimentateur-a-vis-sans-fin-continu","status":"publish","type":"page","link":"https:\/\/certech.hypefarm-test.it\/fr\/produits\/installations-de-broyage-en-voie-humide\/alimentateur-a-vis-sans-fin-continu\/","title":{"rendered":"Alimentateur \u00e0 vis sans fin continu"},"content":{"rendered":"<div class=\"wpb-content-wrapper\"><p>[vc_row full_width=&#8221;stretch_row&#8221; gap=&#8221;20&#8243; equal_height=&#8221;yes&#8221; kd_background_overlay=&#8221;default&#8221; kd_background_image_position=&#8221;vc_row-bg-position-top&#8221; css=&#8221;.vc_custom_1696423098008{margin-top: 100px !important;padding-top: 100px !important;padding-bottom: 100px !important;background-color: #f5f5f5 !important;}&#8221; el_class=&#8221;swap-on-mobile&#8221;][vc_column width=&#8221;1\/2&#8243;][vc_single_image image=&#8221;1596&#8243; img_size=&#8221;full&#8221;][vc_empty_space][vc_single_image image=&#8221;1601&#8243; img_size=&#8221;full&#8221;][\/vc_column][vc_column width=&#8221;1\/2&#8243;]<header class=\"kd-section-title col-lg-12 text-left\" ><p class=\"st-overline inherit-color\" style=\"margin-bottom:10px;\">INSTALLATIONS DE BROYAGE EN VOIE HUMIDE<\/p><h2 class=\"kd-main-title separator_off\" style=\"font-size: 40;font-weight: 700;\">Alimentateur \u00e0 vis sans fin continu<\/h2><\/header>[vc_separator color=&#8221;custom&#8221; align=&#8221;align_left&#8221; border_width=&#8221;3&#8243; el_width=&#8221;20&#8243; accent_color=&#8221;#007e3f&#8221; css=&#8221;.vc_custom_1695990783786{margin-bottom: 30px !important;}&#8221;][vc_column_text]<span style=\"font-weight: 400;\">Un alimentateur \u00e0 vis sans fin continu permet l\u2019introduction des mati\u00e8res premi\u00e8res et de l\u2019eau dans le moulin.<\/span><\/p>\n<p><span style=\"font-weight: 400;\">Il se compose de\u00a0:<\/span><\/p>\n<ul>\n<li style=\"font-weight: 400;\" aria-level=\"1\"><b>Tr\u00e9mie de chargement en t\u00f4le d\u2019acier au carbone rev\u00eatue de caoutchouc<\/b><span style=\"font-weight: 400;\">, de polyur\u00e9thane ou d\u2019alumine<\/span><\/li>\n<li style=\"font-weight: 400;\" aria-level=\"1\"><b>H\u00e9lice d\u2019alimentation amovible<\/b><span style=\"font-weight: 400;\"> en acier anti-usure HARDOX 400, avec report de carbure de tungst\u00e8ne et de carbure de chrome<\/span><\/li>\n<li style=\"font-weight: 400;\" aria-level=\"1\"><span style=\"font-weight: 400;\">Groupe de supports en porte-\u00e0-faux avec <\/span><b>arbre-couteau creux<\/b><\/li>\n<li style=\"font-weight: 400;\" aria-level=\"1\"><span style=\"font-weight: 400;\">Entr\u00e9e de l\u2019eau vers le moulin en t\u00eate de l\u2019arbre de cuisson au moyen d\u2019un <\/span><b>joint hydraulique rotatif et d\u2019un joint d\u2019irrigation<\/b><\/li>\n<li style=\"font-weight: 400;\" aria-level=\"1\"><b>Tube porte-h\u00e9lice d\u2019entr\u00e9e moulin en acier anti-usure<\/b><span style=\"font-weight: 400;\"> HARDOX 400<\/span><\/li>\n<li style=\"font-weight: 400;\" aria-level=\"1\"><b>Protection groupe support <\/b><span style=\"font-weight: 400;\">avec joint \u00e0 \u00e9toupe et presse-\u00e9toupe<\/span><\/li>\n<li style=\"font-weight: 400;\" aria-level=\"1\"><span style=\"font-weight: 400;\">Groupe d\u2019entra\u00eenement par <\/span><b>motor\u00e9ducteur et transmission \u00e0 cha\u00eene<\/b><\/li>\n<li style=\"font-weight: 400;\" aria-level=\"1\"><span style=\"font-weight: 400;\">Puissance install\u00e9e\u00a0: 4\u00a0kW ou 7,5\u00a0kW &#8211; 4 p\u00f4les.<\/span><\/li>\n<\/ul>\n<p>&nbsp;<\/p>\n<p><span style=\"font-weight: 400;\">Fonctionnement alimentateur \u00e0 vis sans fin continu\u00a0:<\/span><\/p>\n<ul>\n<li style=\"font-weight: 400;\" aria-level=\"1\"><span style=\"font-weight: 400;\">Rotation dans le sens d\u2019avance du mat\u00e9riau<\/span><\/li>\n<li style=\"font-weight: 400;\" aria-level=\"1\"><span style=\"font-weight: 400;\">Capteur de rotation<\/span><\/li>\n<li style=\"font-weight: 400;\" aria-level=\"1\"><span style=\"font-weight: 400;\">La vis sans fin se bloque lorsque la puissance d\u00e9passe le seuil de consigne AP74<\/span><\/li>\n<li style=\"font-weight: 400;\" aria-level=\"1\"><span style=\"font-weight: 400;\">Pour le d\u00e9verrouillage de la vis sans fin, la commande de rotation inverse est donn\u00e9e pour un temps r\u00e9glable par PLC<\/span><\/li>\n<li style=\"font-weight: 400;\" aria-level=\"1\"><span style=\"font-weight: 400;\">La zone d\u2019alimentation se d\u00e9verrouille et il est n\u00e9cessaire de supprimer la cause du blocage<\/span><\/li>\n<li style=\"font-weight: 400;\" aria-level=\"1\"><span style=\"font-weight: 400;\">Nous recommandons un contr\u00f4le mensuel de l\u2019usure de l\u2019h\u00e9lice<\/span><\/li>\n<\/ul>\n<p><span style=\"font-weight: 400;\">Nous pouvons fournir les diff\u00e9rentes <\/span><b>pi\u00e8ces de rechange des alimentations \u00e0 vis sans fin continues<\/b><span style=\"font-weight: 400;\">, telles que l\u2019h\u00e9lice de vis sans fin, le rev\u00eatement en caoutchouc de la tr\u00e9mie, la motorisation, le joint rotatif, etc.<\/span>[\/vc_column_text][vc_empty_space]<a href=\"https:\/\/certech.hypefarm-test.it\/ceramic-processing-plants\/wp-content\/uploads\/2023\/10\/Depl_ALIMENTATORE_COCLEA_bassa.pdf\" target=\"_blank\"   class=\"tt_button tt_primary_button btn_primary_color hover_solid_primary btn-align-left button-action-link\" data-text=\"T\u00c9L\u00c9CHARGER LE CATALOGUE\" style=\"width:200;\"><span class=\"prim_text\">T\u00c9L\u00c9CHARGER LE CATALOGUE<\/span><\/a>[\/vc_column][\/vc_row][vc_row full_width=&#8221;stretch_row&#8221; kd_background_overlay=&#8221;default&#8221; kd_background_image_position=&#8221;vc_row-bg-position-top&#8221; css=&#8221;.vc_custom_1695991473540{padding-top: 100px !important;padding-bottom: 70px !important;}&#8221; css_tablet_landscape=&#8221;.vc_custom_1695991473540{padding-bottom: 0px !important;}&#8221; css_tablet_portrait=&#8221;.vc_custom_1695991473540{padding-bottom: 0px !important;}&#8221; css_mobile=&#8221;.vc_custom_1695991473540{padding-bottom: 0px !important;}&#8221;][vc_column][vc_tta_tabs][vc_tta_section title=&#8221;Int\u00e9gration facile&#8221; tab_id=&#8221;1696419867137-3c7b242c-3558&#8243;][vc_row_inner kd_background_overlay=&#8221;default&#8221; kd_background_image_position=&#8221;vc_row-bg-position-top&#8221; css=&#8221;.vc_custom_1649427529916{padding-top: 120px !important;padding-bottom: 80px !important;}&#8221; css_mobile=&#8221;.vc_custom_1649427529917{padding-top: 0px !important;}&#8221;][vc_column_inner css=&#8221;.vc_custom_1649427490504{padding-right: 100px !important;padding-left: 0px !important;}&#8221;][vc_column_text]<span style=\"font-weight: 400; font-size: 18px;\">Ce syst\u00e8me peut \u00eatre facilement int\u00e9gr\u00e9 dans les processus existants, permettant une mise \u00e0 niveau sans probl\u00e8me de votre ligne de production.<br \/>\n<\/span>[\/vc_column_text][\/vc_column_inner][\/vc_row_inner][\/vc_tta_section][\/vc_tta_tabs][\/vc_column][\/vc_row][vc_row full_width=&#8221;stretch_row&#8221; content_placement=&#8221;middle&#8221; kd_background_overlay=&#8221;default&#8221; kd_background_image_position=&#8221;vc_row-bg-position-top&#8221; css=&#8221;.vc_custom_1695900019997{padding-top: 80px !important;padding-right: 46px !important;padding-bottom: 80px !important;padding-left: 46px !important;background-image: url(https:\/\/certech.hypefarm-test.it\/ceramic-processing-plants\/wp-content\/uploads\/2023\/09\/Raggruppa-407.jpg?id=297) !important;background-position: center !important;background-repeat: no-repeat !important;background-size: cover !important;}&#8221; css_tablet_portrait=&#8221;.vc_custom_1695900019997{margin-bottom: 50px !important;background-position: center !important;background-repeat: no-repeat !important;background-size: cover !important;}&#8221; css_mobile=&#8221;.vc_custom_1695900019998{margin-bottom: 50px !important;background-position: center !important;background-repeat: no-repeat !important;background-size: cover !important;}&#8221;][vc_column]<header class=\"kd-section-title col-lg-12 text-center\" ><h2 class=\"kd-main-title separator_off\" style=\"color: #ffffff;font-size: 36;font-weight: 700;\">Voulez-vous en savoir plus?<\/h2><\/header>[vc_row_inner kd_background_overlay=&#8221;default&#8221; kd_background_image_position=&#8221;vc_row-bg-position-top&#8221;][vc_column_inner width=&#8221;1\/4&#8243;][\/vc_column_inner][vc_column_inner width=&#8221;1\/4&#8243;]<a href=\"https:\/\/certech.hypefarm-test.it\/ceramic-processing-plants\/wp-content\/uploads\/2023\/10\/Depl_ALIMENTATORE_COCLEA_bassa.pdf\" target=\"_self\"   class=\"tt_button tt_primary_button btn_secondary_color hover_solid_primary button-center button-action-link   vc_custom_1698635951897 kd-animated zoomIn\" data-text=\"T\u00c9L\u00c9CHARGEZ LE CATALOGUE\" style=\"width:200px;\" data-animation-delay=200><span class=\"prim_text\">T\u00c9L\u00c9CHARGEZ LE CATALOGUE<\/span><\/a>[\/vc_column_inner][vc_column_inner width=&#8221;1\/4&#8243;]<a href=\"https:\/\/certech.hypefarm-test.it\/fr\/contacts\/\" target=\"_self\"   class=\"tt_button tt_primary_button btn_secondary_color hover_solid_primary button-center button-action-link   vc_custom_1698403769341 kd-animated zoomIn\" data-text=\"CONTACTEZ-NOUS\" style=\"width:200px;\" data-animation-delay=200><span class=\"prim_text\">CONTACTEZ-NOUS<\/span><\/a>[\/vc_column_inner][vc_column_inner width=&#8221;1\/4&#8243;][\/vc_column_inner][\/vc_row_inner][\/vc_column][\/vc_row][vc_row kd_background_overlay=&#8221;default&#8221; kd_background_image_position=&#8221;vc_row-bg-position-top&#8221; css=&#8221;.vc_custom_1696502280431{margin-top: 80px !important;}&#8221;][vc_column]<header class=\"kd-section-title col-lg-12 text-left\" ><h2 class=\"kd-main-title separator_off\" >Regarde aussi<\/h2><\/header>[\/vc_column][\/vc_row][vc_row kd_background_overlay=&#8221;default&#8221; kd_background_image_position=&#8221;vc_row-bg-position-top&#8221;][vc_column][vc_basic_grid post_type=&#8221;page&#8221; max_items=&#8221;4&#8243; element_width=&#8221;3&#8243; orderby=&#8221;title&#8221; item=&#8221;1883&#8243; grid_id=&#8221;vc_gid:1698635938617-2f457f68-f82b-6&#8243; taxonomies=&#8221;36&#8243;][\/vc_column][\/vc_row][vc_row kd_background_overlay=&#8221;default&#8221; kd_background_image_position=&#8221;vc_row-bg-position-top&#8221; css=&#8221;.vc_custom_1696502280431{margin-top: 80px !important;}&#8221;][vc_column]<header class=\"kd-section-title col-lg-12 text-left\" ><h2 class=\"kd-main-title separator_off\" >Veja tamb\u00e9m<\/h2><\/header>[\/vc_column][\/vc_row]<\/p>\n<\/div>","protected":false},"excerpt":{"rendered":"<p>[vc_row full_width=&#8221;stretch_row&#8221; gap=&#8221;20&#8243; equal_height=&#8221;yes&#8221; kd_background_overlay=&#8221;default&#8221; kd_background_image_position=&#8221;vc_row-bg-position-top&#8221; css=&#8221;.vc_custom_1696423098008{margin-top: 100px !important;padding-top: 100px !important;padding-bottom: 100px !important;background-color: #f5f5f5 !important;}&#8221; el_class=&#8221;swap-on-mobile&#8221;][vc_column width=&#8221;1\/2&#8243;][vc_single_image image=&#8221;1596&#8243; img_size=&#8221;full&#8221;][vc_empty_space][vc_single_image image=&#8221;1601&#8243; [&hellip;]<\/p>\n","protected":false},"author":1,"featured_media":1598,"parent":2078,"menu_order":0,"comment_status":"closed","ping_status":"closed","template":"","meta":[],"categories":[45],"tags":[],"_links":{"self":[{"href":"https:\/\/certech.hypefarm-test.it\/fr\/wp-json\/wp\/v2\/pages\/2565"}],"collection":[{"href":"https:\/\/certech.hypefarm-test.it\/fr\/wp-json\/wp\/v2\/pages"}],"about":[{"href":"https:\/\/certech.hypefarm-test.it\/fr\/wp-json\/wp\/v2\/types\/page"}],"author":[{"embeddable":true,"href":"https:\/\/certech.hypefarm-test.it\/fr\/wp-json\/wp\/v2\/users\/1"}],"replies":[{"embeddable":true,"href":"https:\/\/certech.hypefarm-test.it\/fr\/wp-json\/wp\/v2\/comments?post=2565"}],"version-history":[{"count":3,"href":"https:\/\/certech.hypefarm-test.it\/fr\/wp-json\/wp\/v2\/pages\/2565\/revisions"}],"predecessor-version":[{"id":2572,"href":"https:\/\/certech.hypefarm-test.it\/fr\/wp-json\/wp\/v2\/pages\/2565\/revisions\/2572"}],"up":[{"embeddable":true,"href":"https:\/\/certech.hypefarm-test.it\/fr\/wp-json\/wp\/v2\/pages\/2078"}],"wp:featuredmedia":[{"embeddable":true,"href":"https:\/\/certech.hypefarm-test.it\/fr\/wp-json\/wp\/v2\/media\/1598"}],"wp:attachment":[{"href":"https:\/\/certech.hypefarm-test.it\/fr\/wp-json\/wp\/v2\/media?parent=2565"}],"wp:term":[{"taxonomy":"category","embeddable":true,"href":"https:\/\/certech.hypefarm-test.it\/fr\/wp-json\/wp\/v2\/categories?post=2565"},{"taxonomy":"post_tag","embeddable":true,"href":"https:\/\/certech.hypefarm-test.it\/fr\/wp-json\/wp\/v2\/tags?post=2565"}],"curies":[{"name":"wp","href":"https:\/\/api.w.org\/{rel}","templated":true}]}}