{"id":2598,"date":"2023-10-06T14:01:14","date_gmt":"2023-10-06T12:01:14","guid":{"rendered":"https:\/\/certech.hypefarm-test.it\/produits\/installations-de-broyage-en-voie-humide\/rotary-reel-lump-breaker\/"},"modified":"2023-10-30T05:53:07","modified_gmt":"2023-10-30T04:53:07","slug":"emotteuse","status":"publish","type":"page","link":"https:\/\/certech.hypefarm-test.it\/fr\/produits\/installations-de-broyage-en-voie-humide\/emotteuse\/","title":{"rendered":"\u00c9motteuse"},"content":{"rendered":"<div class=\"wpb-content-wrapper\"><p>[vc_row full_width=&#8221;stretch_row&#8221; gap=&#8221;20&#8243; equal_height=&#8221;yes&#8221; kd_background_overlay=&#8221;default&#8221; kd_background_image_position=&#8221;vc_row-bg-position-top&#8221; css=&#8221;.vc_custom_1696423098008{margin-top: 100px !important;padding-top: 100px !important;padding-bottom: 100px !important;background-color: #f5f5f5 !important;}&#8221; el_class=&#8221;swap-on-mobile&#8221;][vc_column width=&#8221;1\/2&#8243;][vc_single_image image=&#8221;1651&#8243; img_size=&#8221;full&#8221;][vc_empty_space]\r\n\t\t\t\t<style type='text\/css'>\r\n\t\t\t\t\t#gallery-1 {\r\n\t\t\t\t\tmargin: auto;\r\n\t\t\t\t\t}\r\n\t\t\t\t\t#gallery-1 .fg-gallery-item {\r\n\t\t\t\t\tfloat: left;\r\n\t\t\t\t\tmargin-top: 10px;\r\n\t\t\t\t\ttext-align: center;\r\n\t\t\t\t\twidth: 25%;\r\n\t\t\t\t\t}\r\n\t\t\t\t\t#gallery-1 .fg-gallery-caption {\r\n\t\t\t\t\tmargin-left: 0;\r\n\t\t\t\t\t}\r\n\t\t\t\t\t#gallery-1.fastgallery .fg-gallery-caption, \r\n\t\t\t\t\t#gallery-1.fastgallery .fg-gallery-caption:hover {\r\n\t\t\t\t\t\tbackground-color:rgba( 0 , 126 , 63 , 0.7);\r\n\t\t\t\t\t}\r\n\t\t\t\t\t#gallery-1.fastgallery.gallery .fastgallery-gallery-icon .fg_zoom a, \r\n\t\t\t\t\t#gallery-1.fastgallery.gallery .fastgallery-gallery-icon .fg_zoom a:hover {\r\n\t\t\t\t\t\tcolor:#007e3f;\r\n\t\t\t\t\t}\r\n\t\t\t\t\t#gallery-1.fastgallery.fg_style1 .fg-gallery-caption {\r\n\t\t\t\t\t\tcolor:#ffffff;\t\r\n\t\t\t\t\t}\r\n\t\t\t\t\t#gallery-1.fastgallery.gallery.fg_style2 .fastgallery-gallery-icon .fg_zoom a {\r\n\t\t\t\t\t\tbackground:rgba( 255 , 255 , 255 , 0.3);\r\n\t\t\t\t\t}\r\n\t\t\t\t\t#gallery-1.fastgallery.fg_style2 .fg-gallery-caption {\r\n\t\t\t\t\t\tcolor:#ffffff;\t\r\n\t\t\t\t\t}\t\t\t\r\n\t\t\t\t\t#gallery-1.fastgallery.gallery.fg_style3 .fg_zoom, #gallery-1.fastgallery.gallery.fg_style3 .fg_zoom:hover {\r\n\t\t\t\t\t\tbackground:rgba( 0 , 126 , 63 , 0.7);\r\n\t\t\t\t\t}\r\n\t\t\t\t\t#gallery-1.fastgallery.fg_style3 .fg-gallery-caption {\r\n\t\t\t\t\t\tcolor:#ffffff;\t\r\n\t\t\t\t\t}\t\t\t\t\r\n\t\t\t\t\t#gallery-1.fastgallery.fg_style4 .fg-gallery-caption,\t\t\t\r\n\t\t\t\t\t#gallery-1.fastgallery.gallery.fg_style4 .fastgallery-gallery-icon .fg_zoom a, \r\n\t\t\t\t\t#gallery-1.fastgallery.gallery.fg_style4 .fastgallery-gallery-icon .fg_zoom a:hover {\r\n\t\t\t\t\t\tcolor:#ffffff;\r\n\t\t\t\t\t}\r\n\t\t\t\t\t#gallery-1.fastgallery.gallery.fg_style4 .fastgallery-gallery-icon .fg_zoom a, \r\n\t\t\t\t\t#gallery-1.fastgallery.gallery.fg_style4 .fastgallery-gallery-icon .fg_zoom a:hover\t{\r\n\t\t\t\t\t\tbackground:rgba( 0 , 126 , 63 , 0.7);\r\n\t\t\t\t\t}\t\t\t\r\n\t\t\t\t\t#gallery-1.fastgallery.gallery.fg_style5 .fastgallery-gallery-icon .fg_zoom a, \r\n\t\t\t\t\t#gallery-1.fastgallery.gallery.fg_style5 .fastgallery-gallery-icon .fg_zoom a:hover\t{\r\n\t\t\t\t\t\tcolor:#ffffff;\r\n\t\t\t\t\t\tbackground-color:rgba( 0 , 126 , 63 , 0.7);\r\n\t\t\t\t\t}\t\t\t\t\t\r\n\t\t\t\t\t#gallery-1.fastgallery.gallery.fg_style6 .fastgallery-gallery-icon .fg_zoom a,\r\n\t\t\t\t\t#gallery-1.fastgallery.gallery.fg_style6 .fastgallery-gallery-icon .fg_zoom a:hover {\r\n\t\t\t\t\t\tcolor:#ffffff;\r\n\t\t\t\t\t\tbackground:rgba( 0 , 126 , 63 , 0.7);\t\t\t\t\r\n\t\t\t\t\t}\r\n\t\t\t\t\r\n\t\t\t\t\t#gallery-1.fastgallery.fg_style6 .fg-gallery-caption {\r\n\t\t\t\t\t\tcolor:#ffffff;\t\r\n\t\t\t\t\t}\r\n\t\t\t\t\t#gallery-1.fastgallery.gallery.fg_style7 .fastgallery-gallery-icon .fg_zoom a,\r\n\t\t\t\t\t#gallery-1.fastgallery.gallery.fg_style7 .fastgallery-gallery-icon .fg_zoom a:hover {\r\n\t\t\t\t\t\tcolor:#ffffff;\r\n\t\t\t\t\t\tbackground:rgba( 0 , 126 , 63 , 0.7);\t\t\t\t\r\n\t\t\t\t\t}\t\t\r\n\t\t\t\t\t#gallery-1.fastgallery.fg_style7 .fg-gallery-caption {\r\n\t\t\t\t\t\tcolor:#ffffff;\t\r\n\t\t\t\t\t}\r\n\t\t\t\t\t\r\n\t\t\t\t\t#gallery-1.fastgallery.gallery.fg_style8 .fastgallery-gallery-icon .fg_zoom a,\r\n\t\t\t\t\t#gallery-1.fastgallery.gallery.fg_style8 .fastgallery-gallery-icon .fg_zoom a:hover {\r\n\t\t\t\t\t\tcolor:#ffffff;\r\n\t\t\t\t\t\tbackground:rgba( 0 , 126 , 63 , 0.7);\t\t\t\t\r\n\t\t\t\t\t}\r\n\t\t\t\t\r\n\t\t\t\t\t#gallery-1.fastgallery.fg_style8 .fg-gallery-caption {\r\n\t\t\t\t\t\tcolor:#ffffff;\t\r\n\t\t\t\t\t}\r\n\t\t\t\t\t\r\n\t\t\t\t\t#gallery-1.fastgallery.gallery.fg_style9 .fastgallery-gallery-icon .fg_zoom a,\r\n\t\t\t\t\t#gallery-1.fastgallery.gallery.fg_style9 .fastgallery-gallery-icon .fg_zoom a:hover {\r\n\t\t\t\t\t\tcolor:#ffffff;\r\n\t\t\t\t\t\tbackground:rgba( 0 , 126 , 63 , 0.7);\t\t\t\t\r\n\t\t\t\t\t}\t\t\r\n\t\t\t\t\t#gallery-1.fastgallery.fg_style9 .fg-gallery-caption {\r\n\t\t\t\t\t\tcolor:#ffffff;\t\r\n\t\t\t\t\t}\r\n\t\t\t\t\t\r\n\t\t\t\t\t#gallery-1.fastgallery.gallery.fg_style10 .fastgallery-gallery-icon .fg_zoom a,\r\n\t\t\t\t\t#gallery-1.fastgallery.gallery.fg_style10 .fastgallery-gallery-icon .fg_zoom a:hover {\r\n\t\t\t\t\t\tcolor:#ffffff;\r\n\t\t\t\t\t\tbackground:rgba( 0 , 126 , 63 , 0.7);\t\t\t\t\r\n\t\t\t\t\t}\t\t\r\n\t\t\t\t\t#gallery-1.fastgallery.fg_style10 .fg-gallery-caption {\r\n\t\t\t\t\t\tcolor:#ffffff;\t\r\n\t\t\t\t\t}\r\n\t\t\t\t\t#gallery-1.fastgallery.fg_style11 .fg-gallery-caption {\r\n\t\t\t\t\t\tcolor:#ffffff;\t\r\n\t\t\t\t\t}\r\n\t\t\t\t\t#gallery-1.fastgallery.fg_style11 .fastgallery-gallery-icon .fg_zoom a, \r\n\t\t\t\t\t#gallery-1.fastgallery.fg_style11 .fastgallery-gallery-icon .fg_zoom a:hover {\r\n\t\t\t\t\t\tcolor:#007e3f;\r\n\t\t\t\t\t\tbackground:rgba( 255 , 255 , 255 , 0.3);\r\n\t\t\t\t\t}\r\n\t\t\t\t\t#gallery-1.fastgallery.fg_style12 .fg-gallery-caption {\r\n\t\t\t\t\t\tcolor:#ffffff;\t\r\n\t\t\t\t\t}\r\n\t\t\t\t\t#gallery-1.fastgallery.fg_style12 .fastgallery-gallery-icon .fg_zoom a, \r\n\t\t\t\t\t#gallery-1.fastgallery.fg_style12 .fastgallery-gallery-icon .fg_zoom a:hover {\r\n\t\t\t\t\t\tcolor:#007e3f;\r\n\t\t\t\t\t\tbackground:rgba( 255 , 255 , 255 , 0.3);\r\n\t\t\t\t\t}\t\t\t\t\t\t\t\t\t\t\t\t\t\t\t\t\r\n\t\t\t\t\t\/* FOTORAMA *\/\r\n\t\t\t\t\t#gallery-1.fastgallery.fotorama.fg_style1 .fotorama__thumb-border {\r\n\t\t\t\t\t\tborder-color:rgba( 0 , 126 , 63 , 0.7);\r\n\t\t\t\t\t}\r\n\t\t\t\t\t#gallery-1.fastgallery.fotorama.fg_style1 .fotorama__html > div {\r\n\t\t\t\t\t\tbackground:rgba( 0 , 126 , 63 , 0.7);\r\n\t\t\t\t\t\tcolor:#ffffff;\r\n\t\t\t\t\t}\r\n\t\t\t\t\t#gallery-1.fastgallery.fotorama.fg_style2 .fotorama__thumb-border {\r\n\t\t\t\t\t\tborder-color:rgba( 0 , 126 , 63 , 0.7);\r\n\t\t\t\t\t}\r\n\t\t\t\t\t#gallery-1.fastgallery.fotorama.fg_style2 .fotorama__html > div {\r\n\t\t\t\t\t\tbackground:rgba( 0 , 126 , 63 , 0.7);\r\n\t\t\t\t\t\tcolor:#ffffff;\r\n\t\t\t\t\t}\r\n\t\t\t\t\t#gallery-1.fastgallery.fotorama.fg_style3 .fotorama__thumb-border {\r\n\t\t\t\t\t\tborder-color:rgba( 0 , 126 , 63 , 0.7);\r\n\t\t\t\t\t}\t\t\t\t\t\t\r\n\t\t\t\t\t#gallery-1.fastgallery.fotorama.fg_style3 .fotorama__html > div {\r\n\t\t\t\t\t\tcolor:#ffffff;\r\n\t\t\t\t\t}\r\n\t\t\t\t\t#gallery-1.fastgallery.fotorama.fg_style4 .fotorama__thumb-border {\r\n\t\t\t\t\t\tborder-color:rgba( 0 , 126 , 63 , 0.7);\r\n\t\t\t\t\t}\t\t\t\t\t\t\r\n\t\t\t\t\t#gallery-1.fastgallery.fotorama.fg_style4 .fotorama__html > div {\r\n\t\t\t\t\t\tcolor:#ffffff;\r\n\t\t\t\t\t}\r\n\t\t\t\t\t#gallery-1.fastgallery.fotorama.fg_style5 .fotorama__thumb-border {\r\n\t\t\t\t\t\tborder-color:rgba( 0 , 126 , 63 , 0.7);\r\n\t\t\t\t\t\tbackground:rgba( 0 , 126 , 63 , 0.7);\r\n\t\t\t\t\t}\t\t\t\t\t\t\r\n\t\t\t\t\t#gallery-1.fastgallery.fotorama.fg_style5 .fotorama__html > div {\r\n\t\t\t\t\t\tcolor:#ffffff;\r\n\t\t\t\t\t}\r\n\t\t\t\t\t#gallery-1.fastgallery.fotorama.fg_style6 .fotorama__thumb-border {\r\n\t\t\t\t\t\tborder-color:rgba( 0 , 126 , 63 , 0.7);\r\n\t\t\t\t\t\tbackground:rgba( 0 , 126 , 63 , 0.7);\r\n\t\t\t\t\t}\t\t\t\t\t\t\r\n\t\t\t\t\t#gallery-1.fastgallery.fotorama.fg_style6 .fotorama__html > div {\r\n\t\t\t\t\t\tcolor:#ffffff;\r\n\t\t\t\t\t}\r\n\t\t\t\t\t#gallery-1.fastgallery.fotorama.fg_style7 .fotorama__thumb-border {\r\n\t\t\t\t\t\tborder-color:rgba( 0 , 126 , 63 , 0.7);\r\n\t\t\t\t\t\tbackground:rgba( 0 , 126 , 63 , 0.7);\r\n\t\t\t\t\t}\t\t\t\t\t\t\r\n\t\t\t\t\t#gallery-1.fastgallery.fotorama.fg_style7 .fotorama__html > div {\r\n\t\t\t\t\t\tcolor:#ffffff;\r\n\t\t\t\t\t\tbackground:rgba( 0 , 126 , 63 , 0.7);\r\n\t\t\t\t\t}\r\n\t\t\t\t\t#gallery-1.fastgallery.fotorama.fg_style8 .fotorama__thumb-border {\r\n\t\t\t\t\t\tborder-color:rgba( 0 , 126 , 63 , 0.7);\r\n\t\t\t\t\t\tbackground:rgba( 0 , 126 , 63 , 0.7);\r\n\t\t\t\t\t}\t\t\t\t\t\t\r\n\t\t\t\t\t#gallery-1.fastgallery.fotorama.fg_style8 .fotorama__html > div {\r\n\t\t\t\t\t\tcolor:#ffffff;\r\n\t\t\t\t\t\tbackground:rgba( 0 , 126 , 63 , 0.7);\r\n\t\t\t\t\t}\r\n\t\t\t\t\t#gallery-1.fastgallery.fotorama.fg_style9 .fotorama__thumb-border {\r\n\t\t\t\t\t\tborder-color:rgba( 0 , 126 , 63 , 0.7);\r\n\t\t\t\t\t\tbackground:rgba( 0 , 126 , 63 , 0.7);\r\n\t\t\t\t\t}\t\t\t\t\t\t\r\n\t\t\t\t\t#gallery-1.fastgallery.fotorama.fg_style9 .fotorama__html > div {\r\n\t\t\t\t\t\tcolor:#ffffff;\r\n\t\t\t\t\t\tbackground:rgba( 0 , 126 , 63 , 0.7);\r\n\t\t\t\t\t}\r\n\t\t\t\t\t#gallery-1.fastgallery.fotorama.fg_style10 .fotorama__thumb-border {\r\n\t\t\t\t\t\tborder-color:rgba( 0 , 126 , 63 , 0.7);\r\n\t\t\t\t\t\tbackground:rgba( 0 , 126 , 63 , 0.7);\r\n\t\t\t\t\t}\t\t\t\t\t\t\r\n\t\t\t\t\t#gallery-1.fastgallery.fotorama.fg_style10 .fotorama__html > div {\r\n\t\t\t\t\t\tcolor:#ffffff;\r\n\t\t\t\t\t\tbackground:rgba( 0 , 126 , 63 , 0.7);\r\n\t\t\t\t\t}\r\n\t\t\t\t\t#gallery-1.fastgallery.fotorama.fg_style11 .fotorama__thumb-border {\r\n\t\t\t\t\t\tborder-color:rgba( 0 , 126 , 63 , 0.7);\r\n\t\t\t\t\t}\r\n\t\t\t\t\t#gallery-1.fastgallery.fotorama.fg_style11 .fotorama__html > div {\r\n\t\t\t\t\t\tbackground:rgba( 0 , 126 , 63 , 0.7);\r\n\t\t\t\t\t\tcolor:#ffffff;\r\n\t\t\t\t\t}\r\n\t\t\t\t\t#gallery-1.fastgallery.fotorama.fg_style12 .fotorama__thumb-border {\r\n\t\t\t\t\t\tborder-color:rgba( 0 , 126 , 63 , 0.7);\r\n\t\t\t\t\t}\r\n\t\t\t\t\t#gallery-1.fastgallery.fotorama.fg_style12 .fotorama__html > div {\r\n\t\t\t\t\t\tbackground:rgba( 0 , 126 , 63 , 0.7);\r\n\t\t\t\t\t\tcolor:#ffffff;\r\n\t\t\t\t\t}\t\t\t\t\t\t\t\t\t\t\r\n\t\t\t\t\t\/* THUMBS ONE ON *\/\r\n\t\t\t\t\t#gallery-1.fastgallery.fg_thumbs_one .fg-gallery-item {\r\n\t\t\t\t\t\tdisplay:none;\r\n\t\t\t\t\t}\r\n\t\t\t\t\t#gallery-1.fastgallery.fg_thumbs_one .fg-gallery-item:first-child {\r\n\t\t\t\t\t\tdisplay:block;\r\n\t\t\t\t\t}\r\n\t\t\t\t\t#gallery-1.fastgallery.fg_thumbs_one {\r\n\t\t\t\t\t\twidth:auto!important;\r\n\t\t\t\t\t}\r\n\t\t\t\t<\/style><script type=\"text\/javascript\">\r\n\t\t\t\t\t\tjQuery(function($){\r\n\t\t\t\t\t\t\t$('#gallery-1 .fg_magnificPopup').magnificPopup({\r\n\t\t\t\t\t\t\t\ttype: 'image',\t\t\t\t\t\r\n\t\t\t\t\t\t\t\tgallery:{\r\n\t\t\t\t\t\t\t\t\tenabled:true\r\n\t\t\t\t\t\t\t\t}\r\n\t\t\t\t\t\t\t\t});\r\n\t\t\t\t\t\t});\t\t\r\n\t\t\t\t\t<\/script><div id='gallery-1' class='gallery galleryid-1 gallery-columns-4 gallery-size-fg-normal fastgallery brick-masonry fg_smartphone_p_col-2 fg_smartphone_l_col-3 fg_tablet_p_col-4 fg_tablet_l_col-4 fg_desktop_medium_col-2 fg_desktop_small_col-2 fg_style10 off  fg_over_image_on'><div class='fg-gallery-item  '>\r\n\t\t\t\t\t<div class='fastgallery-gallery-icon no-caption'><div class='fg_zoom'><img width=\"150\" height=\"150\" src=\"https:\/\/certech.hypefarm-test.it\/ceramic-processing-plants\/wp-content\/uploads\/2023\/10\/Frangizolle02-150x150.jpg\" class=\"attachment-thumbnail size-thumbnail\" alt=\"\" decoding=\"async\" loading=\"lazy\" srcset=\"https:\/\/certech.hypefarm-test.it\/ceramic-processing-plants\/wp-content\/uploads\/2023\/10\/Frangizolle02-150x150.jpg 150w, https:\/\/certech.hypefarm-test.it\/ceramic-processing-plants\/wp-content\/uploads\/2023\/10\/Frangizolle02-320x320.jpg 320w\" sizes=\"(max-width: 150px) 100vw, 150px\" \/><a href='https:\/\/certech.hypefarm-test.it\/ceramic-processing-plants\/wp-content\/uploads\/2023\/10\/Frangizolle02.jpg' title=\"\" data-rel-fg='prettyPhoto[album-1]' class='fg_magnificPopup'><span class='fg-zoom-icon icon-plus'><\/span><span style='display:none'><img width=\"150\" height=\"150\" src=\"https:\/\/certech.hypefarm-test.it\/ceramic-processing-plants\/wp-content\/uploads\/2023\/10\/Frangizolle02-150x150.jpg\" class=\"attachment-thumbnail size-thumbnail\" alt=\"\" decoding=\"async\" loading=\"lazy\" srcset=\"https:\/\/certech.hypefarm-test.it\/ceramic-processing-plants\/wp-content\/uploads\/2023\/10\/Frangizolle02-150x150.jpg 150w, https:\/\/certech.hypefarm-test.it\/ceramic-processing-plants\/wp-content\/uploads\/2023\/10\/Frangizolle02-320x320.jpg 320w\" sizes=\"(max-width: 150px) 100vw, 150px\" \/><\/span><\/a><\/div><\/div><\/div><div class='fg-gallery-item  '>\r\n\t\t\t\t\t<div class='fastgallery-gallery-icon no-caption'><div class='fg_zoom'><img width=\"150\" height=\"150\" src=\"https:\/\/certech.hypefarm-test.it\/ceramic-processing-plants\/wp-content\/uploads\/2023\/10\/Frangizolle03-150x150.jpg\" class=\"attachment-thumbnail size-thumbnail\" alt=\"\" decoding=\"async\" loading=\"lazy\" srcset=\"https:\/\/certech.hypefarm-test.it\/ceramic-processing-plants\/wp-content\/uploads\/2023\/10\/Frangizolle03-150x150.jpg 150w, https:\/\/certech.hypefarm-test.it\/ceramic-processing-plants\/wp-content\/uploads\/2023\/10\/Frangizolle03-320x320.jpg 320w\" sizes=\"(max-width: 150px) 100vw, 150px\" \/><a href='https:\/\/certech.hypefarm-test.it\/ceramic-processing-plants\/wp-content\/uploads\/2023\/10\/Frangizolle03.jpg' title=\"\" data-rel-fg='prettyPhoto[album-1]' class='fg_magnificPopup'><span class='fg-zoom-icon icon-plus'><\/span><span style='display:none'><img width=\"150\" height=\"150\" src=\"https:\/\/certech.hypefarm-test.it\/ceramic-processing-plants\/wp-content\/uploads\/2023\/10\/Frangizolle03-150x150.jpg\" class=\"attachment-thumbnail size-thumbnail\" alt=\"\" decoding=\"async\" loading=\"lazy\" srcset=\"https:\/\/certech.hypefarm-test.it\/ceramic-processing-plants\/wp-content\/uploads\/2023\/10\/Frangizolle03-150x150.jpg 150w, https:\/\/certech.hypefarm-test.it\/ceramic-processing-plants\/wp-content\/uploads\/2023\/10\/Frangizolle03-320x320.jpg 320w\" sizes=\"(max-width: 150px) 100vw, 150px\" \/><\/span><\/a><\/div><\/div><\/div>\r\n\t\t\t\t\t<\/div>\n<div class=\"fg_clear\"><\/div>[\/vc_column][vc_column width=&#8221;1\/2&#8243;]<header class=\"kd-section-title col-lg-12 text-left\" ><p class=\"st-overline inherit-color\" style=\"margin-bottom:10px;\">INSTALLATIONS DE BROYAGE EN VOIE HUMIDE<\/p><h2 class=\"kd-main-title separator_off\" style=\"font-size: 40;font-weight: 700;\">\u00c9motteuse<\/h2><\/header>[vc_separator color=&#8221;custom&#8221; align=&#8221;align_left&#8221; border_width=&#8221;3&#8243; el_width=&#8221;20&#8243; accent_color=&#8221;#007e3f&#8221; css=&#8221;.vc_custom_1695990783786{margin-bottom: 30px !important;}&#8221;][vc_column_text]<span style=\"font-weight: 400;\">L\u2019<\/span><b>\u00e9motteuse \u00e0 pales RRC 400 <\/b><span style=\"font-weight: 400;\">Certech est utilis\u00e9e pour le broyage de mati\u00e8res premi\u00e8res de type argileux.<\/span><\/p>\n<p><span style=\"font-weight: 400;\">Utilis\u00e9e dans diff\u00e9rents secteurs industriels, la machine se compose d\u2019un corps \u00e9lectro-soud\u00e9 robuste. Le corps accueille deux rotors command\u00e9s par une transmission pour chaque rotor. La transmission se fait au moyen de &#8220;moteur-poulie-r\u00e9ducteur&#8221;.<\/span><\/p>\n<p><span style=\"font-weight: 400;\">La mati\u00e8re qui entre par le haut est broy\u00e9e par l\u2019action des rotors, qui tournent \u00e0 des vitesses diff\u00e9rentes, et sort par la sortie inf\u00e9rieure.<\/span><\/p>\n<p><span style=\"font-weight: 400;\">L\u2019\u00e9quipement comprend une s\u00e9rie de racleurs, pour le nettoyage des harpons rotatifs.<\/span>[\/vc_column_text][vc_empty_space]<a href=\"https:\/\/certech.hypefarm-test.it\/ceramic-processing-plants\/wp-content\/uploads\/2023\/10\/Depl_FRANGIZOLLE_bassa.pdf\" target=\"_blank\"   class=\"tt_button tt_primary_button btn_primary_color hover_solid_primary btn-align-left button-action-link\" data-text=\"T\u00c9L\u00c9CHARGER LE CATALOGUE\" style=\"width:200;\"><span class=\"prim_text\">T\u00c9L\u00c9CHARGER LE CATALOGUE<\/span><\/a>[\/vc_column][\/vc_row][vc_row full_width=&#8221;stretch_row&#8221; kd_background_overlay=&#8221;default&#8221; kd_background_image_position=&#8221;vc_row-bg-position-top&#8221; css=&#8221;.vc_custom_1695991473540{padding-top: 100px !important;padding-bottom: 70px !important;}&#8221; css_tablet_landscape=&#8221;.vc_custom_1695991473540{padding-bottom: 0px !important;}&#8221; css_tablet_portrait=&#8221;.vc_custom_1695991473540{padding-bottom: 0px !important;}&#8221; css_mobile=&#8221;.vc_custom_1695991473540{padding-bottom: 0px !important;}&#8221;][vc_column][vc_tta_tabs][vc_tta_section title=&#8221;Efficacit\u00e9 \u00e9nerg\u00e9tique&#8221; tab_id=&#8221;1696419867137-3c7b242c-3558&#8243;][vc_row_inner kd_background_overlay=&#8221;default&#8221; kd_background_image_position=&#8221;vc_row-bg-position-top&#8221; css=&#8221;.vc_custom_1649427529916{padding-top: 120px !important;padding-bottom: 80px !important;}&#8221; css_mobile=&#8221;.vc_custom_1649427529917{padding-top: 0px !important;}&#8221;][vc_column_inner css=&#8221;.vc_custom_1649427490504{padding-right: 100px !important;padding-left: 0px !important;}&#8221;][vc_column_text]<span style=\"font-weight: 400; font-size: 18px;\">La conception efficace permet une utilisation optimale de l\u2019\u00e9nergie, en r\u00e9duisant les co\u00fbts d\u2019exploitation et l\u2019impact environnemental.<br \/>\n<\/span>[\/vc_column_text][\/vc_column_inner][\/vc_row_inner][\/vc_tta_section][vc_tta_section title=&#8221;Fiabilit\u00e9&#8221; tab_id=&#8221;1696419867182-3c427258-baae&#8221;][vc_row_inner kd_background_overlay=&#8221;default&#8221; kd_background_image_position=&#8221;vc_row-bg-position-top&#8221; css=&#8221;.vc_custom_1649427529916{padding-top: 120px !important;padding-bottom: 80px !important;}&#8221; css_mobile=&#8221;.vc_custom_1649427529917{padding-top: 0px !important;}&#8221;][vc_column_inner css=&#8221;.vc_custom_1649427490504{padding-right: 100px !important;padding-left: 0px !important;}&#8221;][vc_column_text]<span style=\"font-weight: 400; font-size: 18px;\">L\u2019\u00e9motteuse RRC400 est compos\u00e9e de mat\u00e9riaux \u00e0 haute durabilit\u00e9 et r\u00e9sistance. Avec ce produit Certech, nous garantissons une fiabilit\u00e9 totale \u00e0 nos clients qui peuvent travailler sur leurs propres lignes de production sans interruption.<br \/>\n<\/span>[\/vc_column_text][\/vc_column_inner][\/vc_row_inner][\/vc_tta_section][vc_tta_section title=&#8221;Contr\u00f4le pr\u00e9cis&#8221; tab_id=&#8221;1696419867226-77cb74c5-07da&#8221;][vc_row_inner kd_background_overlay=&#8221;default&#8221; kd_background_image_position=&#8221;vc_row-bg-position-top&#8221; css=&#8221;.vc_custom_1649427529916{padding-top: 120px !important;padding-bottom: 80px !important;}&#8221; css_mobile=&#8221;.vc_custom_1649427529917{padding-top: 0px !important;}&#8221;][vc_column_inner css=&#8221;.vc_custom_1649427490504{padding-right: 100px !important;padding-left: 0px !important;}&#8221;][vc_column_text]<span style=\"font-weight: 400; font-size: 18px;\"><span style=\"font-weight: 400;\">La capacit\u00e9 de concassage contr\u00f4l\u00e9e offre un contr\u00f4le pr\u00e9cis sur les dimensions des mat\u00e9riaux concass\u00e9s, permettant une plus grande flexibilit\u00e9 dans la production.<br \/>\n<\/span><\/span>[\/vc_column_text][\/vc_column_inner][\/vc_row_inner][\/vc_tta_section][\/vc_tta_tabs][\/vc_column][\/vc_row][vc_row full_width=&#8221;stretch_row&#8221; gap=&#8221;20&#8243; equal_height=&#8221;yes&#8221; kd_background_overlay=&#8221;default&#8221; kd_background_image_position=&#8221;vc_row-bg-position-top&#8221; css=&#8221;.vc_custom_1696423098008{margin-top: 100px !important;padding-top: 100px !important;padding-bottom: 100px !important;background-color: #f5f5f5 !important;}&#8221; el_class=&#8221;swap-on-mobile&#8221;][vc_column][vc_single_image image=&#8221;1676&#8243; img_size=&#8221;full&#8221; alignment=&#8221;center&#8221;][\/vc_column][\/vc_row][vc_row full_width=&#8221;stretch_row&#8221; content_placement=&#8221;middle&#8221; kd_background_overlay=&#8221;default&#8221; kd_background_image_position=&#8221;vc_row-bg-position-top&#8221; css=&#8221;.vc_custom_1695900019997{padding-top: 80px !important;padding-right: 46px !important;padding-bottom: 80px !important;padding-left: 46px !important;background-image: url(https:\/\/certech.hypefarm-test.it\/ceramic-processing-plants\/wp-content\/uploads\/2023\/09\/Raggruppa-407.jpg?id=297) !important;background-position: center !important;background-repeat: no-repeat !important;background-size: cover !important;}&#8221; css_tablet_portrait=&#8221;.vc_custom_1695900019997{margin-bottom: 50px !important;background-position: center !important;background-repeat: no-repeat !important;background-size: cover !important;}&#8221; css_mobile=&#8221;.vc_custom_1695900019998{margin-bottom: 50px !important;background-position: center !important;background-repeat: no-repeat !important;background-size: cover !important;}&#8221;][vc_column]<header class=\"kd-section-title col-lg-12 text-center\" ><h2 class=\"kd-main-title separator_off\" style=\"color: #ffffff;font-size: 36;font-weight: 700;\">Voulez-vous en savoir plus?<\/h2><\/header>[vc_row_inner kd_background_overlay=&#8221;default&#8221; kd_background_image_position=&#8221;vc_row-bg-position-top&#8221;][vc_column_inner width=&#8221;1\/4&#8243;][\/vc_column_inner][vc_column_inner width=&#8221;1\/4&#8243;]<a href=\"https:\/\/certech.hypefarm-test.it\/ceramic-processing-plants\/wp-content\/uploads\/2023\/10\/Depl_FRANGIZOLLE_bassa.pdf\" target=\"_self\"   class=\"tt_button tt_primary_button btn_secondary_color hover_solid_primary button-center button-action-link   vc_custom_1698641570261 kd-animated zoomIn\" data-text=\"T\u00c9L\u00c9CHARGEZ LE CATALOGUE\" style=\"width:200px;\" data-animation-delay=200><span class=\"prim_text\">T\u00c9L\u00c9CHARGEZ LE CATALOGUE<\/span><\/a>[\/vc_column_inner][vc_column_inner width=&#8221;1\/4&#8243;]<a href=\"https:\/\/certech.hypefarm-test.it\/fr\/contacts\/\" target=\"_self\"   class=\"tt_button tt_primary_button btn_secondary_color hover_solid_primary button-center button-action-link   vc_custom_1698403769341 kd-animated zoomIn\" data-text=\"CONTACTEZ-NOUS\" style=\"width:200px;\" data-animation-delay=200><span class=\"prim_text\">CONTACTEZ-NOUS<\/span><\/a>[\/vc_column_inner][vc_column_inner width=&#8221;1\/4&#8243;][\/vc_column_inner][\/vc_row_inner][\/vc_column][\/vc_row][vc_row kd_background_overlay=&#8221;default&#8221; kd_background_image_position=&#8221;vc_row-bg-position-top&#8221; css=&#8221;.vc_custom_1696502280431{margin-top: 80px !important;}&#8221;][vc_column]<header class=\"kd-section-title col-lg-12 text-left\" ><h2 class=\"kd-main-title separator_off\" >Regarde aussi<\/h2><\/header>[\/vc_column][\/vc_row][vc_row kd_background_overlay=&#8221;default&#8221; kd_background_image_position=&#8221;vc_row-bg-position-top&#8221;][vc_column][vc_basic_grid post_type=&#8221;page&#8221; max_items=&#8221;4&#8243; element_width=&#8221;3&#8243; orderby=&#8221;title&#8221; item=&#8221;1883&#8243; grid_id=&#8221;vc_gid:1698641427459-d3a544d4-fd6f-1&#8243; taxonomies=&#8221;36&#8243;][\/vc_column][\/vc_row]<\/p>\n<\/div>","protected":false},"excerpt":{"rendered":"<p>[vc_row full_width=&#8221;stretch_row&#8221; gap=&#8221;20&#8243; equal_height=&#8221;yes&#8221; kd_background_overlay=&#8221;default&#8221; kd_background_image_position=&#8221;vc_row-bg-position-top&#8221; css=&#8221;.vc_custom_1696423098008{margin-top: 100px !important;padding-top: 100px !important;padding-bottom: 100px !important;background-color: #f5f5f5 !important;}&#8221; el_class=&#8221;swap-on-mobile&#8221;][vc_column width=&#8221;1\/2&#8243;][vc_single_image image=&#8221;1651&#8243; img_size=&#8221;full&#8221;][vc_empty_space][\/vc_column][vc_column width=&#8221;1\/2&#8243;][vc_separator [&hellip;]<\/p>\n","protected":false},"author":1,"featured_media":1653,"parent":2078,"menu_order":0,"comment_status":"closed","ping_status":"closed","template":"","meta":[],"categories":[45],"tags":[],"_links":{"self":[{"href":"https:\/\/certech.hypefarm-test.it\/fr\/wp-json\/wp\/v2\/pages\/2598"}],"collection":[{"href":"https:\/\/certech.hypefarm-test.it\/fr\/wp-json\/wp\/v2\/pages"}],"about":[{"href":"https:\/\/certech.hypefarm-test.it\/fr\/wp-json\/wp\/v2\/types\/page"}],"author":[{"embeddable":true,"href":"https:\/\/certech.hypefarm-test.it\/fr\/wp-json\/wp\/v2\/users\/1"}],"replies":[{"embeddable":true,"href":"https:\/\/certech.hypefarm-test.it\/fr\/wp-json\/wp\/v2\/comments?post=2598"}],"version-history":[{"count":2,"href":"https:\/\/certech.hypefarm-test.it\/fr\/wp-json\/wp\/v2\/pages\/2598\/revisions"}],"predecessor-version":[{"id":2600,"href":"https:\/\/certech.hypefarm-test.it\/fr\/wp-json\/wp\/v2\/pages\/2598\/revisions\/2600"}],"up":[{"embeddable":true,"href":"https:\/\/certech.hypefarm-test.it\/fr\/wp-json\/wp\/v2\/pages\/2078"}],"wp:featuredmedia":[{"embeddable":true,"href":"https:\/\/certech.hypefarm-test.it\/fr\/wp-json\/wp\/v2\/media\/1653"}],"wp:attachment":[{"href":"https:\/\/certech.hypefarm-test.it\/fr\/wp-json\/wp\/v2\/media?parent=2598"}],"wp:term":[{"taxonomy":"category","embeddable":true,"href":"https:\/\/certech.hypefarm-test.it\/fr\/wp-json\/wp\/v2\/categories?post=2598"},{"taxonomy":"post_tag","embeddable":true,"href":"https:\/\/certech.hypefarm-test.it\/fr\/wp-json\/wp\/v2\/tags?post=2598"}],"curies":[{"name":"wp","href":"https:\/\/api.w.org\/{rel}","templated":true}]}}