{"id":1954,"date":"2023-09-29T11:10:52","date_gmt":"2023-09-29T09:10:52","guid":{"rendered":"https:\/\/certech.hypefarm-test.it\/il-gruppo\/"},"modified":"2023-10-26T10:28:22","modified_gmt":"2023-10-26T08:28:22","slug":"o-grupo","status":"publish","type":"page","link":"https:\/\/certech.hypefarm-test.it\/pt-pt\/o-grupo\/","title":{"rendered":"O GRUPO"},"content":{"rendered":"<div class=\"wpb-content-wrapper\"><p>[vc_row full_width=&#8221;stretch_row_content&#8221; content_placement=&#8221;middle&#8221; kd_background_overlay=&#8221;default&#8221; kd_background_image_position=&#8221;vc_row-bg-position-top&#8221; css=&#8221;.vc_custom_1695977874073{padding-top: 100px !important;padding-bottom: 100px !important;background-image: url(https:\/\/certech.hypefarm-test.it\/ceramic-processing-plants\/wp-content\/uploads\/2023\/09\/il-gruppo.jpg?id=340) !important;}&#8221;][vc_column]<header class=\"kd-section-title col-lg-12 text-center\" ><p class=\"st-overline custom-color\" style=\"color:#ffffff;font-weight:400;\">O GRUPO<\/p><h1 class=\"kd-main-title separator_off\" style=\"color: #ffffff;font-size: 50;font-weight: 600;\">Uma sinergia Global com a Certech SPA<\/h1><\/header>[\/vc_column][\/vc_row][vc_row gap=&#8221;20&#8243; equal_height=&#8221;yes&#8221; kd_background_overlay=&#8221;default&#8221; kd_background_image_position=&#8221;vc_row-bg-position-top&#8221; css=&#8221;.vc_custom_1695121559558{padding-top: 70px !important;padding-bottom: 70px !important;}&#8221;][vc_column width=&#8221;1\/2&#8243;]<header class=\"kd-section-title col-lg-12 text-left\" ><p class=\"st-overline inherit-color\" >CERTECH<\/p><h2 class=\"kd-main-title separator_off\" style=\"font-size: 36;font-weight: 700;\">Uma sinergia Global com a Certech SPA<\/h2><h6 class=\"subtitle\" >Uma excel\u00eancia global na ind\u00fastria da Cer\u00e2mica<br \/>\nA Certech SPA \u00e9 a empresa-m\u00e3e de um grupo de empresas altamente especializadas na ind\u00fastria cer\u00e2mica ativas tanto na It\u00e1lia como no exterior. A nossa rede global de divis\u00f5es especializadas \u00e9 o cora\u00e7\u00e3o pulsante da inova\u00e7\u00e3o no setor. Dentro deste grupo din\u00e2mico, encontramos empresas l\u00edderes em fornecer solu\u00e7\u00f5es avan\u00e7adas para a gest\u00e3o das mat\u00e9rias-primas para a ind\u00fastria cer\u00e2mica, e outras que em pouco tempo se tornaram um ponto de refer\u00eancia mundial na produ\u00e7\u00e3o de sistemas de peneiramento e desferriza\u00e7\u00e3o para empresas da ind\u00fastria cer\u00e2mica.<br \/>\nCompartilhamos uma paix\u00e3o comum para a inova\u00e7\u00e3o e o progresso, colocando a nossa compet\u00eancia a servi\u00e7o das empresas, clientes que operam na ind\u00fastria cer\u00e2mica.<\/h6><\/header><a href=\"\/pr-pr\/about-us\/\" target=\"_self\"   class=\"tt_button tt_primary_button btn_primary_color hover_solid_secondary btn-align-left button-action-link\" data-text=\"DESCUBRA MAIS\" style=\"width:200px;\"><span class=\"prim_text\">DESCUBRA MAIS<\/span><\/a>[\/vc_column][vc_column width=&#8221;1\/2&#8243;]<div class=\"photo-gallery-wrapper kd-photo-gallery-69fca0b7a0191  slider-layout nav-dots gray-navigation carousel-module\" >\r\n              <div class=\"gallery-items\"><div class=\"pg-child-image\" ><img width=\"610\" height=\"416\" src=\"https:\/\/certech.hypefarm-test.it\/ceramic-processing-plants\/wp-content\/uploads\/2023\/09\/Gruppo-certech-1.jpg\" class=\"attachment-full\" alt=\"\" decoding=\"async\" loading=\"lazy\" title=\"Gruppo certech 1\" srcset=\"https:\/\/certech.hypefarm-test.it\/ceramic-processing-plants\/wp-content\/uploads\/2023\/09\/Gruppo-certech-1.jpg 610w, https:\/\/certech.hypefarm-test.it\/ceramic-processing-plants\/wp-content\/uploads\/2023\/09\/Gruppo-certech-1-300x205.jpg 300w\" sizes=\"(max-width: 610px) 100vw, 610px\" \/><\/div><div class=\"pg-child-image\" ><img width=\"610\" height=\"416\" src=\"https:\/\/certech.hypefarm-test.it\/ceramic-processing-plants\/wp-content\/uploads\/2023\/10\/Certech-magazzino-e-pronto-intervento.jpg\" class=\"attachment-full\" alt=\"\" decoding=\"async\" loading=\"lazy\" title=\"Certech-magazzino e pronto intervento\" srcset=\"https:\/\/certech.hypefarm-test.it\/ceramic-processing-plants\/wp-content\/uploads\/2023\/10\/Certech-magazzino-e-pronto-intervento.jpg 610w, https:\/\/certech.hypefarm-test.it\/ceramic-processing-plants\/wp-content\/uploads\/2023\/10\/Certech-magazzino-e-pronto-intervento-300x205.jpg 300w, https:\/\/certech.hypefarm-test.it\/ceramic-processing-plants\/wp-content\/uploads\/2023\/10\/Certech-magazzino-e-pronto-intervento-500x341.jpg 500w\" sizes=\"(max-width: 610px) 100vw, 610px\" \/><\/div><div class=\"pg-child-image\" ><img width=\"610\" height=\"416\" src=\"https:\/\/certech.hypefarm-test.it\/ceramic-processing-plants\/wp-content\/uploads\/2023\/10\/Gruppo-certech-2.jpg\" class=\"attachment-full\" alt=\"\" decoding=\"async\" loading=\"lazy\" title=\"Gruppo certech 2\" srcset=\"https:\/\/certech.hypefarm-test.it\/ceramic-processing-plants\/wp-content\/uploads\/2023\/10\/Gruppo-certech-2.jpg 610w, https:\/\/certech.hypefarm-test.it\/ceramic-processing-plants\/wp-content\/uploads\/2023\/10\/Gruppo-certech-2-300x205.jpg 300w, https:\/\/certech.hypefarm-test.it\/ceramic-processing-plants\/wp-content\/uploads\/2023\/10\/Gruppo-certech-2-500x341.jpg 500w\" sizes=\"(max-width: 610px) 100vw, 610px\" \/><\/div><\/div>\r\n            <\/div><script>\r\n              jQuery(document).ready(function($){\r\n                if ($(\".kd-photo-gallery-69fca0b7a0191 .gallery-items\").length) {\r\n                  $(\".kd-photo-gallery-69fca0b7a0191 .gallery-items\").owlCarousel({\r\n                    stageClass: \"owl-wrapper\",\r\n                    stageOuterClass: \"owl-wrapper-outer\",\r\n                    loadedClass: \"owl-carousel\",\r\n                    items: 1,\r\n                    rewind: true,\r\n                    responsive:{\r\n                        0:{\r\n                            dots: false,\r\n                            nav: true,\r\n                            navSpeed: 500,\r\n                        },\r\n                        1366:{\ndots: true,\r\n                                nav: false,\r\n                                dotsSpeed: 200,\r\n                                dotsEach: true,}\r\n                    },\nloop: true,\r\n                    addClassActive: true,\r\n                  });\r\n                }\r\n              });\r\n            <\/script>[\/vc_column][\/vc_row][vc_row gap=&#8221;20&#8243; equal_height=&#8221;yes&#8221; kd_background_overlay=&#8221;default&#8221; kd_background_image_position=&#8221;vc_row-bg-position-top&#8221; css=&#8221;.vc_custom_1695978423771{padding-top: 70px !important;padding-bottom: 70px !important;}&#8221;][vc_column width=&#8221;1\/4&#8243;][vc_column_text]<\/p>\n<h4 style=\"text-align: center; font-size: 18px;\">CERTECH IT\u00c1LIA<\/h4>\n<p>[\/vc_column_text][vc_separator color=&#8221;custom&#8221; accent_color=&#8221;#007e3f&#8221; css=&#8221;.vc_custom_1695978574627{margin-top: 20px !important;margin-bottom: 20px !important;}&#8221;][vc_column_text]<\/p>\n<p style=\"text-align: center; line-height: 20px; font-size: 15px;\">A Certech It\u00e1lia \u00e9 l\u00edder de setor para o projeto, instala\u00e7\u00e3o e assist\u00eancia de plantas e componentes essenciais para a ind\u00fastria cer\u00e2mica. Os nossos produtos despontam para a efici\u00eancia, resist\u00eancia e qualidade: nos nosso cat\u00e1logo, encontram-se revestimentos em borracha para moinhos, atomizadores e relativos sistemas de potenciamento, acess\u00f3rios para a esmaltagem, plantas de moagem a \u00famido, modifica\u00e7\u00e3o para moinhos modulares cont\u00ednuos e transforma\u00e7\u00e3o de moinhos descont\u00ednuos em moinhos modulares cont\u00ednuos.<\/p>\n<p>[\/vc_column_text][\/vc_column][vc_column width=&#8221;1\/4&#8243;][vc_column_text]<\/p>\n<h4 style=\"text-align: center; font-size: 18px;\">CERTECH IMPIANTI DE MEXICO<\/h4>\n<p>[\/vc_column_text][vc_separator color=&#8221;custom&#8221; accent_color=&#8221;#007e3f&#8221; css=&#8221;.vc_custom_1695978574627{margin-top: 20px !important;margin-bottom: 20px !important;}&#8221;][vc_column_text]<\/p>\n<p style=\"text-align: center; line-height: 20px; font-size: 15px;\">A nossa divis\u00e3o Certech Impianti de Mexico \u00e9 o ponto de refer\u00eancia para os servi\u00e7os de consultoria t\u00e9cnica, instala\u00e7\u00e3o e assist\u00eancia p\u00f3s-vendas de m\u00e1quinas, pe\u00e7as de reposi\u00e7\u00e3o e revestimentos para moinhos.<\/p>\n<p>[\/vc_column_text][\/vc_column][vc_column width=&#8221;1\/4&#8243;][vc_column_text]<\/p>\n<h4 style=\"text-align: center; font-size: 18px;\">CERTECH ESPANHA<\/h4>\n<p>[\/vc_column_text][vc_separator color=&#8221;custom&#8221; accent_color=&#8221;#007e3f&#8221; css=&#8221;.vc_custom_1695978574627{margin-top: 20px !important;margin-bottom: 20px !important;}&#8221;][vc_column_text]<\/p>\n<p style=\"text-align: center; line-height: 20px; font-size: 15px;\"><span style=\"font-weight: 400;\">Certech Spain \u00e9 a empresa de refer\u00eancia na Espanha para consultoria t\u00e9cnica avan\u00e7ada, instala\u00e7\u00e3o e assist\u00eancia p\u00f3s-venda de m\u00e1quinas, pe\u00e7as de reposi\u00e7\u00e3o, revestimentos para moinhos e regenera\u00e7\u00e3o de redes met\u00e1licas para peneiras vibrat\u00f3rias.<br \/>\nCERTECH USA<\/span><\/p>\n<p>[\/vc_column_text][\/vc_column][vc_column width=&#8221;1\/4&#8243;][vc_column_text]<\/p>\n<h4 style=\"text-align: center; font-size: 18px;\">CERTECH U.S.A.<\/h4>\n<p>[\/vc_column_text][vc_separator color=&#8221;custom&#8221; accent_color=&#8221;#007e3f&#8221; css=&#8221;.vc_custom_1695978574627{margin-top: 20px !important;margin-bottom: 20px !important;}&#8221;][vc_column_text]<\/p>\n<p style=\"text-align: center; line-height: 20px; font-size: 15px;\">Certech USA \u00e9 a empresa de ponta nos Estados Unidos para consultoria t\u00e9cnica, instala\u00e7\u00e3o e suporte p\u00f3s-venda de m\u00e1quinas, pe\u00e7as de reposi\u00e7\u00e3o e revestimentos para moinhos.<\/p>\n<p>[\/vc_column_text][\/vc_column][\/vc_row][vc_row full_width=&#8221;stretch_row_content_no_spaces&#8221; kd_background_overlay=&#8221;default&#8221; kd_background_image_position=&#8221;vc_row-bg-position-top&#8221;][vc_column][vc_single_image image=&#8221;379&#8243; img_size=&#8221;full&#8221;][\/vc_column][\/vc_row][vc_row kd_background_overlay=&#8221;default&#8221; kd_background_image_position=&#8221;vc_row-bg-position-top&#8221; css=&#8221;.vc_custom_1696861114730{padding-top: 60px !important;padding-bottom: 20px !important;}&#8221;][vc_column][vc_column_text]<\/p>\n<h2 style=\"text-align: center; font-size: 26px; letter-spacing: 2px;\">FAZEM PARTE DO NOSSO GRUPO:<\/h2>\n<p>[\/vc_column_text][\/vc_column][\/vc_row][vc_row full_width=&#8221;stretch_row_content&#8221; gap=&#8221;20&#8243; equal_height=&#8221;yes&#8221; content_placement=&#8221;middle&#8221; kd_background_overlay=&#8221;default&#8221; kd_background_image_position=&#8221;vc_row-bg-position-top&#8221; css=&#8221;.vc_custom_1695980569338{margin-top: 30px !important;padding-top: 100px !important;padding-bottom: 70px !important;}&#8221;][vc_column width=&#8221;1\/6&#8243;][\/vc_column][vc_column width=&#8221;1\/3&#8243; css=&#8221;.vc_custom_1695980385186{padding-left: 50px !important;}&#8221;][vc_single_image image=&#8221;411&#8243; img_size=&#8221;medium&#8221;][vc_empty_space][vc_column_text]<\/p>\n<p style=\"font-size: 15px; text-align: left;\"><span style=\"font-weight: 400;\">VIBROTECH \u00e9 um <\/span><b>produtor global de sistemas de peneiramento e desferriza\u00e7\u00e3o<\/b><span style=\"font-weight: 400;\"> renomado com uma ampla escolha de produtos entre os quais peneiras vibrat\u00f3rias circulares e retangulares, desferrizadores magn\u00e9ticos e eletromagn\u00e9ticos, grupos com rodas, filtros, grades e muitos outros complementos. Com os seus servi\u00e7os, garantem a m\u00e1xima qualidade e oferecem solu\u00e7\u00f5es personalizadas para cada cliente.<\/span><\/p>\n<p>[\/vc_column_text][vc_empty_space]<a href=\"https:\/\/vibrotech.biz\/\" target=\"_blank\"   class=\"tt_button tt_primary_button btn_primary_color hover_solid_secondary btn-align-left button-action-link\" data-text=\"V\u00c1 NO SITE\" style=\"width:200px;\"><span class=\"prim_text\">V\u00c1 NO SITE<\/span><\/a>[\/vc_column][vc_column width=&#8221;1\/2&#8243;][vc_single_image image=&#8221;416&#8243; img_size=&#8221;full&#8221;][\/vc_column][\/vc_row][vc_row full_width=&#8221;stretch_row_content&#8221; gap=&#8221;20&#8243; equal_height=&#8221;yes&#8221; content_placement=&#8221;middle&#8221; kd_background_overlay=&#8221;default&#8221; kd_background_image_position=&#8221;vc_row-bg-position-top&#8221; css=&#8221;.vc_custom_1695980270951{margin-top: 30px !important;padding-top: 100px !important;padding-bottom: 70px !important;background-color: #f5f5f5 !important;}&#8221;][vc_column width=&#8221;1\/2&#8243;][vc_single_image image=&#8221;391&#8243; img_size=&#8221;full&#8221;][\/vc_column][vc_column width=&#8221;1\/3&#8243; css=&#8221;.vc_custom_1695980385186{padding-left: 50px !important;}&#8221;][vc_single_image image=&#8221;386&#8243; img_size=&#8221;medium&#8221;][vc_empty_space][vc_column_text]<span style=\"font-weight: 400;\">EURORUBBER [e uma empresa l\u00edder na <\/span><b>produ\u00e7\u00e3o de misturas em borracha<\/b><span style=\"font-weight: 400;\">, oferecendo uma ampla gama de produtos para diversos setores, entre os quais, automotivos, eletrodom\u00e9sticos, constru\u00e7\u00e3o civil, aerospaciais e muitos outros.\u00a0 <\/span><span style=\"font-weight: 400;\">Gra\u00e7as a um laborat\u00f3rio moderno e controles de produ\u00e7\u00e3o avan\u00e7ados, garante produtos de alta qualidade. A pesquisa e o desenvolvimento est\u00e3o no foco da empresa, sempre voltada \u00e0 inova\u00e7\u00e3o e ao respeito do ambiente e dos recursos.<\/span><\/p>\n<p><span style=\"font-weight: 400;\">\u00a0<\/span>[\/vc_column_text][vc_empty_space]<a href=\"https:\/\/eurorubber.it\/\" target=\"_blank\"   class=\"tt_button tt_primary_button btn_primary_color hover_solid_secondary btn-align-left button-action-link\" data-text=\"V\u00c1 NO SITE\" style=\"width:200px;\"><span class=\"prim_text\">V\u00c1 NO SITE<\/span><\/a>[\/vc_column][vc_column width=&#8221;1\/6&#8243;][\/vc_column][\/vc_row][vc_row full_width=&#8221;stretch_row_content&#8221; gap=&#8221;20&#8243; equal_height=&#8221;yes&#8221; content_placement=&#8221;middle&#8221; kd_background_overlay=&#8221;default&#8221; kd_background_image_position=&#8221;vc_row-bg-position-top&#8221; css=&#8221;.vc_custom_1695984633179{margin-top: 30px !important;padding-top: 100px !important;padding-bottom: 110px !important;}&#8221;][vc_column width=&#8221;1\/6&#8243;][\/vc_column][vc_column width=&#8221;1\/3&#8243; css=&#8221;.vc_custom_1695980385186{padding-left: 50px !important;}&#8221;][vc_single_image image=&#8221;422&#8243; img_size=&#8221;medium&#8221;][vc_empty_space][vc_column_text]<span style=\"font-weight: 400;\">RUBBER TECH \u00e9 uma empresa que se ocupa da produ\u00e7\u00e3o de elementos em borracha para revestir moinhos do setor cer\u00e2micos e de minera\u00e7\u00e3o.<\/span>[\/vc_column_text][vc_empty_space]<a href=\"http:\/\/www.rubbertech.it\/\" target=\"_blank\"   class=\"tt_button tt_primary_button btn_primary_color hover_solid_secondary btn-align-left button-action-link\" data-text=\"V\u00c1 NO SITE\" style=\"width:200px;\"><span class=\"prim_text\">V\u00c1 NO SITE<\/span><\/a>[\/vc_column][vc_column width=&#8221;1\/2&#8243;][vc_single_image image=&#8221;1870&#8243; img_size=&#8221;full&#8221;][\/vc_column][\/vc_row][vc_row full_width=&#8221;stretch_row_content&#8221; gap=&#8221;20&#8243; equal_height=&#8221;yes&#8221; content_placement=&#8221;middle&#8221; kd_background_overlay=&#8221;default&#8221; kd_background_image_position=&#8221;vc_row-bg-position-top&#8221; css=&#8221;.vc_custom_1695980270951{margin-top: 30px !important;padding-top: 100px !important;padding-bottom: 70px !important;background-color: #f5f5f5 !important;}&#8221;][vc_column width=&#8221;1\/2&#8243;][vc_single_image image=&#8221;406&#8243; img_size=&#8221;full&#8221;][\/vc_column][vc_column width=&#8221;1\/3&#8243; css=&#8221;.vc_custom_1695980385186{padding-left: 50px !important;}&#8221;][vc_single_image image=&#8221;401&#8243; img_size=&#8221;medium&#8221;][vc_empty_space][vc_column_text]<span style=\"font-weight: 400;\">NOVATECH \u00e9 uma empresa especializada no fornecimento de <\/span><b>solu\u00e7\u00f5es avan\u00e7adas para a gest\u00e3o das mat\u00e9rias-primas<\/b><span style=\"font-weight: 400;\">. Coloca \u00e0 disposi\u00e7\u00e3o plantas e m\u00e1quinas adequadamente projetadas, fabricadas com padr\u00f5es qualitativos elevados e utilizando tecnologias de vanguarda.<\/span>[\/vc_column_text][vc_empty_space]<a href=\"https:\/\/nova-tech.it\/\" target=\"_blank\"   class=\"tt_button tt_primary_button btn_primary_color hover_solid_secondary btn-align-left button-action-link\" data-text=\"V\u00c1 NO SITE\" style=\"width:200px;\"><span class=\"prim_text\">V\u00c1 NO SITE<\/span><\/a>[\/vc_column][vc_column width=&#8221;1\/6&#8243;][\/vc_column][\/vc_row][vc_row full_width=&#8221;stretch_row&#8221; content_placement=&#8221;middle&#8221; kd_background_overlay=&#8221;default&#8221; kd_background_image_position=&#8221;vc_row-bg-position-top&#8221; css=&#8221;.vc_custom_1695900019997{padding-top: 80px !important;padding-right: 46px !important;padding-bottom: 80px !important;padding-left: 46px !important;background-image: url(https:\/\/certech.hypefarm-test.it\/ceramic-processing-plants\/wp-content\/uploads\/2023\/09\/Raggruppa-407.jpg?id=297) !important;background-position: center !important;background-repeat: no-repeat !important;background-size: cover !important;}&#8221; css_tablet_portrait=&#8221;.vc_custom_1695900019997{margin-bottom: 50px !important;background-position: center !important;background-repeat: no-repeat !important;background-size: cover !important;}&#8221; css_mobile=&#8221;.vc_custom_1695900019998{margin-bottom: 50px !important;background-position: center !important;background-repeat: no-repeat !important;background-size: cover !important;}&#8221;][vc_column]<header class=\"kd-section-title col-lg-12 text-center\" ><h2 class=\"kd-main-title separator_off\" style=\"color: #ffffff;font-size: 36;font-weight: 700;\">Gostaria de saber mais?<\/h2><\/header><a href=\"https:\/\/certech.hypefarm-test.it\/pt-pt\/contatos\/\" target=\"_self\"   class=\"tt_button tt_primary_button btn_secondary_color hover_solid_white button-center button-action-link   vc_custom_1698305134675 kd-animated zoomIn\" data-text=\"CONTATE-NOS\" style=\"width:200px;\" data-animation-delay=200><span class=\"prim_text\">CONTATE-NOS<\/span><\/a>[\/vc_column][\/vc_row]<\/p>\n<\/div>","protected":false},"excerpt":{"rendered":"<p>[vc_row full_width=&#8221;stretch_row_content&#8221; content_placement=&#8221;middle&#8221; kd_background_overlay=&#8221;default&#8221; kd_background_image_position=&#8221;vc_row-bg-position-top&#8221; css=&#8221;.vc_custom_1695977874073{padding-top: 100px !important;padding-bottom: 100px !important;background-image: url(https:\/\/certech.hypefarm-test.it\/ceramic-processing-plants\/wp-content\/uploads\/2023\/09\/il-gruppo.jpg?id=340) !important;}&#8221;][vc_column][\/vc_column][\/vc_row][vc_row gap=&#8221;20&#8243; equal_height=&#8221;yes&#8221; kd_background_overlay=&#8221;default&#8221; kd_background_image_position=&#8221;vc_row-bg-position-top&#8221; css=&#8221;.vc_custom_1695121559558{padding-top: 70px !important;padding-bottom: 70px [&hellip;]<\/p>\n","protected":false},"author":1,"featured_media":0,"parent":0,"menu_order":0,"comment_status":"closed","ping_status":"closed","template":"","meta":[],"categories":[],"tags":[],"_links":{"self":[{"href":"https:\/\/certech.hypefarm-test.it\/pt-pt\/wp-json\/wp\/v2\/pages\/1954"}],"collection":[{"href":"https:\/\/certech.hypefarm-test.it\/pt-pt\/wp-json\/wp\/v2\/pages"}],"about":[{"href":"https:\/\/certech.hypefarm-test.it\/pt-pt\/wp-json\/wp\/v2\/types\/page"}],"author":[{"embeddable":true,"href":"https:\/\/certech.hypefarm-test.it\/pt-pt\/wp-json\/wp\/v2\/users\/1"}],"replies":[{"embeddable":true,"href":"https:\/\/certech.hypefarm-test.it\/pt-pt\/wp-json\/wp\/v2\/comments?post=1954"}],"version-history":[{"count":2,"href":"https:\/\/certech.hypefarm-test.it\/pt-pt\/wp-json\/wp\/v2\/pages\/1954\/revisions"}],"predecessor-version":[{"id":1956,"href":"https:\/\/certech.hypefarm-test.it\/pt-pt\/wp-json\/wp\/v2\/pages\/1954\/revisions\/1956"}],"wp:attachment":[{"href":"https:\/\/certech.hypefarm-test.it\/pt-pt\/wp-json\/wp\/v2\/media?parent=1954"}],"wp:term":[{"taxonomy":"category","embeddable":true,"href":"https:\/\/certech.hypefarm-test.it\/pt-pt\/wp-json\/wp\/v2\/categories?post=1954"},{"taxonomy":"post_tag","embeddable":true,"href":"https:\/\/certech.hypefarm-test.it\/pt-pt\/wp-json\/wp\/v2\/tags?post=1954"}],"curies":[{"name":"wp","href":"https:\/\/api.w.org\/{rel}","templated":true}]}}