{"id":1974,"date":"2023-09-28T15:46:49","date_gmt":"2023-09-28T13:46:49","guid":{"rendered":"https:\/\/certech.hypefarm-test.it\/certifications\/"},"modified":"2023-10-26T11:26:11","modified_gmt":"2023-10-26T09:26:11","slug":"certificacoes","status":"publish","type":"page","link":"https:\/\/certech.hypefarm-test.it\/pt-pt\/certificacoes\/","title":{"rendered":"CERTIFICA\u00c7\u00d5ES"},"content":{"rendered":"<div class=\"wpb-content-wrapper\"><p>[vc_row full_width=&#8221;stretch_row_content&#8221; content_placement=&#8221;middle&#8221; kd_background_overlay=&#8221;default&#8221; kd_background_image_position=&#8221;vc_row-bg-position-top&#8221; css=&#8221;.vc_custom_1695908810922{padding-top: 100px !important;padding-bottom: 100px !important;background-image: url(https:\/\/certech.hypefarm-test.it\/ceramic-processing-plants\/wp-content\/uploads\/2023\/09\/Raggruppa-408.jpg?id=327) !important;}&#8221;][vc_column]<header class=\"kd-section-title col-lg-12 text-center\" ><p class=\"st-overline custom-color\" style=\"color:#ffffff;font-weight:400;\">CERTIFICA\u00c7\u00d5ES<\/p><h1 class=\"kd-main-title separator_off\" style=\"color: #ffffff;font-size: 50;font-weight: 600;\">Qualidade certificada<\/h1><\/header>[\/vc_column][\/vc_row][vc_row gap=&#8221;20&#8243; equal_height=&#8221;yes&#8221; kd_background_overlay=&#8221;default&#8221; kd_background_image_position=&#8221;vc_row-bg-position-top&#8221; css=&#8221;.vc_custom_1695977975284{padding-top: 70px !important;padding-bottom: 0px !important;}&#8221;][vc_column width=&#8221;1\/2&#8243;]<header class=\"kd-section-title col-lg-12 text-left\" ><p class=\"st-overline inherit-color\" >CERTIFICA\u00c7\u00d5ES<\/p><h2 class=\"kd-main-title separator_off\" style=\"font-size: 36;font-weight: 700;\">Uma Garantia de Confiabilidade<\/h2><\/header>[\/vc_column][vc_column width=&#8221;1\/2&#8243;][\/vc_column][\/vc_row][vc_row gap=&#8221;20&#8243; equal_height=&#8221;yes&#8221; kd_background_overlay=&#8221;default&#8221; kd_background_image_position=&#8221;vc_row-bg-position-top&#8221; css=&#8221;.vc_custom_1695977982658{padding-top: 20px !important;padding-bottom: 70px !important;}&#8221;][vc_column width=&#8221;2\/12&#8243;][\/vc_column][vc_column width=&#8221;5\/12&#8243;][vc_column_text]<span style=\"font-weight: 400;\">Certech, empresa l\u00edder no setor da ind\u00fastria cer\u00e2mica, se compromete constantemente a garantir a <\/span><b>m\u00e1xima confiabilidade e satisfa\u00e7\u00e3o dos seus parceiros comerciais<\/b><span style=\"font-weight: 400;\">. Obtivemos o reconhecimento de prest\u00edgio Cribis, que certifica o nosso compromisso neste \u00e2mbito: \u00e9 uma demonstra\u00e7\u00e3o tang\u00edvel do nosso compromisso na constru\u00e7\u00e3o de<\/span><b> rela\u00e7\u00f5es s\u00f3lidas duradouras com os nossos fornecedores e clientes<\/b><span style=\"font-weight: 400;\">.<\/span>[\/vc_column_text][\/vc_column][vc_column width=&#8221;5\/12&#8243;][vc_column_text]<span style=\"font-weight: 400;\">As nossas certifica\u00e7\u00f5es representam uma <\/span><b>garantia de qualidade <\/b><span style=\"font-weight: 400;\">que se traduz diretamente no crescimento e no sucesso das parcerias que instauramos. Em um setor altamente especializado como aquele da ind\u00fastria cer\u00e2mica, \u00e9 fundamental poder contar com um parceiro confi\u00e1vel e competente. As certifica\u00e7\u00f5es Cribis confirmam o nosso compromisso constante em fornecer produtos e servi\u00e7os de alta qualidade, satisfazendo as exig\u00eancias mais rigorosas dos nossos clientes.<\/span>[\/vc_column_text][\/vc_column][\/vc_row][vc_row kd_background_overlay=&#8221;default&#8221; kd_background_image_position=&#8221;vc_row-bg-position-top&#8221; css=&#8221;.vc_custom_1695978080451{padding-bottom: 70px !important;}&#8221;][vc_column width=&#8221;1\/2&#8243;][vc_single_image image=&#8221;346&#8243; img_size=&#8221;full&#8221;][\/vc_column][vc_column width=&#8221;1\/2&#8243;][vc_single_image image=&#8221;351&#8243; img_size=&#8221;full&#8221;][\/vc_column][\/vc_row][vc_row full_width=&#8221;stretch_row&#8221; kd_background_overlay=&#8221;default&#8221; kd_background_image_position=&#8221;vc_row-bg-position-top&#8221; css=&#8221;.vc_custom_1695909325688{margin-bottom: 60px !important;padding-top: 100px !important;padding-bottom: 70px !important;background-color: #f5f5f5 !important;}&#8221; css_tablet_landscape=&#8221;.vc_custom_1695909325689{padding-bottom: 0px !important;}&#8221; css_tablet_portrait=&#8221;.vc_custom_1695909325689{padding-bottom: 0px !important;}&#8221; css_mobile=&#8221;.vc_custom_1695909325689{padding-bottom: 0px !important;}&#8221;][vc_column][vc_tta_tabs][vc_tta_section title=&#8221;CONFIABILIDADE&#8221; tab_id=&#8221;1649427683275-d4a0042e-8d2a0169-0fbd8f73-5c54&#8243;][vc_row_inner kd_background_overlay=&#8221;default&#8221; kd_background_image_position=&#8221;vc_row-bg-position-top&#8221; css=&#8221;.vc_custom_1649427529916{padding-top: 120px !important;padding-bottom: 80px !important;}&#8221; css_mobile=&#8221;.vc_custom_1649427529917{padding-top: 0px !important;}&#8221;][vc_column_inner css=&#8221;.vc_custom_1649427490504{padding-right: 100px !important;padding-left: 0px !important;}&#8221;]<header class=\"kd-section-title col-lg-12 text-left  vc_custom_1698311940734\" ><h4 class=\"kd-main-title separator_off\" >O parceiro ideal<\/h4><\/header>[vc_column_text]<span style=\"font-weight: 400;\">Temos orgulho das certifica\u00e7\u00f5es que recebemos, que testemunham a nossa confiabilidade como empresa ativa no setor da ind\u00fastria cer\u00e2mica. A confian\u00e7a \u00e9 o fundamento de cada parceria de sucesso e \u00e9 por isso que nos comprometemos constantemente a manter os padr\u00f5es mais elevados de confiabilidade. As certifica\u00e7\u00f5es Cribis, obtidas com empenho e dedica\u00e7\u00e3o, s\u00e3o um testemunho tang\u00edvel do nosso empenho em ser um parceiro no qual podemos contar sempre.<\/span>[\/vc_column_text][\/vc_column_inner][\/vc_row_inner][\/vc_tta_section][vc_tta_section title=&#8221;QUALIDADE&#8221; tab_id=&#8221;1695909117497-b14e3fb5-c614&#8243;][vc_row_inner kd_background_overlay=&#8221;default&#8221; kd_background_image_position=&#8221;vc_row-bg-position-top&#8221; css=&#8221;.vc_custom_1649427529916{padding-top: 120px !important;padding-bottom: 80px !important;}&#8221; css_mobile=&#8221;.vc_custom_1649427529917{padding-top: 0px !important;}&#8221;][vc_column_inner css=&#8221;.vc_custom_1649427490504{padding-right: 100px !important;padding-left: 0px !important;}&#8221;]<header class=\"kd-section-title col-lg-12 text-left  vc_custom_1698311969950\" ><h4 class=\"kd-main-title separator_off\" >Qualidade em cada detalhe<\/h4><\/header>[vc_column_text]<span style=\"font-weight: 400;\">A qualidade est\u00e1 no centro de tudo que fazemos. Os atestados Cribis que obtivemos refor\u00e7am o nosso empenho em fornecer produtos para a ind\u00fastria cer\u00e2mica da m\u00e1xima qualidade. N\u00f3s nos submetemos a processos rigorosos de controle de qualidade em cada fase da produ\u00e7\u00e3o, para garantir que cada pe\u00e7a que sai da nossa empresa esteja impec\u00e1vel.\u00a0<\/span><\/p>\n<p><span style=\"font-weight: 400;\">Quando escolhem Certech, escolhem a qualidade.<\/span>[\/vc_column_text][\/vc_column_inner][\/vc_row_inner][\/vc_tta_section][vc_tta_section title=&#8221;COMPET\u00caNCIA&#8221; tab_id=&#8221;1695909136526-3ccd5d67-9cd4&#8243;][vc_row_inner kd_background_overlay=&#8221;default&#8221; kd_background_image_position=&#8221;vc_row-bg-position-top&#8221; css=&#8221;.vc_custom_1649427529916{padding-top: 120px !important;padding-bottom: 80px !important;}&#8221; css_mobile=&#8221;.vc_custom_1649427529917{padding-top: 0px !important;}&#8221;][vc_column_inner css=&#8221;.vc_custom_1649427490504{padding-right: 100px !important;padding-left: 0px !important;}&#8221;]<header class=\"kd-section-title col-lg-12 text-left  vc_custom_1698311997035\" ><h4 class=\"kd-main-title separator_off\" >Compet\u00eancias avan\u00e7adas \u00e0 sua disposi\u00e7\u00e3o<\/h4><\/header>[vc_column_text]<span style=\"font-weight: 400;\">A ind\u00fastria cer\u00e2mica exige compet\u00eancias avan\u00e7adas e um conhecimento aprofundado de cada fase do processo de produ\u00e7\u00e3o. O nosso objetivo \u00e9 alcan\u00e7ar e superar estes padr\u00f5es de compet\u00eancia. O nosso time de especialista \u00e9 formado por profissionais altamente qualificados que trabalham com paix\u00e3o e dedica\u00e7\u00e3o. Escolher a Certech significa ter \u00e0 disposi\u00e7\u00e3o um time de especialistas prontos a colaborar com voc\u00eas para realizar projetos extraordin\u00e1rios.<\/span>[\/vc_column_text][\/vc_column_inner][\/vc_row_inner][\/vc_tta_section][\/vc_tta_tabs][\/vc_column][\/vc_row][vc_row content_placement=&#8221;middle&#8221; kd_background_overlay=&#8221;default&#8221; kd_background_image_position=&#8221;vc_row-bg-position-top&#8221; css=&#8221;.vc_custom_1695136769574{padding-top: 46px !important;padding-right: 46px !important;padding-bottom: 46px !important;padding-left: 46px !important;background-image: url(https:\/\/certech.hypefarm-test.it\/ceramic-processing-plants\/wp-content\/uploads\/2023\/09\/Raggruppa-223.jpg?id=162) !important;background-position: center !important;background-repeat: no-repeat !important;background-size: cover !important;}&#8221; css_tablet_portrait=&#8221;.vc_custom_1695136769575{margin-bottom: 50px !important;background-position: center !important;background-repeat: no-repeat !important;background-size: cover !important;}&#8221; css_mobile=&#8221;.vc_custom_1695136769575{margin-bottom: 50px !important;background-position: center !important;background-repeat: no-repeat !important;background-size: cover !important;}&#8221;][vc_column]<div class=\"kd-calltoaction\" >\n                <div class=\"container\">\n                  <div class=\"cta-text-container kd-animated fadeIn\" data-animation-delay=\"200\"><div class=\"cta-text\"><h2 style=\"color: #ffffff;\">Acesse a \u00e1rea reservada para<br \/>\ndescarregar os nossos manuais t\u00e9cnicos<\/h2><\/div>\n                    <\/div>\n                    <div class=\"cta-btncontainer\"><a href=\"\/pt-pt\/area-reservada\/\" target=\"_self\" class=\"tt_button btn_primary_color tt_primary_button hover_solid_secondary button-action-link icon_left kd-animated zoomIn\" data-text=\"\u00c1REA RESERVADA\" data-animation-delay=\"200\"><span class=\"fas fa-user iconita\" ><\/span><span class=\"prim_text\">\u00c1REA RESERVADA<\/span><\/a><\/div>\n                <\/div>\n            <\/div>[\/vc_column][\/vc_row]<\/p>\n<\/div>","protected":false},"excerpt":{"rendered":"<p>[vc_row full_width=&#8221;stretch_row_content&#8221; content_placement=&#8221;middle&#8221; kd_background_overlay=&#8221;default&#8221; kd_background_image_position=&#8221;vc_row-bg-position-top&#8221; css=&#8221;.vc_custom_1695908810922{padding-top: 100px !important;padding-bottom: 100px !important;background-image: url(https:\/\/certech.hypefarm-test.it\/ceramic-processing-plants\/wp-content\/uploads\/2023\/09\/Raggruppa-408.jpg?id=327) !important;}&#8221;][vc_column][\/vc_column][\/vc_row][vc_row gap=&#8221;20&#8243; equal_height=&#8221;yes&#8221; kd_background_overlay=&#8221;default&#8221; kd_background_image_position=&#8221;vc_row-bg-position-top&#8221; css=&#8221;.vc_custom_1695977975284{padding-top: 70px !important;padding-bottom: 0px [&hellip;]<\/p>\n","protected":false},"author":1,"featured_media":0,"parent":0,"menu_order":0,"comment_status":"closed","ping_status":"closed","template":"","meta":[],"categories":[],"tags":[],"_links":{"self":[{"href":"https:\/\/certech.hypefarm-test.it\/pt-pt\/wp-json\/wp\/v2\/pages\/1974"}],"collection":[{"href":"https:\/\/certech.hypefarm-test.it\/pt-pt\/wp-json\/wp\/v2\/pages"}],"about":[{"href":"https:\/\/certech.hypefarm-test.it\/pt-pt\/wp-json\/wp\/v2\/types\/page"}],"author":[{"embeddable":true,"href":"https:\/\/certech.hypefarm-test.it\/pt-pt\/wp-json\/wp\/v2\/users\/1"}],"replies":[{"embeddable":true,"href":"https:\/\/certech.hypefarm-test.it\/pt-pt\/wp-json\/wp\/v2\/comments?post=1974"}],"version-history":[{"count":2,"href":"https:\/\/certech.hypefarm-test.it\/pt-pt\/wp-json\/wp\/v2\/pages\/1974\/revisions"}],"predecessor-version":[{"id":1975,"href":"https:\/\/certech.hypefarm-test.it\/pt-pt\/wp-json\/wp\/v2\/pages\/1974\/revisions\/1975"}],"wp:attachment":[{"href":"https:\/\/certech.hypefarm-test.it\/pt-pt\/wp-json\/wp\/v2\/media?parent=1974"}],"wp:term":[{"taxonomy":"category","embeddable":true,"href":"https:\/\/certech.hypefarm-test.it\/pt-pt\/wp-json\/wp\/v2\/categories?post=1974"},{"taxonomy":"post_tag","embeddable":true,"href":"https:\/\/certech.hypefarm-test.it\/pt-pt\/wp-json\/wp\/v2\/tags?post=1974"}],"curies":[{"name":"wp","href":"https:\/\/api.w.org\/{rel}","templated":true}]}}