{"id":1991,"date":"2023-09-28T12:46:49","date_gmt":"2023-09-28T10:46:49","guid":{"rendered":"https:\/\/certech.hypefarm-test.it\/services\/"},"modified":"2023-10-26T12:13:21","modified_gmt":"2023-10-26T10:13:21","slug":"servicos","status":"publish","type":"page","link":"https:\/\/certech.hypefarm-test.it\/pt-pt\/servicos\/","title":{"rendered":"SERVI\u00c7OS"},"content":{"rendered":"<div class=\"wpb-content-wrapper\"><p>[vc_row full_width=&#8221;stretch_row_content&#8221; content_placement=&#8221;middle&#8221; kd_background_overlay=&#8221;default&#8221; kd_background_image_position=&#8221;vc_row-bg-position-top&#8221; css=&#8221;.vc_custom_1696610105992{padding-top: 100px !important;padding-bottom: 100px !important;background-image: url(https:\/\/certech.hypefarm-test.it\/ceramic-processing-plants\/wp-content\/uploads\/2023\/10\/Senza-titolo-1-1.jpg?id=1792) !important;background-position: center !important;background-repeat: no-repeat !important;background-size: cover !important;}&#8221;][vc_column]<header class=\"kd-section-title col-lg-12 text-center\" ><p class=\"st-overline custom-color\" style=\"color:#ffffff;font-weight:400;\">SERVI\u00c7OS<\/p><h1 class=\"kd-main-title separator_off\" style=\"color: #ffffff;font-size: 50;font-weight: 600;\">Servi\u00e7os para plantas da ind\u00fastria cer\u00e2mica<\/h1><\/header>[\/vc_column][\/vc_row][vc_row full_width=&#8221;stretch_row_content&#8221; kd_background_overlay=&#8221;gray-color&#8221; kd_background_image_position=&#8221;vc_row-bg-position-center&#8221; css=&#8221;.vc_custom_1695977678195{background-color: rgba(255,255,255,0) !important;background-position: center !important;background-repeat: no-repeat !important;background-size: cover !important;*background-color: rgb(255,255,255) !important;}&#8221; css_tablet_landscape=&#8221;.vc_custom_1695977678195{padding-top: 50px !important;}&#8221; css_tablet_portrait=&#8221;.vc_custom_1695977678195{padding-top: 50px !important;}&#8221; css_mobile=&#8221;.vc_custom_1695977678196{padding-top: 50px !important;}&#8221;][vc_column][vc_row_inner full_width=&#8221;inner_row_contained&#8221; content_placement=&#8221;middle&#8221; kd_background_overlay=&#8221;default&#8221; kd_background_image_position=&#8221;vc_row-bg-position-top&#8221; css=&#8221;.vc_custom_1649159243173{padding-top: 120px !important;padding-bottom: 90px !important;}&#8221; css_tablet_landscape=&#8221;.vc_custom_1649159243173{padding-top: 20px !important;}&#8221; css_tablet_portrait=&#8221;.vc_custom_1649159243173{padding-top: 20px !important;}&#8221; css_mobile=&#8221;.vc_custom_1649159243173{padding-top: 20px !important;}&#8221;][vc_column_inner css=&#8221;.vc_custom_1649159561692{padding-right: 35px !important;padding-left: 100px !important;}&#8221; offset=&#8221;vc_col-lg-offset-0 vc_col-lg-6 vc_col-md-offset-0 vc_col-md-6&#8243; css_tablet_landscape=&#8221;.vc_custom_1649159561693{padding-top: 100px !important;padding-right: 15px !important;padding-left: 15px !important;}&#8221; css_tablet_portrait=&#8221;.vc_custom_1649159561693{padding-top: 50px !important;padding-right: 15px !important;padding-left: 15px !important;}&#8221; css_mobile=&#8221;.vc_custom_1649159561693{padding-top: 50px !important;padding-right: 15px !important;padding-left: 15px !important;}&#8221;]<header class=\"kd-section-title col-lg-12 text-left  vc_custom_1698314798812 kd-animated fadeIn\" data-animation-delay=200><p class=\"st-overline inherit-color\" style=\"font-size:14px;margin-bottom:20px;\">O que podemos fazer por voc\u00ea<\/p><h2 class=\"kd-main-title separator_off\" style=\"margin-bottom:25px;\">Solu\u00e7\u00f5es sob medida<\/h2><h6 class=\"subtitle\" >Certech est\u00e1 h\u00e1 anos ao seu lado com solu\u00e7\u00f5es personalizadas e \u00e0 vanguarda que revolucionam o seu processo de produ\u00e7\u00e3o. Os nossos servi\u00e7os para a ind\u00fastria cer\u00e2mica s\u00e3o o cora\u00e7\u00e3o pulsante da nossa miss\u00e3o, projetados para garantir que a sua produ\u00e7\u00e3o n\u00e3o s\u00f3 funcione de modo impec\u00e1vel, mas desponte tamb\u00e9m para a qualidade e competitividade no mercado.<br \/>\nAcompanhamos o cliente em cada fase, do projeto \u00e0 instala\u00e7\u00e3o at\u00e9 o acionamento e a manuten\u00e7\u00e3o das m\u00e1quinas. Com os nossos servi\u00e7os de dep\u00f3sito e pronta interven\u00e7\u00e3o, poder\u00e3o concentrar-se a 100% sobre a sua produ\u00e7\u00e3o, enquanto nos ocupamos dos detalhes t\u00e9cnicos.<br \/>\nA sua tranquilidade \u00e9 a nossa prioridade.<\/h6><\/header><a href=\"https:\/\/certech.hypefarm-test.it\/pt-pt\/o-grupo\/\" target=\"_self\"   class=\"tt_button tt_primary_button btn_primary_color hover_solid_secondary btn-align-left button-action-link   kd-animated zoomIn\" data-text=\"O GRUPO\" style=\"width:200px;\" data-animation-delay=200><span class=\"prim_text\">O GRUPO<\/span><\/a>[\/vc_column_inner][vc_column_inner css=&#8221;.vc_custom_1649159658170{padding-top: 30px !important;padding-right: 75px !important;padding-bottom: 50px !important;padding-left: 0px !important;}&#8221; offset=&#8221;vc_col-lg-offset-0 vc_col-lg-6 vc_col-md-offset-0 vc_col-md-6 vc_col-sm-offset-0&#8243; css_tablet_landscape=&#8221;.vc_custom_1649159658171{padding-top: 80px !important;padding-right: 0px !important;}&#8221; css_tablet_portrait=&#8221;.vc_custom_1649159658171{padding-top: 60px !important;padding-right: 15px !important;padding-left: 15px !important;}&#8221; css_mobile=&#8221;.vc_custom_1649159658171{padding-right: 15px !important;padding-left: 15px !important;}&#8221;]<div class=\"kd-photo-group group-layout-left-right no-shadow enable-parallax disable-responsive\">\n                <div class=\"kd-group-image first-image-wrapper\" style=\"bottom: -5%;\"><div class=\"kd-group-image-animation kd-animated fadeInDown\" data-animation-delay=200><img width=\"250\" height=\"461\" src=\"https:\/\/certech.hypefarm-test.it\/ceramic-processing-plants\/wp-content\/uploads\/2023\/09\/Gruppo-di-maschere-120.jpg\" class=\"attachment-full\" alt=\"\" decoding=\"async\" loading=\"lazy\" title=\"Gruppo di maschere 120\" srcset=\"https:\/\/certech.hypefarm-test.it\/ceramic-processing-plants\/wp-content\/uploads\/2023\/09\/Gruppo-di-maschere-120.jpg 250w, https:\/\/certech.hypefarm-test.it\/ceramic-processing-plants\/wp-content\/uploads\/2023\/09\/Gruppo-di-maschere-120-163x300.jpg 163w\" sizes=\"(max-width: 250px) 100vw, 250px\" \/><\/div><\/div>\n                <div class=\"kd-group-image second-image-wrapper\" style=\"bottom: 5%;\"><div class=\"kd-group-image-animation kd-animated fadeInUp\" data-animation-delay=400><img width=\"251\" height=\"462\" src=\"https:\/\/certech.hypefarm-test.it\/ceramic-processing-plants\/wp-content\/uploads\/2023\/10\/photo-certech.jpg\" class=\"attachment-full\" alt=\"\" decoding=\"async\" loading=\"lazy\" title=\"photo-certech\" srcset=\"https:\/\/certech.hypefarm-test.it\/ceramic-processing-plants\/wp-content\/uploads\/2023\/10\/photo-certech.jpg 251w, https:\/\/certech.hypefarm-test.it\/ceramic-processing-plants\/wp-content\/uploads\/2023\/10\/photo-certech-163x300.jpg 163w\" sizes=\"(max-width: 251px) 100vw, 251px\" \/><\/div><\/div>\n            <\/div>[\/vc_column_inner][\/vc_row_inner][\/vc_column][\/vc_row][vc_row full_width=&#8221;stretch_row_content&#8221; gap=&#8221;20&#8243; equal_height=&#8221;yes&#8221; kd_background_overlay=&#8221;default&#8221; kd_background_image_position=&#8221;vc_row-bg-position-top&#8221; css=&#8221;.vc_custom_1696520872090{margin-top: 30px !important;padding-top: 100px !important;padding-bottom: 70px !important;background-color: #f5f5f5 !important;}&#8221; el_id=&#8221;progettazione&#8221;][vc_column width=&#8221;1\/2&#8243;][vc_single_image image=&#8221;273&#8243; img_size=&#8221;full&#8221;][\/vc_column][vc_column width=&#8221;2\/6&#8243;]<header class=\"kd-section-title col-lg-12 text-left\" ><p class=\"st-overline inherit-color\" >Fase 1<\/p><h2 class=\"kd-main-title separator_off\" style=\"font-size: 36;font-weight: 700;\">Projeto<\/h2><h6 class=\"subtitle\" >Certech fornece solu\u00e7\u00f5es sob medida para a ind\u00fastria cer\u00e2mica atrav\u00e9s de servi\u00e7os de projeto por excel\u00eancia. Os nossos especialistas colaboram com voc\u00eas para criar plantas e componentes de vanguarda que satisfa\u00e7am as suas exig\u00eancias espec\u00edficas.<br \/>\nO projeto \u00e9 o primeiro passo crucial para garantir um ambiente de produ\u00e7\u00e3o eficiente e de alta qualidade. Os nossos servi\u00e7os para o setor de processamento cer\u00e2mico se distinguem para a sua precis\u00e3o e inova\u00e7\u00e3o, contribuindo para melhorar a sua competitividade no mercado.<\/h6><\/header>[\/vc_column][vc_column width=&#8221;1\/6&#8243;][\/vc_column][\/vc_row][vc_row full_width=&#8221;stretch_row_content&#8221; gap=&#8221;20&#8243; equal_height=&#8221;yes&#8221; kd_background_overlay=&#8221;default&#8221; kd_background_image_position=&#8221;vc_row-bg-position-top&#8221; css=&#8221;.vc_custom_1697012472135{padding-top: 100px !important;padding-bottom: 70px !important;background-color: rgba(255,255,255,0.01) !important;*background-color: rgb(255,255,255) !important;}&#8221; el_id=&#8221;montaggio&#8221;][vc_column width=&#8221;1\/6&#8243;][\/vc_column][vc_column width=&#8221;2\/6&#8243;]<header class=\"kd-section-title col-lg-12 text-left\" ><p class=\"st-overline inherit-color\" >Fase 2<\/p><h2 class=\"kd-main-title separator_off\" style=\"font-size: 36;font-weight: 700;\">Montagem e instala\u00e7\u00e3o<\/h2><h6 class=\"subtitle\" >Depois de ter completado a fase de projeto, o nosso time altamente qualificado se ocupa da montagem e da instala\u00e7\u00e3o das plantas cer\u00e2micas. Estamos conscientes da import\u00e2ncia de uma planta impec\u00e1vel para garantir um funcionamento fluido e sem interrup\u00e7\u00f5es.<br \/>\nOs nossos t\u00e9cnicos especializados s\u00e3o especialistas na montagem de componentes avan\u00e7ados e complexos, colocando em campo compet\u00eancia e precis\u00e3o para garantir que cada sistema esteja pronto para operar ao m\u00e1ximo das suas potencialidades.<\/h6><\/header>[\/vc_column][vc_column width=&#8221;1\/2&#8243;][vc_single_image image=&#8221;1856&#8243; img_size=&#8221;full&#8221;][\/vc_column][\/vc_row][vc_row full_width=&#8221;stretch_row_content&#8221; kd_background_overlay=&#8221;gray-color&#8221; kd_background_image_position=&#8221;vc_row-bg-position-center&#8221; css=&#8221;.vc_custom_1696520903399{padding-top: 70px !important;padding-bottom: 70px !important;background-image: url(https:\/\/certech.hypefarm-test.it\/ceramic-processing-plants\/wp-content\/uploads\/2023\/09\/Raggruppa-406.jpg?id=283) !important;background-position: center !important;background-repeat: no-repeat !important;background-size: cover !important;}&#8221; css_tablet_landscape=&#8221;.vc_custom_1696520903399{padding-top: 50px !important;}&#8221; css_tablet_portrait=&#8221;.vc_custom_1696520903399{padding-top: 50px !important;}&#8221; css_mobile=&#8221;.vc_custom_1696520903400{padding-top: 50px !important;}&#8221; el_id=&#8221;assistenza&#8221;][vc_column][vc_row_inner full_width=&#8221;inner_row_contained&#8221; content_placement=&#8221;middle&#8221; kd_background_overlay=&#8221;default&#8221; kd_background_image_position=&#8221;vc_row-bg-position-top&#8221; css=&#8221;.vc_custom_1649159243173{padding-top: 120px !important;padding-bottom: 90px !important;}&#8221; css_tablet_landscape=&#8221;.vc_custom_1649159243173{padding-top: 20px !important;}&#8221; css_tablet_portrait=&#8221;.vc_custom_1649159243173{padding-top: 20px !important;}&#8221; css_mobile=&#8221;.vc_custom_1649159243173{padding-top: 20px !important;}&#8221;][vc_column_inner css=&#8221;.vc_custom_1649159658170{padding-top: 30px !important;padding-right: 75px !important;padding-bottom: 50px !important;padding-left: 0px !important;}&#8221; offset=&#8221;vc_col-lg-offset-0 vc_col-lg-6 vc_col-md-offset-0 vc_col-md-6 vc_col-sm-offset-0&#8243; css_tablet_landscape=&#8221;.vc_custom_1649159658171{padding-top: 80px !important;padding-right: 0px !important;}&#8221; css_tablet_portrait=&#8221;.vc_custom_1649159658171{padding-top: 60px !important;padding-right: 15px !important;padding-left: 15px !important;}&#8221; css_mobile=&#8221;.vc_custom_1649159658171{padding-right: 15px !important;padding-left: 15px !important;}&#8221;]<div class=\"kd-photo-group group-layout-left-right no-shadow enable-parallax disable-responsive\">\n                <div class=\"kd-group-image first-image-wrapper\" style=\"bottom: -5%;\"><div class=\"kd-group-image-animation kd-animated fadeInDown\" data-animation-delay=200><img width=\"251\" height=\"462\" src=\"https:\/\/certech.hypefarm-test.it\/ceramic-processing-plants\/wp-content\/uploads\/2023\/10\/Assistenza-e-manutenzione.jpg\" class=\"attachment-full\" alt=\"\" decoding=\"async\" loading=\"lazy\" title=\"Assistenza e manutenzione\" srcset=\"https:\/\/certech.hypefarm-test.it\/ceramic-processing-plants\/wp-content\/uploads\/2023\/10\/Assistenza-e-manutenzione.jpg 251w, https:\/\/certech.hypefarm-test.it\/ceramic-processing-plants\/wp-content\/uploads\/2023\/10\/Assistenza-e-manutenzione-163x300.jpg 163w\" sizes=\"(max-width: 251px) 100vw, 251px\" \/><\/div><\/div>\n                <div class=\"kd-group-image second-image-wrapper\" style=\"bottom: 5%;\"><div class=\"kd-group-image-animation kd-animated fadeInUp\" data-animation-delay=400><img width=\"250\" height=\"461\" src=\"https:\/\/certech.hypefarm-test.it\/ceramic-processing-plants\/wp-content\/uploads\/2023\/09\/Gruppo-di-maschere-124.jpg\" class=\"attachment-full\" alt=\"\" decoding=\"async\" loading=\"lazy\" title=\"Gruppo di maschere 124\" srcset=\"https:\/\/certech.hypefarm-test.it\/ceramic-processing-plants\/wp-content\/uploads\/2023\/09\/Gruppo-di-maschere-124.jpg 250w, https:\/\/certech.hypefarm-test.it\/ceramic-processing-plants\/wp-content\/uploads\/2023\/09\/Gruppo-di-maschere-124-163x300.jpg 163w\" sizes=\"(max-width: 250px) 100vw, 250px\" \/><\/div><\/div>\n            <\/div>[\/vc_column_inner][vc_column_inner css=&#8221;.vc_custom_1649159561692{padding-right: 35px !important;padding-left: 100px !important;}&#8221; offset=&#8221;vc_col-lg-offset-0 vc_col-lg-6 vc_col-md-offset-0 vc_col-md-6&#8243; css_tablet_landscape=&#8221;.vc_custom_1649159561693{padding-top: 100px !important;padding-right: 15px !important;padding-left: 15px !important;}&#8221; css_tablet_portrait=&#8221;.vc_custom_1649159561693{padding-top: 50px !important;padding-right: 15px !important;padding-left: 15px !important;}&#8221; css_mobile=&#8221;.vc_custom_1649159561693{padding-top: 50px !important;padding-right: 15px !important;padding-left: 15px !important;}&#8221;]<header class=\"kd-section-title col-lg-12 text-left  vc_custom_1698314883420 kd-animated fadeIn\" data-animation-delay=200><p class=\"st-overline custom-color\" style=\"color:#ffffff;font-size:14px;margin-bottom:20px;\">Fase 3<\/p><h2 class=\"kd-main-title separator_off\" style=\"color: #ffffff;margin-bottom:25px;\">Assist\u00eancia e manuten\u00e7\u00e3o p\u00f3s-venda<\/h2><h6 class=\"subtitle\" style=\"color: #ffffff;\">O nosso compromisso n\u00e3o para no projeto e a instala\u00e7\u00e3o. Oferecemos um servi\u00e7o de assist\u00eancia e manuten\u00e7\u00e3o p\u00f3s-venda completo, para garantir a m\u00e1xima efici\u00eancia operativa das suas plantas para o processamento da cer\u00e2mica. O nosso time especializado est\u00e1 sempre dispon\u00edvel para responder prontamente \u00e0s suas exig\u00eancias.<br \/>\nRealizamos regularmente inspe\u00e7\u00f5es para manuten\u00e7\u00e3o preventiva e a supervis\u00e3o dos componentes, oferecendo servi\u00e7os de reparo e pe\u00e7as de reposi\u00e7\u00e3o, quando necess\u00e1rio. N\u00e3o negligenciamos nem os detalhes, com uma aten\u00e7\u00e3o particular \u00e0 manuten\u00e7\u00e3o dos revestimentos existentes, preservando a qualidade dos seus produtos.<\/h6><\/header><a href=\"https:\/\/certech.hypefarm-test.it\/pt-pt\/o-grupo\/\" target=\"_self\"   class=\"tt_button tt_primary_button btn_primary_color hover_solid_secondary btn-align-left button-action-link   kd-animated zoomIn\" data-text=\"O GRUPO\" style=\"width:200px;\" data-animation-delay=200><span class=\"prim_text\">O GRUPO<\/span><\/a>[\/vc_column_inner][\/vc_row_inner][\/vc_column][\/vc_row][vc_row full_width=&#8221;stretch_row_content&#8221; gap=&#8221;20&#8243; equal_height=&#8221;yes&#8221; kd_background_overlay=&#8221;default&#8221; kd_background_image_position=&#8221;vc_row-bg-position-top&#8221; css=&#8221;.vc_custom_1695900286570{padding-top: 100px !important;padding-bottom: 70px !important;}&#8221;][vc_column width=&#8221;1\/6&#8243;][\/vc_column][vc_column width=&#8221;2\/6&#8243;]<header class=\"kd-section-title col-lg-12 text-left\" ><p class=\"st-overline inherit-color\" >OPERATIVIDADE 24\/7<\/p><h2 class=\"kd-main-title separator_off\" style=\"font-size: 36;font-weight: 700;\">Dep\u00f3sito e pronta interven\u00e7\u00e3o<\/h2><h6 class=\"subtitle\" >Na Certech, compreendemos a import\u00e2ncia da celeridade. Este \u00e9 o motivo pelo qual dispomos de um vasto dep\u00f3sito de borracha - tanto na It\u00e1lia como nas nossas tr\u00eas filiais no exterior - estrategicamente posicionado para permitir uma interven\u00e7\u00e3o imediata no caso de urg\u00eancia. O nosso dep\u00f3sito \u00e9 m recurso fundamental, com uma ampla gama de componentes e pe\u00e7as de reposi\u00e7\u00e3o de alta qualidade, prontas para o envio quando necess\u00e1rio.<br \/>\nA sua continuidade operacional \u00e9 essencial para n\u00f3s e por isso colocamos \u00e0 sua disposi\u00e7\u00e3o um servi\u00e7o altamente eficiente, operativo 24\/7 para gerenciar eventuais emerg\u00eancias. A nossa dedica\u00e7\u00e3o em fornecer solu\u00e7\u00f5es r\u00e1pidas e confi\u00e1veis \u00e9 uma parte essencial da nossa miss\u00e3o, permitindo que nos concentremos completamente no seu core business, enquanto nos confiam as suas necessidades de dep\u00f3sito e assist\u00eancia imediata.<\/h6><\/header>[\/vc_column][vc_column width=&#8221;1\/2&#8243;][vc_single_image image=&#8221;292&#8243; img_size=&#8221;full&#8221;][\/vc_column][\/vc_row][vc_row full_width=&#8221;stretch_row&#8221; content_placement=&#8221;middle&#8221; kd_background_overlay=&#8221;default&#8221; kd_background_image_position=&#8221;vc_row-bg-position-top&#8221; css=&#8221;.vc_custom_1695900019997{padding-top: 80px !important;padding-right: 46px !important;padding-bottom: 80px !important;padding-left: 46px !important;background-image: url(https:\/\/certech.hypefarm-test.it\/ceramic-processing-plants\/wp-content\/uploads\/2023\/09\/Raggruppa-407.jpg?id=297) !important;background-position: center !important;background-repeat: no-repeat !important;background-size: cover !important;}&#8221; css_tablet_portrait=&#8221;.vc_custom_1695900019997{margin-bottom: 50px !important;background-position: center !important;background-repeat: no-repeat !important;background-size: cover !important;}&#8221; css_mobile=&#8221;.vc_custom_1695900019998{margin-bottom: 50px !important;background-position: center !important;background-repeat: no-repeat !important;background-size: cover !important;}&#8221;][vc_column]<header class=\"kd-section-title col-lg-12 text-center\" ><h2 class=\"kd-main-title separator_off\" style=\"color: #ffffff;font-size: 36;font-weight: 700;\">\u00c0 sua disposi\u00e7\u00e3o. Fale-nos do seu projeto.<\/h2><\/header><a href=\"https:\/\/certech.hypefarm-test.it\/pt-pt\/contatos\/\" target=\"_self\"   class=\"tt_button tt_primary_button btn_secondary_color hover_solid_white button-center button-action-link   vc_custom_1698314967115 kd-animated zoomIn\" data-text=\"CONTATE-NOS\" style=\"width:200px;\" data-animation-delay=200><span class=\"prim_text\">CONTATE-NOS<\/span><\/a>[\/vc_column][\/vc_row]<\/p>\n<\/div>","protected":false},"excerpt":{"rendered":"<p>[vc_row full_width=&#8221;stretch_row_content&#8221; content_placement=&#8221;middle&#8221; kd_background_overlay=&#8221;default&#8221; kd_background_image_position=&#8221;vc_row-bg-position-top&#8221; css=&#8221;.vc_custom_1696610105992{padding-top: 100px !important;padding-bottom: 100px !important;background-image: url(https:\/\/certech.hypefarm-test.it\/ceramic-processing-plants\/wp-content\/uploads\/2023\/10\/Senza-titolo-1-1.jpg?id=1792) !important;background-position: center !important;background-repeat: no-repeat !important;background-size: cover !important;}&#8221;][vc_column][\/vc_column][\/vc_row][vc_row full_width=&#8221;stretch_row_content&#8221; kd_background_overlay=&#8221;gray-color&#8221; [&hellip;]<\/p>\n","protected":false},"author":1,"featured_media":0,"parent":0,"menu_order":0,"comment_status":"closed","ping_status":"closed","template":"","meta":[],"categories":[],"tags":[],"_links":{"self":[{"href":"https:\/\/certech.hypefarm-test.it\/pt-pt\/wp-json\/wp\/v2\/pages\/1991"}],"collection":[{"href":"https:\/\/certech.hypefarm-test.it\/pt-pt\/wp-json\/wp\/v2\/pages"}],"about":[{"href":"https:\/\/certech.hypefarm-test.it\/pt-pt\/wp-json\/wp\/v2\/types\/page"}],"author":[{"embeddable":true,"href":"https:\/\/certech.hypefarm-test.it\/pt-pt\/wp-json\/wp\/v2\/users\/1"}],"replies":[{"embeddable":true,"href":"https:\/\/certech.hypefarm-test.it\/pt-pt\/wp-json\/wp\/v2\/comments?post=1991"}],"version-history":[{"count":2,"href":"https:\/\/certech.hypefarm-test.it\/pt-pt\/wp-json\/wp\/v2\/pages\/1991\/revisions"}],"predecessor-version":[{"id":1993,"href":"https:\/\/certech.hypefarm-test.it\/pt-pt\/wp-json\/wp\/v2\/pages\/1991\/revisions\/1993"}],"wp:attachment":[{"href":"https:\/\/certech.hypefarm-test.it\/pt-pt\/wp-json\/wp\/v2\/media?parent=1991"}],"wp:term":[{"taxonomy":"category","embeddable":true,"href":"https:\/\/certech.hypefarm-test.it\/pt-pt\/wp-json\/wp\/v2\/categories?post=1991"},{"taxonomy":"post_tag","embeddable":true,"href":"https:\/\/certech.hypefarm-test.it\/pt-pt\/wp-json\/wp\/v2\/tags?post=1991"}],"curies":[{"name":"wp","href":"https:\/\/api.w.org\/{rel}","templated":true}]}}