{"id":2030,"date":"2023-09-29T14:15:42","date_gmt":"2023-09-29T12:15:42","guid":{"rendered":"https:\/\/certech.hypefarm-test.it\/produits\/"},"modified":"2023-10-30T11:59:27","modified_gmt":"2023-10-30T10:59:27","slug":"produtos","status":"publish","type":"page","link":"https:\/\/certech.hypefarm-test.it\/pt-pt\/produtos\/","title":{"rendered":"PRODUTOS"},"content":{"rendered":"<div class=\"wpb-content-wrapper\"><p>[vc_row full_width=&#8221;stretch_row_content&#8221; content_placement=&#8221;middle&#8221; kd_background_overlay=&#8221;default&#8221; kd_background_image_position=&#8221;vc_row-bg-position-top&#8221; css=&#8221;.vc_custom_1695989465704{padding-top: 100px !important;padding-bottom: 100px !important;background-image: url(https:\/\/certech.hypefarm-test.it\/ceramic-processing-plants\/wp-content\/uploads\/2023\/09\/Raggruppa-322.jpg?id=490) !important;}&#8221;][vc_column]<header class=\"kd-section-title col-lg-12 text-center\" ><p class=\"st-overline custom-color\" style=\"color:#ffffff;font-weight:400;\">PRODUTOS<\/p><h1 class=\"kd-main-title separator_off\" style=\"color: #ffffff;font-size: 50;font-weight: 600;\">M\u00e1quinas para ind\u00fastria cer\u00e2mica<\/h1><\/header>[\/vc_column][\/vc_row][vc_row gap=&#8221;20&#8243; equal_height=&#8221;yes&#8221; kd_background_overlay=&#8221;default&#8221; kd_background_image_position=&#8221;vc_row-bg-position-top&#8221; css=&#8221;.vc_custom_1695977975284{padding-top: 70px !important;padding-bottom: 0px !important;}&#8221;][vc_column width=&#8221;1\/2&#8243;]<header class=\"kd-section-title col-lg-12 text-left\" ><p class=\"st-overline inherit-color\" >VIS\u00c3O GERAL<\/p><h2 class=\"kd-main-title separator_off\" style=\"font-size: 36;font-weight: 700;\">Os produtos Certech para a ind\u00fastria cer\u00e2mica<\/h2><\/header>[\/vc_column][vc_column width=&#8221;1\/2&#8243;][\/vc_column][\/vc_row][vc_row gap=&#8221;20&#8243; equal_height=&#8221;yes&#8221; kd_background_overlay=&#8221;default&#8221; kd_background_image_position=&#8221;vc_row-bg-position-top&#8221; css=&#8221;.vc_custom_1695977982658{padding-top: 20px !important;padding-bottom: 70px !important;}&#8221;][vc_column width=&#8221;2\/12&#8243;][\/vc_column][vc_column width=&#8221;5\/12&#8243;][vc_column_text]<span style=\"font-weight: 400;\">A Certech oferece uma gama completa de <\/span><b>m\u00e1quinas para a ind\u00fastria cer\u00e2mica<\/b><span style=\"font-weight: 400;\">. Navegando entre as diversas categorias, ser\u00e1 encontrada uma ampla escolha de produtos: dos nossos atomizadores avan\u00e7ados aos acess\u00f3rios essenciais para a esmalta\u00e7\u00e3o, das plantas para a moagem a \u00famido aos revestimentos de borracha para os seus moinhos.<\/span>[\/vc_column_text][\/vc_column][vc_column width=&#8221;5\/12&#8243;][vc_column_text]<span style=\"font-weight: 400;\">A nossa experi\u00eancia e dedica\u00e7\u00e3o \u00e0 inova\u00e7\u00e3o se refletem em cada produto que lhe oferecemos. Aqui, encontrar\u00e1 as solu\u00e7\u00f5es ideais para satisfazer as suas exig\u00eancias espec\u00edficas.<\/span>[\/vc_column_text][\/vc_column][\/vc_row][vc_row kd_background_overlay=&#8221;default&#8221; kd_background_image_position=&#8221;vc_row-bg-position-top&#8221; css=&#8221;.vc_custom_1695978080451{padding-bottom: 70px !important;}&#8221;][vc_column width=&#8221;1\/2&#8243;][vc_single_image image=&#8221;787&#8243; img_size=&#8221;full&#8221; onclick=&#8221;custom_link&#8221; link=&#8221;https:\/\/certech.hypefarm-test.it\/pt-pt\/produtos\/revestimentos-para-moinhos-de-borracha\/&#8221;][vc_column_text css=&#8221;.vc_custom_1698324626583{padding-top: 15px !important;padding-bottom: 15px !important;}&#8221;]<\/p>\n<h5>Revestimentos para moinhos de borracha<\/h5>\n<p>[\/vc_column_text][vc_separator color=&#8221;custom&#8221; align=&#8221;align_left&#8221; border_width=&#8221;3&#8243; el_width=&#8221;10&#8243; accent_color=&#8221;#007e3f&#8221;][\/vc_column][vc_column width=&#8221;1\/2&#8243;][vc_single_image image=&#8221;497&#8243; img_size=&#8221;full&#8221; onclick=&#8221;custom_link&#8221; link=&#8221;https:\/\/certech.hypefarm-test.it\/pt-pt\/produtos\/atomizadores\/&#8221;][vc_column_text css=&#8221;.vc_custom_1698324632849{padding-top: 15px !important;padding-bottom: 15px !important;}&#8221;]<\/p>\n<h5>Atomizadores cer\u00e2micos<\/h5>\n<p>[\/vc_column_text][vc_separator color=&#8221;custom&#8221; align=&#8221;align_left&#8221; border_width=&#8221;3&#8243; el_width=&#8221;10&#8243; accent_color=&#8221;#007e3f&#8221;][\/vc_column][\/vc_row][vc_row kd_background_overlay=&#8221;default&#8221; kd_background_image_position=&#8221;vc_row-bg-position-top&#8221; css=&#8221;.vc_custom_1695978080451{padding-bottom: 70px !important;}&#8221;][vc_column width=&#8221;1\/2&#8243;][vc_single_image image=&#8221;502&#8243; img_size=&#8221;full&#8221; onclick=&#8221;custom_link&#8221; link=&#8221;https:\/\/certech.hypefarm-test.it\/pt-pt\/produtos\/acessorios-para-a-esmaltacao-ceramica\/&#8221;][vc_column_text css=&#8221;.vc_custom_1698324640994{padding-top: 15px !important;padding-bottom: 15px !important;}&#8221;]<\/p>\n<h5>Acess\u00f3rios para a esmalta\u00e7\u00e3o cer\u00e2mica<\/h5>\n<p>[\/vc_column_text][vc_separator color=&#8221;custom&#8221; align=&#8221;align_left&#8221; border_width=&#8221;3&#8243; el_width=&#8221;10&#8243; accent_color=&#8221;#007e3f&#8221;][\/vc_column][vc_column width=&#8221;1\/2&#8243;][vc_single_image image=&#8221;507&#8243; img_size=&#8221;full&#8221; onclick=&#8221;custom_link&#8221; link=&#8221;https:\/\/certech.hypefarm-test.it\/pt-pt\/produtos\/plantas-de-moagem-a-umido\/&#8221;][vc_column_text css=&#8221;.vc_custom_1698324648647{padding-top: 15px !important;padding-bottom: 15px !important;}&#8221;]<\/p>\n<h5>Plantas de moagem a \u00famido<\/h5>\n<p>[\/vc_column_text][vc_separator color=&#8221;custom&#8221; align=&#8221;align_left&#8221; border_width=&#8221;3&#8243; el_width=&#8221;10&#8243; accent_color=&#8221;#007e3f&#8221;][\/vc_column][\/vc_row][vc_row full_width=&#8221;stretch_row&#8221; kd_background_overlay=&#8221;default&#8221; kd_background_image_position=&#8221;vc_row-bg-position-top&#8221; css=&#8221;.vc_custom_1695909325688{margin-bottom: 60px !important;padding-top: 100px !important;padding-bottom: 70px !important;background-color: #f5f5f5 !important;}&#8221; css_tablet_landscape=&#8221;.vc_custom_1695909325689{padding-bottom: 0px !important;}&#8221; css_tablet_portrait=&#8221;.vc_custom_1695909325689{padding-bottom: 0px !important;}&#8221; css_mobile=&#8221;.vc_custom_1695909325689{padding-bottom: 0px !important;}&#8221;][vc_column][vc_tta_tabs][vc_tta_section title=&#8221;PROJETO&#8221; tab_id=&#8221;1649427683275-d4a0042e-8d2a0169-0fbd8f73-5c54&#8243;][vc_row_inner kd_background_overlay=&#8221;default&#8221; kd_background_image_position=&#8221;vc_row-bg-position-top&#8221; css=&#8221;.vc_custom_1649427529916{padding-top: 120px !important;padding-bottom: 80px !important;}&#8221; css_mobile=&#8221;.vc_custom_1649427529917{padding-top: 0px !important;}&#8221;][vc_column_inner css=&#8221;.vc_custom_1649427490504{padding-right: 100px !important;padding-left: 0px !important;}&#8221;]<header class=\"kd-section-title col-lg-12 text-left  vc_custom_1698324665937\" ><h4 class=\"kd-main-title separator_off\" >Solu\u00e7\u00f5es sob medida<\/h4><\/header>[vc_column_text]<span style=\"font-weight: 400;\">A Certech oferece solu\u00e7\u00f5es sob medida para a ind\u00fastria cer\u00e2mica atrav\u00e9s de um <\/span><b>servi\u00e7o de projeto por excel\u00eancia<\/b><span style=\"font-weight: 400;\">. Trabalhamos em estreito contato com voc\u00eas para desenvolver plantas e componentes de vanguarda, garantindo a m\u00e1xima precis\u00e3o e inova\u00e7\u00e3o para melhorar a sua competitividade no mercado.<\/span>[\/vc_column_text][vc_empty_space]<a href=\"https:\/\/certech.hypefarm-test.it\/pt-pt\/servicos\/\" target=\"_self\"   class=\"tt_button tt_primary_button btn_primary_color hover_solid_primary btn-align-left button-action-link\" data-text=\"DESCUBRA TODOS OS SERVI\u00c7OS\"><span class=\"prim_text\">DESCUBRA TODOS OS SERVI\u00c7OS<\/span><\/a>[\/vc_column_inner][\/vc_row_inner][\/vc_tta_section][vc_tta_section title=&#8221;MONTAGEM E INSTALA\u00c7\u00c3O&#8221; tab_id=&#8221;1695909117497-b14e3fb5-c614&#8243;][vc_row_inner kd_background_overlay=&#8221;default&#8221; kd_background_image_position=&#8221;vc_row-bg-position-top&#8221; css=&#8221;.vc_custom_1649427529916{padding-top: 120px !important;padding-bottom: 80px !important;}&#8221; css_mobile=&#8221;.vc_custom_1649427529917{padding-top: 0px !important;}&#8221;][vc_column_inner css=&#8221;.vc_custom_1649427490504{padding-right: 100px !important;padding-left: 0px !important;}&#8221;]<header class=\"kd-section-title col-lg-12 text-left  vc_custom_1698324754112\" ><h4 class=\"kd-main-title separator_off\" >Cuidado com os detalhes<\/h4><\/header>[vc_column_text]<span style=\"font-weight: 400;\">Depois da fase de projeto, o nosso time altamente qualificado se ocupa da montagem e da instala\u00e7\u00e3o das plantas para a ind\u00fastria cer\u00e2mica. A precis\u00e3o da instala\u00e7\u00e3o \u00e9 crucial para garantir um <\/span><b>funcionamento sem interrup\u00e7\u00f5es<\/b><span style=\"font-weight: 400;\"> e os nossos t\u00e9cnicos especializados est\u00e3o prontos para colocar em campo compet\u00eancia e precis\u00e3o.<\/span>[\/vc_column_text][vc_empty_space]<a href=\"https:\/\/certech.hypefarm-test.it\/pt-pt\/servicos\/\" target=\"_self\"   class=\"tt_button tt_primary_button btn_primary_color hover_solid_primary btn-align-left button-action-link\" data-text=\"DESCUBRA TODOS OS SERVI\u00c7OS\"><span class=\"prim_text\">DESCUBRA TODOS OS SERVI\u00c7OS<\/span><\/a>[\/vc_column_inner][\/vc_row_inner][\/vc_tta_section][vc_tta_section title=&#8221;ASSIST\u00caNCIA P\u00d3S-VENDA&#8221; tab_id=&#8221;1695909136526-3ccd5d67-9cd4&#8243;][vc_row_inner kd_background_overlay=&#8221;default&#8221; kd_background_image_position=&#8221;vc_row-bg-position-top&#8221; css=&#8221;.vc_custom_1649427529916{padding-top: 120px !important;padding-bottom: 80px !important;}&#8221; css_mobile=&#8221;.vc_custom_1649427529917{padding-top: 0px !important;}&#8221;][vc_column_inner css=&#8221;.vc_custom_1649427490504{padding-right: 100px !important;padding-left: 0px !important;}&#8221;]<header class=\"kd-section-title col-lg-12 text-left  vc_custom_1698324789319\" ><h4 class=\"kd-main-title separator_off\" >Experi\u00eancia e compet\u00eancia<\/h4><\/header>[vc_column_text]<span style=\"font-weight: 400;\">A Certech n\u00e3o para no projeto e instala\u00e7\u00e3o. Oferecemos um servi\u00e7o completo de assist\u00eancia e manuten\u00e7\u00e3o p\u00f3s-venda para garantir a <\/span><b>m\u00e1xima efici\u00eancia operativa<\/b><span style=\"font-weight: 400;\"> das suas plantas para o processamento da cer\u00e2mica. O nosso time especializado est\u00e1 sempre \u00e0 disposi\u00e7\u00e3o para responder \u00e0s suas exig\u00eancias, da manuten\u00e7\u00e3o preventiva aos servi\u00e7os de reparo e fornecimento de pe\u00e7as de reposi\u00e7\u00e3o originais. Preservamos a qualidade dos seus produtos, tamb\u00e9m nos detalhes.<\/span>[\/vc_column_text][vc_empty_space]<a href=\"https:\/\/certech.hypefarm-test.it\/pt-pt\/servicos\/\" target=\"_self\"   class=\"tt_button tt_primary_button btn_primary_color hover_solid_primary btn-align-left button-action-link\" data-text=\"DESCUBRA TODOS OS SERVI\u00c7OS\"><span class=\"prim_text\">DESCUBRA TODOS OS SERVI\u00c7OS<\/span><\/a>[\/vc_column_inner][\/vc_row_inner][\/vc_tta_section][\/vc_tta_tabs][\/vc_column][\/vc_row][vc_row content_placement=&#8221;middle&#8221; kd_background_overlay=&#8221;default&#8221; kd_background_image_position=&#8221;vc_row-bg-position-top&#8221; css=&#8221;.vc_custom_1695136769574{padding-top: 46px !important;padding-right: 46px !important;padding-bottom: 46px !important;padding-left: 46px !important;background-image: url(https:\/\/certech.hypefarm-test.it\/ceramic-processing-plants\/wp-content\/uploads\/2023\/09\/Raggruppa-223.jpg?id=162) !important;background-position: center !important;background-repeat: no-repeat !important;background-size: cover !important;}&#8221; css_tablet_portrait=&#8221;.vc_custom_1695136769575{margin-bottom: 50px !important;background-position: center !important;background-repeat: no-repeat !important;background-size: cover !important;}&#8221; css_mobile=&#8221;.vc_custom_1695136769575{margin-bottom: 50px !important;background-position: center !important;background-repeat: no-repeat !important;background-size: cover !important;}&#8221;][vc_column]<div class=\"kd-calltoaction\" >\n                <div class=\"container\">\n                  <div class=\"cta-text-container kd-animated fadeIn\" data-animation-delay=\"200\"><div class=\"cta-text\"><h2 style=\"color: #ffffff;\">Acesse a \u00e1rea reservada para<br \/>\ndescarregar os nossos manuais t\u00e9cnicos<\/h2><\/div>\n                    <\/div>\n                    <div class=\"cta-btncontainer\"><a href=\"url:%23\" target=\"_self\" class=\"tt_button btn_primary_color tt_primary_button hover_solid_secondary button-action-link icon_left kd-animated zoomIn\" data-text=\"\u00c1REA RESERVADA\" data-animation-delay=\"200\"><span class=\"fas fa-user iconita\" ><\/span><span class=\"prim_text\">\u00c1REA RESERVADA<\/span><\/a><\/div>\n                <\/div>\n            <\/div>[\/vc_column][\/vc_row]<\/p>\n<\/div>","protected":false},"excerpt":{"rendered":"<p>[vc_row full_width=&#8221;stretch_row_content&#8221; content_placement=&#8221;middle&#8221; kd_background_overlay=&#8221;default&#8221; kd_background_image_position=&#8221;vc_row-bg-position-top&#8221; css=&#8221;.vc_custom_1695989465704{padding-top: 100px !important;padding-bottom: 100px !important;background-image: url(https:\/\/certech.hypefarm-test.it\/ceramic-processing-plants\/wp-content\/uploads\/2023\/09\/Raggruppa-322.jpg?id=490) !important;}&#8221;][vc_column][\/vc_column][\/vc_row][vc_row gap=&#8221;20&#8243; equal_height=&#8221;yes&#8221; kd_background_overlay=&#8221;default&#8221; kd_background_image_position=&#8221;vc_row-bg-position-top&#8221; css=&#8221;.vc_custom_1695977975284{padding-top: 70px !important;padding-bottom: 0px [&hellip;]<\/p>\n","protected":false},"author":1,"featured_media":0,"parent":0,"menu_order":0,"comment_status":"closed","ping_status":"closed","template":"","meta":[],"categories":[],"tags":[],"_links":{"self":[{"href":"https:\/\/certech.hypefarm-test.it\/pt-pt\/wp-json\/wp\/v2\/pages\/2030"}],"collection":[{"href":"https:\/\/certech.hypefarm-test.it\/pt-pt\/wp-json\/wp\/v2\/pages"}],"about":[{"href":"https:\/\/certech.hypefarm-test.it\/pt-pt\/wp-json\/wp\/v2\/types\/page"}],"author":[{"embeddable":true,"href":"https:\/\/certech.hypefarm-test.it\/pt-pt\/wp-json\/wp\/v2\/users\/1"}],"replies":[{"embeddable":true,"href":"https:\/\/certech.hypefarm-test.it\/pt-pt\/wp-json\/wp\/v2\/comments?post=2030"}],"version-history":[{"count":3,"href":"https:\/\/certech.hypefarm-test.it\/pt-pt\/wp-json\/wp\/v2\/pages\/2030\/revisions"}],"predecessor-version":[{"id":2740,"href":"https:\/\/certech.hypefarm-test.it\/pt-pt\/wp-json\/wp\/v2\/pages\/2030\/revisions\/2740"}],"wp:attachment":[{"href":"https:\/\/certech.hypefarm-test.it\/pt-pt\/wp-json\/wp\/v2\/media?parent=2030"}],"wp:term":[{"taxonomy":"category","embeddable":true,"href":"https:\/\/certech.hypefarm-test.it\/pt-pt\/wp-json\/wp\/v2\/categories?post=2030"},{"taxonomy":"post_tag","embeddable":true,"href":"https:\/\/certech.hypefarm-test.it\/pt-pt\/wp-json\/wp\/v2\/tags?post=2030"}],"curies":[{"name":"wp","href":"https:\/\/api.w.org\/{rel}","templated":true}]}}