{"id":2034,"date":"2023-09-29T14:22:43","date_gmt":"2023-09-29T12:22:43","guid":{"rendered":"https:\/\/certech.hypefarm-test.it\/produits\/atomizzatori\/"},"modified":"2023-10-30T09:02:18","modified_gmt":"2023-10-30T08:02:18","slug":"atomizadores","status":"publish","type":"page","link":"https:\/\/certech.hypefarm-test.it\/pt-pt\/produtos\/atomizadores\/","title":{"rendered":"Atomizadores"},"content":{"rendered":"<div class=\"wpb-content-wrapper\"><p>[vc_row full_width=&#8221;stretch_row_content&#8221; content_placement=&#8221;middle&#8221; kd_background_overlay=&#8221;default&#8221; kd_background_image_position=&#8221;vc_row-bg-position-top&#8221; css=&#8221;.vc_custom_1696409195424{margin-top: 100px !important;padding-top: 100px !important;padding-bottom: 100px !important;background-image: url(https:\/\/certech.hypefarm-test.it\/ceramic-processing-plants\/wp-content\/uploads\/2023\/09\/Raggruppa-323.jpg?id=553) !important;}&#8221;][vc_column]<header class=\"kd-section-title col-lg-12 text-center\" ><p class=\"st-overline custom-color\" style=\"color:#ffffff;font-weight:400;\">PRODUTOS<\/p><h1 class=\"kd-main-title separator_off\" style=\"color: #ffffff;font-size: 50;font-weight: 600;\">ATOMIZADORES<\/h1><\/header>[\/vc_column][\/vc_row][vc_row gap=&#8221;20&#8243; equal_height=&#8221;yes&#8221; kd_background_overlay=&#8221;default&#8221; kd_background_image_position=&#8221;vc_row-bg-position-top&#8221; css=&#8221;.vc_custom_1695977975284{padding-top: 70px !important;padding-bottom: 0px !important;}&#8221;][vc_column width=&#8221;1\/2&#8243;]<header class=\"kd-section-title col-lg-12 text-left\" ><p class=\"st-overline inherit-color\" >OVERVIEW<\/p><h2 class=\"kd-main-title separator_off\" style=\"font-size: 36;font-weight: 700;\">Atomizadores cer\u00e2micos<\/h2><\/header>[\/vc_column][vc_column width=&#8221;1\/2&#8243;][\/vc_column][\/vc_row][vc_row gap=&#8221;20&#8243; equal_height=&#8221;yes&#8221; kd_background_overlay=&#8221;default&#8221; kd_background_image_position=&#8221;vc_row-bg-position-top&#8221; css=&#8221;.vc_custom_1695977982658{padding-top: 20px !important;padding-bottom: 70px !important;}&#8221;][vc_column width=&#8221;2\/12&#8243;][\/vc_column][vc_column width=&#8221;5\/12&#8243;][vc_column_text]<span style=\"font-weight: 400;\">H\u00e1 anos ao lado dos empreendedores do setor cer\u00e2mico, a CERTECH desenvolveu uma grande experi\u00eancia tamb\u00e9m no setor dos <\/span><b>atomizadores<\/b><span style=\"font-weight: 400;\">, propondo uma solu\u00e7\u00e3o &#8211; o Atomizador CSD &#8211; que alcan\u00e7ou uma meta not\u00e1vel de confiabilidade.<\/span><\/p>\n<p><span style=\"font-weight: 400;\">Com um olhar atento \u00e0 economia energ\u00e9tica e conscientes da import\u00e2ncia do projeto de uma estrutura portadora mais leve e resistente, desenvolvemos um atomizador adequado \u00e0 utiliza\u00e7\u00e3o com diversas mat\u00e9rias-primas da ind\u00fastria cer\u00e2mica: da prepara\u00e7\u00e3o dos esmaltes de silicato de alum\u00ednio, da bentonita \u00e0 alumina.<\/span><\/p>\n<p><span style=\"font-weight: 400;\">Gra\u00e7as aos nossos <\/span><b>sistemas de potenciamento<\/b><span style=\"font-weight: 400;\">, ainda, os nossos clientes podem economizar espa\u00e7o e dinheiro, aumentando ao mesmo tempo a efici\u00eancia de produ\u00e7\u00e3o. <\/span>[\/vc_column_text][\/vc_column][vc_column width=&#8221;5\/12&#8243;][vc_column_text]<span style=\"font-weight: 400;\">Uma s\u00e9rie completa de produtos e pe\u00e7as de reposi\u00e7\u00e3o est\u00e1 \u00e0 sua disposi\u00e7\u00e3o, com <\/span><b>bombas de pist\u00f5es mergulhadores <\/b><span style=\"font-weight: 400;\">para obter presta\u00e7\u00f5es impec\u00e1veis,<\/span><b> sistemas de colora\u00e7\u00e3o na veia<\/b><span style=\"font-weight: 400;\"> para criar efeitos decorativos \u00fanicos em gr\u00e9s porcel\u00e2nico e <\/span><b>sistemas de detec\u00e7\u00e3o de umidade<\/b><span style=\"font-weight: 400;\"> para um controle avan\u00e7ado dos processos industriais.<\/span><\/p>\n<p><span style=\"font-weight: 400;\">O nosso compromisso di\u00e1rio \u00e9 dirigido a fornecer <\/span><b>produtos dur\u00e1veis e solu\u00e7\u00f5es confi\u00e1veis<\/b><span style=\"font-weight: 400;\"> para melhorar a sua efici\u00eancia produtiva e a qualidade dos seus produtos acabados.<\/span>[\/vc_column_text][\/vc_column][\/vc_row][vc_row kd_background_overlay=&#8221;default&#8221; kd_background_image_position=&#8221;vc_row-bg-position-top&#8221; css=&#8221;.vc_custom_1695978080451{padding-bottom: 70px !important;}&#8221;][vc_column width=&#8221;1\/2&#8243;][vc_single_image image=&#8221;522&#8243; img_size=&#8221;full&#8221; onclick=&#8221;custom_link&#8221; link=&#8221;https:\/\/certech.hypefarm-test.it\/pt-pt\/produtos\/atomizadores\/bombas-de-pistao\/&#8221;][vc_column_text css=&#8221;.vc_custom_1698325291819{padding-top: 15px !important;padding-bottom: 15px !important;}&#8221;]<\/p>\n<h5>Bombas de pist\u00e3o<\/h5>\n<p>[\/vc_column_text][vc_separator color=&#8221;custom&#8221; align=&#8221;align_left&#8221; border_width=&#8221;3&#8243; el_width=&#8221;10&#8243; accent_color=&#8221;#007e3f&#8221;][\/vc_column][vc_column width=&#8221;1\/2&#8243;][vc_single_image image=&#8221;532&#8243; img_size=&#8221;full&#8221; onclick=&#8221;custom_link&#8221; link=&#8221;https:\/\/certech.hypefarm-test.it\/pt-pt\/produtos\/atomizadores\/sistemas-de-potenciamento-e-pecas-de-reposicao-para-atomizadores\/&#8221;][vc_column_text css=&#8221;.vc_custom_1698325301934{padding-top: 15px !important;padding-bottom: 15px !important;}&#8221;]<\/p>\n<h5>Sistemas de potenciamento e pe\u00e7as de reposi\u00e7\u00e3o para atomizadores<\/h5>\n<p>[\/vc_column_text][vc_separator color=&#8221;custom&#8221; align=&#8221;align_left&#8221; border_width=&#8221;3&#8243; el_width=&#8221;10&#8243; accent_color=&#8221;#007e3f&#8221;][\/vc_column][\/vc_row][vc_row kd_background_overlay=&#8221;default&#8221; kd_background_image_position=&#8221;vc_row-bg-position-top&#8221; css=&#8221;.vc_custom_1695978080451{padding-bottom: 70px !important;}&#8221;][vc_column width=&#8221;1\/2&#8243;][vc_single_image image=&#8221;537&#8243; img_size=&#8221;full&#8221; onclick=&#8221;custom_link&#8221; link=&#8221;https:\/\/certech.hypefarm-test.it\/pt-pt\/produtos\/atomizadores\/atomizadores-csd\/&#8221;][vc_column_text css=&#8221;.vc_custom_1698325310757{padding-top: 15px !important;padding-bottom: 15px !important;}&#8221;]<\/p>\n<h5>Atomizadores CSD<\/h5>\n<p>[\/vc_column_text][vc_separator color=&#8221;custom&#8221; align=&#8221;align_left&#8221; border_width=&#8221;3&#8243; el_width=&#8221;10&#8243; accent_color=&#8221;#007e3f&#8221;][\/vc_column][vc_column width=&#8221;1\/2&#8243;][vc_single_image image=&#8221;548&#8243; img_size=&#8221;full&#8221; onclick=&#8221;custom_link&#8221; link=&#8221;https:\/\/certech.hypefarm-test.it\/pt-pt\/produtos\/atomizadores\/sistemas-de-coloracao-na-veia-para-gres-porcelanico\/&#8221;][vc_column_text css=&#8221;.vc_custom_1698325319704{padding-top: 15px !important;padding-bottom: 15px !important;}&#8221;]<\/p>\n<h5>Sistemas de Colora\u00e7\u00e3o na Veia para Gr\u00e9s Porcel\u00e2nico<\/h5>\n<p>[\/vc_column_text][vc_separator color=&#8221;custom&#8221; align=&#8221;align_left&#8221; border_width=&#8221;3&#8243; el_width=&#8221;10&#8243; accent_color=&#8221;#007e3f&#8221;][\/vc_column][\/vc_row][vc_row kd_background_overlay=&#8221;default&#8221; kd_background_image_position=&#8221;vc_row-bg-position-top&#8221; css=&#8221;.vc_custom_1695978080451{padding-bottom: 70px !important;}&#8221;][vc_column width=&#8221;1\/2&#8243;][vc_single_image image=&#8221;542&#8243; img_size=&#8221;full&#8221; onclick=&#8221;custom_link&#8221; link=&#8221;https:\/\/certech.hypefarm-test.it\/pt-pt\/produtos\/atomizadores\/sistema-de-deteccao-de-umidade-com-sensor-de-microondas-mds\/&#8221;][vc_column_text css=&#8221;.vc_custom_1698325330655{padding-top: 15px !important;padding-bottom: 15px !important;}&#8221;]<\/p>\n<h5>Sistema de Detec\u00e7\u00e3o de Umidade com Sensor de Microondas MDS<\/h5>\n<p>[\/vc_column_text][vc_separator color=&#8221;custom&#8221; align=&#8221;align_left&#8221; border_width=&#8221;3&#8243; el_width=&#8221;10&#8243; accent_color=&#8221;#007e3f&#8221;][\/vc_column][vc_column width=&#8221;1\/2&#8243;][\/vc_column][\/vc_row][vc_row full_width=&#8221;stretch_row&#8221; kd_background_overlay=&#8221;default&#8221; kd_background_image_position=&#8221;vc_row-bg-position-top&#8221; css=&#8221;.vc_custom_1695909325688{margin-bottom: 60px !important;padding-top: 100px !important;padding-bottom: 70px !important;background-color: #f5f5f5 !important;}&#8221; css_tablet_landscape=&#8221;.vc_custom_1695909325689{padding-bottom: 0px !important;}&#8221; css_tablet_portrait=&#8221;.vc_custom_1695909325689{padding-bottom: 0px !important;}&#8221; css_mobile=&#8221;.vc_custom_1695909325689{padding-bottom: 0px !important;}&#8221;][vc_column][vc_tta_tabs][vc_tta_section title=&#8221;CONFIABILIDADE&#8221; tab_id=&#8221;1649427683275-d4a0042e-8d2a0169-0fbd8f73-5c54&#8243;][vc_row_inner kd_background_overlay=&#8221;default&#8221; kd_background_image_position=&#8221;vc_row-bg-position-top&#8221; css=&#8221;.vc_custom_1649427529916{padding-top: 120px !important;padding-bottom: 80px !important;}&#8221; css_mobile=&#8221;.vc_custom_1649427529917{padding-top: 0px !important;}&#8221;][vc_column_inner css=&#8221;.vc_custom_1649427490504{padding-right: 100px !important;padding-left: 0px !important;}&#8221;]<header class=\"kd-section-title col-lg-12 text-left  vc_custom_1698311940734\" ><h4 class=\"kd-main-title separator_off\" >O parceiro ideal<\/h4><\/header>[vc_column_text]<span style=\"font-weight: 400;\">Temos orgulho das certifica\u00e7\u00f5es que recebemos, que testemunham a nossa confiabilidade como empresa ativa no setor da ind\u00fastria cer\u00e2mica. A confian\u00e7a \u00e9 o fundamento de cada parceria de sucesso e \u00e9 por isso que nos comprometemos constantemente a manter os padr\u00f5es mais elevados de confiabilidade. As certifica\u00e7\u00f5es Cribis, obtidas com empenho e dedica\u00e7\u00e3o, s\u00e3o um testemunho tang\u00edvel do nosso empenho em ser um parceiro no qual podemos contar sempre.<\/span>[\/vc_column_text][\/vc_column_inner][\/vc_row_inner][\/vc_tta_section][vc_tta_section title=&#8221;QUALIDADE&#8221; tab_id=&#8221;1695909117497-b14e3fb5-c614&#8243;][vc_row_inner kd_background_overlay=&#8221;default&#8221; kd_background_image_position=&#8221;vc_row-bg-position-top&#8221; css=&#8221;.vc_custom_1649427529916{padding-top: 120px !important;padding-bottom: 80px !important;}&#8221; css_mobile=&#8221;.vc_custom_1649427529917{padding-top: 0px !important;}&#8221;][vc_column_inner css=&#8221;.vc_custom_1649427490504{padding-right: 100px !important;padding-left: 0px !important;}&#8221;]<header class=\"kd-section-title col-lg-12 text-left  vc_custom_1698311969950\" ><h4 class=\"kd-main-title separator_off\" >Qualidade em cada detalhe<\/h4><\/header>[vc_column_text]<span style=\"font-weight: 400;\">A qualidade est\u00e1 no centro de tudo que fazemos. Os atestados Cribis que obtivemos refor\u00e7am o nosso empenho em fornecer produtos para a ind\u00fastria cer\u00e2mica da m\u00e1xima qualidade. N\u00f3s nos submetemos a processos rigorosos de controle de qualidade em cada fase da produ\u00e7\u00e3o, para garantir que cada pe\u00e7a que sai da nossa empresa esteja impec\u00e1vel.\u00a0<\/span><\/p>\n<p><span style=\"font-weight: 400;\">Quando escolhem Certech, escolhem a qualidade.<\/span>[\/vc_column_text][\/vc_column_inner][\/vc_row_inner][\/vc_tta_section][vc_tta_section title=&#8221;COMPET\u00caNCIA&#8221; tab_id=&#8221;1695909136526-3ccd5d67-9cd4&#8243;][vc_row_inner kd_background_overlay=&#8221;default&#8221; kd_background_image_position=&#8221;vc_row-bg-position-top&#8221; css=&#8221;.vc_custom_1649427529916{padding-top: 120px !important;padding-bottom: 80px !important;}&#8221; css_mobile=&#8221;.vc_custom_1649427529917{padding-top: 0px !important;}&#8221;][vc_column_inner css=&#8221;.vc_custom_1649427490504{padding-right: 100px !important;padding-left: 0px !important;}&#8221;]<header class=\"kd-section-title col-lg-12 text-left  vc_custom_1698311997035\" ><h4 class=\"kd-main-title separator_off\" >Compet\u00eancias avan\u00e7adas \u00e0 sua disposi\u00e7\u00e3o<\/h4><\/header>[vc_column_text]<span style=\"font-weight: 400;\">A ind\u00fastria cer\u00e2mica exige compet\u00eancias avan\u00e7adas e um conhecimento aprofundado de cada fase do processo de produ\u00e7\u00e3o. O nosso objetivo \u00e9 alcan\u00e7ar e superar estes padr\u00f5es de compet\u00eancia. O nosso time de especialista \u00e9 formado por profissionais altamente qualificados que trabalham com paix\u00e3o e dedica\u00e7\u00e3o. Escolher a Certech significa ter \u00e0 disposi\u00e7\u00e3o um time de especialistas prontos a colaborar com voc\u00eas para realizar projetos extraordin\u00e1rios.<\/span>[\/vc_column_text][\/vc_column_inner][\/vc_row_inner][\/vc_tta_section][\/vc_tta_tabs][\/vc_column][\/vc_row][vc_row content_placement=&#8221;middle&#8221; kd_background_overlay=&#8221;default&#8221; kd_background_image_position=&#8221;vc_row-bg-position-top&#8221; css=&#8221;.vc_custom_1695136769574{padding-top: 46px !important;padding-right: 46px !important;padding-bottom: 46px !important;padding-left: 46px !important;background-image: url(https:\/\/certech.hypefarm-test.it\/ceramic-processing-plants\/wp-content\/uploads\/2023\/09\/Raggruppa-223.jpg?id=162) !important;background-position: center !important;background-repeat: no-repeat !important;background-size: cover !important;}&#8221; css_tablet_portrait=&#8221;.vc_custom_1695136769575{margin-bottom: 50px !important;background-position: center !important;background-repeat: no-repeat !important;background-size: cover !important;}&#8221; css_mobile=&#8221;.vc_custom_1695136769575{margin-bottom: 50px !important;background-position: center !important;background-repeat: no-repeat !important;background-size: cover !important;}&#8221;][vc_column]<div class=\"kd-calltoaction\" >\n                <div class=\"container\">\n                  <div class=\"cta-text-container kd-animated fadeIn\" data-animation-delay=\"200\"><div class=\"cta-text\"><h2 style=\"color: #ffffff;\">Acesse a \u00e1rea reservada para<br \/>\ndescarregar os nossos manuais t\u00e9cnicos<\/h2><\/div>\n                    <\/div>\n                    <div class=\"cta-btncontainer\"><a href=\"\/pt-pt\/area-reservada\/\" target=\"_self\" class=\"tt_button btn_primary_color tt_primary_button hover_solid_secondary button-action-link icon_left kd-animated zoomIn\" data-text=\"\u00c1REA RESERVADA\" data-animation-delay=\"200\"><span class=\"fas fa-user iconita\" ><\/span><span class=\"prim_text\">\u00c1REA RESERVADA<\/span><\/a><\/div>\n                <\/div>\n            <\/div>[\/vc_column][\/vc_row]<\/p>\n<\/div>","protected":false},"excerpt":{"rendered":"<p>[vc_row full_width=&#8221;stretch_row_content&#8221; content_placement=&#8221;middle&#8221; kd_background_overlay=&#8221;default&#8221; kd_background_image_position=&#8221;vc_row-bg-position-top&#8221; css=&#8221;.vc_custom_1696409195424{margin-top: 100px !important;padding-top: 100px !important;padding-bottom: 100px !important;background-image: url(https:\/\/certech.hypefarm-test.it\/ceramic-processing-plants\/wp-content\/uploads\/2023\/09\/Raggruppa-323.jpg?id=553) !important;}&#8221;][vc_column][\/vc_column][\/vc_row][vc_row gap=&#8221;20&#8243; equal_height=&#8221;yes&#8221; kd_background_overlay=&#8221;default&#8221; kd_background_image_position=&#8221;vc_row-bg-position-top&#8221; css=&#8221;.vc_custom_1695977975284{padding-top: 70px [&hellip;]<\/p>\n","protected":false},"author":1,"featured_media":0,"parent":2030,"menu_order":0,"comment_status":"closed","ping_status":"closed","template":"","meta":[],"categories":[],"tags":[],"_links":{"self":[{"href":"https:\/\/certech.hypefarm-test.it\/pt-pt\/wp-json\/wp\/v2\/pages\/2034"}],"collection":[{"href":"https:\/\/certech.hypefarm-test.it\/pt-pt\/wp-json\/wp\/v2\/pages"}],"about":[{"href":"https:\/\/certech.hypefarm-test.it\/pt-pt\/wp-json\/wp\/v2\/types\/page"}],"author":[{"embeddable":true,"href":"https:\/\/certech.hypefarm-test.it\/pt-pt\/wp-json\/wp\/v2\/users\/1"}],"replies":[{"embeddable":true,"href":"https:\/\/certech.hypefarm-test.it\/pt-pt\/wp-json\/wp\/v2\/comments?post=2034"}],"version-history":[{"count":3,"href":"https:\/\/certech.hypefarm-test.it\/pt-pt\/wp-json\/wp\/v2\/pages\/2034\/revisions"}],"predecessor-version":[{"id":2748,"href":"https:\/\/certech.hypefarm-test.it\/pt-pt\/wp-json\/wp\/v2\/pages\/2034\/revisions\/2748"}],"up":[{"embeddable":true,"href":"https:\/\/certech.hypefarm-test.it\/pt-pt\/wp-json\/wp\/v2\/pages\/2030"}],"wp:attachment":[{"href":"https:\/\/certech.hypefarm-test.it\/pt-pt\/wp-json\/wp\/v2\/media?parent=2034"}],"wp:term":[{"taxonomy":"category","embeddable":true,"href":"https:\/\/certech.hypefarm-test.it\/pt-pt\/wp-json\/wp\/v2\/categories?post=2034"},{"taxonomy":"post_tag","embeddable":true,"href":"https:\/\/certech.hypefarm-test.it\/pt-pt\/wp-json\/wp\/v2\/tags?post=2034"}],"curies":[{"name":"wp","href":"https:\/\/api.w.org\/{rel}","templated":true}]}}