{"id":2066,"date":"2023-10-04T12:19:13","date_gmt":"2023-10-04T10:19:13","guid":{"rendered":"https:\/\/certech.hypefarm-test.it\/produits\/impianti-di-macinazione-ad-umido\/"},"modified":"2023-10-30T09:15:34","modified_gmt":"2023-10-30T08:15:34","slug":"plantas-de-moagem-a-umido","status":"publish","type":"page","link":"https:\/\/certech.hypefarm-test.it\/pt-pt\/produtos\/plantas-de-moagem-a-umido\/","title":{"rendered":"Plantas de moagem a \u00famido"},"content":{"rendered":"<div class=\"wpb-content-wrapper\"><p>[vc_row full_width=&#8221;stretch_row_content&#8221; content_placement=&#8221;middle&#8221; kd_background_overlay=&#8221;default&#8221; kd_background_image_position=&#8221;vc_row-bg-position-top&#8221; css=&#8221;.vc_custom_1696412369359{margin-top: 100px !important;padding-top: 100px !important;padding-bottom: 100px !important;background-image: url(https:\/\/certech.hypefarm-test.it\/ceramic-processing-plants\/wp-content\/uploads\/2023\/10\/Accessori-per-smalteria.jpg?id=682) !important;}&#8221;][vc_column]<header class=\"kd-section-title col-lg-12 text-center\" ><p class=\"st-overline custom-color\" style=\"color:#ffffff;font-weight:400;\">PRODUTOS<\/p><h1 class=\"kd-main-title separator_off\" style=\"color: #ffffff;font-size: 50;font-weight: 600;\">PLANTAS DE MOAGEM A \u00daMIDO<\/h1><\/header>[\/vc_column][\/vc_row][vc_row gap=&#8221;20&#8243; equal_height=&#8221;yes&#8221; kd_background_overlay=&#8221;default&#8221; kd_background_image_position=&#8221;vc_row-bg-position-top&#8221; css=&#8221;.vc_custom_1695977975284{padding-top: 70px !important;padding-bottom: 0px !important;}&#8221;][vc_column width=&#8221;1\/2&#8243;]<header class=\"kd-section-title col-lg-12 text-left\" ><p class=\"st-overline inherit-color\" >VIS\u00c3O GERAL<\/p><h2 class=\"kd-main-title separator_off\" style=\"font-size: 36;font-weight: 700;\">A inova\u00e7\u00e3o da moagem<\/h2><\/header>[\/vc_column][vc_column width=&#8221;1\/2&#8243;][\/vc_column][\/vc_row][vc_row gap=&#8221;20&#8243; equal_height=&#8221;yes&#8221; kd_background_overlay=&#8221;default&#8221; kd_background_image_position=&#8221;vc_row-bg-position-top&#8221; css=&#8221;.vc_custom_1695977982658{padding-top: 20px !important;padding-bottom: 70px !important;}&#8221;][vc_column width=&#8221;2\/12&#8243;][\/vc_column][vc_column width=&#8221;5\/12&#8243;][vc_column_text]<span style=\"font-weight: 400;\">Nesta se\u00e7\u00e3o, encontrar\u00e1 uma s\u00e9rie completa de solu\u00e7\u00f5es na vanguarda para <\/span><b>plantas de moagem a \u00famido<\/b><span style=\"font-weight: 400;\">. A Certech oferece produtos e acess\u00f3rios de alta qualidade que melhoram a efici\u00eancia e a qualidade da moagem. <\/span><span style=\"font-weight: 400;\">Poder\u00e1 descobrir sistemas como MCM, a evolu\u00e7\u00e3o da moagem a \u00famido, e solu\u00e7\u00f5es para obter um<\/span><b> incremento produtivo<\/b><span style=\"font-weight: 400;\"> e melhorar <\/span><b>efici\u00eancia energ\u00e9tica<\/b><span style=\"font-weight: 400;\">.<\/span>[\/vc_column_text][\/vc_column][vc_column width=&#8221;5\/12&#8243;][vc_column_text]<span style=\"font-weight: 400;\">Ainda, oferecemos motoriza\u00e7\u00f5es e acess\u00f3rios para moinhos descont\u00ednuos, transforma\u00e7\u00e3o de moinhos descont\u00ednuos em moinhos modulares cont\u00ednuos, alimentadores sem fim cont\u00ednuos, agitadores, esterroadores e bombas centr\u00edfugas.<\/span>[\/vc_column_text][\/vc_column][\/vc_row][vc_row kd_background_overlay=&#8221;default&#8221; kd_background_image_position=&#8221;vc_row-bg-position-top&#8221; css=&#8221;.vc_custom_1695978080451{padding-bottom: 70px !important;}&#8221;][vc_column width=&#8221;1\/2&#8243;][vc_single_image image=&#8221;740&#8243; img_size=&#8221;full&#8221; onclick=&#8221;custom_link&#8221; link=&#8221;https:\/\/certech.hypefarm-test.it\/pt-pt\/produtos\/plantas-de-moagem-a-umido\/mcm-a-evolucao-da-moagem-a-umido\/&#8221;][vc_column_text css=&#8221;.vc_custom_1698328655071{padding-top: 15px !important;padding-bottom: 15px !important;}&#8221;]<\/p>\n<h5>MCM &#8211; A Evolu\u00e7\u00e3o da Moagem a \u00damido<\/h5>\n<p>[\/vc_column_text][vc_separator color=&#8221;custom&#8221; align=&#8221;align_left&#8221; border_width=&#8221;3&#8243; el_width=&#8221;10&#8243; accent_color=&#8221;#007e3f&#8221;][\/vc_column][vc_column width=&#8221;1\/2&#8243;][vc_single_image image=&#8221;745&#8243; img_size=&#8221;full&#8221; onclick=&#8221;custom_link&#8221; link=&#8221;https:\/\/certech.hypefarm-test.it\/pt-pt\/produtos\/plantas-de-moagem-a-umido\/modificacao-com-moinhos-modulares-continuos\/&#8221;][vc_column_text css=&#8221;.vc_custom_1698328664581{padding-top: 15px !important;padding-bottom: 15px !important;}&#8221;]<\/p>\n<h5>Modifica\u00e7\u00e3o em Moinhos Modulares Cont\u00ednuos para incremento produtivo e economia energ\u00e9tica<\/h5>\n<p>[\/vc_column_text][vc_separator color=&#8221;custom&#8221; align=&#8221;align_left&#8221; border_width=&#8221;3&#8243; el_width=&#8221;10&#8243; accent_color=&#8221;#007e3f&#8221;][\/vc_column][\/vc_row][vc_row kd_background_overlay=&#8221;default&#8221; kd_background_image_position=&#8221;vc_row-bg-position-top&#8221; css=&#8221;.vc_custom_1695978080451{padding-bottom: 70px !important;}&#8221;][vc_column width=&#8221;1\/2&#8243;][vc_single_image image=&#8221;750&#8243; img_size=&#8221;full&#8221; onclick=&#8221;custom_link&#8221; link=&#8221;https:\/\/certech.hypefarm-test.it\/pt-pt\/produtos\/plantas-de-moagem-a-umido\/motorizacoes-e-acessorios-para-moinhos-descontinuos\/&#8221;][vc_column_text css=&#8221;.vc_custom_1698328678110{padding-top: 15px !important;padding-bottom: 15px !important;}&#8221;]<\/p>\n<h5>Motoriza\u00e7\u00f5es e Acess\u00f3rios para Moinhos Descont\u00ednuos<\/h5>\n<p>[\/vc_column_text][vc_separator color=&#8221;custom&#8221; align=&#8221;align_left&#8221; border_width=&#8221;3&#8243; el_width=&#8221;10&#8243; accent_color=&#8221;#007e3f&#8221;][\/vc_column][vc_column width=&#8221;1\/2&#8243;][vc_single_image image=&#8221;755&#8243; img_size=&#8221;full&#8221; onclick=&#8221;custom_link&#8221; link=&#8221;https:\/\/certech.hypefarm-test.it\/pt-pt\/produtos\/plantas-de-moagem-a-umido\/transformacao-de-moinhos-descontinuos-em-moinhos-modulares\/&#8221;][vc_column_text css=&#8221;.vc_custom_1698328686006{padding-top: 15px !important;padding-bottom: 15px !important;}&#8221;]<\/p>\n<h5>Transforma\u00e7\u00e3o de Moinhos Descont\u00ednuos em Moinhos Modulares<\/h5>\n<p>[\/vc_column_text][vc_separator color=&#8221;custom&#8221; align=&#8221;align_left&#8221; border_width=&#8221;3&#8243; el_width=&#8221;10&#8243; accent_color=&#8221;#007e3f&#8221;][\/vc_column][\/vc_row][vc_row kd_background_overlay=&#8221;default&#8221; kd_background_image_position=&#8221;vc_row-bg-position-top&#8221; css=&#8221;.vc_custom_1695978080451{padding-bottom: 70px !important;}&#8221;][vc_column width=&#8221;1\/2&#8243;][vc_single_image image=&#8221;760&#8243; img_size=&#8221;full&#8221; onclick=&#8221;custom_link&#8221; link=&#8221;https:\/\/certech.hypefarm-test.it\/pt-pt\/produtos\/plantas-de-moagem-a-umido\/alimentador-com-sem-fim-continuo\/&#8221;][vc_column_text css=&#8221;.vc_custom_1698328694841{padding-top: 15px !important;padding-bottom: 15px !important;}&#8221;]<\/p>\n<h5>Alimentador com Sem Fim Cont\u00ednuo<\/h5>\n<p>[\/vc_column_text][vc_separator color=&#8221;custom&#8221; align=&#8221;align_left&#8221; border_width=&#8221;3&#8243; el_width=&#8221;10&#8243; accent_color=&#8221;#007e3f&#8221;][\/vc_column][vc_column width=&#8221;1\/2&#8243;][vc_single_image image=&#8221;765&#8243; img_size=&#8221;full&#8221; onclick=&#8221;custom_link&#8221; link=&#8221;https:\/\/certech.hypefarm-test.it\/pt-pt\/produtos\/plantas-de-moagem-a-umido\/agitadores\/&#8221;][vc_column_text css=&#8221;.vc_custom_1698328721915{padding-top: 15px !important;padding-bottom: 15px !important;}&#8221;]<\/p>\n<h5>Agitadores<\/h5>\n<p>[\/vc_column_text][vc_separator color=&#8221;custom&#8221; align=&#8221;align_left&#8221; border_width=&#8221;3&#8243; el_width=&#8221;10&#8243; accent_color=&#8221;#007e3f&#8221;][\/vc_column][\/vc_row][vc_row kd_background_overlay=&#8221;default&#8221; kd_background_image_position=&#8221;vc_row-bg-position-top&#8221; css=&#8221;.vc_custom_1695978080451{padding-bottom: 70px !important;}&#8221;][vc_column width=&#8221;1\/2&#8243;][vc_single_image image=&#8221;770&#8243; img_size=&#8221;full&#8221; onclick=&#8221;custom_link&#8221; link=&#8221;https:\/\/certech.hypefarm-test.it\/pt-pt\/produtos\/plantas-de-moagem-a-umido\/trituradores\/&#8221;][vc_column_text css=&#8221;.vc_custom_1698328709714{padding-top: 15px !important;padding-bottom: 15px !important;}&#8221;]<\/p>\n<h5>Trituradores<\/h5>\n<p>[\/vc_column_text][vc_separator color=&#8221;custom&#8221; align=&#8221;align_left&#8221; border_width=&#8221;3&#8243; el_width=&#8221;10&#8243; accent_color=&#8221;#007e3f&#8221;][\/vc_column][vc_column width=&#8221;1\/2&#8243;][vc_single_image image=&#8221;775&#8243; img_size=&#8221;full&#8221; onclick=&#8221;custom_link&#8221; link=&#8221;https:\/\/certech.hypefarm-test.it\/pt-pt\/produtos\/plantas-de-moagem-a-umido\/bombas-centrifugas\/&#8221;][vc_column_text css=&#8221;.vc_custom_1698328728878{padding-top: 15px !important;padding-bottom: 15px !important;}&#8221;]<\/p>\n<h5>Bombas Centr\u00edfugas<\/h5>\n<p>[\/vc_column_text][vc_separator color=&#8221;custom&#8221; align=&#8221;align_left&#8221; border_width=&#8221;3&#8243; el_width=&#8221;10&#8243; accent_color=&#8221;#007e3f&#8221;][\/vc_column][\/vc_row][vc_row full_width=&#8221;stretch_row&#8221; kd_background_overlay=&#8221;default&#8221; kd_background_image_position=&#8221;vc_row-bg-position-top&#8221; css=&#8221;.vc_custom_1695909325688{margin-bottom: 60px !important;padding-top: 100px !important;padding-bottom: 70px !important;background-color: #f5f5f5 !important;}&#8221; css_tablet_landscape=&#8221;.vc_custom_1695909325689{padding-bottom: 0px !important;}&#8221; css_tablet_portrait=&#8221;.vc_custom_1695909325689{padding-bottom: 0px !important;}&#8221; css_mobile=&#8221;.vc_custom_1695909325689{padding-bottom: 0px !important;}&#8221;][vc_column][vc_tta_tabs][vc_tta_section title=&#8221;CONFIABILIDADE&#8221; tab_id=&#8221;1649427683275-d4a0042e-8d2a0169-0fbd8f73-5c54&#8243;][vc_row_inner kd_background_overlay=&#8221;default&#8221; kd_background_image_position=&#8221;vc_row-bg-position-top&#8221; css=&#8221;.vc_custom_1649427529916{padding-top: 120px !important;padding-bottom: 80px !important;}&#8221; css_mobile=&#8221;.vc_custom_1649427529917{padding-top: 0px !important;}&#8221;][vc_column_inner css=&#8221;.vc_custom_1649427490504{padding-right: 100px !important;padding-left: 0px !important;}&#8221;]<header class=\"kd-section-title col-lg-12 text-left  vc_custom_1698311940734\" ><h4 class=\"kd-main-title separator_off\" >O parceiro ideal<\/h4><\/header>[vc_column_text]<span style=\"font-weight: 400;\">Temos orgulho das certifica\u00e7\u00f5es que recebemos, que testemunham a nossa confiabilidade como empresa ativa no setor da ind\u00fastria cer\u00e2mica. A confian\u00e7a \u00e9 o fundamento de cada parceria de sucesso e \u00e9 por isso que nos comprometemos constantemente a manter os padr\u00f5es mais elevados de confiabilidade. As certifica\u00e7\u00f5es Cribis, obtidas com empenho e dedica\u00e7\u00e3o, s\u00e3o um testemunho tang\u00edvel do nosso empenho em ser um parceiro no qual podemos contar sempre.<\/span>[\/vc_column_text][\/vc_column_inner][\/vc_row_inner][\/vc_tta_section][vc_tta_section title=&#8221;QUALIDADE&#8221; tab_id=&#8221;1695909117497-b14e3fb5-c614&#8243;][vc_row_inner kd_background_overlay=&#8221;default&#8221; kd_background_image_position=&#8221;vc_row-bg-position-top&#8221; css=&#8221;.vc_custom_1649427529916{padding-top: 120px !important;padding-bottom: 80px !important;}&#8221; css_mobile=&#8221;.vc_custom_1649427529917{padding-top: 0px !important;}&#8221;][vc_column_inner css=&#8221;.vc_custom_1649427490504{padding-right: 100px !important;padding-left: 0px !important;}&#8221;]<header class=\"kd-section-title col-lg-12 text-left  vc_custom_1698311969950\" ><h4 class=\"kd-main-title separator_off\" >Qualidade em cada detalhe<\/h4><\/header>[vc_column_text]<span style=\"font-weight: 400;\">A qualidade est\u00e1 no centro de tudo que fazemos. Os atestados Cribis que obtivemos refor\u00e7am o nosso empenho em fornecer produtos para a ind\u00fastria cer\u00e2mica da m\u00e1xima qualidade. N\u00f3s nos submetemos a processos rigorosos de controle de qualidade em cada fase da produ\u00e7\u00e3o, para garantir que cada pe\u00e7a que sai da nossa empresa esteja impec\u00e1vel.\u00a0<\/span><\/p>\n<p><span style=\"font-weight: 400;\">Quando escolhem Certech, escolhem a qualidade.<\/span>[\/vc_column_text][\/vc_column_inner][\/vc_row_inner][\/vc_tta_section][vc_tta_section title=&#8221;COMPET\u00caNCIA&#8221; tab_id=&#8221;1695909136526-3ccd5d67-9cd4&#8243;][vc_row_inner kd_background_overlay=&#8221;default&#8221; kd_background_image_position=&#8221;vc_row-bg-position-top&#8221; css=&#8221;.vc_custom_1649427529916{padding-top: 120px !important;padding-bottom: 80px !important;}&#8221; css_mobile=&#8221;.vc_custom_1649427529917{padding-top: 0px !important;}&#8221;][vc_column_inner css=&#8221;.vc_custom_1649427490504{padding-right: 100px !important;padding-left: 0px !important;}&#8221;]<header class=\"kd-section-title col-lg-12 text-left  vc_custom_1698311997035\" ><h4 class=\"kd-main-title separator_off\" >Compet\u00eancias avan\u00e7adas \u00e0 sua disposi\u00e7\u00e3o<\/h4><\/header>[vc_column_text]<span style=\"font-weight: 400;\">A ind\u00fastria cer\u00e2mica exige compet\u00eancias avan\u00e7adas e um conhecimento aprofundado de cada fase do processo de produ\u00e7\u00e3o. O nosso objetivo \u00e9 alcan\u00e7ar e superar estes padr\u00f5es de compet\u00eancia. O nosso time de especialista \u00e9 formado por profissionais altamente qualificados que trabalham com paix\u00e3o e dedica\u00e7\u00e3o. Escolher a Certech significa ter \u00e0 disposi\u00e7\u00e3o um time de especialistas prontos a colaborar com voc\u00eas para realizar projetos extraordin\u00e1rios.<\/span>[\/vc_column_text][\/vc_column_inner][\/vc_row_inner][\/vc_tta_section][\/vc_tta_tabs][\/vc_column][\/vc_row][vc_row content_placement=&#8221;middle&#8221; kd_background_overlay=&#8221;default&#8221; kd_background_image_position=&#8221;vc_row-bg-position-top&#8221; css=&#8221;.vc_custom_1695136769574{padding-top: 46px !important;padding-right: 46px !important;padding-bottom: 46px !important;padding-left: 46px !important;background-image: url(https:\/\/certech.hypefarm-test.it\/ceramic-processing-plants\/wp-content\/uploads\/2023\/09\/Raggruppa-223.jpg?id=162) !important;background-position: center !important;background-repeat: no-repeat !important;background-size: cover !important;}&#8221; css_tablet_portrait=&#8221;.vc_custom_1695136769575{margin-bottom: 50px !important;background-position: center !important;background-repeat: no-repeat !important;background-size: cover !important;}&#8221; css_mobile=&#8221;.vc_custom_1695136769575{margin-bottom: 50px !important;background-position: center !important;background-repeat: no-repeat !important;background-size: cover !important;}&#8221;][vc_column]<div class=\"kd-calltoaction\" >\n                <div class=\"container\">\n                  <div class=\"cta-text-container kd-animated fadeIn\" data-animation-delay=\"200\"><div class=\"cta-text\"><h2 style=\"color: #ffffff;\">Acesse a \u00e1rea reservada para<br \/>\ndescarregar os nossos manuais t\u00e9cnicos<\/h2><\/div>\n                    <\/div>\n                    <div class=\"cta-btncontainer\"><a href=\"\/pt-pt\/area-reservada\/\" target=\"_self\" class=\"tt_button btn_primary_color tt_primary_button hover_solid_secondary button-action-link icon_left kd-animated zoomIn\" data-text=\"\u00c1REA RESERVADA\" data-animation-delay=\"200\"><span class=\"fas fa-user iconita\" ><\/span><span class=\"prim_text\">\u00c1REA RESERVADA<\/span><\/a><\/div>\n                <\/div>\n            <\/div>[\/vc_column][\/vc_row]<\/p>\n<\/div>","protected":false},"excerpt":{"rendered":"<p>[vc_row full_width=&#8221;stretch_row_content&#8221; content_placement=&#8221;middle&#8221; kd_background_overlay=&#8221;default&#8221; kd_background_image_position=&#8221;vc_row-bg-position-top&#8221; css=&#8221;.vc_custom_1696412369359{margin-top: 100px !important;padding-top: 100px !important;padding-bottom: 100px !important;background-image: url(https:\/\/certech.hypefarm-test.it\/ceramic-processing-plants\/wp-content\/uploads\/2023\/10\/Accessori-per-smalteria.jpg?id=682) !important;}&#8221;][vc_column][\/vc_column][\/vc_row][vc_row gap=&#8221;20&#8243; equal_height=&#8221;yes&#8221; kd_background_overlay=&#8221;default&#8221; kd_background_image_position=&#8221;vc_row-bg-position-top&#8221; css=&#8221;.vc_custom_1695977975284{padding-top: 70px [&hellip;]<\/p>\n","protected":false},"author":1,"featured_media":0,"parent":2030,"menu_order":0,"comment_status":"closed","ping_status":"closed","template":"","meta":[],"categories":[],"tags":[],"_links":{"self":[{"href":"https:\/\/certech.hypefarm-test.it\/pt-pt\/wp-json\/wp\/v2\/pages\/2066"}],"collection":[{"href":"https:\/\/certech.hypefarm-test.it\/pt-pt\/wp-json\/wp\/v2\/pages"}],"about":[{"href":"https:\/\/certech.hypefarm-test.it\/pt-pt\/wp-json\/wp\/v2\/types\/page"}],"author":[{"embeddable":true,"href":"https:\/\/certech.hypefarm-test.it\/pt-pt\/wp-json\/wp\/v2\/users\/1"}],"replies":[{"embeddable":true,"href":"https:\/\/certech.hypefarm-test.it\/pt-pt\/wp-json\/wp\/v2\/comments?post=2066"}],"version-history":[{"count":3,"href":"https:\/\/certech.hypefarm-test.it\/pt-pt\/wp-json\/wp\/v2\/pages\/2066\/revisions"}],"predecessor-version":[{"id":2756,"href":"https:\/\/certech.hypefarm-test.it\/pt-pt\/wp-json\/wp\/v2\/pages\/2066\/revisions\/2756"}],"up":[{"embeddable":true,"href":"https:\/\/certech.hypefarm-test.it\/pt-pt\/wp-json\/wp\/v2\/pages\/2030"}],"wp:attachment":[{"href":"https:\/\/certech.hypefarm-test.it\/pt-pt\/wp-json\/wp\/v2\/media?parent=2066"}],"wp:term":[{"taxonomy":"category","embeddable":true,"href":"https:\/\/certech.hypefarm-test.it\/pt-pt\/wp-json\/wp\/v2\/categories?post=2066"},{"taxonomy":"post_tag","embeddable":true,"href":"https:\/\/certech.hypefarm-test.it\/pt-pt\/wp-json\/wp\/v2\/tags?post=2066"}],"curies":[{"name":"wp","href":"https:\/\/api.w.org\/{rel}","templated":true}]}}