{"id":2090,"date":"2023-10-04T12:38:59","date_gmt":"2023-10-04T10:38:59","guid":{"rendered":"https:\/\/certech.hypefarm-test.it\/produits\/rubber-linings-for-mills\/"},"modified":"2023-10-30T08:56:41","modified_gmt":"2023-10-30T07:56:41","slug":"revestimentos-para-moinhos-de-borracha","status":"publish","type":"page","link":"https:\/\/certech.hypefarm-test.it\/pt-pt\/produtos\/revestimentos-para-moinhos-de-borracha\/","title":{"rendered":"Revestimentos para moinhos de borracha"},"content":{"rendered":"<div class=\"wpb-content-wrapper\"><p>[vc_row full_width=&#8221;stretch_row_content&#8221; content_placement=&#8221;middle&#8221; kd_background_overlay=&#8221;default&#8221; kd_background_image_position=&#8221;vc_row-bg-position-top&#8221; css=&#8221;.vc_custom_1696415318555{margin-top: 100px !important;padding-top: 100px !important;padding-bottom: 100px !important;background-image: url(https:\/\/certech.hypefarm-test.it\/ceramic-processing-plants\/wp-content\/uploads\/2023\/10\/Rivestimenti-in-gomma-per-mulini.jpg?id=782) !important;}&#8221;][vc_column]<header class=\"kd-section-title col-lg-12 text-center\" ><p class=\"st-overline custom-color\" style=\"color:#ffffff;font-weight:400;\">PRODUTOS<\/p><h1 class=\"kd-main-title separator_off\" style=\"color: #ffffff;font-size: 50;font-weight: 600;\">REVESTIMENTOS PARA MOINHOS EM BORRACHA<\/h1><\/header>[\/vc_column][\/vc_row][vc_row gap=&#8221;20&#8243; equal_height=&#8221;yes&#8221; kd_background_overlay=&#8221;default&#8221; kd_background_image_position=&#8221;vc_row-bg-position-top&#8221; css=&#8221;.vc_custom_1695977975284{padding-top: 70px !important;padding-bottom: 0px !important;}&#8221;][vc_column width=&#8221;1\/2&#8243;]<header class=\"kd-section-title col-lg-12 text-left\" ><p class=\"st-overline inherit-color\" >VIS\u00c3O GERAL<\/p><h2 class=\"kd-main-title separator_off\" style=\"font-size: 36;font-weight: 700;\">Resist\u00eancia e durabilidade para revestimentos de moinhos cer\u00e2micos<\/h2><\/header>[\/vc_column][vc_column width=&#8221;1\/2&#8243;][\/vc_column][\/vc_row][vc_row gap=&#8221;20&#8243; equal_height=&#8221;yes&#8221; kd_background_overlay=&#8221;default&#8221; kd_background_image_position=&#8221;vc_row-bg-position-top&#8221; css=&#8221;.vc_custom_1695977982658{padding-top: 20px !important;padding-bottom: 70px !important;}&#8221;][vc_column width=&#8221;2\/12&#8243;][\/vc_column][vc_column width=&#8221;5\/12&#8243;][vc_column_text]<span style=\"font-weight: 400;\">A Certech oferece <\/span><b>revestimentos em borracha antidesgaste<\/b><span style=\"font-weight: 400;\"> de alta qualidade que ajudam a proteger e otimizar o trabalho dos seus moinhos cer\u00e2micos.\u00a0 <\/span><span style=\"font-weight: 400;\">Aqui encontrar\u00e1 solu\u00e7\u00f5es avan\u00e7adas para<\/span><b> melhorar a durabilidade e as presta\u00e7\u00f5es<\/b><span style=\"font-weight: 400;\"> das suas m\u00e1quinas. Produtos como Endless e Alurubber s\u00e3o projetados para garantir uma resist\u00eancia superior ao desgaste e uma maior dura\u00e7\u00e3o, mas desenvolvemos tamb\u00e9m <\/span><b>revestimentos em borracha <\/b><span style=\"font-weight: 400;\">espec\u00edficos para a ind\u00fastria de minera\u00e7\u00e3o, ideais para as aplica\u00e7\u00f5es mais exigentes<\/span>[\/vc_column_text][\/vc_column][vc_column width=&#8221;5\/12&#8243;][vc_column_text]<span style=\"font-weight: 400;\">Com a tecnologia e as inova\u00e7\u00f5es de Certech, \u00e9 poss\u00edvel prolongar a vida dos seus moinhos e melhorar a efici\u00eancia produtiva.<\/span>[\/vc_column_text][\/vc_column][\/vc_row][vc_row kd_background_overlay=&#8221;default&#8221; kd_background_image_position=&#8221;vc_row-bg-position-top&#8221; css=&#8221;.vc_custom_1695978080451{padding-bottom: 70px !important;}&#8221;][vc_column width=&#8221;1\/2&#8243;][vc_single_image image=&#8221;787&#8243; img_size=&#8221;full&#8221; onclick=&#8221;custom_link&#8221; link=&#8221;https:\/\/certech.hypefarm-test.it\/pt-pt\/produtos\/revestimentos-para-moinhos-de-borracha\/rivestimenti-in-gomma-antiusura\/&#8221;][vc_column_text css=&#8221;.vc_custom_1698331503755{padding-top: 15px !important;padding-bottom: 15px !important;}&#8221;]<\/p>\n<h5>Revestimentos em borracha antidesgaste<\/h5>\n<p>[\/vc_column_text][vc_separator color=&#8221;custom&#8221; align=&#8221;align_left&#8221; border_width=&#8221;3&#8243; el_width=&#8221;10&#8243; accent_color=&#8221;#007e3f&#8221;][\/vc_column][vc_column width=&#8221;1\/2&#8243;][vc_single_image image=&#8221;792&#8243; img_size=&#8221;full&#8221; onclick=&#8221;custom_link&#8221; link=&#8221;https:\/\/certech.hypefarm-test.it\/pt-pt\/produtos\/revestimentos-para-moinhos-de-borracha\/endless\/&#8221;][vc_column_text css=&#8221;.vc_custom_1696415726444{padding-top: 15px !important;padding-bottom: 15px !important;}&#8221;]<\/p>\n<h5>Endless<\/h5>\n<p>[\/vc_column_text][vc_separator color=&#8221;custom&#8221; align=&#8221;align_left&#8221; border_width=&#8221;3&#8243; el_width=&#8221;10&#8243; accent_color=&#8221;#007e3f&#8221;][\/vc_column][\/vc_row][vc_row kd_background_overlay=&#8221;default&#8221; kd_background_image_position=&#8221;vc_row-bg-position-top&#8221; css=&#8221;.vc_custom_1695978080451{padding-bottom: 70px !important;}&#8221;][vc_column width=&#8221;1\/2&#8243;][vc_single_image image=&#8221;797&#8243; img_size=&#8221;full&#8221; onclick=&#8221;custom_link&#8221; link=&#8221;https:\/\/certech.hypefarm-test.it\/pt-pt\/produtos\/revestimentos-para-moinhos-de-borracha\/alurubber\/&#8221;][vc_column_text css=&#8221;.vc_custom_1696415716917{padding-top: 15px !important;padding-bottom: 15px !important;}&#8221;]<\/p>\n<h5>Alurubber<\/h5>\n<p>[\/vc_column_text][vc_separator color=&#8221;custom&#8221; align=&#8221;align_left&#8221; border_width=&#8221;3&#8243; el_width=&#8221;10&#8243; accent_color=&#8221;#007e3f&#8221;][\/vc_column][vc_column width=&#8221;1\/2&#8243;][vc_single_image image=&#8221;802&#8243; img_size=&#8221;full&#8221; onclick=&#8221;custom_link&#8221; link=&#8221;https:\/\/certech.hypefarm-test.it\/pt-pt\/produtos\/revestimentos-para-moinhos-de-borracha\/revestimentos-em-borracha-para-a-industria-de-mineracao\/&#8221;][vc_column_text css=&#8221;.vc_custom_1698331512901{padding-top: 15px !important;padding-bottom: 15px !important;}&#8221;]<\/p>\n<h5>Revestimentos em borracha para a ind\u00fastria de minera\u00e7\u00e3o<\/h5>\n<p>[\/vc_column_text][vc_separator color=&#8221;custom&#8221; align=&#8221;align_left&#8221; border_width=&#8221;3&#8243; el_width=&#8221;10&#8243; accent_color=&#8221;#007e3f&#8221;][\/vc_column][\/vc_row][vc_row full_width=&#8221;stretch_row&#8221; kd_background_overlay=&#8221;default&#8221; kd_background_image_position=&#8221;vc_row-bg-position-top&#8221; css=&#8221;.vc_custom_1695909325688{margin-bottom: 60px !important;padding-top: 100px !important;padding-bottom: 70px !important;background-color: #f5f5f5 !important;}&#8221; css_tablet_landscape=&#8221;.vc_custom_1695909325689{padding-bottom: 0px !important;}&#8221; css_tablet_portrait=&#8221;.vc_custom_1695909325689{padding-bottom: 0px !important;}&#8221; css_mobile=&#8221;.vc_custom_1695909325689{padding-bottom: 0px !important;}&#8221;][vc_column][vc_tta_tabs][vc_tta_section title=&#8221;CONFIABILIDADE&#8221; tab_id=&#8221;1649427683275-d4a0042e-8d2a0169-0fbd8f73-5c54&#8243;][vc_row_inner kd_background_overlay=&#8221;default&#8221; kd_background_image_position=&#8221;vc_row-bg-position-top&#8221; css=&#8221;.vc_custom_1649427529916{padding-top: 120px !important;padding-bottom: 80px !important;}&#8221; css_mobile=&#8221;.vc_custom_1649427529917{padding-top: 0px !important;}&#8221;][vc_column_inner css=&#8221;.vc_custom_1649427490504{padding-right: 100px !important;padding-left: 0px !important;}&#8221;]<header class=\"kd-section-title col-lg-12 text-left  vc_custom_1698311940734\" ><h4 class=\"kd-main-title separator_off\" >O parceiro ideal<\/h4><\/header>[vc_column_text]<span style=\"font-weight: 400;\">Temos orgulho das certifica\u00e7\u00f5es que recebemos, que testemunham a nossa confiabilidade como empresa ativa no setor da ind\u00fastria cer\u00e2mica. A confian\u00e7a \u00e9 o fundamento de cada parceria de sucesso e \u00e9 por isso que nos comprometemos constantemente a manter os padr\u00f5es mais elevados de confiabilidade. As certifica\u00e7\u00f5es Cribis, obtidas com empenho e dedica\u00e7\u00e3o, s\u00e3o um testemunho tang\u00edvel do nosso empenho em ser um parceiro no qual podemos contar sempre.<\/span>[\/vc_column_text][\/vc_column_inner][\/vc_row_inner][\/vc_tta_section][vc_tta_section title=&#8221;QUALIDADE&#8221; tab_id=&#8221;1695909117497-b14e3fb5-c614&#8243;][vc_row_inner kd_background_overlay=&#8221;default&#8221; kd_background_image_position=&#8221;vc_row-bg-position-top&#8221; css=&#8221;.vc_custom_1649427529916{padding-top: 120px !important;padding-bottom: 80px !important;}&#8221; css_mobile=&#8221;.vc_custom_1649427529917{padding-top: 0px !important;}&#8221;][vc_column_inner css=&#8221;.vc_custom_1649427490504{padding-right: 100px !important;padding-left: 0px !important;}&#8221;]<header class=\"kd-section-title col-lg-12 text-left  vc_custom_1698311969950\" ><h4 class=\"kd-main-title separator_off\" >Qualidade em cada detalhe<\/h4><\/header>[vc_column_text]<span style=\"font-weight: 400;\">A qualidade est\u00e1 no centro de tudo que fazemos. Os atestados Cribis que obtivemos refor\u00e7am o nosso empenho em fornecer produtos para a ind\u00fastria cer\u00e2mica da m\u00e1xima qualidade. N\u00f3s nos submetemos a processos rigorosos de controle de qualidade em cada fase da produ\u00e7\u00e3o, para garantir que cada pe\u00e7a que sai da nossa empresa esteja impec\u00e1vel.\u00a0<\/span><\/p>\n<p><span style=\"font-weight: 400;\">Quando escolhem Certech, escolhem a qualidade.<\/span>[\/vc_column_text][\/vc_column_inner][\/vc_row_inner][\/vc_tta_section][vc_tta_section title=&#8221;COMPET\u00caNCIA&#8221; tab_id=&#8221;1695909136526-3ccd5d67-9cd4&#8243;][vc_row_inner kd_background_overlay=&#8221;default&#8221; kd_background_image_position=&#8221;vc_row-bg-position-top&#8221; css=&#8221;.vc_custom_1649427529916{padding-top: 120px !important;padding-bottom: 80px !important;}&#8221; css_mobile=&#8221;.vc_custom_1649427529917{padding-top: 0px !important;}&#8221;][vc_column_inner css=&#8221;.vc_custom_1649427490504{padding-right: 100px !important;padding-left: 0px !important;}&#8221;]<header class=\"kd-section-title col-lg-12 text-left  vc_custom_1698311997035\" ><h4 class=\"kd-main-title separator_off\" >Compet\u00eancias avan\u00e7adas \u00e0 sua disposi\u00e7\u00e3o<\/h4><\/header>[vc_column_text]<span style=\"font-weight: 400;\">A ind\u00fastria cer\u00e2mica exige compet\u00eancias avan\u00e7adas e um conhecimento aprofundado de cada fase do processo de produ\u00e7\u00e3o. O nosso objetivo \u00e9 alcan\u00e7ar e superar estes padr\u00f5es de compet\u00eancia. O nosso time de especialista \u00e9 formado por profissionais altamente qualificados que trabalham com paix\u00e3o e dedica\u00e7\u00e3o. Escolher a Certech significa ter \u00e0 disposi\u00e7\u00e3o um time de especialistas prontos a colaborar com voc\u00eas para realizar projetos extraordin\u00e1rios.<\/span>[\/vc_column_text][\/vc_column_inner][\/vc_row_inner][\/vc_tta_section][\/vc_tta_tabs][\/vc_column][\/vc_row][vc_row content_placement=&#8221;middle&#8221; kd_background_overlay=&#8221;default&#8221; kd_background_image_position=&#8221;vc_row-bg-position-top&#8221; css=&#8221;.vc_custom_1695136769574{padding-top: 46px !important;padding-right: 46px !important;padding-bottom: 46px !important;padding-left: 46px !important;background-image: url(https:\/\/certech.hypefarm-test.it\/ceramic-processing-plants\/wp-content\/uploads\/2023\/09\/Raggruppa-223.jpg?id=162) !important;background-position: center !important;background-repeat: no-repeat !important;background-size: cover !important;}&#8221; css_tablet_portrait=&#8221;.vc_custom_1695136769575{margin-bottom: 50px !important;background-position: center !important;background-repeat: no-repeat !important;background-size: cover !important;}&#8221; css_mobile=&#8221;.vc_custom_1695136769575{margin-bottom: 50px !important;background-position: center !important;background-repeat: no-repeat !important;background-size: cover !important;}&#8221;][vc_column]<div class=\"kd-calltoaction\" >\n                <div class=\"container\">\n                  <div class=\"cta-text-container kd-animated fadeIn\" data-animation-delay=\"200\"><div class=\"cta-text\"><h2 style=\"color: #ffffff;\">Acesse a \u00e1rea reservada para<br \/>\ndescarregar os nossos manuais t\u00e9cnicos<\/h2><\/div>\n                    <\/div>\n                    <div class=\"cta-btncontainer\"><a href=\"\/pt-pt\/area-reservada\/\" target=\"_self\" class=\"tt_button btn_primary_color tt_primary_button hover_solid_secondary button-action-link icon_left kd-animated zoomIn\" data-text=\"\u00c1REA RESERVADA\" data-animation-delay=\"200\"><span class=\"fas fa-user iconita\" ><\/span><span class=\"prim_text\">\u00c1REA RESERVADA<\/span><\/a><\/div>\n                <\/div>\n            <\/div>[\/vc_column][\/vc_row]<\/p>\n<\/div>","protected":false},"excerpt":{"rendered":"<p>[vc_row full_width=&#8221;stretch_row_content&#8221; content_placement=&#8221;middle&#8221; kd_background_overlay=&#8221;default&#8221; kd_background_image_position=&#8221;vc_row-bg-position-top&#8221; css=&#8221;.vc_custom_1696415318555{margin-top: 100px !important;padding-top: 100px !important;padding-bottom: 100px !important;background-image: url(https:\/\/certech.hypefarm-test.it\/ceramic-processing-plants\/wp-content\/uploads\/2023\/10\/Rivestimenti-in-gomma-per-mulini.jpg?id=782) !important;}&#8221;][vc_column][\/vc_column][\/vc_row][vc_row gap=&#8221;20&#8243; equal_height=&#8221;yes&#8221; kd_background_overlay=&#8221;default&#8221; kd_background_image_position=&#8221;vc_row-bg-position-top&#8221; css=&#8221;.vc_custom_1695977975284{padding-top: 70px [&hellip;]<\/p>\n","protected":false},"author":1,"featured_media":0,"parent":2030,"menu_order":0,"comment_status":"closed","ping_status":"closed","template":"","meta":[],"categories":[],"tags":[],"_links":{"self":[{"href":"https:\/\/certech.hypefarm-test.it\/pt-pt\/wp-json\/wp\/v2\/pages\/2090"}],"collection":[{"href":"https:\/\/certech.hypefarm-test.it\/pt-pt\/wp-json\/wp\/v2\/pages"}],"about":[{"href":"https:\/\/certech.hypefarm-test.it\/pt-pt\/wp-json\/wp\/v2\/types\/page"}],"author":[{"embeddable":true,"href":"https:\/\/certech.hypefarm-test.it\/pt-pt\/wp-json\/wp\/v2\/users\/1"}],"replies":[{"embeddable":true,"href":"https:\/\/certech.hypefarm-test.it\/pt-pt\/wp-json\/wp\/v2\/comments?post=2090"}],"version-history":[{"count":3,"href":"https:\/\/certech.hypefarm-test.it\/pt-pt\/wp-json\/wp\/v2\/pages\/2090\/revisions"}],"predecessor-version":[{"id":2744,"href":"https:\/\/certech.hypefarm-test.it\/pt-pt\/wp-json\/wp\/v2\/pages\/2090\/revisions\/2744"}],"up":[{"embeddable":true,"href":"https:\/\/certech.hypefarm-test.it\/pt-pt\/wp-json\/wp\/v2\/pages\/2030"}],"wp:attachment":[{"href":"https:\/\/certech.hypefarm-test.it\/pt-pt\/wp-json\/wp\/v2\/media?parent=2090"}],"wp:term":[{"taxonomy":"category","embeddable":true,"href":"https:\/\/certech.hypefarm-test.it\/pt-pt\/wp-json\/wp\/v2\/categories?post=2090"},{"taxonomy":"post_tag","embeddable":true,"href":"https:\/\/certech.hypefarm-test.it\/pt-pt\/wp-json\/wp\/v2\/tags?post=2090"}],"curies":[{"name":"wp","href":"https:\/\/api.w.org\/{rel}","templated":true}]}}