{"id":2569,"date":"2023-10-06T13:45:11","date_gmt":"2023-10-06T11:45:11","guid":{"rendered":"https:\/\/certech.hypefarm-test.it\/produtos\/plantas-de-moagem-a-umido\/alimentateur-a-vis-sans-fin-continu\/"},"modified":"2023-10-30T04:18:47","modified_gmt":"2023-10-30T03:18:47","slug":"alimentador-com-sem-fim-continuo","status":"publish","type":"page","link":"https:\/\/certech.hypefarm-test.it\/pt-pt\/produtos\/plantas-de-moagem-a-umido\/alimentador-com-sem-fim-continuo\/","title":{"rendered":"Alimentador com Sem Fim Cont\u00ednuo"},"content":{"rendered":"<div class=\"wpb-content-wrapper\"><p>[vc_row full_width=&#8221;stretch_row&#8221; gap=&#8221;20&#8243; equal_height=&#8221;yes&#8221; kd_background_overlay=&#8221;default&#8221; kd_background_image_position=&#8221;vc_row-bg-position-top&#8221; css=&#8221;.vc_custom_1696423098008{margin-top: 100px !important;padding-top: 100px !important;padding-bottom: 100px !important;background-color: #f5f5f5 !important;}&#8221; el_class=&#8221;swap-on-mobile&#8221;][vc_column width=&#8221;1\/2&#8243;][vc_single_image image=&#8221;1596&#8243; img_size=&#8221;full&#8221;][vc_empty_space][vc_single_image image=&#8221;1601&#8243; img_size=&#8221;full&#8221;][\/vc_column][vc_column width=&#8221;1\/2&#8243;]<header class=\"kd-section-title col-lg-12 text-left\" ><p class=\"st-overline inherit-color\" style=\"margin-bottom:10px;\">PLANTAS DE MOAGEM A \u00daMIDO<\/p><h2 class=\"kd-main-title separator_off\" style=\"font-size: 40;font-weight: 700;\">Alimentador com Sem Fim Cont\u00ednuo<\/h2><\/header>[vc_separator color=&#8221;custom&#8221; align=&#8221;align_left&#8221; border_width=&#8221;3&#8243; el_width=&#8221;20&#8243; accent_color=&#8221;#007e3f&#8221; css=&#8221;.vc_custom_1695990783786{margin-bottom: 30px !important;}&#8221;][vc_column_text]<span style=\"font-weight: 400;\">Um Alimentador com Sem Fim Cont\u00ednuo permite a introdu\u00e7\u00e3o das mat\u00e9rias primas e da \u00e1gua no moinho.<\/span><\/p>\n<p><span style=\"font-weight: 400;\">\u00c9 formado por:<\/span><\/p>\n<ul>\n<li style=\"font-weight: 400;\" aria-level=\"1\"><b>Tremonha de carga na chapa de a\u00e7o carbono revestida com borracha<\/b><span style=\"font-weight: 400;\">, poliuretano ou alumina<\/span><\/li>\n<li style=\"font-weight: 400;\" aria-level=\"1\"><b>H\u00e9lice de alimenta\u00e7\u00e3o desmont\u00e1vel<\/b><span style=\"font-weight: 400;\"> em a\u00e7o antidesgaste HARDOX 400, com revestimento de carboneto de tungst\u00eanio e carboneto de cromo<\/span><\/li>\n<li style=\"font-weight: 400;\" aria-level=\"1\"><span style=\"font-weight: 400;\">Grupo de suportes em balan\u00e7o com <\/span><b>eixo sem fim &#8211; cabo<\/b><\/li>\n<li style=\"font-weight: 400;\" aria-level=\"1\"><span style=\"font-weight: 400;\">Entrada da \u00e1gua no moinho na cabe\u00e7a do eixo sem fim com <\/span><b>junta-hidr\u00e1ulico rotativo e junta de irriga\u00e7\u00e3o<\/b><\/li>\n<li style=\"font-weight: 400;\" aria-level=\"1\"><b>Tubo porta da h\u00e9lice de entrada do moinho em a\u00e7o antidesgaste<\/b><span style=\"font-weight: 400;\"> HARDOX 400<\/span><\/li>\n<li style=\"font-weight: 400;\" aria-level=\"1\"><b>Prote\u00e7\u00e3o do grupo de suporte <\/b><span style=\"font-weight: 400;\">com capacidade da caixa de veda\u00e7\u00e3o e caixa de empanque<\/span><\/li>\n<li style=\"font-weight: 400;\" aria-level=\"1\"><span style=\"font-weight: 400;\">Grupo de acionamento com <\/span><b>motorredutor e transmiss\u00e3o de corrente<\/b><\/li>\n<li style=\"font-weight: 400;\" aria-level=\"1\"><span style=\"font-weight: 400;\">Pot\u00eancia instalada: 4 kW ou 7,5 kW &#8211; 4 polos.<\/span><\/li>\n<\/ul>\n<p><span style=\"font-weight: 400;\">Funcionamento Alimentador com Sem Fim Cont\u00ednuo:<\/span><\/p>\n<ul>\n<li style=\"font-weight: 400;\" aria-level=\"1\"><span style=\"font-weight: 400;\">Rota\u00e7\u00e3o no sentido de avan\u00e7o do material<\/span><\/li>\n<li style=\"font-weight: 400;\" aria-level=\"1\"><span style=\"font-weight: 400;\">Sensor de rota\u00e7\u00e3o<\/span><\/li>\n<li style=\"font-weight: 400;\" aria-level=\"1\"><span style=\"font-weight: 400;\">O sem fim \u00e9 bloqueado quando a pot\u00eancia supera o limite definido AP74<\/span><\/li>\n<li style=\"font-weight: 400;\" aria-level=\"1\"><span style=\"font-weight: 400;\">Para o desbloqueio do sem fim \u00e9 dado o comando de rota\u00e7\u00e3o inversa por um tempo defin\u00edvel pelo PLC<\/span><\/li>\n<li style=\"font-weight: 400;\" aria-level=\"1\"><span style=\"font-weight: 400;\">A \u00e1rea de alimenta\u00e7\u00e3o \u00e9 bloqueada e \u00e9 necess\u00e1rio remover a causa do bloqueio<\/span><\/li>\n<li style=\"font-weight: 400;\" aria-level=\"1\"><span style=\"font-weight: 400;\">Recomendamos um controle mensal de desgaste da h\u00e9lice<\/span><\/li>\n<\/ul>\n<p><span style=\"font-weight: 400;\">Podemos fornecer as diferentes <\/span><b>partes de reposi\u00e7\u00e3o de alimentadores sem fim cont\u00ednuos<\/b><span style=\"font-weight: 400;\">, como a h\u00e9lice sem fim, o revestimento em borracha da tremonha, a motoriza\u00e7\u00e3o, a junta rotativa, etc.<\/span>[\/vc_column_text][vc_empty_space]<a href=\"https:\/\/certech.hypefarm-test.it\/ceramic-processing-plants\/wp-content\/uploads\/2023\/10\/Depl_ALIMENTATORE_COCLEA_bassa.pdf\" target=\"_blank\"   class=\"tt_button tt_primary_button btn_primary_color hover_solid_primary btn-align-left button-action-link\" data-text=\"DESCARREGUE O CAT\u00c1LOGO\" style=\"width:200;\"><span class=\"prim_text\">DESCARREGUE O CAT\u00c1LOGO<\/span><\/a>[\/vc_column][\/vc_row][vc_row full_width=&#8221;stretch_row&#8221; kd_background_overlay=&#8221;default&#8221; kd_background_image_position=&#8221;vc_row-bg-position-top&#8221; css=&#8221;.vc_custom_1695991473540{padding-top: 100px !important;padding-bottom: 70px !important;}&#8221; css_tablet_landscape=&#8221;.vc_custom_1695991473540{padding-bottom: 0px !important;}&#8221; css_tablet_portrait=&#8221;.vc_custom_1695991473540{padding-bottom: 0px !important;}&#8221; css_mobile=&#8221;.vc_custom_1695991473540{padding-bottom: 0px !important;}&#8221;][vc_column][vc_tta_tabs][vc_tta_section title=&#8221;Facilidade de Integra\u00e7\u00e3o&#8221; tab_id=&#8221;1696419867137-3c7b242c-3558&#8243;][vc_row_inner kd_background_overlay=&#8221;default&#8221; kd_background_image_position=&#8221;vc_row-bg-position-top&#8221; css=&#8221;.vc_custom_1649427529916{padding-top: 120px !important;padding-bottom: 80px !important;}&#8221; css_mobile=&#8221;.vc_custom_1649427529917{padding-top: 0px !important;}&#8221;][vc_column_inner css=&#8221;.vc_custom_1649427490504{padding-right: 100px !important;padding-left: 0px !important;}&#8221;][vc_column_text]<span style=\"font-weight: 400; font-size: 18px;\">Este sistema pode ser facilmente integrado nos processos existentes, permitindo uma atualiza\u00e7\u00e3o sem problemas da sua linha de produ\u00e7\u00e3o.<br \/>\n<\/span>[\/vc_column_text][\/vc_column_inner][\/vc_row_inner][\/vc_tta_section][\/vc_tta_tabs][\/vc_column][\/vc_row][vc_row full_width=&#8221;stretch_row&#8221; content_placement=&#8221;middle&#8221; kd_background_overlay=&#8221;default&#8221; kd_background_image_position=&#8221;vc_row-bg-position-top&#8221; css=&#8221;.vc_custom_1695900019997{padding-top: 80px !important;padding-right: 46px !important;padding-bottom: 80px !important;padding-left: 46px !important;background-image: url(https:\/\/certech.hypefarm-test.it\/ceramic-processing-plants\/wp-content\/uploads\/2023\/09\/Raggruppa-407.jpg?id=297) !important;background-position: center !important;background-repeat: no-repeat !important;background-size: cover !important;}&#8221; css_tablet_portrait=&#8221;.vc_custom_1695900019997{margin-bottom: 50px !important;background-position: center !important;background-repeat: no-repeat !important;background-size: cover !important;}&#8221; css_mobile=&#8221;.vc_custom_1695900019998{margin-bottom: 50px !important;background-position: center !important;background-repeat: no-repeat !important;background-size: cover !important;}&#8221;][vc_column]<header class=\"kd-section-title col-lg-12 text-center\" ><h2 class=\"kd-main-title separator_off\" style=\"color: #ffffff;font-size: 36;font-weight: 700;\">Voc\u00ea quer saber mais?<\/h2><\/header>[vc_row_inner kd_background_overlay=&#8221;default&#8221; kd_background_image_position=&#8221;vc_row-bg-position-top&#8221;][vc_column_inner width=&#8221;1\/4&#8243;][\/vc_column_inner][vc_column_inner width=&#8221;1\/4&#8243;]<a href=\"https:\/\/certech.hypefarm-test.it\/ceramic-processing-plants\/wp-content\/uploads\/2023\/10\/Depl_ALIMENTATORE_COCLEA_bassa.pdf\" target=\"_self\"   class=\"tt_button tt_primary_button btn_secondary_color hover_solid_primary button-center button-action-link   vc_custom_1698635910685 kd-animated zoomIn\" data-text=\"DESCARREGUE O CAT\u00c1LOGO\" style=\"width:200px;\" data-animation-delay=200><span class=\"prim_text\">DESCARREGUE O CAT\u00c1LOGO<\/span><\/a>[\/vc_column_inner][vc_column_inner width=&#8221;1\/4&#8243;]<a href=\"https:\/\/certech.hypefarm-test.it\/pt-pt\/contatos\/\" target=\"_self\"   class=\"tt_button tt_primary_button btn_secondary_color hover_solid_primary button-center button-action-link   vc_custom_1698404446435 kd-animated zoomIn\" data-text=\"CONTATE-NOS\" style=\"width:200px;\" data-animation-delay=200><span class=\"prim_text\">CONTATE-NOS<\/span><\/a>[\/vc_column_inner][vc_column_inner width=&#8221;1\/4&#8243;][\/vc_column_inner][\/vc_row_inner][\/vc_column][\/vc_row][vc_row kd_background_overlay=&#8221;default&#8221; kd_background_image_position=&#8221;vc_row-bg-position-top&#8221; css=&#8221;.vc_custom_1696502280431{margin-top: 80px !important;}&#8221;][vc_column]<header class=\"kd-section-title col-lg-12 text-left\" ><h2 class=\"kd-main-title separator_off\" >Veja tamb\u00e9m<\/h2><\/header>[\/vc_column][\/vc_row][vc_row kd_background_overlay=&#8221;default&#8221; kd_background_image_position=&#8221;vc_row-bg-position-top&#8221;][vc_column][vc_basic_grid post_type=&#8221;page&#8221; max_items=&#8221;4&#8243; element_width=&#8221;3&#8243; orderby=&#8221;title&#8221; item=&#8221;1883&#8243; grid_id=&#8221;vc_gid:1698635801816-906004c2-7c3c-2&#8243; taxonomies=&#8221;36&#8243;][\/vc_column][\/vc_row]<\/p>\n<\/div>","protected":false},"excerpt":{"rendered":"<p>[vc_row full_width=&#8221;stretch_row&#8221; gap=&#8221;20&#8243; equal_height=&#8221;yes&#8221; kd_background_overlay=&#8221;default&#8221; kd_background_image_position=&#8221;vc_row-bg-position-top&#8221; css=&#8221;.vc_custom_1696423098008{margin-top: 100px !important;padding-top: 100px !important;padding-bottom: 100px !important;background-color: #f5f5f5 !important;}&#8221; el_class=&#8221;swap-on-mobile&#8221;][vc_column width=&#8221;1\/2&#8243;][vc_single_image image=&#8221;1596&#8243; img_size=&#8221;full&#8221;][vc_empty_space][vc_single_image image=&#8221;1601&#8243; [&hellip;]<\/p>\n","protected":false},"author":1,"featured_media":1599,"parent":2066,"menu_order":0,"comment_status":"closed","ping_status":"closed","template":"","meta":[],"categories":[51],"tags":[],"_links":{"self":[{"href":"https:\/\/certech.hypefarm-test.it\/pt-pt\/wp-json\/wp\/v2\/pages\/2569"}],"collection":[{"href":"https:\/\/certech.hypefarm-test.it\/pt-pt\/wp-json\/wp\/v2\/pages"}],"about":[{"href":"https:\/\/certech.hypefarm-test.it\/pt-pt\/wp-json\/wp\/v2\/types\/page"}],"author":[{"embeddable":true,"href":"https:\/\/certech.hypefarm-test.it\/pt-pt\/wp-json\/wp\/v2\/users\/1"}],"replies":[{"embeddable":true,"href":"https:\/\/certech.hypefarm-test.it\/pt-pt\/wp-json\/wp\/v2\/comments?post=2569"}],"version-history":[{"count":2,"href":"https:\/\/certech.hypefarm-test.it\/pt-pt\/wp-json\/wp\/v2\/pages\/2569\/revisions"}],"predecessor-version":[{"id":2571,"href":"https:\/\/certech.hypefarm-test.it\/pt-pt\/wp-json\/wp\/v2\/pages\/2569\/revisions\/2571"}],"up":[{"embeddable":true,"href":"https:\/\/certech.hypefarm-test.it\/pt-pt\/wp-json\/wp\/v2\/pages\/2066"}],"wp:featuredmedia":[{"embeddable":true,"href":"https:\/\/certech.hypefarm-test.it\/pt-pt\/wp-json\/wp\/v2\/media\/1599"}],"wp:attachment":[{"href":"https:\/\/certech.hypefarm-test.it\/pt-pt\/wp-json\/wp\/v2\/media?parent=2569"}],"wp:term":[{"taxonomy":"category","embeddable":true,"href":"https:\/\/certech.hypefarm-test.it\/pt-pt\/wp-json\/wp\/v2\/categories?post=2569"},{"taxonomy":"post_tag","embeddable":true,"href":"https:\/\/certech.hypefarm-test.it\/pt-pt\/wp-json\/wp\/v2\/tags?post=2569"}],"curies":[{"name":"wp","href":"https:\/\/api.w.org\/{rel}","templated":true}]}}